{"id":56457,"date":"2022-01-22T17:14:09","date_gmt":"2022-01-22T16:14:09","guid":{"rendered":"https:\/\/demoweb.info\/sexshop001\/producto\/cartas-kamasutra-mini-tamano-bolsillo\/"},"modified":"2022-01-22T17:14:26","modified_gmt":"2022-01-22T16:14:26","slug":"cartas-kamasutra-mini-tamano-bolsillo","status":"publish","type":"product","link":"https:\/\/demoweb.info\/sexshop001\/producto\/cartas-kamasutra-mini-tamano-bolsillo\/","title":{"rendered":"CARTAS KAMASUTRA MINI &#8211; TAMA\u00d1O BOLSILLO"},"content":{"rendered":"<p><strong>CARTAS KAMASUTRA MINI &#8211; TAMA\u00d1O BOLSILLO<\/strong><\/p>\n<p>\u00bfTe apetece echar una partida de cartas?<\/p>\n<p>Seguro que has jugado a muchos de juegos de cartas diferentes, pero quiz\u00e1 no hayas probado a\u00fan un juego tan excitante como este juego de cartas de Kamasutra.<\/p>\n<p>Se compone de una baraja de 54 cartas, en la que aparece ilustrada en cada una de ellas una postura diferente y original del Kama Sutra.<\/p>\n<p>D\u00e9jate llevar por la tentaci\u00f3n y prueba ya este juego que tanto te gustar\u00e1 y al que no podr\u00e1s parar de jugar.<\/p>\n<p>Adem\u00e1s son en formato bolsillo, peque\u00f1as y pr\u00e1cticas para que las puedas llevar a cualquier sitio.<\/p>\n","protected":false},"excerpt":{"rendered":"<p>CARTAS KAMASUTRA MINI &#8211; TAMA\u00d1O BOLSILLO \u00bfTe apetece echar una partida de cartas? Seguro que has jugado a muchos de<\/p>\n","protected":false},"featured_media":56458,"comment_status":"open","ping_status":"open","template":"","meta":[],"product_cat":[384],"product_tag":[566,564],"class_list":["post-56457","product","type-product","status-publish","has-post-thumbnail","hentry","product_cat-barajas","product_tag-secret-games","product_tag-secret-play"],"bundled_by":[],"bundle_stock_status":"instock","bundle_stock_quantity":25,"bundle_virtual":false,"bundle_layout":"","bundle_add_to_cart_form_location":"","bundle_editable_in_cart":false,"bundle_sold_individually_context":"","bundle_item_grouping":"","bundle_min_size":"","bundle_max_size":"","bundled_items":[],"yoast_head":"<!-- This site is optimized with the Yoast SEO plugin v20.6 - https:\/\/yoast.com\/wordpress\/plugins\/seo\/ -->\n<title>CARTAS KAMASUTRA MINI - TAMA\u00d1O BOLSILLO - Tienda Er\u00f3tica<\/title>\n<meta name=\"robots\" content=\"noindex, follow, max-snippet:-1, max-image-preview:large, max-video-preview:-1\" \/>\n<meta property=\"og:locale\" content=\"es_ES\" \/>\n<meta property=\"og:type\" content=\"article\" \/>\n<meta property=\"og:title\" content=\"CARTAS KAMASUTRA MINI - TAMA\u00d1O BOLSILLO - Tienda Er\u00f3tica\" \/>\n<meta property=\"og:description\" content=\"CARTAS KAMASUTRA MINI &#8211; TAMA\u00d1O BOLSILLO \u00bfTe apetece echar una partida de cartas? Seguro que has jugado a muchos de\" \/>\n<meta property=\"og:url\" content=\"https:\/\/demoweb.info\/sexshop001\/producto\/cartas-kamasutra-mini-tamano-bolsillo\/\" \/>\n<meta property=\"og:site_name\" content=\"Tienda Er\u00f3tica\" \/>\n<meta property=\"article:modified_time\" content=\"2022-01-22T16:14:26+00:00\" \/>\n<meta property=\"og:image\" content=\"https:\/\/demoweb.info\/sexshop001\/wp-content\/uploads\/2022\/01\/CARTAS-KAMASUTRA-MINI-TAMANO-BOLSILLO.jpg\" \/>\n\t<meta property=\"og:image:width\" content=\"550\" \/>\n\t<meta property=\"og:image:height\" content=\"550\" \/>\n\t<meta property=\"og:image:type\" content=\"image\/jpeg\" \/>\n<meta name=\"twitter:card\" content=\"summary_large_image\" \/>\n<meta name=\"twitter:label1\" content=\"Tiempo de lectura\" \/>\n\t<meta name=\"twitter:data1\" content=\"1 minuto\" \/>\n<script type=\"application\/ld+json\" class=\"yoast-schema-graph\">{\"@context\":\"https:\/\/schema.org\",\"@graph\":[{\"@type\":\"WebPage\",\"@id\":\"https:\/\/demoweb.info\/sexshop001\/producto\/cartas-kamasutra-mini-tamano-bolsillo\/\",\"url\":\"https:\/\/demoweb.info\/sexshop001\/producto\/cartas-kamasutra-mini-tamano-bolsillo\/\",\"name\":\"CARTAS KAMASUTRA MINI - TAMA\u00d1O BOLSILLO - Tienda Er\u00f3tica\",\"isPartOf\":{\"@id\":\"https:\/\/demoweb.info\/sexshop001\/#website\"},\"datePublished\":\"2022-01-22T16:14:09+00:00\",\"dateModified\":\"2022-01-22T16:14:26+00:00\",\"breadcrumb\":{\"@id\":\"https:\/\/demoweb.info\/sexshop001\/producto\/cartas-kamasutra-mini-tamano-bolsillo\/#breadcrumb\"},\"inLanguage\":\"es\",\"potentialAction\":[{\"@type\":\"ReadAction\",\"target\":[\"https:\/\/demoweb.info\/sexshop001\/producto\/cartas-kamasutra-mini-tamano-bolsillo\/\"]}]},{\"@type\":\"BreadcrumbList\",\"@id\":\"https:\/\/demoweb.info\/sexshop001\/producto\/cartas-kamasutra-mini-tamano-bolsillo\/#breadcrumb\",\"itemListElement\":[{\"@type\":\"ListItem\",\"position\":1,\"name\":\"Portada\",\"item\":\"https:\/\/demoweb.info\/sexshop001\/\"},{\"@type\":\"ListItem\",\"position\":2,\"name\":\"Tienda\",\"item\":\"https:\/\/demoweb.info\/sexshop001\/tienda\/\"},{\"@type\":\"ListItem\",\"position\":3,\"name\":\"CARTAS KAMASUTRA MINI &#8211; TAMA\u00d1O BOLSILLO\"}]},{\"@type\":\"WebSite\",\"@id\":\"https:\/\/demoweb.info\/sexshop001\/#website\",\"url\":\"https:\/\/demoweb.info\/sexshop001\/\",\"name\":\"Tienda Er\u00f3tica\",\"description\":\"DEMOWEB SL\",\"potentialAction\":[{\"@type\":\"SearchAction\",\"target\":{\"@type\":\"EntryPoint\",\"urlTemplate\":\"https:\/\/demoweb.info\/sexshop001\/?s={search_term_string}\"},\"query-input\":\"required name=search_term_string\"}],\"inLanguage\":\"es\"}]}<\/script>\n<!-- \/ Yoast SEO plugin. -->","yoast_head_json":{"title":"CARTAS KAMASUTRA MINI - TAMA\u00d1O BOLSILLO - Tienda Er\u00f3tica","robots":{"index":"noindex","follow":"follow","max-snippet":"max-snippet:-1","max-image-preview":"max-image-preview:large","max-video-preview":"max-video-preview:-1"},"og_locale":"es_ES","og_type":"article","og_title":"CARTAS KAMASUTRA MINI - TAMA\u00d1O BOLSILLO - Tienda Er\u00f3tica","og_description":"CARTAS KAMASUTRA MINI &#8211; TAMA\u00d1O BOLSILLO \u00bfTe apetece echar una partida de cartas? Seguro que has jugado a muchos de","og_url":"https:\/\/demoweb.info\/sexshop001\/producto\/cartas-kamasutra-mini-tamano-bolsillo\/","og_site_name":"Tienda Er\u00f3tica","article_modified_time":"2022-01-22T16:14:26+00:00","og_image":[{"width":550,"height":550,"url":"https:\/\/demoweb.info\/sexshop001\/wp-content\/uploads\/2022\/01\/CARTAS-KAMASUTRA-MINI-TAMANO-BOLSILLO.jpg","type":"image\/jpeg"}],"twitter_card":"summary_large_image","twitter_misc":{"Tiempo de lectura":"1 minuto"},"schema":{"@context":"https:\/\/schema.org","@graph":[{"@type":"WebPage","@id":"https:\/\/demoweb.info\/sexshop001\/producto\/cartas-kamasutra-mini-tamano-bolsillo\/","url":"https:\/\/demoweb.info\/sexshop001\/producto\/cartas-kamasutra-mini-tamano-bolsillo\/","name":"CARTAS KAMASUTRA MINI - TAMA\u00d1O BOLSILLO - Tienda Er\u00f3tica","isPartOf":{"@id":"https:\/\/demoweb.info\/sexshop001\/#website"},"datePublished":"2022-01-22T16:14:09+00:00","dateModified":"2022-01-22T16:14:26+00:00","breadcrumb":{"@id":"https:\/\/demoweb.info\/sexshop001\/producto\/cartas-kamasutra-mini-tamano-bolsillo\/#breadcrumb"},"inLanguage":"es","potentialAction":[{"@type":"ReadAction","target":["https:\/\/demoweb.info\/sexshop001\/producto\/cartas-kamasutra-mini-tamano-bolsillo\/"]}]},{"@type":"BreadcrumbList","@id":"https:\/\/demoweb.info\/sexshop001\/producto\/cartas-kamasutra-mini-tamano-bolsillo\/#breadcrumb","itemListElement":[{"@type":"ListItem","position":1,"name":"Portada","item":"https:\/\/demoweb.info\/sexshop001\/"},{"@type":"ListItem","position":2,"name":"Tienda","item":"https:\/\/demoweb.info\/sexshop001\/tienda\/"},{"@type":"ListItem","position":3,"name":"CARTAS KAMASUTRA MINI &#8211; TAMA\u00d1O BOLSILLO"}]},{"@type":"WebSite","@id":"https:\/\/demoweb.info\/sexshop001\/#website","url":"https:\/\/demoweb.info\/sexshop001\/","name":"Tienda Er\u00f3tica","description":"DEMOWEB SL","potentialAction":[{"@type":"SearchAction","target":{"@type":"EntryPoint","urlTemplate":"https:\/\/demoweb.info\/sexshop001\/?s={search_term_string}"},"query-input":"required name=search_term_string"}],"inLanguage":"es"}]}},"_links":{"self":[{"href":"https:\/\/demoweb.info\/sexshop001\/wp-json\/wp\/v3\/product\/56457","targetHints":{"allow":["GET"]}}],"collection":[{"href":"https:\/\/demoweb.info\/sexshop001\/wp-json\/wp\/v3\/product"}],"about":[{"href":"https:\/\/demoweb.info\/sexshop001\/wp-json\/wp\/v2\/types\/product"}],"replies":[{"embeddable":true,"href":"https:\/\/demoweb.info\/sexshop001\/wp-json\/wp\/v2\/comments?post=56457"}],"wp:featuredmedia":[{"embeddable":true,"href":"https:\/\/demoweb.info\/sexshop001\/wp-json\/wp\/v2\/media\/56458"}],"wp:attachment":[{"href":"https:\/\/demoweb.info\/sexshop001\/wp-json\/wp\/v2\/media?parent=56457"}],"wp:term":[{"taxonomy":"product_cat","embeddable":true,"href":"https:\/\/demoweb.info\/sexshop001\/wp-json\/wp\/v2\/product_cat?post=56457"},{"taxonomy":"product_tag","embeddable":true,"href":"https:\/\/demoweb.info\/sexshop001\/wp-json\/wp\/v2\/product_tag?post=56457"}],"curies":[{"name":"wp","href":"https:\/\/api.w.org\/{rel}","templated":true}]}}