{"id":56401,"date":"2022-01-22T17:13:36","date_gmt":"2022-01-22T16:13:36","guid":{"rendered":"https:\/\/demoweb.info\/sexshop001\/producto\/collar-cleopatra-con-lazos\/"},"modified":"2022-01-22T17:13:47","modified_gmt":"2022-01-22T16:13:47","slug":"collar-cleopatra-con-lazos","status":"publish","type":"product","link":"https:\/\/demoweb.info\/sexshop001\/producto\/collar-cleopatra-con-lazos\/","title":{"rendered":"COLLAR CLEOPATRA CON LAZOS"},"content":{"rendered":"<p><strong>CLEOPATRA COLLAR WITH LACES<\/strong><\/p>\n<p>Collar Cleopatra de acero inoxidable con mucho brillo que se sienta c\u00f3modamente y ligeramente en el cuello a pesar de su composici\u00f3n met\u00e1lica.<\/p>\n<p>Es corto en los lados y se alarga con gracia en el frente a medida que muestra tu clav\u00edcula debajo de \u00e9l, tentando a tus esclavos y sujetos. Este collar se ajusta c\u00f3modamente, con mucho espacio para estirar y darle forma al cuello sin que se vea suelto.<\/p>\n<p>El forro de ante negro en el interior de la pieza lo hace lo suficientemente c\u00f3modo como para usarlo como un cuello elegante, lo que le permite irradiar un aura de poder en todo momento.<\/p>\n<p>Caracter\u00edsticas:<br \/>\n&#8211; Largo: 16 cm<br \/>\n&#8211; Alto: 7,7 cm<br \/>\n&#8211; Di\u00e1metro interno: 13,5 cm<br \/>\n&#8211; Material: Acero Inox.<\/p>\n","protected":false},"excerpt":{"rendered":"<p>CLEOPATRA COLLAR WITH LACES Collar Cleopatra de acero inoxidable con mucho brillo que se sienta c\u00f3modamente y ligeramente en el<\/p>\n","protected":false},"featured_media":56402,"comment_status":"open","ping_status":"open","template":"","meta":[],"product_cat":[499],"product_tag":[283],"class_list":["post-56401","product","type-product","status-publish","has-post-thumbnail","hentry","product_cat-collares","product_tag-triune"],"bundled_by":[],"bundle_stock_status":"instock","bundle_stock_quantity":1,"bundle_virtual":false,"bundle_layout":"","bundle_add_to_cart_form_location":"","bundle_editable_in_cart":false,"bundle_sold_individually_context":"","bundle_item_grouping":"","bundle_min_size":"","bundle_max_size":"","bundled_items":[],"yoast_head":"<!-- This site is optimized with the Yoast SEO plugin v20.6 - https:\/\/yoast.com\/wordpress\/plugins\/seo\/ -->\n<title>COLLAR CLEOPATRA CON LAZOS - Tienda Er\u00f3tica<\/title>\n<meta name=\"robots\" content=\"noindex, follow, max-snippet:-1, max-image-preview:large, max-video-preview:-1\" \/>\n<meta property=\"og:locale\" content=\"es_ES\" \/>\n<meta property=\"og:type\" content=\"article\" \/>\n<meta property=\"og:title\" content=\"COLLAR CLEOPATRA CON LAZOS - Tienda Er\u00f3tica\" \/>\n<meta property=\"og:description\" content=\"CLEOPATRA COLLAR WITH LACES Collar Cleopatra de acero inoxidable con mucho brillo que se sienta c\u00f3modamente y ligeramente en el\" \/>\n<meta property=\"og:url\" content=\"https:\/\/demoweb.info\/sexshop001\/producto\/collar-cleopatra-con-lazos\/\" \/>\n<meta property=\"og:site_name\" content=\"Tienda Er\u00f3tica\" \/>\n<meta property=\"article:modified_time\" content=\"2022-01-22T16:13:47+00:00\" \/>\n<meta property=\"og:image\" content=\"https:\/\/demoweb.info\/sexshop001\/wp-content\/uploads\/2022\/01\/COLLAR-CLEOPATRA-CON-LAZOS.jpg\" \/>\n\t<meta property=\"og:image:width\" content=\"550\" \/>\n\t<meta property=\"og:image:height\" content=\"550\" \/>\n\t<meta property=\"og:image:type\" content=\"image\/jpeg\" \/>\n<meta name=\"twitter:card\" content=\"summary_large_image\" \/>\n<meta name=\"twitter:label1\" content=\"Tiempo de lectura\" \/>\n\t<meta name=\"twitter:data1\" content=\"1 minuto\" \/>\n<script type=\"application\/ld+json\" class=\"yoast-schema-graph\">{\"@context\":\"https:\/\/schema.org\",\"@graph\":[{\"@type\":\"WebPage\",\"@id\":\"https:\/\/demoweb.info\/sexshop001\/producto\/collar-cleopatra-con-lazos\/\",\"url\":\"https:\/\/demoweb.info\/sexshop001\/producto\/collar-cleopatra-con-lazos\/\",\"name\":\"COLLAR CLEOPATRA CON LAZOS - Tienda Er\u00f3tica\",\"isPartOf\":{\"@id\":\"https:\/\/demoweb.info\/sexshop001\/#website\"},\"datePublished\":\"2022-01-22T16:13:36+00:00\",\"dateModified\":\"2022-01-22T16:13:47+00:00\",\"breadcrumb\":{\"@id\":\"https:\/\/demoweb.info\/sexshop001\/producto\/collar-cleopatra-con-lazos\/#breadcrumb\"},\"inLanguage\":\"es\",\"potentialAction\":[{\"@type\":\"ReadAction\",\"target\":[\"https:\/\/demoweb.info\/sexshop001\/producto\/collar-cleopatra-con-lazos\/\"]}]},{\"@type\":\"BreadcrumbList\",\"@id\":\"https:\/\/demoweb.info\/sexshop001\/producto\/collar-cleopatra-con-lazos\/#breadcrumb\",\"itemListElement\":[{\"@type\":\"ListItem\",\"position\":1,\"name\":\"Portada\",\"item\":\"https:\/\/demoweb.info\/sexshop001\/\"},{\"@type\":\"ListItem\",\"position\":2,\"name\":\"Tienda\",\"item\":\"https:\/\/demoweb.info\/sexshop001\/tienda\/\"},{\"@type\":\"ListItem\",\"position\":3,\"name\":\"COLLAR CLEOPATRA CON LAZOS\"}]},{\"@type\":\"WebSite\",\"@id\":\"https:\/\/demoweb.info\/sexshop001\/#website\",\"url\":\"https:\/\/demoweb.info\/sexshop001\/\",\"name\":\"Tienda Er\u00f3tica\",\"description\":\"DEMOWEB SL\",\"potentialAction\":[{\"@type\":\"SearchAction\",\"target\":{\"@type\":\"EntryPoint\",\"urlTemplate\":\"https:\/\/demoweb.info\/sexshop001\/?s={search_term_string}\"},\"query-input\":\"required name=search_term_string\"}],\"inLanguage\":\"es\"}]}<\/script>\n<!-- \/ Yoast SEO plugin. -->","yoast_head_json":{"title":"COLLAR CLEOPATRA CON LAZOS - Tienda Er\u00f3tica","robots":{"index":"noindex","follow":"follow","max-snippet":"max-snippet:-1","max-image-preview":"max-image-preview:large","max-video-preview":"max-video-preview:-1"},"og_locale":"es_ES","og_type":"article","og_title":"COLLAR CLEOPATRA CON LAZOS - Tienda Er\u00f3tica","og_description":"CLEOPATRA COLLAR WITH LACES Collar Cleopatra de acero inoxidable con mucho brillo que se sienta c\u00f3modamente y ligeramente en el","og_url":"https:\/\/demoweb.info\/sexshop001\/producto\/collar-cleopatra-con-lazos\/","og_site_name":"Tienda Er\u00f3tica","article_modified_time":"2022-01-22T16:13:47+00:00","og_image":[{"width":550,"height":550,"url":"https:\/\/demoweb.info\/sexshop001\/wp-content\/uploads\/2022\/01\/COLLAR-CLEOPATRA-CON-LAZOS.jpg","type":"image\/jpeg"}],"twitter_card":"summary_large_image","twitter_misc":{"Tiempo de lectura":"1 minuto"},"schema":{"@context":"https:\/\/schema.org","@graph":[{"@type":"WebPage","@id":"https:\/\/demoweb.info\/sexshop001\/producto\/collar-cleopatra-con-lazos\/","url":"https:\/\/demoweb.info\/sexshop001\/producto\/collar-cleopatra-con-lazos\/","name":"COLLAR CLEOPATRA CON LAZOS - Tienda Er\u00f3tica","isPartOf":{"@id":"https:\/\/demoweb.info\/sexshop001\/#website"},"datePublished":"2022-01-22T16:13:36+00:00","dateModified":"2022-01-22T16:13:47+00:00","breadcrumb":{"@id":"https:\/\/demoweb.info\/sexshop001\/producto\/collar-cleopatra-con-lazos\/#breadcrumb"},"inLanguage":"es","potentialAction":[{"@type":"ReadAction","target":["https:\/\/demoweb.info\/sexshop001\/producto\/collar-cleopatra-con-lazos\/"]}]},{"@type":"BreadcrumbList","@id":"https:\/\/demoweb.info\/sexshop001\/producto\/collar-cleopatra-con-lazos\/#breadcrumb","itemListElement":[{"@type":"ListItem","position":1,"name":"Portada","item":"https:\/\/demoweb.info\/sexshop001\/"},{"@type":"ListItem","position":2,"name":"Tienda","item":"https:\/\/demoweb.info\/sexshop001\/tienda\/"},{"@type":"ListItem","position":3,"name":"COLLAR CLEOPATRA CON LAZOS"}]},{"@type":"WebSite","@id":"https:\/\/demoweb.info\/sexshop001\/#website","url":"https:\/\/demoweb.info\/sexshop001\/","name":"Tienda Er\u00f3tica","description":"DEMOWEB SL","potentialAction":[{"@type":"SearchAction","target":{"@type":"EntryPoint","urlTemplate":"https:\/\/demoweb.info\/sexshop001\/?s={search_term_string}"},"query-input":"required name=search_term_string"}],"inLanguage":"es"}]}},"_links":{"self":[{"href":"https:\/\/demoweb.info\/sexshop001\/wp-json\/wp\/v3\/product\/56401","targetHints":{"allow":["GET"]}}],"collection":[{"href":"https:\/\/demoweb.info\/sexshop001\/wp-json\/wp\/v3\/product"}],"about":[{"href":"https:\/\/demoweb.info\/sexshop001\/wp-json\/wp\/v2\/types\/product"}],"replies":[{"embeddable":true,"href":"https:\/\/demoweb.info\/sexshop001\/wp-json\/wp\/v2\/comments?post=56401"}],"wp:featuredmedia":[{"embeddable":true,"href":"https:\/\/demoweb.info\/sexshop001\/wp-json\/wp\/v2\/media\/56402"}],"wp:attachment":[{"href":"https:\/\/demoweb.info\/sexshop001\/wp-json\/wp\/v2\/media?parent=56401"}],"wp:term":[{"taxonomy":"product_cat","embeddable":true,"href":"https:\/\/demoweb.info\/sexshop001\/wp-json\/wp\/v2\/product_cat?post=56401"},{"taxonomy":"product_tag","embeddable":true,"href":"https:\/\/demoweb.info\/sexshop001\/wp-json\/wp\/v2\/product_tag?post=56401"}],"curies":[{"name":"wp","href":"https:\/\/api.w.org\/{rel}","templated":true}]}}