{"id":56388,"date":"2022-01-22T17:13:36","date_gmt":"2022-01-22T16:13:36","guid":{"rendered":"https:\/\/demoweb.info\/sexshop001\/producto\/esposas-con-cadena-de-acero-inox\/"},"modified":"2022-01-22T17:13:38","modified_gmt":"2022-01-22T16:13:38","slug":"esposas-con-cadena-de-acero-inox","status":"publish","type":"product","link":"https:\/\/demoweb.info\/sexshop001\/producto\/esposas-con-cadena-de-acero-inox\/","title":{"rendered":"ESPOSAS CON CADENA DE ACERO INOX."},"content":{"rendered":"<p><strong>STEEL CHAIN CUFFS<\/strong><\/p>\n<p>Te presentamos unas esposas de cadena, simples y muy c\u00f3modas de usar. Al enroscar el extremo peque\u00f1o de la cadena a trav\u00e9s de los dos anillos grandes, puedes construir dos bucles, que rodean estrechamente las mu\u00f1ecas (o los tobillos). Luego, la cadena est\u00e1 asegurada mediante el uso de un candado.<\/p>\n<p>Caracter\u00edsticas:<\/p>\n<p>&#8211; Longitud: 28 cm<br \/>\n&#8211; Longitud total de la cadena: 54 cm<br \/>\n&#8211; Ancho: 1,3 cm<br \/>\n&#8211; Material: Acero Inoxidable.<\/p>\n","protected":false},"excerpt":{"rendered":"<p>STEEL CHAIN CUFFS Te presentamos unas esposas de cadena, simples y muy c\u00f3modas de usar. Al enroscar el extremo peque\u00f1o<\/p>\n","protected":false},"featured_media":56389,"comment_status":"open","ping_status":"open","template":"","meta":[],"product_cat":[563],"product_tag":[283],"class_list":["post-56388","product","type-product","status-publish","has-post-thumbnail","hentry","product_cat-metal-esposas","product_tag-triune"],"bundled_by":[],"bundle_stock_status":"instock","bundle_stock_quantity":1,"bundle_virtual":false,"bundle_layout":"","bundle_add_to_cart_form_location":"","bundle_editable_in_cart":false,"bundle_sold_individually_context":"","bundle_item_grouping":"","bundle_min_size":"","bundle_max_size":"","bundled_items":[],"yoast_head":"<!-- This site is optimized with the Yoast SEO plugin v20.6 - https:\/\/yoast.com\/wordpress\/plugins\/seo\/ -->\n<title>ESPOSAS CON CADENA DE ACERO INOX. - Tienda Er\u00f3tica<\/title>\n<meta name=\"robots\" content=\"noindex, follow, max-snippet:-1, max-image-preview:large, max-video-preview:-1\" \/>\n<meta property=\"og:locale\" content=\"es_ES\" \/>\n<meta property=\"og:type\" content=\"article\" \/>\n<meta property=\"og:title\" content=\"ESPOSAS CON CADENA DE ACERO INOX. - Tienda Er\u00f3tica\" \/>\n<meta property=\"og:description\" content=\"STEEL CHAIN CUFFS Te presentamos unas esposas de cadena, simples y muy c\u00f3modas de usar. Al enroscar el extremo peque\u00f1o\" \/>\n<meta property=\"og:url\" content=\"https:\/\/demoweb.info\/sexshop001\/producto\/esposas-con-cadena-de-acero-inox\/\" \/>\n<meta property=\"og:site_name\" content=\"Tienda Er\u00f3tica\" \/>\n<meta property=\"article:modified_time\" content=\"2022-01-22T16:13:38+00:00\" \/>\n<meta property=\"og:image\" content=\"https:\/\/demoweb.info\/sexshop001\/wp-content\/uploads\/2022\/01\/ESPOSAS-CON-CADENA-DE-ACERO-INOX.jpg\" \/>\n\t<meta property=\"og:image:width\" content=\"550\" \/>\n\t<meta property=\"og:image:height\" content=\"550\" \/>\n\t<meta property=\"og:image:type\" content=\"image\/jpeg\" \/>\n<meta name=\"twitter:card\" content=\"summary_large_image\" \/>\n<script type=\"application\/ld+json\" class=\"yoast-schema-graph\">{\"@context\":\"https:\/\/schema.org\",\"@graph\":[{\"@type\":\"WebPage\",\"@id\":\"https:\/\/demoweb.info\/sexshop001\/producto\/esposas-con-cadena-de-acero-inox\/\",\"url\":\"https:\/\/demoweb.info\/sexshop001\/producto\/esposas-con-cadena-de-acero-inox\/\",\"name\":\"ESPOSAS CON CADENA DE ACERO INOX. - Tienda Er\u00f3tica\",\"isPartOf\":{\"@id\":\"https:\/\/demoweb.info\/sexshop001\/#website\"},\"datePublished\":\"2022-01-22T16:13:36+00:00\",\"dateModified\":\"2022-01-22T16:13:38+00:00\",\"breadcrumb\":{\"@id\":\"https:\/\/demoweb.info\/sexshop001\/producto\/esposas-con-cadena-de-acero-inox\/#breadcrumb\"},\"inLanguage\":\"es\",\"potentialAction\":[{\"@type\":\"ReadAction\",\"target\":[\"https:\/\/demoweb.info\/sexshop001\/producto\/esposas-con-cadena-de-acero-inox\/\"]}]},{\"@type\":\"BreadcrumbList\",\"@id\":\"https:\/\/demoweb.info\/sexshop001\/producto\/esposas-con-cadena-de-acero-inox\/#breadcrumb\",\"itemListElement\":[{\"@type\":\"ListItem\",\"position\":1,\"name\":\"Portada\",\"item\":\"https:\/\/demoweb.info\/sexshop001\/\"},{\"@type\":\"ListItem\",\"position\":2,\"name\":\"Tienda\",\"item\":\"https:\/\/demoweb.info\/sexshop001\/tienda\/\"},{\"@type\":\"ListItem\",\"position\":3,\"name\":\"ESPOSAS CON CADENA DE ACERO INOX.\"}]},{\"@type\":\"WebSite\",\"@id\":\"https:\/\/demoweb.info\/sexshop001\/#website\",\"url\":\"https:\/\/demoweb.info\/sexshop001\/\",\"name\":\"Tienda Er\u00f3tica\",\"description\":\"DEMOWEB SL\",\"potentialAction\":[{\"@type\":\"SearchAction\",\"target\":{\"@type\":\"EntryPoint\",\"urlTemplate\":\"https:\/\/demoweb.info\/sexshop001\/?s={search_term_string}\"},\"query-input\":\"required name=search_term_string\"}],\"inLanguage\":\"es\"}]}<\/script>\n<!-- \/ Yoast SEO plugin. -->","yoast_head_json":{"title":"ESPOSAS CON CADENA DE ACERO INOX. - Tienda Er\u00f3tica","robots":{"index":"noindex","follow":"follow","max-snippet":"max-snippet:-1","max-image-preview":"max-image-preview:large","max-video-preview":"max-video-preview:-1"},"og_locale":"es_ES","og_type":"article","og_title":"ESPOSAS CON CADENA DE ACERO INOX. - Tienda Er\u00f3tica","og_description":"STEEL CHAIN CUFFS Te presentamos unas esposas de cadena, simples y muy c\u00f3modas de usar. Al enroscar el extremo peque\u00f1o","og_url":"https:\/\/demoweb.info\/sexshop001\/producto\/esposas-con-cadena-de-acero-inox\/","og_site_name":"Tienda Er\u00f3tica","article_modified_time":"2022-01-22T16:13:38+00:00","og_image":[{"width":550,"height":550,"url":"https:\/\/demoweb.info\/sexshop001\/wp-content\/uploads\/2022\/01\/ESPOSAS-CON-CADENA-DE-ACERO-INOX.jpg","type":"image\/jpeg"}],"twitter_card":"summary_large_image","schema":{"@context":"https:\/\/schema.org","@graph":[{"@type":"WebPage","@id":"https:\/\/demoweb.info\/sexshop001\/producto\/esposas-con-cadena-de-acero-inox\/","url":"https:\/\/demoweb.info\/sexshop001\/producto\/esposas-con-cadena-de-acero-inox\/","name":"ESPOSAS CON CADENA DE ACERO INOX. - Tienda Er\u00f3tica","isPartOf":{"@id":"https:\/\/demoweb.info\/sexshop001\/#website"},"datePublished":"2022-01-22T16:13:36+00:00","dateModified":"2022-01-22T16:13:38+00:00","breadcrumb":{"@id":"https:\/\/demoweb.info\/sexshop001\/producto\/esposas-con-cadena-de-acero-inox\/#breadcrumb"},"inLanguage":"es","potentialAction":[{"@type":"ReadAction","target":["https:\/\/demoweb.info\/sexshop001\/producto\/esposas-con-cadena-de-acero-inox\/"]}]},{"@type":"BreadcrumbList","@id":"https:\/\/demoweb.info\/sexshop001\/producto\/esposas-con-cadena-de-acero-inox\/#breadcrumb","itemListElement":[{"@type":"ListItem","position":1,"name":"Portada","item":"https:\/\/demoweb.info\/sexshop001\/"},{"@type":"ListItem","position":2,"name":"Tienda","item":"https:\/\/demoweb.info\/sexshop001\/tienda\/"},{"@type":"ListItem","position":3,"name":"ESPOSAS CON CADENA DE ACERO INOX."}]},{"@type":"WebSite","@id":"https:\/\/demoweb.info\/sexshop001\/#website","url":"https:\/\/demoweb.info\/sexshop001\/","name":"Tienda Er\u00f3tica","description":"DEMOWEB SL","potentialAction":[{"@type":"SearchAction","target":{"@type":"EntryPoint","urlTemplate":"https:\/\/demoweb.info\/sexshop001\/?s={search_term_string}"},"query-input":"required name=search_term_string"}],"inLanguage":"es"}]}},"_links":{"self":[{"href":"https:\/\/demoweb.info\/sexshop001\/wp-json\/wp\/v3\/product\/56388","targetHints":{"allow":["GET"]}}],"collection":[{"href":"https:\/\/demoweb.info\/sexshop001\/wp-json\/wp\/v3\/product"}],"about":[{"href":"https:\/\/demoweb.info\/sexshop001\/wp-json\/wp\/v2\/types\/product"}],"replies":[{"embeddable":true,"href":"https:\/\/demoweb.info\/sexshop001\/wp-json\/wp\/v2\/comments?post=56388"}],"wp:featuredmedia":[{"embeddable":true,"href":"https:\/\/demoweb.info\/sexshop001\/wp-json\/wp\/v2\/media\/56389"}],"wp:attachment":[{"href":"https:\/\/demoweb.info\/sexshop001\/wp-json\/wp\/v2\/media?parent=56388"}],"wp:term":[{"taxonomy":"product_cat","embeddable":true,"href":"https:\/\/demoweb.info\/sexshop001\/wp-json\/wp\/v2\/product_cat?post=56388"},{"taxonomy":"product_tag","embeddable":true,"href":"https:\/\/demoweb.info\/sexshop001\/wp-json\/wp\/v2\/product_tag?post=56388"}],"curies":[{"name":"wp","href":"https:\/\/api.w.org\/{rel}","templated":true}]}}