{"id":56381,"date":"2022-01-22T17:13:19","date_gmt":"2022-01-22T16:13:19","guid":{"rendered":"https:\/\/demoweb.info\/sexshop001\/producto\/classic-xl-extender-bomba-desarrolladora-transparente\/"},"modified":"2022-01-22T17:13:32","modified_gmt":"2022-01-22T16:13:32","slug":"classic-xl-extender-bomba-desarrolladora-transparente","status":"publish","type":"product","link":"https:\/\/demoweb.info\/sexshop001\/producto\/classic-xl-extender-bomba-desarrolladora-transparente\/","title":{"rendered":"CLASSIC XL EXTENDER BOMBA DESARROLLADORA &#8211; TRANSPARENTE"},"content":{"rendered":"<p><strong>CLASSIC XL EXTENDER PUMP<\/strong><\/p>\n<p>Bomba desarrolladora CLASSIC XL, para los usuarios m\u00e1s experimentados.<\/p>\n<p>Este es el tipo de dispositivo m\u00e1s com\u00fan en el mercado. B\u00e1sicamente se trata de una peque\u00f1a bola que aprietas para activar la acci\u00f3n de vac\u00edo, dise\u00f1ada para que quepa c\u00f3modamente en la palma de tu mano.<\/p>\n<p>Mientras m\u00e1s apretes, m\u00e1s ajustada se vuelve la manga alrededor de tu pene.<\/p>\n<p>Caracter\u00edsticas:<\/p>\n<ul>\n<li>Di\u00e1metro: 6,5 cm<\/li>\n<li>Longitud: 34 cm<\/li>\n<li>Longitud insertable: 26 cm<\/li>\n<li>Material: PVC y silicona<\/li>\n<li>Resistente al agua: S\u00ed<\/li>\n<li>Libre de ftalatos: S\u00ed<\/li>\n<\/ul>\n","protected":false},"excerpt":{"rendered":"<p>CLASSIC XL EXTENDER PUMP Bomba desarrolladora CLASSIC XL, para los usuarios m\u00e1s experimentados. Este es el tipo de dispositivo m\u00e1s<\/p>\n","protected":false},"featured_media":56382,"comment_status":"open","ping_status":"open","template":"","meta":[],"product_cat":[495],"product_tag":[768,302],"class_list":["post-56381","product","type-product","status-publish","has-post-thumbnail","hentry","product_cat-basicos","product_tag-pumped","product_tag-shots"],"bundled_by":[],"bundle_stock_status":"instock","bundle_stock_quantity":1,"bundle_virtual":false,"bundle_layout":"","bundle_add_to_cart_form_location":"","bundle_editable_in_cart":false,"bundle_sold_individually_context":"","bundle_item_grouping":"","bundle_min_size":"","bundle_max_size":"","bundled_items":[],"yoast_head":"<!-- This site is optimized with the Yoast SEO plugin v20.6 - https:\/\/yoast.com\/wordpress\/plugins\/seo\/ -->\n<title>CLASSIC XL EXTENDER BOMBA DESARROLLADORA - TRANSPARENTE - Tienda Er\u00f3tica<\/title>\n<meta name=\"robots\" content=\"noindex, follow, max-snippet:-1, max-image-preview:large, max-video-preview:-1\" \/>\n<meta property=\"og:locale\" content=\"es_ES\" \/>\n<meta property=\"og:type\" content=\"article\" \/>\n<meta property=\"og:title\" content=\"CLASSIC XL EXTENDER BOMBA DESARROLLADORA - TRANSPARENTE - Tienda Er\u00f3tica\" \/>\n<meta property=\"og:description\" content=\"CLASSIC XL EXTENDER PUMP Bomba desarrolladora CLASSIC XL, para los usuarios m\u00e1s experimentados. Este es el tipo de dispositivo m\u00e1s\" \/>\n<meta property=\"og:url\" content=\"https:\/\/demoweb.info\/sexshop001\/producto\/classic-xl-extender-bomba-desarrolladora-transparente\/\" \/>\n<meta property=\"og:site_name\" content=\"Tienda Er\u00f3tica\" \/>\n<meta property=\"article:modified_time\" content=\"2022-01-22T16:13:32+00:00\" \/>\n<meta property=\"og:image\" content=\"https:\/\/demoweb.info\/sexshop001\/wp-content\/uploads\/2022\/01\/CLASSIC-XL-EXTENDER-BOMBA-DESARROLLADORA-TRANSPARENTE.jpg\" \/>\n\t<meta property=\"og:image:width\" content=\"550\" \/>\n\t<meta property=\"og:image:height\" content=\"550\" \/>\n\t<meta property=\"og:image:type\" content=\"image\/jpeg\" \/>\n<meta name=\"twitter:card\" content=\"summary_large_image\" \/>\n<script type=\"application\/ld+json\" class=\"yoast-schema-graph\">{\"@context\":\"https:\/\/schema.org\",\"@graph\":[{\"@type\":\"WebPage\",\"@id\":\"https:\/\/demoweb.info\/sexshop001\/producto\/classic-xl-extender-bomba-desarrolladora-transparente\/\",\"url\":\"https:\/\/demoweb.info\/sexshop001\/producto\/classic-xl-extender-bomba-desarrolladora-transparente\/\",\"name\":\"CLASSIC XL EXTENDER BOMBA DESARROLLADORA - TRANSPARENTE - Tienda Er\u00f3tica\",\"isPartOf\":{\"@id\":\"https:\/\/demoweb.info\/sexshop001\/#website\"},\"datePublished\":\"2022-01-22T16:13:19+00:00\",\"dateModified\":\"2022-01-22T16:13:32+00:00\",\"breadcrumb\":{\"@id\":\"https:\/\/demoweb.info\/sexshop001\/producto\/classic-xl-extender-bomba-desarrolladora-transparente\/#breadcrumb\"},\"inLanguage\":\"es\",\"potentialAction\":[{\"@type\":\"ReadAction\",\"target\":[\"https:\/\/demoweb.info\/sexshop001\/producto\/classic-xl-extender-bomba-desarrolladora-transparente\/\"]}]},{\"@type\":\"BreadcrumbList\",\"@id\":\"https:\/\/demoweb.info\/sexshop001\/producto\/classic-xl-extender-bomba-desarrolladora-transparente\/#breadcrumb\",\"itemListElement\":[{\"@type\":\"ListItem\",\"position\":1,\"name\":\"Portada\",\"item\":\"https:\/\/demoweb.info\/sexshop001\/\"},{\"@type\":\"ListItem\",\"position\":2,\"name\":\"Tienda\",\"item\":\"https:\/\/demoweb.info\/sexshop001\/tienda\/\"},{\"@type\":\"ListItem\",\"position\":3,\"name\":\"CLASSIC XL EXTENDER BOMBA DESARROLLADORA &#8211; TRANSPARENTE\"}]},{\"@type\":\"WebSite\",\"@id\":\"https:\/\/demoweb.info\/sexshop001\/#website\",\"url\":\"https:\/\/demoweb.info\/sexshop001\/\",\"name\":\"Tienda Er\u00f3tica\",\"description\":\"DEMOWEB SL\",\"potentialAction\":[{\"@type\":\"SearchAction\",\"target\":{\"@type\":\"EntryPoint\",\"urlTemplate\":\"https:\/\/demoweb.info\/sexshop001\/?s={search_term_string}\"},\"query-input\":\"required name=search_term_string\"}],\"inLanguage\":\"es\"}]}<\/script>\n<!-- \/ Yoast SEO plugin. -->","yoast_head_json":{"title":"CLASSIC XL EXTENDER BOMBA DESARROLLADORA - TRANSPARENTE - Tienda Er\u00f3tica","robots":{"index":"noindex","follow":"follow","max-snippet":"max-snippet:-1","max-image-preview":"max-image-preview:large","max-video-preview":"max-video-preview:-1"},"og_locale":"es_ES","og_type":"article","og_title":"CLASSIC XL EXTENDER BOMBA DESARROLLADORA - TRANSPARENTE - Tienda Er\u00f3tica","og_description":"CLASSIC XL EXTENDER PUMP Bomba desarrolladora CLASSIC XL, para los usuarios m\u00e1s experimentados. Este es el tipo de dispositivo m\u00e1s","og_url":"https:\/\/demoweb.info\/sexshop001\/producto\/classic-xl-extender-bomba-desarrolladora-transparente\/","og_site_name":"Tienda Er\u00f3tica","article_modified_time":"2022-01-22T16:13:32+00:00","og_image":[{"width":550,"height":550,"url":"https:\/\/demoweb.info\/sexshop001\/wp-content\/uploads\/2022\/01\/CLASSIC-XL-EXTENDER-BOMBA-DESARROLLADORA-TRANSPARENTE.jpg","type":"image\/jpeg"}],"twitter_card":"summary_large_image","schema":{"@context":"https:\/\/schema.org","@graph":[{"@type":"WebPage","@id":"https:\/\/demoweb.info\/sexshop001\/producto\/classic-xl-extender-bomba-desarrolladora-transparente\/","url":"https:\/\/demoweb.info\/sexshop001\/producto\/classic-xl-extender-bomba-desarrolladora-transparente\/","name":"CLASSIC XL EXTENDER BOMBA DESARROLLADORA - TRANSPARENTE - Tienda Er\u00f3tica","isPartOf":{"@id":"https:\/\/demoweb.info\/sexshop001\/#website"},"datePublished":"2022-01-22T16:13:19+00:00","dateModified":"2022-01-22T16:13:32+00:00","breadcrumb":{"@id":"https:\/\/demoweb.info\/sexshop001\/producto\/classic-xl-extender-bomba-desarrolladora-transparente\/#breadcrumb"},"inLanguage":"es","potentialAction":[{"@type":"ReadAction","target":["https:\/\/demoweb.info\/sexshop001\/producto\/classic-xl-extender-bomba-desarrolladora-transparente\/"]}]},{"@type":"BreadcrumbList","@id":"https:\/\/demoweb.info\/sexshop001\/producto\/classic-xl-extender-bomba-desarrolladora-transparente\/#breadcrumb","itemListElement":[{"@type":"ListItem","position":1,"name":"Portada","item":"https:\/\/demoweb.info\/sexshop001\/"},{"@type":"ListItem","position":2,"name":"Tienda","item":"https:\/\/demoweb.info\/sexshop001\/tienda\/"},{"@type":"ListItem","position":3,"name":"CLASSIC XL EXTENDER BOMBA DESARROLLADORA &#8211; TRANSPARENTE"}]},{"@type":"WebSite","@id":"https:\/\/demoweb.info\/sexshop001\/#website","url":"https:\/\/demoweb.info\/sexshop001\/","name":"Tienda Er\u00f3tica","description":"DEMOWEB SL","potentialAction":[{"@type":"SearchAction","target":{"@type":"EntryPoint","urlTemplate":"https:\/\/demoweb.info\/sexshop001\/?s={search_term_string}"},"query-input":"required name=search_term_string"}],"inLanguage":"es"}]}},"_links":{"self":[{"href":"https:\/\/demoweb.info\/sexshop001\/wp-json\/wp\/v3\/product\/56381","targetHints":{"allow":["GET"]}}],"collection":[{"href":"https:\/\/demoweb.info\/sexshop001\/wp-json\/wp\/v3\/product"}],"about":[{"href":"https:\/\/demoweb.info\/sexshop001\/wp-json\/wp\/v2\/types\/product"}],"replies":[{"embeddable":true,"href":"https:\/\/demoweb.info\/sexshop001\/wp-json\/wp\/v2\/comments?post=56381"}],"wp:featuredmedia":[{"embeddable":true,"href":"https:\/\/demoweb.info\/sexshop001\/wp-json\/wp\/v2\/media\/56382"}],"wp:attachment":[{"href":"https:\/\/demoweb.info\/sexshop001\/wp-json\/wp\/v2\/media?parent=56381"}],"wp:term":[{"taxonomy":"product_cat","embeddable":true,"href":"https:\/\/demoweb.info\/sexshop001\/wp-json\/wp\/v2\/product_cat?post=56381"},{"taxonomy":"product_tag","embeddable":true,"href":"https:\/\/demoweb.info\/sexshop001\/wp-json\/wp\/v2\/product_tag?post=56381"}],"curies":[{"name":"wp","href":"https:\/\/api.w.org\/{rel}","templated":true}]}}