{"id":56373,"date":"2022-01-22T17:13:19","date_gmt":"2022-01-22T16:13:19","guid":{"rendered":"https:\/\/demoweb.info\/sexshop001\/producto\/comfort-beginner-bomba-desarrolladora-negro\/"},"modified":"2022-01-22T17:13:27","modified_gmt":"2022-01-22T16:13:27","slug":"comfort-beginner-bomba-desarrolladora-negro","status":"publish","type":"product","link":"https:\/\/demoweb.info\/sexshop001\/producto\/comfort-beginner-bomba-desarrolladora-negro\/","title":{"rendered":"COMFORT BEGINNER BOMBA DESARROLLADORA &#8211; NEGRO"},"content":{"rendered":"<p><strong>COMFORT BEGINNER PUMP<\/strong><\/p>\n<p>Bomba desarrolladora COMFORT perfecta para principiantes.<\/p>\n<p>La empu\u00f1adura del gatillo proporciona m\u00e1s potencia que el modelo tradicional. Funcionar\u00e1 para crear un sello de vac\u00edo m\u00e1s efectivo en un per\u00edodo de tiempo m\u00e1s corto, por lo que se necesitar\u00e1 menos acci\u00f3n de bombeo para alcanzar el nivel deseado de dureza.<\/p>\n<p>Es m\u00e1s f\u00e1cil mantener el control sobre la cantidad de presi\u00f3n en el cilindro y una opci\u00f3n m\u00e1s econ\u00f3mica que una bomba con empu\u00f1adura de pistola. Tambi\u00e9n tiene un agarre m\u00e1s c\u00f3modo que el mecanismo de bola, lo que significa que puede bombear durante m\u00e1s tiempo sin tanto riesgo de calambres. <\/p>\n<p>Caracter\u00edsticas:<\/p>\n<ul>\n<li>Di\u00e1metro: 6 cm<\/li>\n<li>Longitud: 30 cm<\/li>\n<li>Longitud insertable: 23cm<\/li>\n<li>Material: PVC y silicona<\/li>\n<li>Resistente al agua: S\u00ed<\/li>\n<li>Libre de ftalatos: S\u00ed<\/li>\n<\/ul>\n","protected":false},"excerpt":{"rendered":"<p>COMFORT BEGINNER PUMP Bomba desarrolladora COMFORT perfecta para principiantes. La empu\u00f1adura del gatillo proporciona m\u00e1s potencia que el modelo tradicional.<\/p>\n","protected":false},"featured_media":56374,"comment_status":"open","ping_status":"open","template":"","meta":[],"product_cat":[495],"product_tag":[768,302],"class_list":["post-56373","product","type-product","status-publish","has-post-thumbnail","hentry","product_cat-basicos","product_tag-pumped","product_tag-shots"],"bundled_by":[],"bundle_stock_status":"outofstock","bundle_stock_quantity":0,"bundle_virtual":false,"bundle_layout":"","bundle_add_to_cart_form_location":"","bundle_editable_in_cart":false,"bundle_sold_individually_context":"","bundle_item_grouping":"","bundle_min_size":"","bundle_max_size":"","bundled_items":[],"yoast_head":"<!-- This site is optimized with the Yoast SEO plugin v20.6 - https:\/\/yoast.com\/wordpress\/plugins\/seo\/ -->\n<title>COMFORT BEGINNER BOMBA DESARROLLADORA - NEGRO - Tienda Er\u00f3tica<\/title>\n<meta name=\"robots\" content=\"noindex, follow, max-snippet:-1, max-image-preview:large, max-video-preview:-1\" \/>\n<meta property=\"og:locale\" content=\"es_ES\" \/>\n<meta property=\"og:type\" content=\"article\" \/>\n<meta property=\"og:title\" content=\"COMFORT BEGINNER BOMBA DESARROLLADORA - NEGRO - Tienda Er\u00f3tica\" \/>\n<meta property=\"og:description\" content=\"COMFORT BEGINNER PUMP Bomba desarrolladora COMFORT perfecta para principiantes. La empu\u00f1adura del gatillo proporciona m\u00e1s potencia que el modelo tradicional.\" \/>\n<meta property=\"og:url\" content=\"https:\/\/demoweb.info\/sexshop001\/producto\/comfort-beginner-bomba-desarrolladora-negro\/\" \/>\n<meta property=\"og:site_name\" content=\"Tienda Er\u00f3tica\" \/>\n<meta property=\"article:modified_time\" content=\"2022-01-22T16:13:27+00:00\" \/>\n<meta property=\"og:image\" content=\"https:\/\/demoweb.info\/sexshop001\/wp-content\/uploads\/2022\/01\/COMFORT-BEGINNER-BOMBA-DESARROLLADORA-NEGRO.jpg\" \/>\n\t<meta property=\"og:image:width\" content=\"550\" \/>\n\t<meta property=\"og:image:height\" content=\"550\" \/>\n\t<meta property=\"og:image:type\" content=\"image\/jpeg\" \/>\n<meta name=\"twitter:card\" content=\"summary_large_image\" \/>\n<meta name=\"twitter:label1\" content=\"Tiempo de lectura\" \/>\n\t<meta name=\"twitter:data1\" content=\"1 minuto\" \/>\n<script type=\"application\/ld+json\" class=\"yoast-schema-graph\">{\"@context\":\"https:\/\/schema.org\",\"@graph\":[{\"@type\":\"WebPage\",\"@id\":\"https:\/\/demoweb.info\/sexshop001\/producto\/comfort-beginner-bomba-desarrolladora-negro\/\",\"url\":\"https:\/\/demoweb.info\/sexshop001\/producto\/comfort-beginner-bomba-desarrolladora-negro\/\",\"name\":\"COMFORT BEGINNER BOMBA DESARROLLADORA - NEGRO - Tienda Er\u00f3tica\",\"isPartOf\":{\"@id\":\"https:\/\/demoweb.info\/sexshop001\/#website\"},\"datePublished\":\"2022-01-22T16:13:19+00:00\",\"dateModified\":\"2022-01-22T16:13:27+00:00\",\"breadcrumb\":{\"@id\":\"https:\/\/demoweb.info\/sexshop001\/producto\/comfort-beginner-bomba-desarrolladora-negro\/#breadcrumb\"},\"inLanguage\":\"es\",\"potentialAction\":[{\"@type\":\"ReadAction\",\"target\":[\"https:\/\/demoweb.info\/sexshop001\/producto\/comfort-beginner-bomba-desarrolladora-negro\/\"]}]},{\"@type\":\"BreadcrumbList\",\"@id\":\"https:\/\/demoweb.info\/sexshop001\/producto\/comfort-beginner-bomba-desarrolladora-negro\/#breadcrumb\",\"itemListElement\":[{\"@type\":\"ListItem\",\"position\":1,\"name\":\"Portada\",\"item\":\"https:\/\/demoweb.info\/sexshop001\/\"},{\"@type\":\"ListItem\",\"position\":2,\"name\":\"Tienda\",\"item\":\"https:\/\/demoweb.info\/sexshop001\/tienda\/\"},{\"@type\":\"ListItem\",\"position\":3,\"name\":\"COMFORT BEGINNER BOMBA DESARROLLADORA &#8211; NEGRO\"}]},{\"@type\":\"WebSite\",\"@id\":\"https:\/\/demoweb.info\/sexshop001\/#website\",\"url\":\"https:\/\/demoweb.info\/sexshop001\/\",\"name\":\"Tienda Er\u00f3tica\",\"description\":\"DEMOWEB SL\",\"potentialAction\":[{\"@type\":\"SearchAction\",\"target\":{\"@type\":\"EntryPoint\",\"urlTemplate\":\"https:\/\/demoweb.info\/sexshop001\/?s={search_term_string}\"},\"query-input\":\"required name=search_term_string\"}],\"inLanguage\":\"es\"}]}<\/script>\n<!-- \/ Yoast SEO plugin. -->","yoast_head_json":{"title":"COMFORT BEGINNER BOMBA DESARROLLADORA - NEGRO - Tienda Er\u00f3tica","robots":{"index":"noindex","follow":"follow","max-snippet":"max-snippet:-1","max-image-preview":"max-image-preview:large","max-video-preview":"max-video-preview:-1"},"og_locale":"es_ES","og_type":"article","og_title":"COMFORT BEGINNER BOMBA DESARROLLADORA - NEGRO - Tienda Er\u00f3tica","og_description":"COMFORT BEGINNER PUMP Bomba desarrolladora COMFORT perfecta para principiantes. La empu\u00f1adura del gatillo proporciona m\u00e1s potencia que el modelo tradicional.","og_url":"https:\/\/demoweb.info\/sexshop001\/producto\/comfort-beginner-bomba-desarrolladora-negro\/","og_site_name":"Tienda Er\u00f3tica","article_modified_time":"2022-01-22T16:13:27+00:00","og_image":[{"width":550,"height":550,"url":"https:\/\/demoweb.info\/sexshop001\/wp-content\/uploads\/2022\/01\/COMFORT-BEGINNER-BOMBA-DESARROLLADORA-NEGRO.jpg","type":"image\/jpeg"}],"twitter_card":"summary_large_image","twitter_misc":{"Tiempo de lectura":"1 minuto"},"schema":{"@context":"https:\/\/schema.org","@graph":[{"@type":"WebPage","@id":"https:\/\/demoweb.info\/sexshop001\/producto\/comfort-beginner-bomba-desarrolladora-negro\/","url":"https:\/\/demoweb.info\/sexshop001\/producto\/comfort-beginner-bomba-desarrolladora-negro\/","name":"COMFORT BEGINNER BOMBA DESARROLLADORA - NEGRO - Tienda Er\u00f3tica","isPartOf":{"@id":"https:\/\/demoweb.info\/sexshop001\/#website"},"datePublished":"2022-01-22T16:13:19+00:00","dateModified":"2022-01-22T16:13:27+00:00","breadcrumb":{"@id":"https:\/\/demoweb.info\/sexshop001\/producto\/comfort-beginner-bomba-desarrolladora-negro\/#breadcrumb"},"inLanguage":"es","potentialAction":[{"@type":"ReadAction","target":["https:\/\/demoweb.info\/sexshop001\/producto\/comfort-beginner-bomba-desarrolladora-negro\/"]}]},{"@type":"BreadcrumbList","@id":"https:\/\/demoweb.info\/sexshop001\/producto\/comfort-beginner-bomba-desarrolladora-negro\/#breadcrumb","itemListElement":[{"@type":"ListItem","position":1,"name":"Portada","item":"https:\/\/demoweb.info\/sexshop001\/"},{"@type":"ListItem","position":2,"name":"Tienda","item":"https:\/\/demoweb.info\/sexshop001\/tienda\/"},{"@type":"ListItem","position":3,"name":"COMFORT BEGINNER BOMBA DESARROLLADORA &#8211; NEGRO"}]},{"@type":"WebSite","@id":"https:\/\/demoweb.info\/sexshop001\/#website","url":"https:\/\/demoweb.info\/sexshop001\/","name":"Tienda Er\u00f3tica","description":"DEMOWEB SL","potentialAction":[{"@type":"SearchAction","target":{"@type":"EntryPoint","urlTemplate":"https:\/\/demoweb.info\/sexshop001\/?s={search_term_string}"},"query-input":"required name=search_term_string"}],"inLanguage":"es"}]}},"_links":{"self":[{"href":"https:\/\/demoweb.info\/sexshop001\/wp-json\/wp\/v3\/product\/56373","targetHints":{"allow":["GET"]}}],"collection":[{"href":"https:\/\/demoweb.info\/sexshop001\/wp-json\/wp\/v3\/product"}],"about":[{"href":"https:\/\/demoweb.info\/sexshop001\/wp-json\/wp\/v2\/types\/product"}],"replies":[{"embeddable":true,"href":"https:\/\/demoweb.info\/sexshop001\/wp-json\/wp\/v2\/comments?post=56373"}],"wp:featuredmedia":[{"embeddable":true,"href":"https:\/\/demoweb.info\/sexshop001\/wp-json\/wp\/v2\/media\/56374"}],"wp:attachment":[{"href":"https:\/\/demoweb.info\/sexshop001\/wp-json\/wp\/v2\/media?parent=56373"}],"wp:term":[{"taxonomy":"product_cat","embeddable":true,"href":"https:\/\/demoweb.info\/sexshop001\/wp-json\/wp\/v2\/product_cat?post=56373"},{"taxonomy":"product_tag","embeddable":true,"href":"https:\/\/demoweb.info\/sexshop001\/wp-json\/wp\/v2\/product_tag?post=56373"}],"curies":[{"name":"wp","href":"https:\/\/api.w.org\/{rel}","templated":true}]}}