{"id":56355,"date":"2022-01-22T17:13:00","date_gmt":"2022-01-22T16:13:00","guid":{"rendered":"https:\/\/demoweb.info\/sexshop001\/producto\/e-stimulation-vibrador-g-spot-vibrator-negro\/"},"modified":"2022-01-22T17:13:15","modified_gmt":"2022-01-22T16:13:15","slug":"e-stimulation-vibrador-g-spot-vibrator-negro","status":"publish","type":"product","link":"https:\/\/demoweb.info\/sexshop001\/producto\/e-stimulation-vibrador-g-spot-vibrator-negro\/","title":{"rendered":"E-STIMULATION VIBRADOR G-SPOT VIBRATOR &#8211; NEGRO"},"content":{"rendered":"<p><strong>E-STIMULATION G-SPOT VIBRATOR <\/strong><\/p>\n<p>Este vibrador bellamente elaborado viene con 2 puntos de estimulaci\u00f3n por choque el\u00e9ctrico (suave). Hay uno en la parte superior y otro en el \u00e1rea del punto G. <\/p>\n<p>Este vibrador totalmente negro, a prueba de agua es fabricado de suave silicona superior y posee una modalidad de 10 velocidades para obtener orgasmos desatados. La funci\u00f3n de electrochoque s\u00f3lo se activar\u00e1 cuando las partes con reborde toquen la piel simultaneamente.<\/p>\n<p>Caracter\u00edsticas:<br \/>\n&#8211; Rotaciones por minuto: 11000 RPM<br \/>\n&#8211; Choque de modos de velocidad: 5<br \/>\n&#8211; Vibraci\u00f3n de modos de velocidad: 10<br \/>\n&#8211; Nivel de ruido: Max. 50 dB<br \/>\n&#8211; Medidas: 19,5 x 3 cm<br \/>\n&#8211; Tiempo de carga de la bater\u00eda: 120 minutos<br \/>\n&#8211; Duraci\u00f3n de la bater\u00eda: 90 minutos<br \/>\n&#8211; Material: ABS y silicona<br \/>\n&#8211; Impermeable durante la vibraci\u00f3n: s\u00ed<br \/>\n&#8211; Impermeable durante e-stim: No<br \/>\n&#8211; Libre de ftalato: S\u00ed<\/p>\n","protected":false},"excerpt":{"rendered":"<p>E-STIMULATION G-SPOT VIBRATOR Este vibrador bellamente elaborado viene con 2 puntos de estimulaci\u00f3n por choque el\u00e9ctrico (suave). Hay uno en<\/p>\n","protected":false},"featured_media":56356,"comment_status":"open","ping_status":"open","template":"","meta":[],"product_cat":[639],"product_tag":[303,302],"class_list":["post-56355","product","type-product","status-publish","has-post-thumbnail","hentry","product_cat-punto-g","product_tag-electroshock","product_tag-shots"],"bundled_by":[],"bundle_stock_status":"instock","bundle_stock_quantity":1,"bundle_virtual":false,"bundle_layout":"","bundle_add_to_cart_form_location":"","bundle_editable_in_cart":false,"bundle_sold_individually_context":"","bundle_item_grouping":"","bundle_min_size":"","bundle_max_size":"","bundled_items":[],"yoast_head":"<!-- This site is optimized with the Yoast SEO plugin v20.6 - https:\/\/yoast.com\/wordpress\/plugins\/seo\/ -->\n<title>E-STIMULATION VIBRADOR G-SPOT VIBRATOR - NEGRO - Tienda Er\u00f3tica<\/title>\n<meta name=\"robots\" content=\"noindex, follow, max-snippet:-1, max-image-preview:large, max-video-preview:-1\" \/>\n<meta property=\"og:locale\" content=\"es_ES\" \/>\n<meta property=\"og:type\" content=\"article\" \/>\n<meta property=\"og:title\" content=\"E-STIMULATION VIBRADOR G-SPOT VIBRATOR - NEGRO - Tienda Er\u00f3tica\" \/>\n<meta property=\"og:description\" content=\"E-STIMULATION G-SPOT VIBRATOR Este vibrador bellamente elaborado viene con 2 puntos de estimulaci\u00f3n por choque el\u00e9ctrico (suave). Hay uno en\" \/>\n<meta property=\"og:url\" content=\"https:\/\/demoweb.info\/sexshop001\/producto\/e-stimulation-vibrador-g-spot-vibrator-negro\/\" \/>\n<meta property=\"og:site_name\" content=\"Tienda Er\u00f3tica\" \/>\n<meta property=\"article:modified_time\" content=\"2022-01-22T16:13:15+00:00\" \/>\n<meta property=\"og:image\" content=\"https:\/\/demoweb.info\/sexshop001\/wp-content\/uploads\/2022\/01\/E-STIMULATION-VIBRADOR-G-SPOT-VIBRATOR-NEGRO.jpg\" \/>\n\t<meta property=\"og:image:width\" content=\"550\" \/>\n\t<meta property=\"og:image:height\" content=\"550\" \/>\n\t<meta property=\"og:image:type\" content=\"image\/jpeg\" \/>\n<meta name=\"twitter:card\" content=\"summary_large_image\" \/>\n<meta name=\"twitter:label1\" content=\"Tiempo de lectura\" \/>\n\t<meta name=\"twitter:data1\" content=\"1 minuto\" \/>\n<script type=\"application\/ld+json\" class=\"yoast-schema-graph\">{\"@context\":\"https:\/\/schema.org\",\"@graph\":[{\"@type\":\"WebPage\",\"@id\":\"https:\/\/demoweb.info\/sexshop001\/producto\/e-stimulation-vibrador-g-spot-vibrator-negro\/\",\"url\":\"https:\/\/demoweb.info\/sexshop001\/producto\/e-stimulation-vibrador-g-spot-vibrator-negro\/\",\"name\":\"E-STIMULATION VIBRADOR G-SPOT VIBRATOR - NEGRO - Tienda Er\u00f3tica\",\"isPartOf\":{\"@id\":\"https:\/\/demoweb.info\/sexshop001\/#website\"},\"datePublished\":\"2022-01-22T16:13:00+00:00\",\"dateModified\":\"2022-01-22T16:13:15+00:00\",\"breadcrumb\":{\"@id\":\"https:\/\/demoweb.info\/sexshop001\/producto\/e-stimulation-vibrador-g-spot-vibrator-negro\/#breadcrumb\"},\"inLanguage\":\"es\",\"potentialAction\":[{\"@type\":\"ReadAction\",\"target\":[\"https:\/\/demoweb.info\/sexshop001\/producto\/e-stimulation-vibrador-g-spot-vibrator-negro\/\"]}]},{\"@type\":\"BreadcrumbList\",\"@id\":\"https:\/\/demoweb.info\/sexshop001\/producto\/e-stimulation-vibrador-g-spot-vibrator-negro\/#breadcrumb\",\"itemListElement\":[{\"@type\":\"ListItem\",\"position\":1,\"name\":\"Portada\",\"item\":\"https:\/\/demoweb.info\/sexshop001\/\"},{\"@type\":\"ListItem\",\"position\":2,\"name\":\"Tienda\",\"item\":\"https:\/\/demoweb.info\/sexshop001\/tienda\/\"},{\"@type\":\"ListItem\",\"position\":3,\"name\":\"E-STIMULATION VIBRADOR G-SPOT VIBRATOR &#8211; NEGRO\"}]},{\"@type\":\"WebSite\",\"@id\":\"https:\/\/demoweb.info\/sexshop001\/#website\",\"url\":\"https:\/\/demoweb.info\/sexshop001\/\",\"name\":\"Tienda Er\u00f3tica\",\"description\":\"DEMOWEB SL\",\"potentialAction\":[{\"@type\":\"SearchAction\",\"target\":{\"@type\":\"EntryPoint\",\"urlTemplate\":\"https:\/\/demoweb.info\/sexshop001\/?s={search_term_string}\"},\"query-input\":\"required name=search_term_string\"}],\"inLanguage\":\"es\"}]}<\/script>\n<!-- \/ Yoast SEO plugin. -->","yoast_head_json":{"title":"E-STIMULATION VIBRADOR G-SPOT VIBRATOR - NEGRO - Tienda Er\u00f3tica","robots":{"index":"noindex","follow":"follow","max-snippet":"max-snippet:-1","max-image-preview":"max-image-preview:large","max-video-preview":"max-video-preview:-1"},"og_locale":"es_ES","og_type":"article","og_title":"E-STIMULATION VIBRADOR G-SPOT VIBRATOR - NEGRO - Tienda Er\u00f3tica","og_description":"E-STIMULATION G-SPOT VIBRATOR Este vibrador bellamente elaborado viene con 2 puntos de estimulaci\u00f3n por choque el\u00e9ctrico (suave). Hay uno en","og_url":"https:\/\/demoweb.info\/sexshop001\/producto\/e-stimulation-vibrador-g-spot-vibrator-negro\/","og_site_name":"Tienda Er\u00f3tica","article_modified_time":"2022-01-22T16:13:15+00:00","og_image":[{"width":550,"height":550,"url":"https:\/\/demoweb.info\/sexshop001\/wp-content\/uploads\/2022\/01\/E-STIMULATION-VIBRADOR-G-SPOT-VIBRATOR-NEGRO.jpg","type":"image\/jpeg"}],"twitter_card":"summary_large_image","twitter_misc":{"Tiempo de lectura":"1 minuto"},"schema":{"@context":"https:\/\/schema.org","@graph":[{"@type":"WebPage","@id":"https:\/\/demoweb.info\/sexshop001\/producto\/e-stimulation-vibrador-g-spot-vibrator-negro\/","url":"https:\/\/demoweb.info\/sexshop001\/producto\/e-stimulation-vibrador-g-spot-vibrator-negro\/","name":"E-STIMULATION VIBRADOR G-SPOT VIBRATOR - NEGRO - Tienda Er\u00f3tica","isPartOf":{"@id":"https:\/\/demoweb.info\/sexshop001\/#website"},"datePublished":"2022-01-22T16:13:00+00:00","dateModified":"2022-01-22T16:13:15+00:00","breadcrumb":{"@id":"https:\/\/demoweb.info\/sexshop001\/producto\/e-stimulation-vibrador-g-spot-vibrator-negro\/#breadcrumb"},"inLanguage":"es","potentialAction":[{"@type":"ReadAction","target":["https:\/\/demoweb.info\/sexshop001\/producto\/e-stimulation-vibrador-g-spot-vibrator-negro\/"]}]},{"@type":"BreadcrumbList","@id":"https:\/\/demoweb.info\/sexshop001\/producto\/e-stimulation-vibrador-g-spot-vibrator-negro\/#breadcrumb","itemListElement":[{"@type":"ListItem","position":1,"name":"Portada","item":"https:\/\/demoweb.info\/sexshop001\/"},{"@type":"ListItem","position":2,"name":"Tienda","item":"https:\/\/demoweb.info\/sexshop001\/tienda\/"},{"@type":"ListItem","position":3,"name":"E-STIMULATION VIBRADOR G-SPOT VIBRATOR &#8211; NEGRO"}]},{"@type":"WebSite","@id":"https:\/\/demoweb.info\/sexshop001\/#website","url":"https:\/\/demoweb.info\/sexshop001\/","name":"Tienda Er\u00f3tica","description":"DEMOWEB SL","potentialAction":[{"@type":"SearchAction","target":{"@type":"EntryPoint","urlTemplate":"https:\/\/demoweb.info\/sexshop001\/?s={search_term_string}"},"query-input":"required name=search_term_string"}],"inLanguage":"es"}]}},"_links":{"self":[{"href":"https:\/\/demoweb.info\/sexshop001\/wp-json\/wp\/v3\/product\/56355","targetHints":{"allow":["GET"]}}],"collection":[{"href":"https:\/\/demoweb.info\/sexshop001\/wp-json\/wp\/v3\/product"}],"about":[{"href":"https:\/\/demoweb.info\/sexshop001\/wp-json\/wp\/v2\/types\/product"}],"replies":[{"embeddable":true,"href":"https:\/\/demoweb.info\/sexshop001\/wp-json\/wp\/v2\/comments?post=56355"}],"wp:featuredmedia":[{"embeddable":true,"href":"https:\/\/demoweb.info\/sexshop001\/wp-json\/wp\/v2\/media\/56356"}],"wp:attachment":[{"href":"https:\/\/demoweb.info\/sexshop001\/wp-json\/wp\/v2\/media?parent=56355"}],"wp:term":[{"taxonomy":"product_cat","embeddable":true,"href":"https:\/\/demoweb.info\/sexshop001\/wp-json\/wp\/v2\/product_cat?post=56355"},{"taxonomy":"product_tag","embeddable":true,"href":"https:\/\/demoweb.info\/sexshop001\/wp-json\/wp\/v2\/product_tag?post=56355"}],"curies":[{"name":"wp","href":"https:\/\/api.w.org\/{rel}","templated":true}]}}