{"id":56349,"date":"2022-01-22T17:13:00","date_gmt":"2022-01-22T16:13:00","guid":{"rendered":"https:\/\/demoweb.info\/sexshop001\/producto\/macey-huevo-control-remoto-rosa\/"},"modified":"2022-01-22T17:13:11","modified_gmt":"2022-01-22T16:13:11","slug":"macey-huevo-control-remoto-rosa","status":"publish","type":"product","link":"https:\/\/demoweb.info\/sexshop001\/producto\/macey-huevo-control-remoto-rosa\/","title":{"rendered":"MACEY HUEVO CONTROL REMOTO &#8211; ROSA"},"content":{"rendered":"<p><strong>MACEY REMOTE CONTROL VIBRATING EGG<\/strong><\/p>\n<p>Este huevo vibratorio, perfectamente dise\u00f1ado, contiene un poderoso motor de nueva generaci\u00f3n que vibra a 12000 rpm.<\/p>\n<p>El motor tiene 10 diferentes patrones de vibraci\u00f3n \u00fanica de ondas y pulsaciones que pueden ser cambiadas a trav\u00e9s de su elegante control remoto, que funciona hasta a 20 metros de distancia. Tambi\u00e9n posee una capa suave, lisa y sedosa que le da una sensaci\u00f3n \u00fanica. Las bater\u00edas y el control remoto para el huevo est\u00e1n incluidas.<\/p>\n<p>Caracter\u00edsticas:<br \/>\n&#8211; Longitud: 8 cm<br \/>\n&#8211; Di\u00e1metro: 3,40 cm<br \/>\n&#8211; Velocidades: 10<br \/>\n&#8211; Material: ABS<br \/>\n&#8211; Resistente al agua.<br \/>\n&#8211; Sin ftalatos.<br \/>\n&#8211; Nivel sonoro: max 75 dB<br \/>\n&#8211; Pilas: Incl. &#8211; 2x AAA<\/p>\n","protected":false},"excerpt":{"rendered":"<p>MACEY REMOTE CONTROL VIBRATING EGG Este huevo vibratorio, perfectamente dise\u00f1ado, contiene un poderoso motor de nueva generaci\u00f3n que vibra a<\/p>\n","protected":false},"featured_media":56350,"comment_status":"open","ping_status":"open","template":"","meta":[],"product_cat":[322],"product_tag":[302,321],"class_list":["post-56349","product","type-product","status-publish","has-post-thumbnail","hentry","product_cat-con-mando","product_tag-shots","product_tag-simplicity"],"bundled_by":[],"bundle_stock_status":"instock","bundle_stock_quantity":1,"bundle_virtual":false,"bundle_layout":"","bundle_add_to_cart_form_location":"","bundle_editable_in_cart":false,"bundle_sold_individually_context":"","bundle_item_grouping":"","bundle_min_size":"","bundle_max_size":"","bundled_items":[],"yoast_head":"<!-- This site is optimized with the Yoast SEO plugin v20.6 - https:\/\/yoast.com\/wordpress\/plugins\/seo\/ -->\n<title>MACEY HUEVO CONTROL REMOTO - ROSA - Tienda Er\u00f3tica<\/title>\n<meta name=\"robots\" content=\"noindex, follow, max-snippet:-1, max-image-preview:large, max-video-preview:-1\" \/>\n<meta property=\"og:locale\" content=\"es_ES\" \/>\n<meta property=\"og:type\" content=\"article\" \/>\n<meta property=\"og:title\" content=\"MACEY HUEVO CONTROL REMOTO - ROSA - Tienda Er\u00f3tica\" \/>\n<meta property=\"og:description\" content=\"MACEY REMOTE CONTROL VIBRATING EGG Este huevo vibratorio, perfectamente dise\u00f1ado, contiene un poderoso motor de nueva generaci\u00f3n que vibra a\" \/>\n<meta property=\"og:url\" content=\"https:\/\/demoweb.info\/sexshop001\/producto\/macey-huevo-control-remoto-rosa\/\" \/>\n<meta property=\"og:site_name\" content=\"Tienda Er\u00f3tica\" \/>\n<meta property=\"article:modified_time\" content=\"2022-01-22T16:13:11+00:00\" \/>\n<meta property=\"og:image\" content=\"https:\/\/demoweb.info\/sexshop001\/wp-content\/uploads\/2022\/01\/MACEY-HUEVO-CONTROL-REMOTO-ROSA.jpg\" \/>\n\t<meta property=\"og:image:width\" content=\"550\" \/>\n\t<meta property=\"og:image:height\" content=\"550\" \/>\n\t<meta property=\"og:image:type\" content=\"image\/jpeg\" \/>\n<meta name=\"twitter:card\" content=\"summary_large_image\" \/>\n<meta name=\"twitter:label1\" content=\"Tiempo de lectura\" \/>\n\t<meta name=\"twitter:data1\" content=\"1 minuto\" \/>\n<script type=\"application\/ld+json\" class=\"yoast-schema-graph\">{\"@context\":\"https:\/\/schema.org\",\"@graph\":[{\"@type\":\"WebPage\",\"@id\":\"https:\/\/demoweb.info\/sexshop001\/producto\/macey-huevo-control-remoto-rosa\/\",\"url\":\"https:\/\/demoweb.info\/sexshop001\/producto\/macey-huevo-control-remoto-rosa\/\",\"name\":\"MACEY HUEVO CONTROL REMOTO - ROSA - Tienda Er\u00f3tica\",\"isPartOf\":{\"@id\":\"https:\/\/demoweb.info\/sexshop001\/#website\"},\"datePublished\":\"2022-01-22T16:13:00+00:00\",\"dateModified\":\"2022-01-22T16:13:11+00:00\",\"breadcrumb\":{\"@id\":\"https:\/\/demoweb.info\/sexshop001\/producto\/macey-huevo-control-remoto-rosa\/#breadcrumb\"},\"inLanguage\":\"es\",\"potentialAction\":[{\"@type\":\"ReadAction\",\"target\":[\"https:\/\/demoweb.info\/sexshop001\/producto\/macey-huevo-control-remoto-rosa\/\"]}]},{\"@type\":\"BreadcrumbList\",\"@id\":\"https:\/\/demoweb.info\/sexshop001\/producto\/macey-huevo-control-remoto-rosa\/#breadcrumb\",\"itemListElement\":[{\"@type\":\"ListItem\",\"position\":1,\"name\":\"Portada\",\"item\":\"https:\/\/demoweb.info\/sexshop001\/\"},{\"@type\":\"ListItem\",\"position\":2,\"name\":\"Tienda\",\"item\":\"https:\/\/demoweb.info\/sexshop001\/tienda\/\"},{\"@type\":\"ListItem\",\"position\":3,\"name\":\"MACEY HUEVO CONTROL REMOTO &#8211; ROSA\"}]},{\"@type\":\"WebSite\",\"@id\":\"https:\/\/demoweb.info\/sexshop001\/#website\",\"url\":\"https:\/\/demoweb.info\/sexshop001\/\",\"name\":\"Tienda Er\u00f3tica\",\"description\":\"DEMOWEB SL\",\"potentialAction\":[{\"@type\":\"SearchAction\",\"target\":{\"@type\":\"EntryPoint\",\"urlTemplate\":\"https:\/\/demoweb.info\/sexshop001\/?s={search_term_string}\"},\"query-input\":\"required name=search_term_string\"}],\"inLanguage\":\"es\"}]}<\/script>\n<!-- \/ Yoast SEO plugin. -->","yoast_head_json":{"title":"MACEY HUEVO CONTROL REMOTO - ROSA - Tienda Er\u00f3tica","robots":{"index":"noindex","follow":"follow","max-snippet":"max-snippet:-1","max-image-preview":"max-image-preview:large","max-video-preview":"max-video-preview:-1"},"og_locale":"es_ES","og_type":"article","og_title":"MACEY HUEVO CONTROL REMOTO - ROSA - Tienda Er\u00f3tica","og_description":"MACEY REMOTE CONTROL VIBRATING EGG Este huevo vibratorio, perfectamente dise\u00f1ado, contiene un poderoso motor de nueva generaci\u00f3n que vibra a","og_url":"https:\/\/demoweb.info\/sexshop001\/producto\/macey-huevo-control-remoto-rosa\/","og_site_name":"Tienda Er\u00f3tica","article_modified_time":"2022-01-22T16:13:11+00:00","og_image":[{"width":550,"height":550,"url":"https:\/\/demoweb.info\/sexshop001\/wp-content\/uploads\/2022\/01\/MACEY-HUEVO-CONTROL-REMOTO-ROSA.jpg","type":"image\/jpeg"}],"twitter_card":"summary_large_image","twitter_misc":{"Tiempo de lectura":"1 minuto"},"schema":{"@context":"https:\/\/schema.org","@graph":[{"@type":"WebPage","@id":"https:\/\/demoweb.info\/sexshop001\/producto\/macey-huevo-control-remoto-rosa\/","url":"https:\/\/demoweb.info\/sexshop001\/producto\/macey-huevo-control-remoto-rosa\/","name":"MACEY HUEVO CONTROL REMOTO - ROSA - Tienda Er\u00f3tica","isPartOf":{"@id":"https:\/\/demoweb.info\/sexshop001\/#website"},"datePublished":"2022-01-22T16:13:00+00:00","dateModified":"2022-01-22T16:13:11+00:00","breadcrumb":{"@id":"https:\/\/demoweb.info\/sexshop001\/producto\/macey-huevo-control-remoto-rosa\/#breadcrumb"},"inLanguage":"es","potentialAction":[{"@type":"ReadAction","target":["https:\/\/demoweb.info\/sexshop001\/producto\/macey-huevo-control-remoto-rosa\/"]}]},{"@type":"BreadcrumbList","@id":"https:\/\/demoweb.info\/sexshop001\/producto\/macey-huevo-control-remoto-rosa\/#breadcrumb","itemListElement":[{"@type":"ListItem","position":1,"name":"Portada","item":"https:\/\/demoweb.info\/sexshop001\/"},{"@type":"ListItem","position":2,"name":"Tienda","item":"https:\/\/demoweb.info\/sexshop001\/tienda\/"},{"@type":"ListItem","position":3,"name":"MACEY HUEVO CONTROL REMOTO &#8211; ROSA"}]},{"@type":"WebSite","@id":"https:\/\/demoweb.info\/sexshop001\/#website","url":"https:\/\/demoweb.info\/sexshop001\/","name":"Tienda Er\u00f3tica","description":"DEMOWEB SL","potentialAction":[{"@type":"SearchAction","target":{"@type":"EntryPoint","urlTemplate":"https:\/\/demoweb.info\/sexshop001\/?s={search_term_string}"},"query-input":"required name=search_term_string"}],"inLanguage":"es"}]}},"_links":{"self":[{"href":"https:\/\/demoweb.info\/sexshop001\/wp-json\/wp\/v3\/product\/56349","targetHints":{"allow":["GET"]}}],"collection":[{"href":"https:\/\/demoweb.info\/sexshop001\/wp-json\/wp\/v3\/product"}],"about":[{"href":"https:\/\/demoweb.info\/sexshop001\/wp-json\/wp\/v2\/types\/product"}],"replies":[{"embeddable":true,"href":"https:\/\/demoweb.info\/sexshop001\/wp-json\/wp\/v2\/comments?post=56349"}],"wp:featuredmedia":[{"embeddable":true,"href":"https:\/\/demoweb.info\/sexshop001\/wp-json\/wp\/v2\/media\/56350"}],"wp:attachment":[{"href":"https:\/\/demoweb.info\/sexshop001\/wp-json\/wp\/v2\/media?parent=56349"}],"wp:term":[{"taxonomy":"product_cat","embeddable":true,"href":"https:\/\/demoweb.info\/sexshop001\/wp-json\/wp\/v2\/product_cat?post=56349"},{"taxonomy":"product_tag","embeddable":true,"href":"https:\/\/demoweb.info\/sexshop001\/wp-json\/wp\/v2\/product_tag?post=56349"}],"curies":[{"name":"wp","href":"https:\/\/api.w.org\/{rel}","templated":true}]}}