{"id":56303,"date":"2022-01-22T17:12:23","date_gmt":"2022-01-22T16:12:23","guid":{"rendered":"https:\/\/demoweb.info\/sexshop001\/producto\/orange-is-the-new-black-latigo-de-cuero\/"},"modified":"2022-01-22T17:12:39","modified_gmt":"2022-01-22T16:12:39","slug":"orange-is-the-new-black-latigo-de-cuero","status":"publish","type":"product","link":"https:\/\/demoweb.info\/sexshop001\/producto\/orange-is-the-new-black-latigo-de-cuero\/","title":{"rendered":"ORANGE IS THE NEW BLACK L\u00c1TIGO DE CUERO"},"content":{"rendered":"<p><strong>ORANGE IS THE NEW BLACK, WHIP IT<\/strong><\/p>\n<p>L\u00e1tigo de bondage con hebras de cuero y mango fuerte y resistente.<\/p>\n<p>Los atractivos adornos cosidos en naranja a\u00f1aden un toque de moda e intriga.<\/p>\n","protected":false},"excerpt":{"rendered":"<p>ORANGE IS THE NEW BLACK, WHIP IT L\u00e1tigo de bondage con hebras de cuero y mango fuerte y resistente. Los<\/p>\n","protected":false},"featured_media":56304,"comment_status":"open","ping_status":"open","template":"","meta":[],"product_cat":[336],"product_tag":[854,1566],"class_list":["post-56303","product","type-product","status-publish","has-post-thumbnail","hentry","product_cat-latigos","product_tag-icon-brands","product_tag-orange-is-the-new-black"],"bundled_by":[],"bundle_stock_status":"instock","bundle_stock_quantity":2,"bundle_virtual":false,"bundle_layout":"","bundle_add_to_cart_form_location":"","bundle_editable_in_cart":false,"bundle_sold_individually_context":"","bundle_item_grouping":"","bundle_min_size":"","bundle_max_size":"","bundled_items":[],"yoast_head":"<!-- This site is optimized with the Yoast SEO plugin v20.6 - https:\/\/yoast.com\/wordpress\/plugins\/seo\/ -->\n<title>ORANGE IS THE NEW BLACK L\u00c1TIGO DE CUERO - Tienda Er\u00f3tica<\/title>\n<meta name=\"robots\" content=\"noindex, follow, max-snippet:-1, max-image-preview:large, max-video-preview:-1\" \/>\n<meta property=\"og:locale\" content=\"es_ES\" \/>\n<meta property=\"og:type\" content=\"article\" \/>\n<meta property=\"og:title\" content=\"ORANGE IS THE NEW BLACK L\u00c1TIGO DE CUERO - Tienda Er\u00f3tica\" \/>\n<meta property=\"og:description\" content=\"ORANGE IS THE NEW BLACK, WHIP IT L\u00e1tigo de bondage con hebras de cuero y mango fuerte y resistente. Los\" \/>\n<meta property=\"og:url\" content=\"https:\/\/demoweb.info\/sexshop001\/producto\/orange-is-the-new-black-latigo-de-cuero\/\" \/>\n<meta property=\"og:site_name\" content=\"Tienda Er\u00f3tica\" \/>\n<meta property=\"article:modified_time\" content=\"2022-01-22T16:12:39+00:00\" \/>\n<meta property=\"og:image\" content=\"https:\/\/demoweb.info\/sexshop001\/wp-content\/uploads\/2022\/01\/ORANGE-IS-THE-NEW-BLACK-LATIGO-DE-CUERO.jpg\" \/>\n\t<meta property=\"og:image:width\" content=\"550\" \/>\n\t<meta property=\"og:image:height\" content=\"550\" \/>\n\t<meta property=\"og:image:type\" content=\"image\/jpeg\" \/>\n<meta name=\"twitter:card\" content=\"summary_large_image\" \/>\n<script type=\"application\/ld+json\" class=\"yoast-schema-graph\">{\"@context\":\"https:\/\/schema.org\",\"@graph\":[{\"@type\":\"WebPage\",\"@id\":\"https:\/\/demoweb.info\/sexshop001\/producto\/orange-is-the-new-black-latigo-de-cuero\/\",\"url\":\"https:\/\/demoweb.info\/sexshop001\/producto\/orange-is-the-new-black-latigo-de-cuero\/\",\"name\":\"ORANGE IS THE NEW BLACK L\u00c1TIGO DE CUERO - Tienda Er\u00f3tica\",\"isPartOf\":{\"@id\":\"https:\/\/demoweb.info\/sexshop001\/#website\"},\"datePublished\":\"2022-01-22T16:12:23+00:00\",\"dateModified\":\"2022-01-22T16:12:39+00:00\",\"breadcrumb\":{\"@id\":\"https:\/\/demoweb.info\/sexshop001\/producto\/orange-is-the-new-black-latigo-de-cuero\/#breadcrumb\"},\"inLanguage\":\"es\",\"potentialAction\":[{\"@type\":\"ReadAction\",\"target\":[\"https:\/\/demoweb.info\/sexshop001\/producto\/orange-is-the-new-black-latigo-de-cuero\/\"]}]},{\"@type\":\"BreadcrumbList\",\"@id\":\"https:\/\/demoweb.info\/sexshop001\/producto\/orange-is-the-new-black-latigo-de-cuero\/#breadcrumb\",\"itemListElement\":[{\"@type\":\"ListItem\",\"position\":1,\"name\":\"Portada\",\"item\":\"https:\/\/demoweb.info\/sexshop001\/\"},{\"@type\":\"ListItem\",\"position\":2,\"name\":\"Tienda\",\"item\":\"https:\/\/demoweb.info\/sexshop001\/tienda\/\"},{\"@type\":\"ListItem\",\"position\":3,\"name\":\"ORANGE IS THE NEW BLACK L\u00c1TIGO DE CUERO\"}]},{\"@type\":\"WebSite\",\"@id\":\"https:\/\/demoweb.info\/sexshop001\/#website\",\"url\":\"https:\/\/demoweb.info\/sexshop001\/\",\"name\":\"Tienda Er\u00f3tica\",\"description\":\"DEMOWEB SL\",\"potentialAction\":[{\"@type\":\"SearchAction\",\"target\":{\"@type\":\"EntryPoint\",\"urlTemplate\":\"https:\/\/demoweb.info\/sexshop001\/?s={search_term_string}\"},\"query-input\":\"required name=search_term_string\"}],\"inLanguage\":\"es\"}]}<\/script>\n<!-- \/ Yoast SEO plugin. -->","yoast_head_json":{"title":"ORANGE IS THE NEW BLACK L\u00c1TIGO DE CUERO - Tienda Er\u00f3tica","robots":{"index":"noindex","follow":"follow","max-snippet":"max-snippet:-1","max-image-preview":"max-image-preview:large","max-video-preview":"max-video-preview:-1"},"og_locale":"es_ES","og_type":"article","og_title":"ORANGE IS THE NEW BLACK L\u00c1TIGO DE CUERO - Tienda Er\u00f3tica","og_description":"ORANGE IS THE NEW BLACK, WHIP IT L\u00e1tigo de bondage con hebras de cuero y mango fuerte y resistente. Los","og_url":"https:\/\/demoweb.info\/sexshop001\/producto\/orange-is-the-new-black-latigo-de-cuero\/","og_site_name":"Tienda Er\u00f3tica","article_modified_time":"2022-01-22T16:12:39+00:00","og_image":[{"width":550,"height":550,"url":"https:\/\/demoweb.info\/sexshop001\/wp-content\/uploads\/2022\/01\/ORANGE-IS-THE-NEW-BLACK-LATIGO-DE-CUERO.jpg","type":"image\/jpeg"}],"twitter_card":"summary_large_image","schema":{"@context":"https:\/\/schema.org","@graph":[{"@type":"WebPage","@id":"https:\/\/demoweb.info\/sexshop001\/producto\/orange-is-the-new-black-latigo-de-cuero\/","url":"https:\/\/demoweb.info\/sexshop001\/producto\/orange-is-the-new-black-latigo-de-cuero\/","name":"ORANGE IS THE NEW BLACK L\u00c1TIGO DE CUERO - Tienda Er\u00f3tica","isPartOf":{"@id":"https:\/\/demoweb.info\/sexshop001\/#website"},"datePublished":"2022-01-22T16:12:23+00:00","dateModified":"2022-01-22T16:12:39+00:00","breadcrumb":{"@id":"https:\/\/demoweb.info\/sexshop001\/producto\/orange-is-the-new-black-latigo-de-cuero\/#breadcrumb"},"inLanguage":"es","potentialAction":[{"@type":"ReadAction","target":["https:\/\/demoweb.info\/sexshop001\/producto\/orange-is-the-new-black-latigo-de-cuero\/"]}]},{"@type":"BreadcrumbList","@id":"https:\/\/demoweb.info\/sexshop001\/producto\/orange-is-the-new-black-latigo-de-cuero\/#breadcrumb","itemListElement":[{"@type":"ListItem","position":1,"name":"Portada","item":"https:\/\/demoweb.info\/sexshop001\/"},{"@type":"ListItem","position":2,"name":"Tienda","item":"https:\/\/demoweb.info\/sexshop001\/tienda\/"},{"@type":"ListItem","position":3,"name":"ORANGE IS THE NEW BLACK L\u00c1TIGO DE CUERO"}]},{"@type":"WebSite","@id":"https:\/\/demoweb.info\/sexshop001\/#website","url":"https:\/\/demoweb.info\/sexshop001\/","name":"Tienda Er\u00f3tica","description":"DEMOWEB SL","potentialAction":[{"@type":"SearchAction","target":{"@type":"EntryPoint","urlTemplate":"https:\/\/demoweb.info\/sexshop001\/?s={search_term_string}"},"query-input":"required name=search_term_string"}],"inLanguage":"es"}]}},"_links":{"self":[{"href":"https:\/\/demoweb.info\/sexshop001\/wp-json\/wp\/v3\/product\/56303","targetHints":{"allow":["GET"]}}],"collection":[{"href":"https:\/\/demoweb.info\/sexshop001\/wp-json\/wp\/v3\/product"}],"about":[{"href":"https:\/\/demoweb.info\/sexshop001\/wp-json\/wp\/v2\/types\/product"}],"replies":[{"embeddable":true,"href":"https:\/\/demoweb.info\/sexshop001\/wp-json\/wp\/v2\/comments?post=56303"}],"wp:featuredmedia":[{"embeddable":true,"href":"https:\/\/demoweb.info\/sexshop001\/wp-json\/wp\/v2\/media\/56304"}],"wp:attachment":[{"href":"https:\/\/demoweb.info\/sexshop001\/wp-json\/wp\/v2\/media?parent=56303"}],"wp:term":[{"taxonomy":"product_cat","embeddable":true,"href":"https:\/\/demoweb.info\/sexshop001\/wp-json\/wp\/v2\/product_cat?post=56303"},{"taxonomy":"product_tag","embeddable":true,"href":"https:\/\/demoweb.info\/sexshop001\/wp-json\/wp\/v2\/product_tag?post=56303"}],"curies":[{"name":"wp","href":"https:\/\/api.w.org\/{rel}","templated":true}]}}