{"id":56274,"date":"2022-01-22T17:12:10","date_gmt":"2022-01-22T16:12:10","guid":{"rendered":"https:\/\/demoweb.info\/sexshop001\/producto\/sextenders-funda-con-vibracion-ribbed\/"},"modified":"2022-01-22T17:12:18","modified_gmt":"2022-01-22T16:12:18","slug":"sextenders-funda-con-vibracion-ribbed","status":"publish","type":"product","link":"https:\/\/demoweb.info\/sexshop001\/producto\/sextenders-funda-con-vibracion-ribbed\/","title":{"rendered":"SEXTENDERS FUNDA CON VIBRACI\u00d3N &#8211; RIBBED"},"content":{"rendered":"<p><strong>VIBRATING SEXTENDERS &#8211; RIBBED<\/strong><\/p>\n<p>Ahora vibrantes y transparentes, estos extensores fr\u00edos vienen en tres dise\u00f1os \u00fanicos, cada uno con una generosa longitud de 12,7 cm.<\/p>\n<p>El modelo <em><strong>ribbed <\/strong><\/em>agrega tama\u00f1o y ondas de placer a la experiencia sexual.<\/p>\n<p>Caracter\u00edsticas:<br \/>\n&#8211; Materiales: TPE, Pl\u00e1stico ABS<br \/>\n&#8211; Impermeable: s\u00ed<br \/>\n&#8211; Longitud: 12,7 cm<br \/>\n&#8211; Ancho: 4,45 cm<br \/>\n&#8211; Altura: 4,45 cm<br \/>\n&#8211; Peso del art\u00edculo: 34 Gr<br \/>\n&#8211; Circunferencia del art\u00edculo: 11,43 cm<br \/>\n&#8211; Longitud insertable: 12,07 cm<br \/>\n&#8211; Pilas requeridas: S\u00ed<br \/>\n&#8211; Bater\u00edas incluidas: S\u00ed 2x<\/p>\n","protected":false},"excerpt":{"rendered":"<p>VIBRATING SEXTENDERS &#8211; RIBBED Ahora vibrantes y transparentes, estos extensores fr\u00edos vienen en tres dise\u00f1os \u00fanicos, cada uno con una<\/p>\n","protected":false},"featured_media":56275,"comment_status":"open","ping_status":"open","template":"","meta":[],"product_cat":[544],"product_tag":[854],"class_list":["post-56274","product","type-product","status-publish","has-post-thumbnail","hentry","product_cat-con-vibrador-fundas","product_tag-icon-brands"],"bundled_by":[],"bundle_stock_status":"outofstock","bundle_stock_quantity":0,"bundle_virtual":false,"bundle_layout":"","bundle_add_to_cart_form_location":"","bundle_editable_in_cart":false,"bundle_sold_individually_context":"","bundle_item_grouping":"","bundle_min_size":"","bundle_max_size":"","bundled_items":[],"yoast_head":"<!-- This site is optimized with the Yoast SEO plugin v20.6 - https:\/\/yoast.com\/wordpress\/plugins\/seo\/ -->\n<title>SEXTENDERS FUNDA CON VIBRACI\u00d3N - RIBBED - Tienda Er\u00f3tica<\/title>\n<meta name=\"robots\" content=\"noindex, follow, max-snippet:-1, max-image-preview:large, max-video-preview:-1\" \/>\n<meta property=\"og:locale\" content=\"es_ES\" \/>\n<meta property=\"og:type\" content=\"article\" \/>\n<meta property=\"og:title\" content=\"SEXTENDERS FUNDA CON VIBRACI\u00d3N - RIBBED - Tienda Er\u00f3tica\" \/>\n<meta property=\"og:description\" content=\"VIBRATING SEXTENDERS &#8211; RIBBED Ahora vibrantes y transparentes, estos extensores fr\u00edos vienen en tres dise\u00f1os \u00fanicos, cada uno con una\" \/>\n<meta property=\"og:url\" content=\"https:\/\/demoweb.info\/sexshop001\/producto\/sextenders-funda-con-vibracion-ribbed\/\" \/>\n<meta property=\"og:site_name\" content=\"Tienda Er\u00f3tica\" \/>\n<meta property=\"article:modified_time\" content=\"2022-01-22T16:12:18+00:00\" \/>\n<meta property=\"og:image\" content=\"https:\/\/demoweb.info\/sexshop001\/wp-content\/uploads\/2022\/01\/SEXTENDERS-FUNDA-CON-VIBRACION-RIBBED.jpg\" \/>\n\t<meta property=\"og:image:width\" content=\"550\" \/>\n\t<meta property=\"og:image:height\" content=\"550\" \/>\n\t<meta property=\"og:image:type\" content=\"image\/jpeg\" \/>\n<meta name=\"twitter:card\" content=\"summary_large_image\" \/>\n<script type=\"application\/ld+json\" class=\"yoast-schema-graph\">{\"@context\":\"https:\/\/schema.org\",\"@graph\":[{\"@type\":\"WebPage\",\"@id\":\"https:\/\/demoweb.info\/sexshop001\/producto\/sextenders-funda-con-vibracion-ribbed\/\",\"url\":\"https:\/\/demoweb.info\/sexshop001\/producto\/sextenders-funda-con-vibracion-ribbed\/\",\"name\":\"SEXTENDERS FUNDA CON VIBRACI\u00d3N - RIBBED - Tienda Er\u00f3tica\",\"isPartOf\":{\"@id\":\"https:\/\/demoweb.info\/sexshop001\/#website\"},\"datePublished\":\"2022-01-22T16:12:10+00:00\",\"dateModified\":\"2022-01-22T16:12:18+00:00\",\"breadcrumb\":{\"@id\":\"https:\/\/demoweb.info\/sexshop001\/producto\/sextenders-funda-con-vibracion-ribbed\/#breadcrumb\"},\"inLanguage\":\"es\",\"potentialAction\":[{\"@type\":\"ReadAction\",\"target\":[\"https:\/\/demoweb.info\/sexshop001\/producto\/sextenders-funda-con-vibracion-ribbed\/\"]}]},{\"@type\":\"BreadcrumbList\",\"@id\":\"https:\/\/demoweb.info\/sexshop001\/producto\/sextenders-funda-con-vibracion-ribbed\/#breadcrumb\",\"itemListElement\":[{\"@type\":\"ListItem\",\"position\":1,\"name\":\"Portada\",\"item\":\"https:\/\/demoweb.info\/sexshop001\/\"},{\"@type\":\"ListItem\",\"position\":2,\"name\":\"Tienda\",\"item\":\"https:\/\/demoweb.info\/sexshop001\/tienda\/\"},{\"@type\":\"ListItem\",\"position\":3,\"name\":\"SEXTENDERS FUNDA CON VIBRACI\u00d3N &#8211; RIBBED\"}]},{\"@type\":\"WebSite\",\"@id\":\"https:\/\/demoweb.info\/sexshop001\/#website\",\"url\":\"https:\/\/demoweb.info\/sexshop001\/\",\"name\":\"Tienda Er\u00f3tica\",\"description\":\"DEMOWEB SL\",\"potentialAction\":[{\"@type\":\"SearchAction\",\"target\":{\"@type\":\"EntryPoint\",\"urlTemplate\":\"https:\/\/demoweb.info\/sexshop001\/?s={search_term_string}\"},\"query-input\":\"required name=search_term_string\"}],\"inLanguage\":\"es\"}]}<\/script>\n<!-- \/ Yoast SEO plugin. -->","yoast_head_json":{"title":"SEXTENDERS FUNDA CON VIBRACI\u00d3N - RIBBED - Tienda Er\u00f3tica","robots":{"index":"noindex","follow":"follow","max-snippet":"max-snippet:-1","max-image-preview":"max-image-preview:large","max-video-preview":"max-video-preview:-1"},"og_locale":"es_ES","og_type":"article","og_title":"SEXTENDERS FUNDA CON VIBRACI\u00d3N - RIBBED - Tienda Er\u00f3tica","og_description":"VIBRATING SEXTENDERS &#8211; RIBBED Ahora vibrantes y transparentes, estos extensores fr\u00edos vienen en tres dise\u00f1os \u00fanicos, cada uno con una","og_url":"https:\/\/demoweb.info\/sexshop001\/producto\/sextenders-funda-con-vibracion-ribbed\/","og_site_name":"Tienda Er\u00f3tica","article_modified_time":"2022-01-22T16:12:18+00:00","og_image":[{"width":550,"height":550,"url":"https:\/\/demoweb.info\/sexshop001\/wp-content\/uploads\/2022\/01\/SEXTENDERS-FUNDA-CON-VIBRACION-RIBBED.jpg","type":"image\/jpeg"}],"twitter_card":"summary_large_image","schema":{"@context":"https:\/\/schema.org","@graph":[{"@type":"WebPage","@id":"https:\/\/demoweb.info\/sexshop001\/producto\/sextenders-funda-con-vibracion-ribbed\/","url":"https:\/\/demoweb.info\/sexshop001\/producto\/sextenders-funda-con-vibracion-ribbed\/","name":"SEXTENDERS FUNDA CON VIBRACI\u00d3N - RIBBED - Tienda Er\u00f3tica","isPartOf":{"@id":"https:\/\/demoweb.info\/sexshop001\/#website"},"datePublished":"2022-01-22T16:12:10+00:00","dateModified":"2022-01-22T16:12:18+00:00","breadcrumb":{"@id":"https:\/\/demoweb.info\/sexshop001\/producto\/sextenders-funda-con-vibracion-ribbed\/#breadcrumb"},"inLanguage":"es","potentialAction":[{"@type":"ReadAction","target":["https:\/\/demoweb.info\/sexshop001\/producto\/sextenders-funda-con-vibracion-ribbed\/"]}]},{"@type":"BreadcrumbList","@id":"https:\/\/demoweb.info\/sexshop001\/producto\/sextenders-funda-con-vibracion-ribbed\/#breadcrumb","itemListElement":[{"@type":"ListItem","position":1,"name":"Portada","item":"https:\/\/demoweb.info\/sexshop001\/"},{"@type":"ListItem","position":2,"name":"Tienda","item":"https:\/\/demoweb.info\/sexshop001\/tienda\/"},{"@type":"ListItem","position":3,"name":"SEXTENDERS FUNDA CON VIBRACI\u00d3N &#8211; RIBBED"}]},{"@type":"WebSite","@id":"https:\/\/demoweb.info\/sexshop001\/#website","url":"https:\/\/demoweb.info\/sexshop001\/","name":"Tienda Er\u00f3tica","description":"DEMOWEB SL","potentialAction":[{"@type":"SearchAction","target":{"@type":"EntryPoint","urlTemplate":"https:\/\/demoweb.info\/sexshop001\/?s={search_term_string}"},"query-input":"required name=search_term_string"}],"inLanguage":"es"}]}},"_links":{"self":[{"href":"https:\/\/demoweb.info\/sexshop001\/wp-json\/wp\/v3\/product\/56274","targetHints":{"allow":["GET"]}}],"collection":[{"href":"https:\/\/demoweb.info\/sexshop001\/wp-json\/wp\/v3\/product"}],"about":[{"href":"https:\/\/demoweb.info\/sexshop001\/wp-json\/wp\/v2\/types\/product"}],"replies":[{"embeddable":true,"href":"https:\/\/demoweb.info\/sexshop001\/wp-json\/wp\/v2\/comments?post=56274"}],"wp:featuredmedia":[{"embeddable":true,"href":"https:\/\/demoweb.info\/sexshop001\/wp-json\/wp\/v2\/media\/56275"}],"wp:attachment":[{"href":"https:\/\/demoweb.info\/sexshop001\/wp-json\/wp\/v2\/media?parent=56274"}],"wp:term":[{"taxonomy":"product_cat","embeddable":true,"href":"https:\/\/demoweb.info\/sexshop001\/wp-json\/wp\/v2\/product_cat?post=56274"},{"taxonomy":"product_tag","embeddable":true,"href":"https:\/\/demoweb.info\/sexshop001\/wp-json\/wp\/v2\/product_tag?post=56274"}],"curies":[{"name":"wp","href":"https:\/\/api.w.org\/{rel}","templated":true}]}}