{"id":56261,"date":"2022-01-22T17:12:10","date_gmt":"2022-01-22T16:12:10","guid":{"rendered":"https:\/\/demoweb.info\/sexshop001\/producto\/lip-gloss-vibrant-kiss-palomitas-dulces\/"},"modified":"2022-01-22T17:12:11","modified_gmt":"2022-01-22T16:12:11","slug":"lip-gloss-vibrant-kiss-palomitas-dulces","status":"publish","type":"product","link":"https:\/\/demoweb.info\/sexshop001\/producto\/lip-gloss-vibrant-kiss-palomitas-dulces\/","title":{"rendered":"LIP GLOSS VIBRANT KISS &#8211; PALOMITAS DULCES"},"content":{"rendered":"<p><strong>LIP GLOSS VIBRANT KISS &#8211; SWEET POPCORN<\/strong><\/p>\n<p>Disfruta de este lip gloss con el que podr\u00e1s experimentar sensaciones inimaginables de placer aplicando en tus labios una peque\u00f1a dosis de este gloss y viceversa. Lo que hace que este gloss sea tan atractivo es que contiene ondas de vibraci\u00f3n que sentir\u00e1s unos segundos despu\u00e9s de aplicarlo en los labios y que la otra persona tambi\u00e9n sentir\u00e1 en la zona \u00edntima al realizarle el sexo oral. Una sensaci\u00f3n de explosi\u00f3n para ambos a la que no podr\u00e9is resistiros.<\/p>\n<p>Sus ondas de vibraci\u00f3n producen un placentero cosquilleo que contribuye a la estimulaci\u00f3n de los sentidos y aumenta la sensibilidad, incrementando el placer.<\/p>\n<p>\u00bfAlguna vez pensaste que llegar\u00eda a tu vida un gloss como este que har\u00eda que te guste a\u00fan m\u00e1s el sexo oral?<\/p>\n<p>Adem\u00e1s puedes elegir entre 6 deliciosos sabores que son 100% comestibles, por lo que podr\u00e1s degustar el sabor que m\u00e1s te guste mientras te derrites de placer en unos preliminares que os conducir\u00e1n a un orgasmo inolvidable.<\/p>\n<p>Adem\u00e1s no tan solo ten\u00e9is que utilizarlo para sexo oral, sino tambi\u00e9n para besos de lo m\u00e1s vibrantes.<\/p>\n<p>Caracter\u00edsticas:<\/p>\n<ul>\n<li>Envase: 6 gr<\/li>\n<li>Base glicerina<\/li>\n<li>Compatible con preservativos y juguetes<\/li>\n<li>100 % comestible<\/li>\n<li>Agitar antes de usar<\/li>\n<li>Fabricado en Espa\u00f1a<\/li>\n<\/ul>\n","protected":false},"excerpt":{"rendered":"<p>LIP GLOSS VIBRANT KISS &#8211; SWEET POPCORN Disfruta de este lip gloss con el que podr\u00e1s experimentar sensaciones inimaginables de<\/p>\n","protected":false},"featured_media":56262,"comment_status":"open","ping_status":"open","template":"","meta":[],"product_cat":[531],"product_tag":[674,564],"class_list":["post-56261","product","type-product","status-publish","has-post-thumbnail","hentry","product_cat-sexo-oral","product_tag-secret-moments","product_tag-secret-play"],"bundled_by":[],"bundle_stock_status":"instock","bundle_stock_quantity":22,"bundle_virtual":false,"bundle_layout":"","bundle_add_to_cart_form_location":"","bundle_editable_in_cart":false,"bundle_sold_individually_context":"","bundle_item_grouping":"","bundle_min_size":"","bundle_max_size":"","bundled_items":[],"yoast_head":"<!-- This site is optimized with the Yoast SEO plugin v20.6 - https:\/\/yoast.com\/wordpress\/plugins\/seo\/ -->\n<title>LIP GLOSS VIBRANT KISS - PALOMITAS DULCES - Tienda Er\u00f3tica<\/title>\n<meta name=\"robots\" content=\"noindex, follow, max-snippet:-1, max-image-preview:large, max-video-preview:-1\" \/>\n<meta property=\"og:locale\" content=\"es_ES\" \/>\n<meta property=\"og:type\" content=\"article\" \/>\n<meta property=\"og:title\" content=\"LIP GLOSS VIBRANT KISS - PALOMITAS DULCES - Tienda Er\u00f3tica\" \/>\n<meta property=\"og:description\" content=\"LIP GLOSS VIBRANT KISS &#8211; SWEET POPCORN Disfruta de este lip gloss con el que podr\u00e1s experimentar sensaciones inimaginables de\" \/>\n<meta property=\"og:url\" content=\"https:\/\/demoweb.info\/sexshop001\/producto\/lip-gloss-vibrant-kiss-palomitas-dulces\/\" \/>\n<meta property=\"og:site_name\" content=\"Tienda Er\u00f3tica\" \/>\n<meta property=\"article:modified_time\" content=\"2022-01-22T16:12:11+00:00\" \/>\n<meta property=\"og:image\" content=\"https:\/\/demoweb.info\/sexshop001\/wp-content\/uploads\/2022\/01\/LIP-GLOSS-VIBRANT-KISS-PALOMITAS-DULCES.jpg\" \/>\n\t<meta property=\"og:image:width\" content=\"550\" \/>\n\t<meta property=\"og:image:height\" content=\"550\" \/>\n\t<meta property=\"og:image:type\" content=\"image\/jpeg\" \/>\n<meta name=\"twitter:card\" content=\"summary_large_image\" \/>\n<meta name=\"twitter:label1\" content=\"Tiempo de lectura\" \/>\n\t<meta name=\"twitter:data1\" content=\"1 minuto\" \/>\n<script type=\"application\/ld+json\" class=\"yoast-schema-graph\">{\"@context\":\"https:\/\/schema.org\",\"@graph\":[{\"@type\":\"WebPage\",\"@id\":\"https:\/\/demoweb.info\/sexshop001\/producto\/lip-gloss-vibrant-kiss-palomitas-dulces\/\",\"url\":\"https:\/\/demoweb.info\/sexshop001\/producto\/lip-gloss-vibrant-kiss-palomitas-dulces\/\",\"name\":\"LIP GLOSS VIBRANT KISS - PALOMITAS DULCES - Tienda Er\u00f3tica\",\"isPartOf\":{\"@id\":\"https:\/\/demoweb.info\/sexshop001\/#website\"},\"datePublished\":\"2022-01-22T16:12:10+00:00\",\"dateModified\":\"2022-01-22T16:12:11+00:00\",\"breadcrumb\":{\"@id\":\"https:\/\/demoweb.info\/sexshop001\/producto\/lip-gloss-vibrant-kiss-palomitas-dulces\/#breadcrumb\"},\"inLanguage\":\"es\",\"potentialAction\":[{\"@type\":\"ReadAction\",\"target\":[\"https:\/\/demoweb.info\/sexshop001\/producto\/lip-gloss-vibrant-kiss-palomitas-dulces\/\"]}]},{\"@type\":\"BreadcrumbList\",\"@id\":\"https:\/\/demoweb.info\/sexshop001\/producto\/lip-gloss-vibrant-kiss-palomitas-dulces\/#breadcrumb\",\"itemListElement\":[{\"@type\":\"ListItem\",\"position\":1,\"name\":\"Portada\",\"item\":\"https:\/\/demoweb.info\/sexshop001\/\"},{\"@type\":\"ListItem\",\"position\":2,\"name\":\"Tienda\",\"item\":\"https:\/\/demoweb.info\/sexshop001\/tienda\/\"},{\"@type\":\"ListItem\",\"position\":3,\"name\":\"LIP GLOSS VIBRANT KISS &#8211; PALOMITAS DULCES\"}]},{\"@type\":\"WebSite\",\"@id\":\"https:\/\/demoweb.info\/sexshop001\/#website\",\"url\":\"https:\/\/demoweb.info\/sexshop001\/\",\"name\":\"Tienda Er\u00f3tica\",\"description\":\"DEMOWEB SL\",\"potentialAction\":[{\"@type\":\"SearchAction\",\"target\":{\"@type\":\"EntryPoint\",\"urlTemplate\":\"https:\/\/demoweb.info\/sexshop001\/?s={search_term_string}\"},\"query-input\":\"required name=search_term_string\"}],\"inLanguage\":\"es\"}]}<\/script>\n<!-- \/ Yoast SEO plugin. -->","yoast_head_json":{"title":"LIP GLOSS VIBRANT KISS - PALOMITAS DULCES - Tienda Er\u00f3tica","robots":{"index":"noindex","follow":"follow","max-snippet":"max-snippet:-1","max-image-preview":"max-image-preview:large","max-video-preview":"max-video-preview:-1"},"og_locale":"es_ES","og_type":"article","og_title":"LIP GLOSS VIBRANT KISS - PALOMITAS DULCES - Tienda Er\u00f3tica","og_description":"LIP GLOSS VIBRANT KISS &#8211; SWEET POPCORN Disfruta de este lip gloss con el que podr\u00e1s experimentar sensaciones inimaginables de","og_url":"https:\/\/demoweb.info\/sexshop001\/producto\/lip-gloss-vibrant-kiss-palomitas-dulces\/","og_site_name":"Tienda Er\u00f3tica","article_modified_time":"2022-01-22T16:12:11+00:00","og_image":[{"width":550,"height":550,"url":"https:\/\/demoweb.info\/sexshop001\/wp-content\/uploads\/2022\/01\/LIP-GLOSS-VIBRANT-KISS-PALOMITAS-DULCES.jpg","type":"image\/jpeg"}],"twitter_card":"summary_large_image","twitter_misc":{"Tiempo de lectura":"1 minuto"},"schema":{"@context":"https:\/\/schema.org","@graph":[{"@type":"WebPage","@id":"https:\/\/demoweb.info\/sexshop001\/producto\/lip-gloss-vibrant-kiss-palomitas-dulces\/","url":"https:\/\/demoweb.info\/sexshop001\/producto\/lip-gloss-vibrant-kiss-palomitas-dulces\/","name":"LIP GLOSS VIBRANT KISS - PALOMITAS DULCES - Tienda Er\u00f3tica","isPartOf":{"@id":"https:\/\/demoweb.info\/sexshop001\/#website"},"datePublished":"2022-01-22T16:12:10+00:00","dateModified":"2022-01-22T16:12:11+00:00","breadcrumb":{"@id":"https:\/\/demoweb.info\/sexshop001\/producto\/lip-gloss-vibrant-kiss-palomitas-dulces\/#breadcrumb"},"inLanguage":"es","potentialAction":[{"@type":"ReadAction","target":["https:\/\/demoweb.info\/sexshop001\/producto\/lip-gloss-vibrant-kiss-palomitas-dulces\/"]}]},{"@type":"BreadcrumbList","@id":"https:\/\/demoweb.info\/sexshop001\/producto\/lip-gloss-vibrant-kiss-palomitas-dulces\/#breadcrumb","itemListElement":[{"@type":"ListItem","position":1,"name":"Portada","item":"https:\/\/demoweb.info\/sexshop001\/"},{"@type":"ListItem","position":2,"name":"Tienda","item":"https:\/\/demoweb.info\/sexshop001\/tienda\/"},{"@type":"ListItem","position":3,"name":"LIP GLOSS VIBRANT KISS &#8211; PALOMITAS DULCES"}]},{"@type":"WebSite","@id":"https:\/\/demoweb.info\/sexshop001\/#website","url":"https:\/\/demoweb.info\/sexshop001\/","name":"Tienda Er\u00f3tica","description":"DEMOWEB SL","potentialAction":[{"@type":"SearchAction","target":{"@type":"EntryPoint","urlTemplate":"https:\/\/demoweb.info\/sexshop001\/?s={search_term_string}"},"query-input":"required name=search_term_string"}],"inLanguage":"es"}]}},"_links":{"self":[{"href":"https:\/\/demoweb.info\/sexshop001\/wp-json\/wp\/v3\/product\/56261","targetHints":{"allow":["GET"]}}],"collection":[{"href":"https:\/\/demoweb.info\/sexshop001\/wp-json\/wp\/v3\/product"}],"about":[{"href":"https:\/\/demoweb.info\/sexshop001\/wp-json\/wp\/v2\/types\/product"}],"replies":[{"embeddable":true,"href":"https:\/\/demoweb.info\/sexshop001\/wp-json\/wp\/v2\/comments?post=56261"}],"wp:featuredmedia":[{"embeddable":true,"href":"https:\/\/demoweb.info\/sexshop001\/wp-json\/wp\/v2\/media\/56262"}],"wp:attachment":[{"href":"https:\/\/demoweb.info\/sexshop001\/wp-json\/wp\/v2\/media?parent=56261"}],"wp:term":[{"taxonomy":"product_cat","embeddable":true,"href":"https:\/\/demoweb.info\/sexshop001\/wp-json\/wp\/v2\/product_cat?post=56261"},{"taxonomy":"product_tag","embeddable":true,"href":"https:\/\/demoweb.info\/sexshop001\/wp-json\/wp\/v2\/product_tag?post=56261"}],"curies":[{"name":"wp","href":"https:\/\/api.w.org\/{rel}","templated":true}]}}