{"id":56195,"date":"2022-01-22T17:11:12","date_gmt":"2022-01-22T16:11:12","guid":{"rendered":"https:\/\/demoweb.info\/sexshop001\/producto\/the-hot-spot-vibrador-flexible-negro\/"},"modified":"2022-01-22T17:11:26","modified_gmt":"2022-01-22T16:11:26","slug":"the-hot-spot-vibrador-flexible-negro","status":"publish","type":"product","link":"https:\/\/demoweb.info\/sexshop001\/producto\/the-hot-spot-vibrador-flexible-negro\/","title":{"rendered":"THE HOT SPOT &#8211; VIBRADOR FLEXIBLE &#8211; NEGRO"},"content":{"rendered":"<p><strong>THE HOT SPOT &#8211; SILICONE VIBRATING FLEX MASSAGER<\/strong><\/p>\n<p>Accede a todas las zonas de placer sin importar lo profundo que sea con este vibrador flexible multifunci\u00f3n de silicona premium. El Hot Spot es un masajeador port\u00e1til que incluye 7 potentes patrones de vibraci\u00f3n para su satisfacci\u00f3n y una punta de flexi\u00f3n motorizada que lo acaricia a la perfecci\u00f3n.<\/p>\n<p>La operaci\u00f3n simple con un bot\u00f3n permite que nada se interponga entre tu y tu placer, y los m\u00faltiples modos del Hot Spot incluyen m\u00faltiples sensaciones y un modo no vibratorio solo de flexi\u00f3n.<\/p>\n<p>Kink by Doc Johnson es una colaboraci\u00f3n emocionante con Kink.com para crear una colecci\u00f3n de art\u00edculos fetiche aut\u00e9nticos de alta calidad, adecuados tanto para los practicantes a largo plazo como para los nuevos iniciados.<\/p>\n<p>Medidas: 20,32 x 3,81 cm<\/p>\n<p>Funciona con pilas AAA.<\/p>\n<p>Material: Silicona \/ ABS<\/p>\n","protected":false},"excerpt":{"rendered":"<p>THE HOT SPOT &#8211; SILICONE VIBRATING FLEX MASSAGER Accede a todas las zonas de placer sin importar lo profundo que<\/p>\n","protected":false},"featured_media":56196,"comment_status":"open","ping_status":"open","template":"","meta":[],"product_cat":[1207],"product_tag":[460,1474],"class_list":["post-56195","product","type-product","status-publish","has-post-thumbnail","hentry","product_cat-flexibles","product_tag-doc-johnson","product_tag-kink"],"bundled_by":[],"bundle_stock_status":"instock","bundle_stock_quantity":3,"bundle_virtual":false,"bundle_layout":"","bundle_add_to_cart_form_location":"","bundle_editable_in_cart":false,"bundle_sold_individually_context":"","bundle_item_grouping":"","bundle_min_size":"","bundle_max_size":"","bundled_items":[],"yoast_head":"<!-- This site is optimized with the Yoast SEO plugin v20.6 - https:\/\/yoast.com\/wordpress\/plugins\/seo\/ -->\n<title>THE HOT SPOT - VIBRADOR FLEXIBLE - NEGRO - Tienda Er\u00f3tica<\/title>\n<meta name=\"robots\" content=\"noindex, follow, max-snippet:-1, max-image-preview:large, max-video-preview:-1\" \/>\n<meta property=\"og:locale\" content=\"es_ES\" \/>\n<meta property=\"og:type\" content=\"article\" \/>\n<meta property=\"og:title\" content=\"THE HOT SPOT - VIBRADOR FLEXIBLE - NEGRO - Tienda Er\u00f3tica\" \/>\n<meta property=\"og:description\" content=\"THE HOT SPOT &#8211; SILICONE VIBRATING FLEX MASSAGER Accede a todas las zonas de placer sin importar lo profundo que\" \/>\n<meta property=\"og:url\" content=\"https:\/\/demoweb.info\/sexshop001\/producto\/the-hot-spot-vibrador-flexible-negro\/\" \/>\n<meta property=\"og:site_name\" content=\"Tienda Er\u00f3tica\" \/>\n<meta property=\"article:modified_time\" content=\"2022-01-22T16:11:26+00:00\" \/>\n<meta property=\"og:image\" content=\"https:\/\/demoweb.info\/sexshop001\/wp-content\/uploads\/2022\/01\/THE-HOT-SPOT-VIBRADOR-FLEXIBLE-NEGRO.jpg\" \/>\n\t<meta property=\"og:image:width\" content=\"550\" \/>\n\t<meta property=\"og:image:height\" content=\"550\" \/>\n\t<meta property=\"og:image:type\" content=\"image\/jpeg\" \/>\n<meta name=\"twitter:card\" content=\"summary_large_image\" \/>\n<meta name=\"twitter:label1\" content=\"Tiempo de lectura\" \/>\n\t<meta name=\"twitter:data1\" content=\"1 minuto\" \/>\n<script type=\"application\/ld+json\" class=\"yoast-schema-graph\">{\"@context\":\"https:\/\/schema.org\",\"@graph\":[{\"@type\":\"WebPage\",\"@id\":\"https:\/\/demoweb.info\/sexshop001\/producto\/the-hot-spot-vibrador-flexible-negro\/\",\"url\":\"https:\/\/demoweb.info\/sexshop001\/producto\/the-hot-spot-vibrador-flexible-negro\/\",\"name\":\"THE HOT SPOT - VIBRADOR FLEXIBLE - NEGRO - Tienda Er\u00f3tica\",\"isPartOf\":{\"@id\":\"https:\/\/demoweb.info\/sexshop001\/#website\"},\"datePublished\":\"2022-01-22T16:11:12+00:00\",\"dateModified\":\"2022-01-22T16:11:26+00:00\",\"breadcrumb\":{\"@id\":\"https:\/\/demoweb.info\/sexshop001\/producto\/the-hot-spot-vibrador-flexible-negro\/#breadcrumb\"},\"inLanguage\":\"es\",\"potentialAction\":[{\"@type\":\"ReadAction\",\"target\":[\"https:\/\/demoweb.info\/sexshop001\/producto\/the-hot-spot-vibrador-flexible-negro\/\"]}]},{\"@type\":\"BreadcrumbList\",\"@id\":\"https:\/\/demoweb.info\/sexshop001\/producto\/the-hot-spot-vibrador-flexible-negro\/#breadcrumb\",\"itemListElement\":[{\"@type\":\"ListItem\",\"position\":1,\"name\":\"Portada\",\"item\":\"https:\/\/demoweb.info\/sexshop001\/\"},{\"@type\":\"ListItem\",\"position\":2,\"name\":\"Tienda\",\"item\":\"https:\/\/demoweb.info\/sexshop001\/tienda\/\"},{\"@type\":\"ListItem\",\"position\":3,\"name\":\"THE HOT SPOT &#8211; VIBRADOR FLEXIBLE &#8211; NEGRO\"}]},{\"@type\":\"WebSite\",\"@id\":\"https:\/\/demoweb.info\/sexshop001\/#website\",\"url\":\"https:\/\/demoweb.info\/sexshop001\/\",\"name\":\"Tienda Er\u00f3tica\",\"description\":\"DEMOWEB SL\",\"potentialAction\":[{\"@type\":\"SearchAction\",\"target\":{\"@type\":\"EntryPoint\",\"urlTemplate\":\"https:\/\/demoweb.info\/sexshop001\/?s={search_term_string}\"},\"query-input\":\"required name=search_term_string\"}],\"inLanguage\":\"es\"}]}<\/script>\n<!-- \/ Yoast SEO plugin. -->","yoast_head_json":{"title":"THE HOT SPOT - VIBRADOR FLEXIBLE - NEGRO - Tienda Er\u00f3tica","robots":{"index":"noindex","follow":"follow","max-snippet":"max-snippet:-1","max-image-preview":"max-image-preview:large","max-video-preview":"max-video-preview:-1"},"og_locale":"es_ES","og_type":"article","og_title":"THE HOT SPOT - VIBRADOR FLEXIBLE - NEGRO - Tienda Er\u00f3tica","og_description":"THE HOT SPOT &#8211; SILICONE VIBRATING FLEX MASSAGER Accede a todas las zonas de placer sin importar lo profundo que","og_url":"https:\/\/demoweb.info\/sexshop001\/producto\/the-hot-spot-vibrador-flexible-negro\/","og_site_name":"Tienda Er\u00f3tica","article_modified_time":"2022-01-22T16:11:26+00:00","og_image":[{"width":550,"height":550,"url":"https:\/\/demoweb.info\/sexshop001\/wp-content\/uploads\/2022\/01\/THE-HOT-SPOT-VIBRADOR-FLEXIBLE-NEGRO.jpg","type":"image\/jpeg"}],"twitter_card":"summary_large_image","twitter_misc":{"Tiempo de lectura":"1 minuto"},"schema":{"@context":"https:\/\/schema.org","@graph":[{"@type":"WebPage","@id":"https:\/\/demoweb.info\/sexshop001\/producto\/the-hot-spot-vibrador-flexible-negro\/","url":"https:\/\/demoweb.info\/sexshop001\/producto\/the-hot-spot-vibrador-flexible-negro\/","name":"THE HOT SPOT - VIBRADOR FLEXIBLE - NEGRO - Tienda Er\u00f3tica","isPartOf":{"@id":"https:\/\/demoweb.info\/sexshop001\/#website"},"datePublished":"2022-01-22T16:11:12+00:00","dateModified":"2022-01-22T16:11:26+00:00","breadcrumb":{"@id":"https:\/\/demoweb.info\/sexshop001\/producto\/the-hot-spot-vibrador-flexible-negro\/#breadcrumb"},"inLanguage":"es","potentialAction":[{"@type":"ReadAction","target":["https:\/\/demoweb.info\/sexshop001\/producto\/the-hot-spot-vibrador-flexible-negro\/"]}]},{"@type":"BreadcrumbList","@id":"https:\/\/demoweb.info\/sexshop001\/producto\/the-hot-spot-vibrador-flexible-negro\/#breadcrumb","itemListElement":[{"@type":"ListItem","position":1,"name":"Portada","item":"https:\/\/demoweb.info\/sexshop001\/"},{"@type":"ListItem","position":2,"name":"Tienda","item":"https:\/\/demoweb.info\/sexshop001\/tienda\/"},{"@type":"ListItem","position":3,"name":"THE HOT SPOT &#8211; VIBRADOR FLEXIBLE &#8211; NEGRO"}]},{"@type":"WebSite","@id":"https:\/\/demoweb.info\/sexshop001\/#website","url":"https:\/\/demoweb.info\/sexshop001\/","name":"Tienda Er\u00f3tica","description":"DEMOWEB SL","potentialAction":[{"@type":"SearchAction","target":{"@type":"EntryPoint","urlTemplate":"https:\/\/demoweb.info\/sexshop001\/?s={search_term_string}"},"query-input":"required name=search_term_string"}],"inLanguage":"es"}]}},"_links":{"self":[{"href":"https:\/\/demoweb.info\/sexshop001\/wp-json\/wp\/v3\/product\/56195","targetHints":{"allow":["GET"]}}],"collection":[{"href":"https:\/\/demoweb.info\/sexshop001\/wp-json\/wp\/v3\/product"}],"about":[{"href":"https:\/\/demoweb.info\/sexshop001\/wp-json\/wp\/v2\/types\/product"}],"replies":[{"embeddable":true,"href":"https:\/\/demoweb.info\/sexshop001\/wp-json\/wp\/v2\/comments?post=56195"}],"wp:featuredmedia":[{"embeddable":true,"href":"https:\/\/demoweb.info\/sexshop001\/wp-json\/wp\/v2\/media\/56196"}],"wp:attachment":[{"href":"https:\/\/demoweb.info\/sexshop001\/wp-json\/wp\/v2\/media?parent=56195"}],"wp:term":[{"taxonomy":"product_cat","embeddable":true,"href":"https:\/\/demoweb.info\/sexshop001\/wp-json\/wp\/v2\/product_cat?post=56195"},{"taxonomy":"product_tag","embeddable":true,"href":"https:\/\/demoweb.info\/sexshop001\/wp-json\/wp\/v2\/product_tag?post=56195"}],"curies":[{"name":"wp","href":"https:\/\/api.w.org\/{rel}","templated":true}]}}