{"id":56184,"date":"2022-01-22T17:11:12","date_gmt":"2022-01-22T16:11:12","guid":{"rendered":"https:\/\/demoweb.info\/sexshop001\/producto\/main-squeeze-the-original-masturbador-vagina-caramelo\/"},"modified":"2022-01-22T17:11:18","modified_gmt":"2022-01-22T16:11:18","slug":"main-squeeze-the-original-masturbador-vagina-caramelo","status":"publish","type":"product","link":"https:\/\/demoweb.info\/sexshop001\/producto\/main-squeeze-the-original-masturbador-vagina-caramelo\/","title":{"rendered":"MAIN SQUEEZE &#8211; THE ORIGINAL MASTURBADOR VAGINA &#8211; CARAMELO"},"content":{"rendered":"<p><strong>MAIN SQUEEZE &#8211; THE ORIGINAL PUSSY CARAMEL<\/strong><\/p>\n<p>Ella siempre est\u00e1 a tu alcance. La l\u00ednea de masturbadores con estuche r\u00edgido Main Squeeze de Doc Johnson protagonizada por las estrellas porno m\u00e1s populares est\u00e1 dise\u00f1ada para poner la energ\u00eda en tus manos, con un agarre comprimible que te permite variar la rigidez de cada golpe y una tapa de ajuste de succi\u00f3n.<\/p>\n<p>Con una abertura perfecta con forma de vagina, este stroker ULTRASKYN\u2122 se ve y se siente real y es quien t\u00fa quieras que sea.<\/p>\n<p>Cada manga ULTRASKYN\u2122 presenta un interior texturizado diferente, lo que hace que su experiencia sea \u00fanica como cada una de nuestras atractivas chicas de Main Squeeze.<\/p>\n<p>El dise\u00f1o de doble casquillo r\u00edgido tambi\u00e9n funciona como una discreta funda de viaje y almacenamiento, manteniendo tu Main Squeeze fresco y listo para cuando te apetezca.<\/p>\n<p>Medidas:<\/p>\n<ul>\n<li>Longitud total: 19 cm<\/li>\n<li>Longitud insertable: 19 cm<\/li>\n<li>Di\u00e1metro: 7,6 cm<\/li>\n<\/ul>\n","protected":false},"excerpt":{"rendered":"<p>MAIN SQUEEZE &#8211; THE ORIGINAL PUSSY CARAMEL Ella siempre est\u00e1 a tu alcance. La l\u00ednea de masturbadores con estuche r\u00edgido<\/p>\n","protected":false},"featured_media":56185,"comment_status":"open","ping_status":"open","template":"","meta":[],"product_cat":[541],"product_tag":[460,652],"class_list":["post-56184","product","type-product","status-publish","has-post-thumbnail","hentry","product_cat-vaginas","product_tag-doc-johnson","product_tag-main-squeeze"],"bundled_by":[],"bundle_stock_status":"instock","bundle_stock_quantity":1,"bundle_virtual":false,"bundle_layout":"","bundle_add_to_cart_form_location":"","bundle_editable_in_cart":false,"bundle_sold_individually_context":"","bundle_item_grouping":"","bundle_min_size":"","bundle_max_size":"","bundled_items":[],"yoast_head":"<!-- This site is optimized with the Yoast SEO plugin v20.6 - https:\/\/yoast.com\/wordpress\/plugins\/seo\/ -->\n<title>MAIN SQUEEZE - THE ORIGINAL MASTURBADOR VAGINA - CARAMELO - Tienda Er\u00f3tica<\/title>\n<meta name=\"robots\" content=\"noindex, follow, max-snippet:-1, max-image-preview:large, max-video-preview:-1\" \/>\n<meta property=\"og:locale\" content=\"es_ES\" \/>\n<meta property=\"og:type\" content=\"article\" \/>\n<meta property=\"og:title\" content=\"MAIN SQUEEZE - THE ORIGINAL MASTURBADOR VAGINA - CARAMELO - Tienda Er\u00f3tica\" \/>\n<meta property=\"og:description\" content=\"MAIN SQUEEZE &#8211; THE ORIGINAL PUSSY CARAMEL Ella siempre est\u00e1 a tu alcance. La l\u00ednea de masturbadores con estuche r\u00edgido\" \/>\n<meta property=\"og:url\" content=\"https:\/\/demoweb.info\/sexshop001\/producto\/main-squeeze-the-original-masturbador-vagina-caramelo\/\" \/>\n<meta property=\"og:site_name\" content=\"Tienda Er\u00f3tica\" \/>\n<meta property=\"article:modified_time\" content=\"2022-01-22T16:11:18+00:00\" \/>\n<meta property=\"og:image\" content=\"https:\/\/demoweb.info\/sexshop001\/wp-content\/uploads\/2022\/01\/MAIN-SQUEEZE-THE-ORIGINAL-MASTURBADOR-VAGINA-CARAMELO.jpg\" \/>\n\t<meta property=\"og:image:width\" content=\"550\" \/>\n\t<meta property=\"og:image:height\" content=\"550\" \/>\n\t<meta property=\"og:image:type\" content=\"image\/jpeg\" \/>\n<meta name=\"twitter:card\" content=\"summary_large_image\" \/>\n<meta name=\"twitter:label1\" content=\"Tiempo de lectura\" \/>\n\t<meta name=\"twitter:data1\" content=\"1 minuto\" \/>\n<script type=\"application\/ld+json\" class=\"yoast-schema-graph\">{\"@context\":\"https:\/\/schema.org\",\"@graph\":[{\"@type\":\"WebPage\",\"@id\":\"https:\/\/demoweb.info\/sexshop001\/producto\/main-squeeze-the-original-masturbador-vagina-caramelo\/\",\"url\":\"https:\/\/demoweb.info\/sexshop001\/producto\/main-squeeze-the-original-masturbador-vagina-caramelo\/\",\"name\":\"MAIN SQUEEZE - THE ORIGINAL MASTURBADOR VAGINA - CARAMELO - Tienda Er\u00f3tica\",\"isPartOf\":{\"@id\":\"https:\/\/demoweb.info\/sexshop001\/#website\"},\"datePublished\":\"2022-01-22T16:11:12+00:00\",\"dateModified\":\"2022-01-22T16:11:18+00:00\",\"breadcrumb\":{\"@id\":\"https:\/\/demoweb.info\/sexshop001\/producto\/main-squeeze-the-original-masturbador-vagina-caramelo\/#breadcrumb\"},\"inLanguage\":\"es\",\"potentialAction\":[{\"@type\":\"ReadAction\",\"target\":[\"https:\/\/demoweb.info\/sexshop001\/producto\/main-squeeze-the-original-masturbador-vagina-caramelo\/\"]}]},{\"@type\":\"BreadcrumbList\",\"@id\":\"https:\/\/demoweb.info\/sexshop001\/producto\/main-squeeze-the-original-masturbador-vagina-caramelo\/#breadcrumb\",\"itemListElement\":[{\"@type\":\"ListItem\",\"position\":1,\"name\":\"Portada\",\"item\":\"https:\/\/demoweb.info\/sexshop001\/\"},{\"@type\":\"ListItem\",\"position\":2,\"name\":\"Tienda\",\"item\":\"https:\/\/demoweb.info\/sexshop001\/tienda\/\"},{\"@type\":\"ListItem\",\"position\":3,\"name\":\"MAIN SQUEEZE &#8211; THE ORIGINAL MASTURBADOR VAGINA &#8211; CARAMELO\"}]},{\"@type\":\"WebSite\",\"@id\":\"https:\/\/demoweb.info\/sexshop001\/#website\",\"url\":\"https:\/\/demoweb.info\/sexshop001\/\",\"name\":\"Tienda Er\u00f3tica\",\"description\":\"DEMOWEB SL\",\"potentialAction\":[{\"@type\":\"SearchAction\",\"target\":{\"@type\":\"EntryPoint\",\"urlTemplate\":\"https:\/\/demoweb.info\/sexshop001\/?s={search_term_string}\"},\"query-input\":\"required name=search_term_string\"}],\"inLanguage\":\"es\"}]}<\/script>\n<!-- \/ Yoast SEO plugin. -->","yoast_head_json":{"title":"MAIN SQUEEZE - THE ORIGINAL MASTURBADOR VAGINA - CARAMELO - Tienda Er\u00f3tica","robots":{"index":"noindex","follow":"follow","max-snippet":"max-snippet:-1","max-image-preview":"max-image-preview:large","max-video-preview":"max-video-preview:-1"},"og_locale":"es_ES","og_type":"article","og_title":"MAIN SQUEEZE - THE ORIGINAL MASTURBADOR VAGINA - CARAMELO - Tienda Er\u00f3tica","og_description":"MAIN SQUEEZE &#8211; THE ORIGINAL PUSSY CARAMEL Ella siempre est\u00e1 a tu alcance. La l\u00ednea de masturbadores con estuche r\u00edgido","og_url":"https:\/\/demoweb.info\/sexshop001\/producto\/main-squeeze-the-original-masturbador-vagina-caramelo\/","og_site_name":"Tienda Er\u00f3tica","article_modified_time":"2022-01-22T16:11:18+00:00","og_image":[{"width":550,"height":550,"url":"https:\/\/demoweb.info\/sexshop001\/wp-content\/uploads\/2022\/01\/MAIN-SQUEEZE-THE-ORIGINAL-MASTURBADOR-VAGINA-CARAMELO.jpg","type":"image\/jpeg"}],"twitter_card":"summary_large_image","twitter_misc":{"Tiempo de lectura":"1 minuto"},"schema":{"@context":"https:\/\/schema.org","@graph":[{"@type":"WebPage","@id":"https:\/\/demoweb.info\/sexshop001\/producto\/main-squeeze-the-original-masturbador-vagina-caramelo\/","url":"https:\/\/demoweb.info\/sexshop001\/producto\/main-squeeze-the-original-masturbador-vagina-caramelo\/","name":"MAIN SQUEEZE - THE ORIGINAL MASTURBADOR VAGINA - CARAMELO - Tienda Er\u00f3tica","isPartOf":{"@id":"https:\/\/demoweb.info\/sexshop001\/#website"},"datePublished":"2022-01-22T16:11:12+00:00","dateModified":"2022-01-22T16:11:18+00:00","breadcrumb":{"@id":"https:\/\/demoweb.info\/sexshop001\/producto\/main-squeeze-the-original-masturbador-vagina-caramelo\/#breadcrumb"},"inLanguage":"es","potentialAction":[{"@type":"ReadAction","target":["https:\/\/demoweb.info\/sexshop001\/producto\/main-squeeze-the-original-masturbador-vagina-caramelo\/"]}]},{"@type":"BreadcrumbList","@id":"https:\/\/demoweb.info\/sexshop001\/producto\/main-squeeze-the-original-masturbador-vagina-caramelo\/#breadcrumb","itemListElement":[{"@type":"ListItem","position":1,"name":"Portada","item":"https:\/\/demoweb.info\/sexshop001\/"},{"@type":"ListItem","position":2,"name":"Tienda","item":"https:\/\/demoweb.info\/sexshop001\/tienda\/"},{"@type":"ListItem","position":3,"name":"MAIN SQUEEZE &#8211; THE ORIGINAL MASTURBADOR VAGINA &#8211; CARAMELO"}]},{"@type":"WebSite","@id":"https:\/\/demoweb.info\/sexshop001\/#website","url":"https:\/\/demoweb.info\/sexshop001\/","name":"Tienda Er\u00f3tica","description":"DEMOWEB SL","potentialAction":[{"@type":"SearchAction","target":{"@type":"EntryPoint","urlTemplate":"https:\/\/demoweb.info\/sexshop001\/?s={search_term_string}"},"query-input":"required name=search_term_string"}],"inLanguage":"es"}]}},"_links":{"self":[{"href":"https:\/\/demoweb.info\/sexshop001\/wp-json\/wp\/v3\/product\/56184","targetHints":{"allow":["GET"]}}],"collection":[{"href":"https:\/\/demoweb.info\/sexshop001\/wp-json\/wp\/v3\/product"}],"about":[{"href":"https:\/\/demoweb.info\/sexshop001\/wp-json\/wp\/v2\/types\/product"}],"replies":[{"embeddable":true,"href":"https:\/\/demoweb.info\/sexshop001\/wp-json\/wp\/v2\/comments?post=56184"}],"wp:featuredmedia":[{"embeddable":true,"href":"https:\/\/demoweb.info\/sexshop001\/wp-json\/wp\/v2\/media\/56185"}],"wp:attachment":[{"href":"https:\/\/demoweb.info\/sexshop001\/wp-json\/wp\/v2\/media?parent=56184"}],"wp:term":[{"taxonomy":"product_cat","embeddable":true,"href":"https:\/\/demoweb.info\/sexshop001\/wp-json\/wp\/v2\/product_cat?post=56184"},{"taxonomy":"product_tag","embeddable":true,"href":"https:\/\/demoweb.info\/sexshop001\/wp-json\/wp\/v2\/product_tag?post=56184"}],"curies":[{"name":"wp","href":"https:\/\/api.w.org\/{rel}","templated":true}]}}