{"id":56055,"date":"2022-01-22T17:09:42","date_gmt":"2022-01-22T16:09:42","guid":{"rendered":"https:\/\/demoweb.info\/sexshop001\/producto\/suck-n-pump-stroker\/"},"modified":"2022-01-22T17:09:47","modified_gmt":"2022-01-22T16:09:47","slug":"suck-n-pump-stroker","status":"publish","type":"product","link":"https:\/\/demoweb.info\/sexshop001\/producto\/suck-n-pump-stroker\/","title":{"rendered":"SUCK-N-PUMP STROKER"},"content":{"rendered":"<p><strong>SUCK-N-PUMP STROKER<\/strong><\/p>\n<p>PDX ELITE Suck-N-Pump Stroker cuenta con una bomba de estilo m\u00e9dico que funciona como una bomba de erecci\u00f3n en una posici\u00f3n y como un golpeador de masturbaci\u00f3n en una segunda posici\u00f3n: \u00a1el doble de las opciones de rendimiento de una bomba normal!<\/p>\n<p>\u00a1Personaliza tu placer!<\/p>\n<p>BOMBA DE PENE &#8211; Con cada apret\u00f3n de la bola en la posici\u00f3n de BOMBA, se crea un vac\u00edo s\u00faper fuerte dentro de la c\u00e1mara, forzando su erecci\u00f3n para expandir r\u00e1pidamente su longitud y circunferencia.<\/p>\n<p>AVANCE DE MASTURBACI\u00d3N &#8211; Cuando la bola de la bomba se coloca en la posici\u00f3n STROKER, su eje est\u00e1 rodeado por una succi\u00f3n sexual s\u00faper apretada. Gire el dial superior para activar potentes vibraciones de varias velocidades para una estimulaci\u00f3n adicional.<\/p>\n<p>La funda TPR suave forma un sello herm\u00e9tico contra la piel, creando una incre\u00edble succi\u00f3n y resultados sorprendentes, mientras que el tubo transparente est\u00e1 dise\u00f1ado para un agarre firme y tiene una regla conveniente para medir su crecimiento expansivo. Puede aliviar la presi\u00f3n al instante presionando la v\u00e1lvula de liberaci\u00f3n de aire sobre el cilindro de la bomba. Convenientemente impermeable para divertirse en la ba\u00f1era o la ducha.<\/p>\n<p>Disfruta de lo mejor de ambos mundos: sensaciones sexuales orales + \u00a1una erecci\u00f3n m\u00e1s grande y m\u00e1s dura!<\/p>\n<ul>\n<li>VIBRACI\u00d3N DE VELOCIDAD M\u00daLTIPLE: simplemente gire el dial para disfrutar de una estimulaci\u00f3n adicional.<\/li>\n<li>VIBRACI\u00d3N PODEROSA: la vibraci\u00f3n de varias velocidades aumenta su experiencia.<\/li>\n<li>BOT\u00d3N DE LIBERACI\u00d3N R\u00c1PIDA &#8211; Presione para aliviar la presi\u00f3n al instante.<\/li>\n<li>CILINDRO CLEAR FORRADO CON REGULADOR &#8211; Ver los resultados visibles.<\/li>\n<li>SATISFACCI\u00d3N DE MASTURBATION STROKER: sensaciones intensas de sexo oral elevan cada sesi\u00f3n de masturbaci\u00f3n.<\/li>\n<li>MANGA ESTIMULANTE: la funda TPR flexible est\u00e1 forrada con botones suaves y costillas para excitar tus sentidos.<\/li>\n<li>SELLO AJUSTADO AL AIRE &#8211; El dise\u00f1o asegura una succi\u00f3n extra fuerte.<\/li>\n<li>BOLA DE BOMBA DE ESTILO M\u00c9DICO &#8211; Funciona como bomba y stroker.<\/li>\n<\/ul>\n<p><strong>Instrucciones de operaci\u00f3n:<\/strong><\/p>\n<p>BOMBA DE PENE &#8211; Coloque el extremo de la bola de la bomba etiquetada como BOMBA en el extremo del tubo flexible.<\/p>\n<p>AVANCE DE MASTURBACI\u00d3N &#8211; Coloque el extremo de la bola de la bomba etiquetado como STROKER en el extremo del tubo flexible. Presione el BOT\u00d3N DE LIBERACI\u00d3N R\u00c1PIDA para aliviar la presi\u00f3n al instante. Para prolongar la eyaculaci\u00f3n, deslice uno de los Silicone Designer C-Ring incluidos sobre su eje hasta que est\u00e9 bien y c\u00f3modo. El apret\u00f3n apretado ayudar\u00e1 a mantener su erecci\u00f3n y extender la diversi\u00f3n.<\/p>\n<p><strong>Medidas:<\/strong><\/p>\n<ul>\n<li>Longitud: 33 cm<\/li>\n<li>Ancho: 7,6 cm<\/li>\n<li>Longitud Insertable: 16,5 cm<\/li>\n<li>Di\u00e1metro interno: 5,1 cm<\/li>\n<\/ul>\n<p>Funciona con 2 pilas AA, no incluidas.<\/p>\n","protected":false},"excerpt":{"rendered":"<p>SUCK-N-PUMP STROKER PDX ELITE Suck-N-Pump Stroker cuenta con una bomba de estilo m\u00e9dico que funciona como una bomba de erecci\u00f3n<\/p>\n","protected":false},"featured_media":56056,"comment_status":"open","ping_status":"open","template":"","meta":[],"product_cat":[864],"product_tag":[521,259],"class_list":["post-56055","product","type-product","status-publish","has-post-thumbnail","hentry","product_cat-con-vibracion-desarrolladores","product_tag-pdx-elite","product_tag-pipedream"],"bundled_by":[],"bundle_stock_status":"instock","bundle_stock_quantity":3,"bundle_virtual":false,"bundle_layout":"","bundle_add_to_cart_form_location":"","bundle_editable_in_cart":false,"bundle_sold_individually_context":"","bundle_item_grouping":"","bundle_min_size":"","bundle_max_size":"","bundled_items":[],"yoast_head":"<!-- This site is optimized with the Yoast SEO plugin v20.6 - https:\/\/yoast.com\/wordpress\/plugins\/seo\/ -->\n<title>SUCK-N-PUMP STROKER - Tienda Er\u00f3tica<\/title>\n<meta name=\"robots\" content=\"noindex, follow, max-snippet:-1, max-image-preview:large, max-video-preview:-1\" \/>\n<meta property=\"og:locale\" content=\"es_ES\" \/>\n<meta property=\"og:type\" content=\"article\" \/>\n<meta property=\"og:title\" content=\"SUCK-N-PUMP STROKER - Tienda Er\u00f3tica\" \/>\n<meta property=\"og:description\" content=\"SUCK-N-PUMP STROKER PDX ELITE Suck-N-Pump Stroker cuenta con una bomba de estilo m\u00e9dico que funciona como una bomba de erecci\u00f3n\" \/>\n<meta property=\"og:url\" content=\"https:\/\/demoweb.info\/sexshop001\/producto\/suck-n-pump-stroker\/\" \/>\n<meta property=\"og:site_name\" content=\"Tienda Er\u00f3tica\" \/>\n<meta property=\"article:modified_time\" content=\"2022-01-22T16:09:47+00:00\" \/>\n<meta property=\"og:image\" content=\"https:\/\/demoweb.info\/sexshop001\/wp-content\/uploads\/2022\/01\/SUCK-N-PUMP-STROKER.jpg\" \/>\n\t<meta property=\"og:image:width\" content=\"550\" \/>\n\t<meta property=\"og:image:height\" content=\"550\" \/>\n\t<meta property=\"og:image:type\" content=\"image\/jpeg\" \/>\n<meta name=\"twitter:card\" content=\"summary_large_image\" \/>\n<meta name=\"twitter:label1\" content=\"Tiempo de lectura\" \/>\n\t<meta name=\"twitter:data1\" content=\"2 minutos\" \/>\n<script type=\"application\/ld+json\" class=\"yoast-schema-graph\">{\"@context\":\"https:\/\/schema.org\",\"@graph\":[{\"@type\":\"WebPage\",\"@id\":\"https:\/\/demoweb.info\/sexshop001\/producto\/suck-n-pump-stroker\/\",\"url\":\"https:\/\/demoweb.info\/sexshop001\/producto\/suck-n-pump-stroker\/\",\"name\":\"SUCK-N-PUMP STROKER - Tienda Er\u00f3tica\",\"isPartOf\":{\"@id\":\"https:\/\/demoweb.info\/sexshop001\/#website\"},\"datePublished\":\"2022-01-22T16:09:42+00:00\",\"dateModified\":\"2022-01-22T16:09:47+00:00\",\"breadcrumb\":{\"@id\":\"https:\/\/demoweb.info\/sexshop001\/producto\/suck-n-pump-stroker\/#breadcrumb\"},\"inLanguage\":\"es\",\"potentialAction\":[{\"@type\":\"ReadAction\",\"target\":[\"https:\/\/demoweb.info\/sexshop001\/producto\/suck-n-pump-stroker\/\"]}]},{\"@type\":\"BreadcrumbList\",\"@id\":\"https:\/\/demoweb.info\/sexshop001\/producto\/suck-n-pump-stroker\/#breadcrumb\",\"itemListElement\":[{\"@type\":\"ListItem\",\"position\":1,\"name\":\"Portada\",\"item\":\"https:\/\/demoweb.info\/sexshop001\/\"},{\"@type\":\"ListItem\",\"position\":2,\"name\":\"Tienda\",\"item\":\"https:\/\/demoweb.info\/sexshop001\/tienda\/\"},{\"@type\":\"ListItem\",\"position\":3,\"name\":\"SUCK-N-PUMP STROKER\"}]},{\"@type\":\"WebSite\",\"@id\":\"https:\/\/demoweb.info\/sexshop001\/#website\",\"url\":\"https:\/\/demoweb.info\/sexshop001\/\",\"name\":\"Tienda Er\u00f3tica\",\"description\":\"DEMOWEB SL\",\"potentialAction\":[{\"@type\":\"SearchAction\",\"target\":{\"@type\":\"EntryPoint\",\"urlTemplate\":\"https:\/\/demoweb.info\/sexshop001\/?s={search_term_string}\"},\"query-input\":\"required name=search_term_string\"}],\"inLanguage\":\"es\"}]}<\/script>\n<!-- \/ Yoast SEO plugin. -->","yoast_head_json":{"title":"SUCK-N-PUMP STROKER - Tienda Er\u00f3tica","robots":{"index":"noindex","follow":"follow","max-snippet":"max-snippet:-1","max-image-preview":"max-image-preview:large","max-video-preview":"max-video-preview:-1"},"og_locale":"es_ES","og_type":"article","og_title":"SUCK-N-PUMP STROKER - Tienda Er\u00f3tica","og_description":"SUCK-N-PUMP STROKER PDX ELITE Suck-N-Pump Stroker cuenta con una bomba de estilo m\u00e9dico que funciona como una bomba de erecci\u00f3n","og_url":"https:\/\/demoweb.info\/sexshop001\/producto\/suck-n-pump-stroker\/","og_site_name":"Tienda Er\u00f3tica","article_modified_time":"2022-01-22T16:09:47+00:00","og_image":[{"width":550,"height":550,"url":"https:\/\/demoweb.info\/sexshop001\/wp-content\/uploads\/2022\/01\/SUCK-N-PUMP-STROKER.jpg","type":"image\/jpeg"}],"twitter_card":"summary_large_image","twitter_misc":{"Tiempo de lectura":"2 minutos"},"schema":{"@context":"https:\/\/schema.org","@graph":[{"@type":"WebPage","@id":"https:\/\/demoweb.info\/sexshop001\/producto\/suck-n-pump-stroker\/","url":"https:\/\/demoweb.info\/sexshop001\/producto\/suck-n-pump-stroker\/","name":"SUCK-N-PUMP STROKER - Tienda Er\u00f3tica","isPartOf":{"@id":"https:\/\/demoweb.info\/sexshop001\/#website"},"datePublished":"2022-01-22T16:09:42+00:00","dateModified":"2022-01-22T16:09:47+00:00","breadcrumb":{"@id":"https:\/\/demoweb.info\/sexshop001\/producto\/suck-n-pump-stroker\/#breadcrumb"},"inLanguage":"es","potentialAction":[{"@type":"ReadAction","target":["https:\/\/demoweb.info\/sexshop001\/producto\/suck-n-pump-stroker\/"]}]},{"@type":"BreadcrumbList","@id":"https:\/\/demoweb.info\/sexshop001\/producto\/suck-n-pump-stroker\/#breadcrumb","itemListElement":[{"@type":"ListItem","position":1,"name":"Portada","item":"https:\/\/demoweb.info\/sexshop001\/"},{"@type":"ListItem","position":2,"name":"Tienda","item":"https:\/\/demoweb.info\/sexshop001\/tienda\/"},{"@type":"ListItem","position":3,"name":"SUCK-N-PUMP STROKER"}]},{"@type":"WebSite","@id":"https:\/\/demoweb.info\/sexshop001\/#website","url":"https:\/\/demoweb.info\/sexshop001\/","name":"Tienda Er\u00f3tica","description":"DEMOWEB SL","potentialAction":[{"@type":"SearchAction","target":{"@type":"EntryPoint","urlTemplate":"https:\/\/demoweb.info\/sexshop001\/?s={search_term_string}"},"query-input":"required name=search_term_string"}],"inLanguage":"es"}]}},"_links":{"self":[{"href":"https:\/\/demoweb.info\/sexshop001\/wp-json\/wp\/v3\/product\/56055","targetHints":{"allow":["GET"]}}],"collection":[{"href":"https:\/\/demoweb.info\/sexshop001\/wp-json\/wp\/v3\/product"}],"about":[{"href":"https:\/\/demoweb.info\/sexshop001\/wp-json\/wp\/v2\/types\/product"}],"replies":[{"embeddable":true,"href":"https:\/\/demoweb.info\/sexshop001\/wp-json\/wp\/v2\/comments?post=56055"}],"wp:featuredmedia":[{"embeddable":true,"href":"https:\/\/demoweb.info\/sexshop001\/wp-json\/wp\/v2\/media\/56056"}],"wp:attachment":[{"href":"https:\/\/demoweb.info\/sexshop001\/wp-json\/wp\/v2\/media?parent=56055"}],"wp:term":[{"taxonomy":"product_cat","embeddable":true,"href":"https:\/\/demoweb.info\/sexshop001\/wp-json\/wp\/v2\/product_cat?post=56055"},{"taxonomy":"product_tag","embeddable":true,"href":"https:\/\/demoweb.info\/sexshop001\/wp-json\/wp\/v2\/product_tag?post=56055"}],"curies":[{"name":"wp","href":"https:\/\/api.w.org\/{rel}","templated":true}]}}