{"id":56016,"date":"2022-01-22T17:09:18","date_gmt":"2022-01-22T16:09:18","guid":{"rendered":"https:\/\/demoweb.info\/sexshop001\/producto\/dirty-talk-interactive-titty-fuck-her-con-voz\/"},"modified":"2022-01-22T17:09:21","modified_gmt":"2022-01-22T16:09:21","slug":"dirty-talk-interactive-titty-fuck-her-con-voz","status":"publish","type":"product","link":"https:\/\/demoweb.info\/sexshop001\/producto\/dirty-talk-interactive-titty-fuck-her-con-voz\/","title":{"rendered":"DIRTY TALK INTERACTIVE TITTY FUCK-HER &#8211; CON VOZ"},"content":{"rendered":"<p><strong>DIRTY TALK INTERACTIVE TITTY FUCK-HER<\/strong><\/p>\n<p>Presentamos la serie Dirty Talk de los masturbadores Fuck Me Silly, los primeros amigos de fuck interactivos de Pipedream Extreme Toyz. Hemos combinado un incre\u00edble stroker Fanta Flesh de 8 lb con una voz super sexy y vibraciones poderosas, \u00a1para una sobrecarga sensorial inolvidable! Una vez que tocas su piel realista y escuchas su voz sexy, \u00a1no podr\u00e1s contener tu carga!<\/p>\n<p>Todos los Super-Strokers de la serie Dirty Talk cuentan con un dispositivo de voz parlante recargable. Utilizando tecnolog\u00eda exclusiva activada por movimiento, esta ni\u00f1a sucia te dir\u00e1 lo bien que se siente y lo que quiere que le hagas cada vez que se estremezca. \u00a1Cuanto m\u00e1s r\u00e1pido golpee su peque\u00f1o secreto, m\u00e1s frecuente gritar\u00e1 y gemir\u00e1!<\/p>\n<p>Adem\u00e1s te ofrece emocionantes vibraciones cada vez que habla. Usando una poderosa micro bala emparejada con el sensor de movimiento interno, \u00a1obtienes vibraciones simult\u00e1neas con cada palabra que dice cada vez que la mueves!<\/p>\n<p>Ella te dice exactamente lo que quieres o\u00edr y no para de hablar hasta que tu lo decidas. Ella es toda tuya y siempre est\u00e1 lista para divertirse, \u00bfqu\u00e9 est\u00e1s esperando?<\/p>\n<p>Hecho de nuestra f\u00f3rmula patentada Fanta Flash, los interiores s\u00faper blandos se sienten como los reales. El material libre de l\u00e1tex y sin ftalatos imita la apariencia de la piel real y envuelve suavemente cada cent\u00edmetro de tu barra de placer. Te encantar\u00e1 la calidez y las propiedades ultra-realistas de la incre\u00edble Fanta Flesh, pero lo que realmente te volver\u00e1 loco es su voz irresistible.<\/p>\n<p>Para limpiar, utiliza agua tibia y un limpiador de juguete, s\u00e9cala bien y usa Revive en polvo para restaurar su suavidad original. La unidad de voz es a prueba de salpicaduras durante la limpieza pero NO DEBE sumergirse bajo el agua.<\/p>\n<ul>\n<li>Recargable con USB.<\/li>\n<li>Medidas: 23,5 x 15,2 x 18,4 cm<\/li>\n<li>Longitud insertable Vaginal: 12,7 cm<\/li>\n<li>Peso: 3,86 kilos<\/li>\n<\/ul>\n","protected":false},"excerpt":{"rendered":"<p>DIRTY TALK INTERACTIVE TITTY FUCK-HER Presentamos la serie Dirty Talk de los masturbadores Fuck Me Silly, los primeros amigos de<\/p>\n","protected":false},"featured_media":56017,"comment_status":"open","ping_status":"open","template":"","meta":[],"product_cat":[560],"product_tag":[561,259],"class_list":["post-56016","product","type-product","status-publish","has-post-thumbnail","hentry","product_cat-vaginas-y-anos","product_tag-extreme-toyz","product_tag-pipedream"],"bundled_by":[],"bundle_stock_status":"outofstock","bundle_stock_quantity":0,"bundle_virtual":false,"bundle_layout":"","bundle_add_to_cart_form_location":"","bundle_editable_in_cart":false,"bundle_sold_individually_context":"","bundle_item_grouping":"","bundle_min_size":"","bundle_max_size":"","bundled_items":[],"yoast_head":"<!-- This site is optimized with the Yoast SEO plugin v20.6 - https:\/\/yoast.com\/wordpress\/plugins\/seo\/ -->\n<title>DIRTY TALK INTERACTIVE TITTY FUCK-HER - CON VOZ - Tienda Er\u00f3tica<\/title>\n<meta name=\"robots\" content=\"noindex, follow, max-snippet:-1, max-image-preview:large, max-video-preview:-1\" \/>\n<meta property=\"og:locale\" content=\"es_ES\" \/>\n<meta property=\"og:type\" content=\"article\" \/>\n<meta property=\"og:title\" content=\"DIRTY TALK INTERACTIVE TITTY FUCK-HER - CON VOZ - Tienda Er\u00f3tica\" \/>\n<meta property=\"og:description\" content=\"DIRTY TALK INTERACTIVE TITTY FUCK-HER Presentamos la serie Dirty Talk de los masturbadores Fuck Me Silly, los primeros amigos de\" \/>\n<meta property=\"og:url\" content=\"https:\/\/demoweb.info\/sexshop001\/producto\/dirty-talk-interactive-titty-fuck-her-con-voz\/\" \/>\n<meta property=\"og:site_name\" content=\"Tienda Er\u00f3tica\" \/>\n<meta property=\"article:modified_time\" content=\"2022-01-22T16:09:21+00:00\" \/>\n<meta property=\"og:image\" content=\"https:\/\/demoweb.info\/sexshop001\/wp-content\/uploads\/2022\/01\/DIRTY-TALK-INTERACTIVE-TITTY-FUCK-HER-CON-VOZ.jpg\" \/>\n\t<meta property=\"og:image:width\" content=\"550\" \/>\n\t<meta property=\"og:image:height\" content=\"550\" \/>\n\t<meta property=\"og:image:type\" content=\"image\/jpeg\" \/>\n<meta name=\"twitter:card\" content=\"summary_large_image\" \/>\n<meta name=\"twitter:label1\" content=\"Tiempo de lectura\" \/>\n\t<meta name=\"twitter:data1\" content=\"2 minutos\" \/>\n<script type=\"application\/ld+json\" class=\"yoast-schema-graph\">{\"@context\":\"https:\/\/schema.org\",\"@graph\":[{\"@type\":\"WebPage\",\"@id\":\"https:\/\/demoweb.info\/sexshop001\/producto\/dirty-talk-interactive-titty-fuck-her-con-voz\/\",\"url\":\"https:\/\/demoweb.info\/sexshop001\/producto\/dirty-talk-interactive-titty-fuck-her-con-voz\/\",\"name\":\"DIRTY TALK INTERACTIVE TITTY FUCK-HER - CON VOZ - Tienda Er\u00f3tica\",\"isPartOf\":{\"@id\":\"https:\/\/demoweb.info\/sexshop001\/#website\"},\"datePublished\":\"2022-01-22T16:09:18+00:00\",\"dateModified\":\"2022-01-22T16:09:21+00:00\",\"breadcrumb\":{\"@id\":\"https:\/\/demoweb.info\/sexshop001\/producto\/dirty-talk-interactive-titty-fuck-her-con-voz\/#breadcrumb\"},\"inLanguage\":\"es\",\"potentialAction\":[{\"@type\":\"ReadAction\",\"target\":[\"https:\/\/demoweb.info\/sexshop001\/producto\/dirty-talk-interactive-titty-fuck-her-con-voz\/\"]}]},{\"@type\":\"BreadcrumbList\",\"@id\":\"https:\/\/demoweb.info\/sexshop001\/producto\/dirty-talk-interactive-titty-fuck-her-con-voz\/#breadcrumb\",\"itemListElement\":[{\"@type\":\"ListItem\",\"position\":1,\"name\":\"Portada\",\"item\":\"https:\/\/demoweb.info\/sexshop001\/\"},{\"@type\":\"ListItem\",\"position\":2,\"name\":\"Tienda\",\"item\":\"https:\/\/demoweb.info\/sexshop001\/tienda\/\"},{\"@type\":\"ListItem\",\"position\":3,\"name\":\"DIRTY TALK INTERACTIVE TITTY FUCK-HER &#8211; CON VOZ\"}]},{\"@type\":\"WebSite\",\"@id\":\"https:\/\/demoweb.info\/sexshop001\/#website\",\"url\":\"https:\/\/demoweb.info\/sexshop001\/\",\"name\":\"Tienda Er\u00f3tica\",\"description\":\"DEMOWEB SL\",\"potentialAction\":[{\"@type\":\"SearchAction\",\"target\":{\"@type\":\"EntryPoint\",\"urlTemplate\":\"https:\/\/demoweb.info\/sexshop001\/?s={search_term_string}\"},\"query-input\":\"required name=search_term_string\"}],\"inLanguage\":\"es\"}]}<\/script>\n<!-- \/ Yoast SEO plugin. -->","yoast_head_json":{"title":"DIRTY TALK INTERACTIVE TITTY FUCK-HER - CON VOZ - Tienda Er\u00f3tica","robots":{"index":"noindex","follow":"follow","max-snippet":"max-snippet:-1","max-image-preview":"max-image-preview:large","max-video-preview":"max-video-preview:-1"},"og_locale":"es_ES","og_type":"article","og_title":"DIRTY TALK INTERACTIVE TITTY FUCK-HER - CON VOZ - Tienda Er\u00f3tica","og_description":"DIRTY TALK INTERACTIVE TITTY FUCK-HER Presentamos la serie Dirty Talk de los masturbadores Fuck Me Silly, los primeros amigos de","og_url":"https:\/\/demoweb.info\/sexshop001\/producto\/dirty-talk-interactive-titty-fuck-her-con-voz\/","og_site_name":"Tienda Er\u00f3tica","article_modified_time":"2022-01-22T16:09:21+00:00","og_image":[{"width":550,"height":550,"url":"https:\/\/demoweb.info\/sexshop001\/wp-content\/uploads\/2022\/01\/DIRTY-TALK-INTERACTIVE-TITTY-FUCK-HER-CON-VOZ.jpg","type":"image\/jpeg"}],"twitter_card":"summary_large_image","twitter_misc":{"Tiempo de lectura":"2 minutos"},"schema":{"@context":"https:\/\/schema.org","@graph":[{"@type":"WebPage","@id":"https:\/\/demoweb.info\/sexshop001\/producto\/dirty-talk-interactive-titty-fuck-her-con-voz\/","url":"https:\/\/demoweb.info\/sexshop001\/producto\/dirty-talk-interactive-titty-fuck-her-con-voz\/","name":"DIRTY TALK INTERACTIVE TITTY FUCK-HER - CON VOZ - Tienda Er\u00f3tica","isPartOf":{"@id":"https:\/\/demoweb.info\/sexshop001\/#website"},"datePublished":"2022-01-22T16:09:18+00:00","dateModified":"2022-01-22T16:09:21+00:00","breadcrumb":{"@id":"https:\/\/demoweb.info\/sexshop001\/producto\/dirty-talk-interactive-titty-fuck-her-con-voz\/#breadcrumb"},"inLanguage":"es","potentialAction":[{"@type":"ReadAction","target":["https:\/\/demoweb.info\/sexshop001\/producto\/dirty-talk-interactive-titty-fuck-her-con-voz\/"]}]},{"@type":"BreadcrumbList","@id":"https:\/\/demoweb.info\/sexshop001\/producto\/dirty-talk-interactive-titty-fuck-her-con-voz\/#breadcrumb","itemListElement":[{"@type":"ListItem","position":1,"name":"Portada","item":"https:\/\/demoweb.info\/sexshop001\/"},{"@type":"ListItem","position":2,"name":"Tienda","item":"https:\/\/demoweb.info\/sexshop001\/tienda\/"},{"@type":"ListItem","position":3,"name":"DIRTY TALK INTERACTIVE TITTY FUCK-HER &#8211; CON VOZ"}]},{"@type":"WebSite","@id":"https:\/\/demoweb.info\/sexshop001\/#website","url":"https:\/\/demoweb.info\/sexshop001\/","name":"Tienda Er\u00f3tica","description":"DEMOWEB SL","potentialAction":[{"@type":"SearchAction","target":{"@type":"EntryPoint","urlTemplate":"https:\/\/demoweb.info\/sexshop001\/?s={search_term_string}"},"query-input":"required name=search_term_string"}],"inLanguage":"es"}]}},"_links":{"self":[{"href":"https:\/\/demoweb.info\/sexshop001\/wp-json\/wp\/v3\/product\/56016","targetHints":{"allow":["GET"]}}],"collection":[{"href":"https:\/\/demoweb.info\/sexshop001\/wp-json\/wp\/v3\/product"}],"about":[{"href":"https:\/\/demoweb.info\/sexshop001\/wp-json\/wp\/v2\/types\/product"}],"replies":[{"embeddable":true,"href":"https:\/\/demoweb.info\/sexshop001\/wp-json\/wp\/v2\/comments?post=56016"}],"wp:featuredmedia":[{"embeddable":true,"href":"https:\/\/demoweb.info\/sexshop001\/wp-json\/wp\/v2\/media\/56017"}],"wp:attachment":[{"href":"https:\/\/demoweb.info\/sexshop001\/wp-json\/wp\/v2\/media?parent=56016"}],"wp:term":[{"taxonomy":"product_cat","embeddable":true,"href":"https:\/\/demoweb.info\/sexshop001\/wp-json\/wp\/v2\/product_cat?post=56016"},{"taxonomy":"product_tag","embeddable":true,"href":"https:\/\/demoweb.info\/sexshop001\/wp-json\/wp\/v2\/product_tag?post=56016"}],"curies":[{"name":"wp","href":"https:\/\/api.w.org\/{rel}","templated":true}]}}