{"id":55988,"date":"2022-01-22T17:08:53","date_gmt":"2022-01-22T16:08:53","guid":{"rendered":"https:\/\/demoweb.info\/sexshop001\/producto\/roto-suck-her-vibrador-con-succion\/"},"modified":"2022-01-22T17:09:00","modified_gmt":"2022-01-22T16:09:00","slug":"roto-suck-her-vibrador-con-succion","status":"publish","type":"product","link":"https:\/\/demoweb.info\/sexshop001\/producto\/roto-suck-her-vibrador-con-succion\/","title":{"rendered":"ROTO SUCK-HER VIBRADOR CON SUCCI\u00d3N"},"content":{"rendered":"<p><strong>VIBRATING ROTO SUCK-HER<\/strong><\/p>\n<p>El estimulador de succi\u00f3n Roto Suck-her de silicona y con emocionantes vibraciones, est\u00e1 especialmente dise\u00f1ado para ELLAS.<\/p>\n<p>Coloca la hendidura entre tus piernas con su suave ventosa de silicona Elite. Gira la copa hasta que est\u00e9 firmemente colocada contra la piel de tu zona m\u00e1s sensible. Cuando presiones suavemente el bot\u00f3n &#39;S&#39;, una succi\u00f3n tirar\u00e1 de ti y provocar\u00e1 una oleada de placer en tus labios m\u00e1s \u00edntimos. Presiona el bot\u00f3n &#39;R&#39; para liberar la succi\u00f3n y presionando &#39;R&#39; una y otra vez mientras estimular\u00e1s el cl\u00edtoris de forma continuada.<\/p>\n<p>Funciona con 2 pilas AAA, no incluidas.<\/p>\n<p>Longitud: 24,9 cm<\/p>\n","protected":false},"excerpt":{"rendered":"<p>VIBRATING ROTO SUCK-HER El estimulador de succi\u00f3n Roto Suck-her de silicona y con emocionantes vibraciones, est\u00e1 especialmente dise\u00f1ado para ELLAS.<\/p>\n","protected":false},"featured_media":55989,"comment_status":"open","ping_status":"open","template":"","meta":[],"product_cat":[405],"product_tag":[486,259],"class_list":["post-55988","product","type-product","status-publish","has-post-thumbnail","hentry","product_cat-succionadores","product_tag-fantasy-for-her","product_tag-pipedream"],"bundled_by":[],"bundle_stock_status":"instock","bundle_stock_quantity":1,"bundle_virtual":false,"bundle_layout":"","bundle_add_to_cart_form_location":"","bundle_editable_in_cart":false,"bundle_sold_individually_context":"","bundle_item_grouping":"","bundle_min_size":"","bundle_max_size":"","bundled_items":[],"yoast_head":"<!-- This site is optimized with the Yoast SEO plugin v20.6 - https:\/\/yoast.com\/wordpress\/plugins\/seo\/ -->\n<title>ROTO SUCK-HER VIBRADOR CON SUCCI\u00d3N - Tienda Er\u00f3tica<\/title>\n<meta name=\"robots\" content=\"noindex, follow, max-snippet:-1, max-image-preview:large, max-video-preview:-1\" \/>\n<meta property=\"og:locale\" content=\"es_ES\" \/>\n<meta property=\"og:type\" content=\"article\" \/>\n<meta property=\"og:title\" content=\"ROTO SUCK-HER VIBRADOR CON SUCCI\u00d3N - Tienda Er\u00f3tica\" \/>\n<meta property=\"og:description\" content=\"VIBRATING ROTO SUCK-HER El estimulador de succi\u00f3n Roto Suck-her de silicona y con emocionantes vibraciones, est\u00e1 especialmente dise\u00f1ado para ELLAS.\" \/>\n<meta property=\"og:url\" content=\"https:\/\/demoweb.info\/sexshop001\/producto\/roto-suck-her-vibrador-con-succion\/\" \/>\n<meta property=\"og:site_name\" content=\"Tienda Er\u00f3tica\" \/>\n<meta property=\"article:modified_time\" content=\"2022-01-22T16:09:00+00:00\" \/>\n<meta property=\"og:image\" content=\"https:\/\/demoweb.info\/sexshop001\/wp-content\/uploads\/2022\/01\/ROTO-SUCK-HER-VIBRADOR-CON-SUCCION.jpg\" \/>\n\t<meta property=\"og:image:width\" content=\"550\" \/>\n\t<meta property=\"og:image:height\" content=\"550\" \/>\n\t<meta property=\"og:image:type\" content=\"image\/jpeg\" \/>\n<meta name=\"twitter:card\" content=\"summary_large_image\" \/>\n<meta name=\"twitter:label1\" content=\"Tiempo de lectura\" \/>\n\t<meta name=\"twitter:data1\" content=\"1 minuto\" \/>\n<script type=\"application\/ld+json\" class=\"yoast-schema-graph\">{\"@context\":\"https:\/\/schema.org\",\"@graph\":[{\"@type\":\"WebPage\",\"@id\":\"https:\/\/demoweb.info\/sexshop001\/producto\/roto-suck-her-vibrador-con-succion\/\",\"url\":\"https:\/\/demoweb.info\/sexshop001\/producto\/roto-suck-her-vibrador-con-succion\/\",\"name\":\"ROTO SUCK-HER VIBRADOR CON SUCCI\u00d3N - Tienda Er\u00f3tica\",\"isPartOf\":{\"@id\":\"https:\/\/demoweb.info\/sexshop001\/#website\"},\"datePublished\":\"2022-01-22T16:08:53+00:00\",\"dateModified\":\"2022-01-22T16:09:00+00:00\",\"breadcrumb\":{\"@id\":\"https:\/\/demoweb.info\/sexshop001\/producto\/roto-suck-her-vibrador-con-succion\/#breadcrumb\"},\"inLanguage\":\"es\",\"potentialAction\":[{\"@type\":\"ReadAction\",\"target\":[\"https:\/\/demoweb.info\/sexshop001\/producto\/roto-suck-her-vibrador-con-succion\/\"]}]},{\"@type\":\"BreadcrumbList\",\"@id\":\"https:\/\/demoweb.info\/sexshop001\/producto\/roto-suck-her-vibrador-con-succion\/#breadcrumb\",\"itemListElement\":[{\"@type\":\"ListItem\",\"position\":1,\"name\":\"Portada\",\"item\":\"https:\/\/demoweb.info\/sexshop001\/\"},{\"@type\":\"ListItem\",\"position\":2,\"name\":\"Tienda\",\"item\":\"https:\/\/demoweb.info\/sexshop001\/tienda\/\"},{\"@type\":\"ListItem\",\"position\":3,\"name\":\"ROTO SUCK-HER VIBRADOR CON SUCCI\u00d3N\"}]},{\"@type\":\"WebSite\",\"@id\":\"https:\/\/demoweb.info\/sexshop001\/#website\",\"url\":\"https:\/\/demoweb.info\/sexshop001\/\",\"name\":\"Tienda Er\u00f3tica\",\"description\":\"DEMOWEB SL\",\"potentialAction\":[{\"@type\":\"SearchAction\",\"target\":{\"@type\":\"EntryPoint\",\"urlTemplate\":\"https:\/\/demoweb.info\/sexshop001\/?s={search_term_string}\"},\"query-input\":\"required name=search_term_string\"}],\"inLanguage\":\"es\"}]}<\/script>\n<!-- \/ Yoast SEO plugin. -->","yoast_head_json":{"title":"ROTO SUCK-HER VIBRADOR CON SUCCI\u00d3N - Tienda Er\u00f3tica","robots":{"index":"noindex","follow":"follow","max-snippet":"max-snippet:-1","max-image-preview":"max-image-preview:large","max-video-preview":"max-video-preview:-1"},"og_locale":"es_ES","og_type":"article","og_title":"ROTO SUCK-HER VIBRADOR CON SUCCI\u00d3N - Tienda Er\u00f3tica","og_description":"VIBRATING ROTO SUCK-HER El estimulador de succi\u00f3n Roto Suck-her de silicona y con emocionantes vibraciones, est\u00e1 especialmente dise\u00f1ado para ELLAS.","og_url":"https:\/\/demoweb.info\/sexshop001\/producto\/roto-suck-her-vibrador-con-succion\/","og_site_name":"Tienda Er\u00f3tica","article_modified_time":"2022-01-22T16:09:00+00:00","og_image":[{"width":550,"height":550,"url":"https:\/\/demoweb.info\/sexshop001\/wp-content\/uploads\/2022\/01\/ROTO-SUCK-HER-VIBRADOR-CON-SUCCION.jpg","type":"image\/jpeg"}],"twitter_card":"summary_large_image","twitter_misc":{"Tiempo de lectura":"1 minuto"},"schema":{"@context":"https:\/\/schema.org","@graph":[{"@type":"WebPage","@id":"https:\/\/demoweb.info\/sexshop001\/producto\/roto-suck-her-vibrador-con-succion\/","url":"https:\/\/demoweb.info\/sexshop001\/producto\/roto-suck-her-vibrador-con-succion\/","name":"ROTO SUCK-HER VIBRADOR CON SUCCI\u00d3N - Tienda Er\u00f3tica","isPartOf":{"@id":"https:\/\/demoweb.info\/sexshop001\/#website"},"datePublished":"2022-01-22T16:08:53+00:00","dateModified":"2022-01-22T16:09:00+00:00","breadcrumb":{"@id":"https:\/\/demoweb.info\/sexshop001\/producto\/roto-suck-her-vibrador-con-succion\/#breadcrumb"},"inLanguage":"es","potentialAction":[{"@type":"ReadAction","target":["https:\/\/demoweb.info\/sexshop001\/producto\/roto-suck-her-vibrador-con-succion\/"]}]},{"@type":"BreadcrumbList","@id":"https:\/\/demoweb.info\/sexshop001\/producto\/roto-suck-her-vibrador-con-succion\/#breadcrumb","itemListElement":[{"@type":"ListItem","position":1,"name":"Portada","item":"https:\/\/demoweb.info\/sexshop001\/"},{"@type":"ListItem","position":2,"name":"Tienda","item":"https:\/\/demoweb.info\/sexshop001\/tienda\/"},{"@type":"ListItem","position":3,"name":"ROTO SUCK-HER VIBRADOR CON SUCCI\u00d3N"}]},{"@type":"WebSite","@id":"https:\/\/demoweb.info\/sexshop001\/#website","url":"https:\/\/demoweb.info\/sexshop001\/","name":"Tienda Er\u00f3tica","description":"DEMOWEB SL","potentialAction":[{"@type":"SearchAction","target":{"@type":"EntryPoint","urlTemplate":"https:\/\/demoweb.info\/sexshop001\/?s={search_term_string}"},"query-input":"required name=search_term_string"}],"inLanguage":"es"}]}},"_links":{"self":[{"href":"https:\/\/demoweb.info\/sexshop001\/wp-json\/wp\/v3\/product\/55988","targetHints":{"allow":["GET"]}}],"collection":[{"href":"https:\/\/demoweb.info\/sexshop001\/wp-json\/wp\/v3\/product"}],"about":[{"href":"https:\/\/demoweb.info\/sexshop001\/wp-json\/wp\/v2\/types\/product"}],"replies":[{"embeddable":true,"href":"https:\/\/demoweb.info\/sexshop001\/wp-json\/wp\/v2\/comments?post=55988"}],"wp:featuredmedia":[{"embeddable":true,"href":"https:\/\/demoweb.info\/sexshop001\/wp-json\/wp\/v2\/media\/55989"}],"wp:attachment":[{"href":"https:\/\/demoweb.info\/sexshop001\/wp-json\/wp\/v2\/media?parent=55988"}],"wp:term":[{"taxonomy":"product_cat","embeddable":true,"href":"https:\/\/demoweb.info\/sexshop001\/wp-json\/wp\/v2\/product_cat?post=55988"},{"taxonomy":"product_tag","embeddable":true,"href":"https:\/\/demoweb.info\/sexshop001\/wp-json\/wp\/v2\/product_tag?post=55988"}],"curies":[{"name":"wp","href":"https:\/\/api.w.org\/{rel}","templated":true}]}}