{"id":55850,"date":"2022-01-22T17:07:18","date_gmt":"2022-01-22T16:07:18","guid":{"rendered":"https:\/\/demoweb.info\/sexshop001\/producto\/silo-gentlemans-butt-plug-negro\/"},"modified":"2022-01-22T17:07:22","modified_gmt":"2022-01-22T16:07:22","slug":"silo-gentlemans-butt-plug-negro","status":"publish","type":"product","link":"https:\/\/demoweb.info\/sexshop001\/producto\/silo-gentlemans-butt-plug-negro\/","title":{"rendered":"SILO GENTLEMANS BUTT PLUG &#8211; NEGRO"},"content":{"rendered":"<p><strong>SILO GENTLEMAN&#39;S BUTT PLUG <\/strong><\/p>\n<p>Silo es un plug estimulador de pr\u00f3stata de silicona bellamente dise\u00f1ado. Simple en forma pero \u00a1muy efectivo!.<\/p>\n<p>El juguete Nexus Silo ha sido dise\u00f1ado para masajear el punto G masculino mientras proporciona estimulaci\u00f3n externa simult\u00e1nea, lo que resulta en orgasmos deliciosamente prolongados.<\/p>\n<p>La forma \u00fanica es f\u00e1cil de insertar y el lujoso material de silicona suave proporciona un ajuste seguro y c\u00f3modo.<\/p>\n<p>Hecho de silicona suave libre de ftalatos, lo que facilita la limpieza. El Silo es 100% resistente al agua y solo debe usarse con lubricantes a base de agua.<\/p>\n<p>Medidas:<\/p>\n<ul>\n<li>Longitud del eje: 9.3 cm<\/li>\n<li>Circunferencia del eje: 4.3 cm <\/li>\n<\/ul>\n","protected":false},"excerpt":{"rendered":"<p>SILO GENTLEMAN&#39;S BUTT PLUG Silo es un plug estimulador de pr\u00f3stata de silicona bellamente dise\u00f1ado. Simple en forma pero \u00a1muy<\/p>\n","protected":false},"featured_media":55851,"comment_status":"open","ping_status":"open","template":"","meta":[],"product_cat":[338],"product_tag":[296],"class_list":["post-55850","product","type-product","status-publish","has-post-thumbnail","hentry","product_cat-silicona-plugs","product_tag-nexus"],"bundled_by":[],"bundle_stock_status":"instock","bundle_stock_quantity":1,"bundle_virtual":false,"bundle_layout":"","bundle_add_to_cart_form_location":"","bundle_editable_in_cart":false,"bundle_sold_individually_context":"","bundle_item_grouping":"","bundle_min_size":"","bundle_max_size":"","bundled_items":[],"yoast_head":"<!-- This site is optimized with the Yoast SEO plugin v20.6 - https:\/\/yoast.com\/wordpress\/plugins\/seo\/ -->\n<title>SILO GENTLEMANS BUTT PLUG - NEGRO - Tienda Er\u00f3tica<\/title>\n<meta name=\"robots\" content=\"noindex, follow, max-snippet:-1, max-image-preview:large, max-video-preview:-1\" \/>\n<meta property=\"og:locale\" content=\"es_ES\" \/>\n<meta property=\"og:type\" content=\"article\" \/>\n<meta property=\"og:title\" content=\"SILO GENTLEMANS BUTT PLUG - NEGRO - Tienda Er\u00f3tica\" \/>\n<meta property=\"og:description\" content=\"SILO GENTLEMAN&#039;S BUTT PLUG Silo es un plug estimulador de pr\u00f3stata de silicona bellamente dise\u00f1ado. Simple en forma pero \u00a1muy\" \/>\n<meta property=\"og:url\" content=\"https:\/\/demoweb.info\/sexshop001\/producto\/silo-gentlemans-butt-plug-negro\/\" \/>\n<meta property=\"og:site_name\" content=\"Tienda Er\u00f3tica\" \/>\n<meta property=\"article:modified_time\" content=\"2022-01-22T16:07:22+00:00\" \/>\n<meta property=\"og:image\" content=\"https:\/\/demoweb.info\/sexshop001\/wp-content\/uploads\/2022\/01\/SILO-GENTLEMANS-BUTT-PLUG-NEGRO.jpg\" \/>\n\t<meta property=\"og:image:width\" content=\"550\" \/>\n\t<meta property=\"og:image:height\" content=\"550\" \/>\n\t<meta property=\"og:image:type\" content=\"image\/jpeg\" \/>\n<meta name=\"twitter:card\" content=\"summary_large_image\" \/>\n<meta name=\"twitter:label1\" content=\"Tiempo de lectura\" \/>\n\t<meta name=\"twitter:data1\" content=\"1 minuto\" \/>\n<script type=\"application\/ld+json\" class=\"yoast-schema-graph\">{\"@context\":\"https:\/\/schema.org\",\"@graph\":[{\"@type\":\"WebPage\",\"@id\":\"https:\/\/demoweb.info\/sexshop001\/producto\/silo-gentlemans-butt-plug-negro\/\",\"url\":\"https:\/\/demoweb.info\/sexshop001\/producto\/silo-gentlemans-butt-plug-negro\/\",\"name\":\"SILO GENTLEMANS BUTT PLUG - NEGRO - Tienda Er\u00f3tica\",\"isPartOf\":{\"@id\":\"https:\/\/demoweb.info\/sexshop001\/#website\"},\"datePublished\":\"2022-01-22T16:07:18+00:00\",\"dateModified\":\"2022-01-22T16:07:22+00:00\",\"breadcrumb\":{\"@id\":\"https:\/\/demoweb.info\/sexshop001\/producto\/silo-gentlemans-butt-plug-negro\/#breadcrumb\"},\"inLanguage\":\"es\",\"potentialAction\":[{\"@type\":\"ReadAction\",\"target\":[\"https:\/\/demoweb.info\/sexshop001\/producto\/silo-gentlemans-butt-plug-negro\/\"]}]},{\"@type\":\"BreadcrumbList\",\"@id\":\"https:\/\/demoweb.info\/sexshop001\/producto\/silo-gentlemans-butt-plug-negro\/#breadcrumb\",\"itemListElement\":[{\"@type\":\"ListItem\",\"position\":1,\"name\":\"Portada\",\"item\":\"https:\/\/demoweb.info\/sexshop001\/\"},{\"@type\":\"ListItem\",\"position\":2,\"name\":\"Tienda\",\"item\":\"https:\/\/demoweb.info\/sexshop001\/tienda\/\"},{\"@type\":\"ListItem\",\"position\":3,\"name\":\"SILO GENTLEMANS BUTT PLUG &#8211; NEGRO\"}]},{\"@type\":\"WebSite\",\"@id\":\"https:\/\/demoweb.info\/sexshop001\/#website\",\"url\":\"https:\/\/demoweb.info\/sexshop001\/\",\"name\":\"Tienda Er\u00f3tica\",\"description\":\"DEMOWEB SL\",\"potentialAction\":[{\"@type\":\"SearchAction\",\"target\":{\"@type\":\"EntryPoint\",\"urlTemplate\":\"https:\/\/demoweb.info\/sexshop001\/?s={search_term_string}\"},\"query-input\":\"required name=search_term_string\"}],\"inLanguage\":\"es\"}]}<\/script>\n<!-- \/ Yoast SEO plugin. -->","yoast_head_json":{"title":"SILO GENTLEMANS BUTT PLUG - NEGRO - Tienda Er\u00f3tica","robots":{"index":"noindex","follow":"follow","max-snippet":"max-snippet:-1","max-image-preview":"max-image-preview:large","max-video-preview":"max-video-preview:-1"},"og_locale":"es_ES","og_type":"article","og_title":"SILO GENTLEMANS BUTT PLUG - NEGRO - Tienda Er\u00f3tica","og_description":"SILO GENTLEMAN&#39;S BUTT PLUG Silo es un plug estimulador de pr\u00f3stata de silicona bellamente dise\u00f1ado. Simple en forma pero \u00a1muy","og_url":"https:\/\/demoweb.info\/sexshop001\/producto\/silo-gentlemans-butt-plug-negro\/","og_site_name":"Tienda Er\u00f3tica","article_modified_time":"2022-01-22T16:07:22+00:00","og_image":[{"width":550,"height":550,"url":"https:\/\/demoweb.info\/sexshop001\/wp-content\/uploads\/2022\/01\/SILO-GENTLEMANS-BUTT-PLUG-NEGRO.jpg","type":"image\/jpeg"}],"twitter_card":"summary_large_image","twitter_misc":{"Tiempo de lectura":"1 minuto"},"schema":{"@context":"https:\/\/schema.org","@graph":[{"@type":"WebPage","@id":"https:\/\/demoweb.info\/sexshop001\/producto\/silo-gentlemans-butt-plug-negro\/","url":"https:\/\/demoweb.info\/sexshop001\/producto\/silo-gentlemans-butt-plug-negro\/","name":"SILO GENTLEMANS BUTT PLUG - NEGRO - Tienda Er\u00f3tica","isPartOf":{"@id":"https:\/\/demoweb.info\/sexshop001\/#website"},"datePublished":"2022-01-22T16:07:18+00:00","dateModified":"2022-01-22T16:07:22+00:00","breadcrumb":{"@id":"https:\/\/demoweb.info\/sexshop001\/producto\/silo-gentlemans-butt-plug-negro\/#breadcrumb"},"inLanguage":"es","potentialAction":[{"@type":"ReadAction","target":["https:\/\/demoweb.info\/sexshop001\/producto\/silo-gentlemans-butt-plug-negro\/"]}]},{"@type":"BreadcrumbList","@id":"https:\/\/demoweb.info\/sexshop001\/producto\/silo-gentlemans-butt-plug-negro\/#breadcrumb","itemListElement":[{"@type":"ListItem","position":1,"name":"Portada","item":"https:\/\/demoweb.info\/sexshop001\/"},{"@type":"ListItem","position":2,"name":"Tienda","item":"https:\/\/demoweb.info\/sexshop001\/tienda\/"},{"@type":"ListItem","position":3,"name":"SILO GENTLEMANS BUTT PLUG &#8211; NEGRO"}]},{"@type":"WebSite","@id":"https:\/\/demoweb.info\/sexshop001\/#website","url":"https:\/\/demoweb.info\/sexshop001\/","name":"Tienda Er\u00f3tica","description":"DEMOWEB SL","potentialAction":[{"@type":"SearchAction","target":{"@type":"EntryPoint","urlTemplate":"https:\/\/demoweb.info\/sexshop001\/?s={search_term_string}"},"query-input":"required name=search_term_string"}],"inLanguage":"es"}]}},"_links":{"self":[{"href":"https:\/\/demoweb.info\/sexshop001\/wp-json\/wp\/v3\/product\/55850","targetHints":{"allow":["GET"]}}],"collection":[{"href":"https:\/\/demoweb.info\/sexshop001\/wp-json\/wp\/v3\/product"}],"about":[{"href":"https:\/\/demoweb.info\/sexshop001\/wp-json\/wp\/v2\/types\/product"}],"replies":[{"embeddable":true,"href":"https:\/\/demoweb.info\/sexshop001\/wp-json\/wp\/v2\/comments?post=55850"}],"wp:featuredmedia":[{"embeddable":true,"href":"https:\/\/demoweb.info\/sexshop001\/wp-json\/wp\/v2\/media\/55851"}],"wp:attachment":[{"href":"https:\/\/demoweb.info\/sexshop001\/wp-json\/wp\/v2\/media?parent=55850"}],"wp:term":[{"taxonomy":"product_cat","embeddable":true,"href":"https:\/\/demoweb.info\/sexshop001\/wp-json\/wp\/v2\/product_cat?post=55850"},{"taxonomy":"product_tag","embeddable":true,"href":"https:\/\/demoweb.info\/sexshop001\/wp-json\/wp\/v2\/product_tag?post=55850"}],"curies":[{"name":"wp","href":"https:\/\/api.w.org\/{rel}","templated":true}]}}