{"id":55821,"date":"2022-01-22T17:06:57","date_gmt":"2022-01-22T16:06:57","guid":{"rendered":"https:\/\/demoweb.info\/sexshop001\/producto\/excel-masajeador-de-prostata-negro\/"},"modified":"2022-01-22T17:07:02","modified_gmt":"2022-01-22T16:07:02","slug":"excel-masajeador-de-prostata-negro","status":"publish","type":"product","link":"https:\/\/demoweb.info\/sexshop001\/producto\/excel-masajeador-de-prostata-negro\/","title":{"rendered":"EXCEL MASAJEADOR DE PR\u00d3STATA &#8211; NEGRO"},"content":{"rendered":"<p><strong>EXCEL PROSTATE MASSAGER<\/strong><\/p>\n<p>Irresistiblemente grueso y duro, el galardonado Nexus Excel proporciona un ajuste impresionante en los contornos internos del cuerpo de un hombre, perfecto para dar un fuerte masaje directo a la pr\u00f3stata.<\/p>\n<p>El material suave y duradero combinado con el masajeador de perineo de rodillo de acero inoxidable y el mango externo hacen que Excel sea agradable y f\u00e1cil de usar. El Nexus Excel est\u00e1 hecho de polipropileno, un pl\u00e1stico no t\u00f3xico que no es poroso, liso y r\u00edgido.<\/p>\n<p>Es 100% resistente al agua y se puede usar con lubricantes de agua y silicona.<\/p>\n<p>Medidas:<\/p>\n<ul>\n<li>Longitud del eje: 10 cm<\/li>\n<li>Circunferencia del eje: 1.09 cm<\/li>\n<\/ul>\n<p>Ten en cuenta que el eje de Excel es bastante grande y, por lo tanto, puede no ser adecuado como introducci\u00f3n al masaje de pr\u00f3stata. Retira la bola de rodillo de acero inoxidable y reemplaza con los accesorios Nexus iStim (se venden por separado), con\u00e9ctalo a tu sistema ElectroSex y \u00a1convierte Nexus Excel en dinamita sexual pura! <\/p>\n","protected":false},"excerpt":{"rendered":"<p>EXCEL PROSTATE MASSAGER Irresistiblemente grueso y duro, el galardonado Nexus Excel proporciona un ajuste impresionante en los contornos internos del<\/p>\n","protected":false},"featured_media":55822,"comment_status":"open","ping_status":"open","template":"","meta":[],"product_cat":[439],"product_tag":[296],"class_list":["post-55821","product","type-product","status-publish","has-post-thumbnail","hentry","product_cat-punto-p-plugs","product_tag-nexus"],"bundled_by":[],"bundle_stock_status":"instock","bundle_stock_quantity":2,"bundle_virtual":false,"bundle_layout":"","bundle_add_to_cart_form_location":"","bundle_editable_in_cart":false,"bundle_sold_individually_context":"","bundle_item_grouping":"","bundle_min_size":"","bundle_max_size":"","bundled_items":[],"yoast_head":"<!-- This site is optimized with the Yoast SEO plugin v20.6 - https:\/\/yoast.com\/wordpress\/plugins\/seo\/ -->\n<title>EXCEL MASAJEADOR DE PR\u00d3STATA - NEGRO - Tienda Er\u00f3tica<\/title>\n<meta name=\"robots\" content=\"noindex, follow, max-snippet:-1, max-image-preview:large, max-video-preview:-1\" \/>\n<meta property=\"og:locale\" content=\"es_ES\" \/>\n<meta property=\"og:type\" content=\"article\" \/>\n<meta property=\"og:title\" content=\"EXCEL MASAJEADOR DE PR\u00d3STATA - NEGRO - Tienda Er\u00f3tica\" \/>\n<meta property=\"og:description\" content=\"EXCEL PROSTATE MASSAGER Irresistiblemente grueso y duro, el galardonado Nexus Excel proporciona un ajuste impresionante en los contornos internos del\" \/>\n<meta property=\"og:url\" content=\"https:\/\/demoweb.info\/sexshop001\/producto\/excel-masajeador-de-prostata-negro\/\" \/>\n<meta property=\"og:site_name\" content=\"Tienda Er\u00f3tica\" \/>\n<meta property=\"article:modified_time\" content=\"2022-01-22T16:07:02+00:00\" \/>\n<meta property=\"og:image\" content=\"https:\/\/demoweb.info\/sexshop001\/wp-content\/uploads\/2022\/01\/EXCEL-MASAJEADOR-DE-PROSTATA-NEGRO.jpg\" \/>\n\t<meta property=\"og:image:width\" content=\"550\" \/>\n\t<meta property=\"og:image:height\" content=\"550\" \/>\n\t<meta property=\"og:image:type\" content=\"image\/jpeg\" \/>\n<meta name=\"twitter:card\" content=\"summary_large_image\" \/>\n<meta name=\"twitter:label1\" content=\"Tiempo de lectura\" \/>\n\t<meta name=\"twitter:data1\" content=\"1 minuto\" \/>\n<script type=\"application\/ld+json\" class=\"yoast-schema-graph\">{\"@context\":\"https:\/\/schema.org\",\"@graph\":[{\"@type\":\"WebPage\",\"@id\":\"https:\/\/demoweb.info\/sexshop001\/producto\/excel-masajeador-de-prostata-negro\/\",\"url\":\"https:\/\/demoweb.info\/sexshop001\/producto\/excel-masajeador-de-prostata-negro\/\",\"name\":\"EXCEL MASAJEADOR DE PR\u00d3STATA - NEGRO - Tienda Er\u00f3tica\",\"isPartOf\":{\"@id\":\"https:\/\/demoweb.info\/sexshop001\/#website\"},\"datePublished\":\"2022-01-22T16:06:57+00:00\",\"dateModified\":\"2022-01-22T16:07:02+00:00\",\"breadcrumb\":{\"@id\":\"https:\/\/demoweb.info\/sexshop001\/producto\/excel-masajeador-de-prostata-negro\/#breadcrumb\"},\"inLanguage\":\"es\",\"potentialAction\":[{\"@type\":\"ReadAction\",\"target\":[\"https:\/\/demoweb.info\/sexshop001\/producto\/excel-masajeador-de-prostata-negro\/\"]}]},{\"@type\":\"BreadcrumbList\",\"@id\":\"https:\/\/demoweb.info\/sexshop001\/producto\/excel-masajeador-de-prostata-negro\/#breadcrumb\",\"itemListElement\":[{\"@type\":\"ListItem\",\"position\":1,\"name\":\"Portada\",\"item\":\"https:\/\/demoweb.info\/sexshop001\/\"},{\"@type\":\"ListItem\",\"position\":2,\"name\":\"Tienda\",\"item\":\"https:\/\/demoweb.info\/sexshop001\/tienda\/\"},{\"@type\":\"ListItem\",\"position\":3,\"name\":\"EXCEL MASAJEADOR DE PR\u00d3STATA &#8211; NEGRO\"}]},{\"@type\":\"WebSite\",\"@id\":\"https:\/\/demoweb.info\/sexshop001\/#website\",\"url\":\"https:\/\/demoweb.info\/sexshop001\/\",\"name\":\"Tienda Er\u00f3tica\",\"description\":\"DEMOWEB SL\",\"potentialAction\":[{\"@type\":\"SearchAction\",\"target\":{\"@type\":\"EntryPoint\",\"urlTemplate\":\"https:\/\/demoweb.info\/sexshop001\/?s={search_term_string}\"},\"query-input\":\"required name=search_term_string\"}],\"inLanguage\":\"es\"}]}<\/script>\n<!-- \/ Yoast SEO plugin. -->","yoast_head_json":{"title":"EXCEL MASAJEADOR DE PR\u00d3STATA - NEGRO - Tienda Er\u00f3tica","robots":{"index":"noindex","follow":"follow","max-snippet":"max-snippet:-1","max-image-preview":"max-image-preview:large","max-video-preview":"max-video-preview:-1"},"og_locale":"es_ES","og_type":"article","og_title":"EXCEL MASAJEADOR DE PR\u00d3STATA - NEGRO - Tienda Er\u00f3tica","og_description":"EXCEL PROSTATE MASSAGER Irresistiblemente grueso y duro, el galardonado Nexus Excel proporciona un ajuste impresionante en los contornos internos del","og_url":"https:\/\/demoweb.info\/sexshop001\/producto\/excel-masajeador-de-prostata-negro\/","og_site_name":"Tienda Er\u00f3tica","article_modified_time":"2022-01-22T16:07:02+00:00","og_image":[{"width":550,"height":550,"url":"https:\/\/demoweb.info\/sexshop001\/wp-content\/uploads\/2022\/01\/EXCEL-MASAJEADOR-DE-PROSTATA-NEGRO.jpg","type":"image\/jpeg"}],"twitter_card":"summary_large_image","twitter_misc":{"Tiempo de lectura":"1 minuto"},"schema":{"@context":"https:\/\/schema.org","@graph":[{"@type":"WebPage","@id":"https:\/\/demoweb.info\/sexshop001\/producto\/excel-masajeador-de-prostata-negro\/","url":"https:\/\/demoweb.info\/sexshop001\/producto\/excel-masajeador-de-prostata-negro\/","name":"EXCEL MASAJEADOR DE PR\u00d3STATA - NEGRO - Tienda Er\u00f3tica","isPartOf":{"@id":"https:\/\/demoweb.info\/sexshop001\/#website"},"datePublished":"2022-01-22T16:06:57+00:00","dateModified":"2022-01-22T16:07:02+00:00","breadcrumb":{"@id":"https:\/\/demoweb.info\/sexshop001\/producto\/excel-masajeador-de-prostata-negro\/#breadcrumb"},"inLanguage":"es","potentialAction":[{"@type":"ReadAction","target":["https:\/\/demoweb.info\/sexshop001\/producto\/excel-masajeador-de-prostata-negro\/"]}]},{"@type":"BreadcrumbList","@id":"https:\/\/demoweb.info\/sexshop001\/producto\/excel-masajeador-de-prostata-negro\/#breadcrumb","itemListElement":[{"@type":"ListItem","position":1,"name":"Portada","item":"https:\/\/demoweb.info\/sexshop001\/"},{"@type":"ListItem","position":2,"name":"Tienda","item":"https:\/\/demoweb.info\/sexshop001\/tienda\/"},{"@type":"ListItem","position":3,"name":"EXCEL MASAJEADOR DE PR\u00d3STATA &#8211; NEGRO"}]},{"@type":"WebSite","@id":"https:\/\/demoweb.info\/sexshop001\/#website","url":"https:\/\/demoweb.info\/sexshop001\/","name":"Tienda Er\u00f3tica","description":"DEMOWEB SL","potentialAction":[{"@type":"SearchAction","target":{"@type":"EntryPoint","urlTemplate":"https:\/\/demoweb.info\/sexshop001\/?s={search_term_string}"},"query-input":"required name=search_term_string"}],"inLanguage":"es"}]}},"_links":{"self":[{"href":"https:\/\/demoweb.info\/sexshop001\/wp-json\/wp\/v3\/product\/55821","targetHints":{"allow":["GET"]}}],"collection":[{"href":"https:\/\/demoweb.info\/sexshop001\/wp-json\/wp\/v3\/product"}],"about":[{"href":"https:\/\/demoweb.info\/sexshop001\/wp-json\/wp\/v2\/types\/product"}],"replies":[{"embeddable":true,"href":"https:\/\/demoweb.info\/sexshop001\/wp-json\/wp\/v2\/comments?post=55821"}],"wp:featuredmedia":[{"embeddable":true,"href":"https:\/\/demoweb.info\/sexshop001\/wp-json\/wp\/v2\/media\/55822"}],"wp:attachment":[{"href":"https:\/\/demoweb.info\/sexshop001\/wp-json\/wp\/v2\/media?parent=55821"}],"wp:term":[{"taxonomy":"product_cat","embeddable":true,"href":"https:\/\/demoweb.info\/sexshop001\/wp-json\/wp\/v2\/product_cat?post=55821"},{"taxonomy":"product_tag","embeddable":true,"href":"https:\/\/demoweb.info\/sexshop001\/wp-json\/wp\/v2\/product_tag?post=55821"}],"curies":[{"name":"wp","href":"https:\/\/api.w.org\/{rel}","templated":true}]}}