{"id":55818,"date":"2022-01-22T17:06:57","date_gmt":"2022-01-22T16:06:57","guid":{"rendered":"https:\/\/demoweb.info\/sexshop001\/producto\/femme-cadence-vibrador-rampante-morado\/"},"modified":"2022-01-22T17:07:01","modified_gmt":"2022-01-22T16:07:01","slug":"femme-cadence-vibrador-rampante-morado","status":"publish","type":"product","link":"https:\/\/demoweb.info\/sexshop001\/producto\/femme-cadence-vibrador-rampante-morado\/","title":{"rendered":"FEMME CADENCE VIBRADOR RAMPANTE &#8211; MORADO"},"content":{"rendered":"<p><strong>FEMME CADENCE VIBRATOR<\/strong><\/p>\n<p>\u00a1Prep\u00e1rate para la intensa estimulaci\u00f3n de G Spot!<\/p>\n<p>Cadence es un lujoso vibrador de conejo G Spot de silicona con una tecnolog\u00eda \u00fanica de &#39;stroker&#39; en la punta del eje.<\/p>\n<p>Disfruta de una selecci\u00f3n de tres vibraciones diferentes, ya que el Stroker masajea suavemente el Punto G, lo que puede promover orgasmos. Cuando se combina con su estimulador de cl\u00edtoris de 6 funciones, brinda sensaciones de<em> lo, med, hi, lo pulse, hi pulso y escalada.<\/em><\/p>\n<p>Cadence viene en una bolsa de cord\u00f3n de terciopelo en una hermosa caja para un f\u00e1cil almacenamiento. Tambi\u00e9n incluye un cargador USB, por lo que no necesita bater\u00edas. Cadence tambi\u00e9n es impermeable. \u00a12 horas de carga dan 4 horas de juego!<\/p>\n<p>Medidas:<\/p>\n<ul>\n<li>Longitud: 23 cm <\/li>\n<li>Circunferencia: 3.5 cm <\/li>\n<li>Longitud insertable: 11.5 cm<\/li>\n<\/ul>\n","protected":false},"excerpt":{"rendered":"<p>FEMME CADENCE VIBRATOR \u00a1Prep\u00e1rate para la intensa estimulaci\u00f3n de G Spot! Cadence es un lujoso vibrador de conejo G Spot<\/p>\n","protected":false},"featured_media":55819,"comment_status":"open","ping_status":"open","template":"","meta":[],"product_cat":[434],"product_tag":[296],"class_list":["post-55818","product","type-product","status-publish","has-post-thumbnail","hentry","product_cat-doble-estimulacion-vibradores-juguetes-xxx","product_tag-nexus"],"bundled_by":[],"bundle_stock_status":"instock","bundle_stock_quantity":1,"bundle_virtual":false,"bundle_layout":"","bundle_add_to_cart_form_location":"","bundle_editable_in_cart":false,"bundle_sold_individually_context":"","bundle_item_grouping":"","bundle_min_size":"","bundle_max_size":"","bundled_items":[],"yoast_head":"<!-- This site is optimized with the Yoast SEO plugin v20.6 - https:\/\/yoast.com\/wordpress\/plugins\/seo\/ -->\n<title>FEMME CADENCE VIBRADOR RAMPANTE - MORADO - Tienda Er\u00f3tica<\/title>\n<meta name=\"robots\" content=\"noindex, follow, max-snippet:-1, max-image-preview:large, max-video-preview:-1\" \/>\n<meta property=\"og:locale\" content=\"es_ES\" \/>\n<meta property=\"og:type\" content=\"article\" \/>\n<meta property=\"og:title\" content=\"FEMME CADENCE VIBRADOR RAMPANTE - MORADO - Tienda Er\u00f3tica\" \/>\n<meta property=\"og:description\" content=\"FEMME CADENCE VIBRATOR \u00a1Prep\u00e1rate para la intensa estimulaci\u00f3n de G Spot! Cadence es un lujoso vibrador de conejo G Spot\" \/>\n<meta property=\"og:url\" content=\"https:\/\/demoweb.info\/sexshop001\/producto\/femme-cadence-vibrador-rampante-morado\/\" \/>\n<meta property=\"og:site_name\" content=\"Tienda Er\u00f3tica\" \/>\n<meta property=\"article:modified_time\" content=\"2022-01-22T16:07:01+00:00\" \/>\n<meta property=\"og:image\" content=\"https:\/\/demoweb.info\/sexshop001\/wp-content\/uploads\/2022\/01\/FEMME-CADENCE-VIBRADOR-RAMPANTE-MORADO.jpg\" \/>\n\t<meta property=\"og:image:width\" content=\"550\" \/>\n\t<meta property=\"og:image:height\" content=\"550\" \/>\n\t<meta property=\"og:image:type\" content=\"image\/jpeg\" \/>\n<meta name=\"twitter:card\" content=\"summary_large_image\" \/>\n<meta name=\"twitter:label1\" content=\"Tiempo de lectura\" \/>\n\t<meta name=\"twitter:data1\" content=\"1 minuto\" \/>\n<script type=\"application\/ld+json\" class=\"yoast-schema-graph\">{\"@context\":\"https:\/\/schema.org\",\"@graph\":[{\"@type\":\"WebPage\",\"@id\":\"https:\/\/demoweb.info\/sexshop001\/producto\/femme-cadence-vibrador-rampante-morado\/\",\"url\":\"https:\/\/demoweb.info\/sexshop001\/producto\/femme-cadence-vibrador-rampante-morado\/\",\"name\":\"FEMME CADENCE VIBRADOR RAMPANTE - MORADO - Tienda Er\u00f3tica\",\"isPartOf\":{\"@id\":\"https:\/\/demoweb.info\/sexshop001\/#website\"},\"datePublished\":\"2022-01-22T16:06:57+00:00\",\"dateModified\":\"2022-01-22T16:07:01+00:00\",\"breadcrumb\":{\"@id\":\"https:\/\/demoweb.info\/sexshop001\/producto\/femme-cadence-vibrador-rampante-morado\/#breadcrumb\"},\"inLanguage\":\"es\",\"potentialAction\":[{\"@type\":\"ReadAction\",\"target\":[\"https:\/\/demoweb.info\/sexshop001\/producto\/femme-cadence-vibrador-rampante-morado\/\"]}]},{\"@type\":\"BreadcrumbList\",\"@id\":\"https:\/\/demoweb.info\/sexshop001\/producto\/femme-cadence-vibrador-rampante-morado\/#breadcrumb\",\"itemListElement\":[{\"@type\":\"ListItem\",\"position\":1,\"name\":\"Portada\",\"item\":\"https:\/\/demoweb.info\/sexshop001\/\"},{\"@type\":\"ListItem\",\"position\":2,\"name\":\"Tienda\",\"item\":\"https:\/\/demoweb.info\/sexshop001\/tienda\/\"},{\"@type\":\"ListItem\",\"position\":3,\"name\":\"FEMME CADENCE VIBRADOR RAMPANTE &#8211; MORADO\"}]},{\"@type\":\"WebSite\",\"@id\":\"https:\/\/demoweb.info\/sexshop001\/#website\",\"url\":\"https:\/\/demoweb.info\/sexshop001\/\",\"name\":\"Tienda Er\u00f3tica\",\"description\":\"DEMOWEB SL\",\"potentialAction\":[{\"@type\":\"SearchAction\",\"target\":{\"@type\":\"EntryPoint\",\"urlTemplate\":\"https:\/\/demoweb.info\/sexshop001\/?s={search_term_string}\"},\"query-input\":\"required name=search_term_string\"}],\"inLanguage\":\"es\"}]}<\/script>\n<!-- \/ Yoast SEO plugin. -->","yoast_head_json":{"title":"FEMME CADENCE VIBRADOR RAMPANTE - MORADO - Tienda Er\u00f3tica","robots":{"index":"noindex","follow":"follow","max-snippet":"max-snippet:-1","max-image-preview":"max-image-preview:large","max-video-preview":"max-video-preview:-1"},"og_locale":"es_ES","og_type":"article","og_title":"FEMME CADENCE VIBRADOR RAMPANTE - MORADO - Tienda Er\u00f3tica","og_description":"FEMME CADENCE VIBRATOR \u00a1Prep\u00e1rate para la intensa estimulaci\u00f3n de G Spot! Cadence es un lujoso vibrador de conejo G Spot","og_url":"https:\/\/demoweb.info\/sexshop001\/producto\/femme-cadence-vibrador-rampante-morado\/","og_site_name":"Tienda Er\u00f3tica","article_modified_time":"2022-01-22T16:07:01+00:00","og_image":[{"width":550,"height":550,"url":"https:\/\/demoweb.info\/sexshop001\/wp-content\/uploads\/2022\/01\/FEMME-CADENCE-VIBRADOR-RAMPANTE-MORADO.jpg","type":"image\/jpeg"}],"twitter_card":"summary_large_image","twitter_misc":{"Tiempo de lectura":"1 minuto"},"schema":{"@context":"https:\/\/schema.org","@graph":[{"@type":"WebPage","@id":"https:\/\/demoweb.info\/sexshop001\/producto\/femme-cadence-vibrador-rampante-morado\/","url":"https:\/\/demoweb.info\/sexshop001\/producto\/femme-cadence-vibrador-rampante-morado\/","name":"FEMME CADENCE VIBRADOR RAMPANTE - MORADO - Tienda Er\u00f3tica","isPartOf":{"@id":"https:\/\/demoweb.info\/sexshop001\/#website"},"datePublished":"2022-01-22T16:06:57+00:00","dateModified":"2022-01-22T16:07:01+00:00","breadcrumb":{"@id":"https:\/\/demoweb.info\/sexshop001\/producto\/femme-cadence-vibrador-rampante-morado\/#breadcrumb"},"inLanguage":"es","potentialAction":[{"@type":"ReadAction","target":["https:\/\/demoweb.info\/sexshop001\/producto\/femme-cadence-vibrador-rampante-morado\/"]}]},{"@type":"BreadcrumbList","@id":"https:\/\/demoweb.info\/sexshop001\/producto\/femme-cadence-vibrador-rampante-morado\/#breadcrumb","itemListElement":[{"@type":"ListItem","position":1,"name":"Portada","item":"https:\/\/demoweb.info\/sexshop001\/"},{"@type":"ListItem","position":2,"name":"Tienda","item":"https:\/\/demoweb.info\/sexshop001\/tienda\/"},{"@type":"ListItem","position":3,"name":"FEMME CADENCE VIBRADOR RAMPANTE &#8211; MORADO"}]},{"@type":"WebSite","@id":"https:\/\/demoweb.info\/sexshop001\/#website","url":"https:\/\/demoweb.info\/sexshop001\/","name":"Tienda Er\u00f3tica","description":"DEMOWEB SL","potentialAction":[{"@type":"SearchAction","target":{"@type":"EntryPoint","urlTemplate":"https:\/\/demoweb.info\/sexshop001\/?s={search_term_string}"},"query-input":"required name=search_term_string"}],"inLanguage":"es"}]}},"_links":{"self":[{"href":"https:\/\/demoweb.info\/sexshop001\/wp-json\/wp\/v3\/product\/55818","targetHints":{"allow":["GET"]}}],"collection":[{"href":"https:\/\/demoweb.info\/sexshop001\/wp-json\/wp\/v3\/product"}],"about":[{"href":"https:\/\/demoweb.info\/sexshop001\/wp-json\/wp\/v2\/types\/product"}],"replies":[{"embeddable":true,"href":"https:\/\/demoweb.info\/sexshop001\/wp-json\/wp\/v2\/comments?post=55818"}],"wp:featuredmedia":[{"embeddable":true,"href":"https:\/\/demoweb.info\/sexshop001\/wp-json\/wp\/v2\/media\/55819"}],"wp:attachment":[{"href":"https:\/\/demoweb.info\/sexshop001\/wp-json\/wp\/v2\/media?parent=55818"}],"wp:term":[{"taxonomy":"product_cat","embeddable":true,"href":"https:\/\/demoweb.info\/sexshop001\/wp-json\/wp\/v2\/product_cat?post=55818"},{"taxonomy":"product_tag","embeddable":true,"href":"https:\/\/demoweb.info\/sexshop001\/wp-json\/wp\/v2\/product_tag?post=55818"}],"curies":[{"name":"wp","href":"https:\/\/api.w.org\/{rel}","templated":true}]}}