{"id":55807,"date":"2022-01-22T17:06:34","date_gmt":"2022-01-22T16:06:34","guid":{"rendered":"https:\/\/demoweb.info\/sexshop001\/producto\/ace-large-plug-vibrador-control-remoto-negro\/"},"modified":"2022-01-22T17:06:52","modified_gmt":"2022-01-22T16:06:52","slug":"ace-large-plug-vibrador-control-remoto-negro","status":"publish","type":"product","link":"https:\/\/demoweb.info\/sexshop001\/producto\/ace-large-plug-vibrador-control-remoto-negro\/","title":{"rendered":"ACE LARGE PLUG VIBRADOR CONTROL REMOTO &#8211; NEGRO"},"content":{"rendered":"<p><strong>ACE LARGE REMOTE CONTROL VIBRATING BUTT PLUG <\/strong><\/p>\n<p>El Nexus Ace es un plug recargable de lujo para quienes desean m\u00e1s de sus productos de placer.<\/p>\n<p>Ace es un tap\u00f3n vibrador de tama\u00f1o grande hecho de silicona suave y sedosa con crestas de estimulaci\u00f3n en el eje para la estimulaci\u00f3n donde m\u00e1s desees. Tiene seis potentes y silenciosas funciones de vibraci\u00f3n.<\/p>\n<p>Todos pueden controlarse utilizando el control remoto de l\u00ednea delgada por parte del usuario o un compa\u00f1ero o mediante un bot\u00f3n en la base (a una distancia de 8 m).<\/p>\n<p>El Nexus Ace es resistente al agua e incluye un cargador magn\u00e9tico USB.<\/p>\n<p>Medidas:<\/p>\n<ul>\n<li>Insertable: 12,5 cm<\/li>\n<li>Ancho m\u00e1s ancho: 5 cm<\/li>\n<li>Di\u00e1metro del eje: 2 cm<\/li>\n<li>Altura total: 14 cm<\/li>\n<\/ul>\n","protected":false},"excerpt":{"rendered":"<p>ACE LARGE REMOTE CONTROL VIBRATING BUTT PLUG El Nexus Ace es un plug recargable de lujo para quienes desean m\u00e1s<\/p>\n","protected":false},"featured_media":55808,"comment_status":"open","ping_status":"open","template":"","meta":[],"product_cat":[338],"product_tag":[296],"class_list":["post-55807","product","type-product","status-publish","has-post-thumbnail","hentry","product_cat-silicona-plugs","product_tag-nexus"],"bundled_by":[],"bundle_stock_status":"instock","bundle_stock_quantity":2,"bundle_virtual":false,"bundle_layout":"","bundle_add_to_cart_form_location":"","bundle_editable_in_cart":false,"bundle_sold_individually_context":"","bundle_item_grouping":"","bundle_min_size":"","bundle_max_size":"","bundled_items":[],"yoast_head":"<!-- This site is optimized with the Yoast SEO plugin v20.6 - https:\/\/yoast.com\/wordpress\/plugins\/seo\/ -->\n<title>ACE LARGE PLUG VIBRADOR CONTROL REMOTO - NEGRO - Tienda Er\u00f3tica<\/title>\n<meta name=\"robots\" content=\"noindex, follow, max-snippet:-1, max-image-preview:large, max-video-preview:-1\" \/>\n<meta property=\"og:locale\" content=\"es_ES\" \/>\n<meta property=\"og:type\" content=\"article\" \/>\n<meta property=\"og:title\" content=\"ACE LARGE PLUG VIBRADOR CONTROL REMOTO - NEGRO - Tienda Er\u00f3tica\" \/>\n<meta property=\"og:description\" content=\"ACE LARGE REMOTE CONTROL VIBRATING BUTT PLUG El Nexus Ace es un plug recargable de lujo para quienes desean m\u00e1s\" \/>\n<meta property=\"og:url\" content=\"https:\/\/demoweb.info\/sexshop001\/producto\/ace-large-plug-vibrador-control-remoto-negro\/\" \/>\n<meta property=\"og:site_name\" content=\"Tienda Er\u00f3tica\" \/>\n<meta property=\"article:modified_time\" content=\"2022-01-22T16:06:52+00:00\" \/>\n<meta property=\"og:image\" content=\"https:\/\/demoweb.info\/sexshop001\/wp-content\/uploads\/2022\/01\/ACE-LARGE-PLUG-VIBRADOR-CONTROL-REMOTO-NEGRO.jpg\" \/>\n\t<meta property=\"og:image:width\" content=\"550\" \/>\n\t<meta property=\"og:image:height\" content=\"550\" \/>\n\t<meta property=\"og:image:type\" content=\"image\/jpeg\" \/>\n<meta name=\"twitter:card\" content=\"summary_large_image\" \/>\n<meta name=\"twitter:label1\" content=\"Tiempo de lectura\" \/>\n\t<meta name=\"twitter:data1\" content=\"1 minuto\" \/>\n<script type=\"application\/ld+json\" class=\"yoast-schema-graph\">{\"@context\":\"https:\/\/schema.org\",\"@graph\":[{\"@type\":\"WebPage\",\"@id\":\"https:\/\/demoweb.info\/sexshop001\/producto\/ace-large-plug-vibrador-control-remoto-negro\/\",\"url\":\"https:\/\/demoweb.info\/sexshop001\/producto\/ace-large-plug-vibrador-control-remoto-negro\/\",\"name\":\"ACE LARGE PLUG VIBRADOR CONTROL REMOTO - NEGRO - Tienda Er\u00f3tica\",\"isPartOf\":{\"@id\":\"https:\/\/demoweb.info\/sexshop001\/#website\"},\"datePublished\":\"2022-01-22T16:06:34+00:00\",\"dateModified\":\"2022-01-22T16:06:52+00:00\",\"breadcrumb\":{\"@id\":\"https:\/\/demoweb.info\/sexshop001\/producto\/ace-large-plug-vibrador-control-remoto-negro\/#breadcrumb\"},\"inLanguage\":\"es\",\"potentialAction\":[{\"@type\":\"ReadAction\",\"target\":[\"https:\/\/demoweb.info\/sexshop001\/producto\/ace-large-plug-vibrador-control-remoto-negro\/\"]}]},{\"@type\":\"BreadcrumbList\",\"@id\":\"https:\/\/demoweb.info\/sexshop001\/producto\/ace-large-plug-vibrador-control-remoto-negro\/#breadcrumb\",\"itemListElement\":[{\"@type\":\"ListItem\",\"position\":1,\"name\":\"Portada\",\"item\":\"https:\/\/demoweb.info\/sexshop001\/\"},{\"@type\":\"ListItem\",\"position\":2,\"name\":\"Tienda\",\"item\":\"https:\/\/demoweb.info\/sexshop001\/tienda\/\"},{\"@type\":\"ListItem\",\"position\":3,\"name\":\"ACE LARGE PLUG VIBRADOR CONTROL REMOTO &#8211; NEGRO\"}]},{\"@type\":\"WebSite\",\"@id\":\"https:\/\/demoweb.info\/sexshop001\/#website\",\"url\":\"https:\/\/demoweb.info\/sexshop001\/\",\"name\":\"Tienda Er\u00f3tica\",\"description\":\"DEMOWEB SL\",\"potentialAction\":[{\"@type\":\"SearchAction\",\"target\":{\"@type\":\"EntryPoint\",\"urlTemplate\":\"https:\/\/demoweb.info\/sexshop001\/?s={search_term_string}\"},\"query-input\":\"required name=search_term_string\"}],\"inLanguage\":\"es\"}]}<\/script>\n<!-- \/ Yoast SEO plugin. -->","yoast_head_json":{"title":"ACE LARGE PLUG VIBRADOR CONTROL REMOTO - NEGRO - Tienda Er\u00f3tica","robots":{"index":"noindex","follow":"follow","max-snippet":"max-snippet:-1","max-image-preview":"max-image-preview:large","max-video-preview":"max-video-preview:-1"},"og_locale":"es_ES","og_type":"article","og_title":"ACE LARGE PLUG VIBRADOR CONTROL REMOTO - NEGRO - Tienda Er\u00f3tica","og_description":"ACE LARGE REMOTE CONTROL VIBRATING BUTT PLUG El Nexus Ace es un plug recargable de lujo para quienes desean m\u00e1s","og_url":"https:\/\/demoweb.info\/sexshop001\/producto\/ace-large-plug-vibrador-control-remoto-negro\/","og_site_name":"Tienda Er\u00f3tica","article_modified_time":"2022-01-22T16:06:52+00:00","og_image":[{"width":550,"height":550,"url":"https:\/\/demoweb.info\/sexshop001\/wp-content\/uploads\/2022\/01\/ACE-LARGE-PLUG-VIBRADOR-CONTROL-REMOTO-NEGRO.jpg","type":"image\/jpeg"}],"twitter_card":"summary_large_image","twitter_misc":{"Tiempo de lectura":"1 minuto"},"schema":{"@context":"https:\/\/schema.org","@graph":[{"@type":"WebPage","@id":"https:\/\/demoweb.info\/sexshop001\/producto\/ace-large-plug-vibrador-control-remoto-negro\/","url":"https:\/\/demoweb.info\/sexshop001\/producto\/ace-large-plug-vibrador-control-remoto-negro\/","name":"ACE LARGE PLUG VIBRADOR CONTROL REMOTO - NEGRO - Tienda Er\u00f3tica","isPartOf":{"@id":"https:\/\/demoweb.info\/sexshop001\/#website"},"datePublished":"2022-01-22T16:06:34+00:00","dateModified":"2022-01-22T16:06:52+00:00","breadcrumb":{"@id":"https:\/\/demoweb.info\/sexshop001\/producto\/ace-large-plug-vibrador-control-remoto-negro\/#breadcrumb"},"inLanguage":"es","potentialAction":[{"@type":"ReadAction","target":["https:\/\/demoweb.info\/sexshop001\/producto\/ace-large-plug-vibrador-control-remoto-negro\/"]}]},{"@type":"BreadcrumbList","@id":"https:\/\/demoweb.info\/sexshop001\/producto\/ace-large-plug-vibrador-control-remoto-negro\/#breadcrumb","itemListElement":[{"@type":"ListItem","position":1,"name":"Portada","item":"https:\/\/demoweb.info\/sexshop001\/"},{"@type":"ListItem","position":2,"name":"Tienda","item":"https:\/\/demoweb.info\/sexshop001\/tienda\/"},{"@type":"ListItem","position":3,"name":"ACE LARGE PLUG VIBRADOR CONTROL REMOTO &#8211; NEGRO"}]},{"@type":"WebSite","@id":"https:\/\/demoweb.info\/sexshop001\/#website","url":"https:\/\/demoweb.info\/sexshop001\/","name":"Tienda Er\u00f3tica","description":"DEMOWEB SL","potentialAction":[{"@type":"SearchAction","target":{"@type":"EntryPoint","urlTemplate":"https:\/\/demoweb.info\/sexshop001\/?s={search_term_string}"},"query-input":"required name=search_term_string"}],"inLanguage":"es"}]}},"_links":{"self":[{"href":"https:\/\/demoweb.info\/sexshop001\/wp-json\/wp\/v3\/product\/55807","targetHints":{"allow":["GET"]}}],"collection":[{"href":"https:\/\/demoweb.info\/sexshop001\/wp-json\/wp\/v3\/product"}],"about":[{"href":"https:\/\/demoweb.info\/sexshop001\/wp-json\/wp\/v2\/types\/product"}],"replies":[{"embeddable":true,"href":"https:\/\/demoweb.info\/sexshop001\/wp-json\/wp\/v2\/comments?post=55807"}],"wp:featuredmedia":[{"embeddable":true,"href":"https:\/\/demoweb.info\/sexshop001\/wp-json\/wp\/v2\/media\/55808"}],"wp:attachment":[{"href":"https:\/\/demoweb.info\/sexshop001\/wp-json\/wp\/v2\/media?parent=55807"}],"wp:term":[{"taxonomy":"product_cat","embeddable":true,"href":"https:\/\/demoweb.info\/sexshop001\/wp-json\/wp\/v2\/product_cat?post=55807"},{"taxonomy":"product_tag","embeddable":true,"href":"https:\/\/demoweb.info\/sexshop001\/wp-json\/wp\/v2\/product_tag?post=55807"}],"curies":[{"name":"wp","href":"https:\/\/api.w.org\/{rel}","templated":true}]}}