{"id":55794,"date":"2022-01-22T17:06:34","date_gmt":"2022-01-22T16:06:34","guid":{"rendered":"https:\/\/demoweb.info\/sexshop001\/producto\/saddle-deluxe-riding-maquina-del-amor-dual-con-accesorios\/"},"modified":"2022-01-22T17:06:44","modified_gmt":"2022-01-22T16:06:44","slug":"saddle-deluxe-riding-maquina-del-amor-dual-con-accesorios","status":"publish","type":"product","link":"https:\/\/demoweb.info\/sexshop001\/producto\/saddle-deluxe-riding-maquina-del-amor-dual-con-accesorios\/","title":{"rendered":"SADDLE DELUXE RIDING MAQUINA DEL AMOR DUAL CON ACCESORIOS"},"content":{"rendered":"<p><strong>SADDLE DELUXE RIDING SEX MACHINE WITH DUAL ATTACHMENTS<\/strong><\/p>\n<p>\u00a1Disfruta de un buen rodeo!<\/p>\n<p>Presentamos LoveBotz Saddle Deluxe, una m\u00e1quina del amor con vibraciones de alta potencia que te llevar\u00e1 al rodeo de tu vida, ahora con dos accesorios diferentes.<\/p>\n<p>Uno es un consolador con un eje liso y una cabeza bulbosa, perfecto para cuando anhelas la penetraci\u00f3n. La base texturizada proporciona estimulaci\u00f3n adicional a su exterior sensible.<\/p>\n<p>El segundo accesorio es un estimulador de cl\u00edtoris no penetrante que es particularmente emocionante para aquellos que disfrutan durante la masturbaci\u00f3n.<\/p>\n<p>Monta el c\u00f3modo asiento acolchado, colocando el accesorio firme y aterciopelado de tu elecci\u00f3n hasta que est\u00e9s contra la base. El controlador te permite agarrarte mientras disfrutas a de las 5 incre\u00edbles velocidades de vibraci\u00f3n y 5 pulsaciones, pero tambi\u00e9n se separa a trav\u00e9s de una bobina retr\u00e1ctil para que puedas aumentar o disminuir la velocidad.<\/p>\n<p>Limpiar con jab\u00f3n suave y agua tibia. Compatible con silicona y lubricante a base de agua.<\/p>\n<p>Medidas:<\/p>\n<ul>\n<li>El consolador mide 15,2 cm de longitud insertable, 4,5 cm de di\u00e1metro.<\/li>\n<li>El estimulador de cl\u00edtoris tiene una protuberancia elevada que mide 7,6 cm de largo, 3,8 cm de di\u00e1metro y 3,1 cm de alto.<\/li>\n<li>Las bases de los archivos adjuntos son de 24,1 cm de largo y 9,5 cm de ancho.<\/li>\n<li>El sill\u00edn mide 34,2 cm de largo, 19 cm de alto y 31,1 cm de ancho.<\/li>\n<\/ul>\n<p>Material: TPE, imitaci\u00f3n de cuero, ABS.<\/p>\n<p>Alimentado a trav\u00e9s de un enchufe estadounidense de 110-240 voltios. Incluye un destornillador y 4 tornillos, e instrucciones de configuraci\u00f3n detalladas.<\/p>\n","protected":false},"excerpt":{"rendered":"<p>SADDLE DELUXE RIDING SEX MACHINE WITH DUAL ATTACHMENTS \u00a1Disfruta de un buen rodeo! Presentamos LoveBotz Saddle Deluxe, una m\u00e1quina del<\/p>\n","protected":false},"featured_media":55795,"comment_status":"open","ping_status":"open","template":"","meta":[],"product_cat":[680],"product_tag":[778,274],"class_list":["post-55794","product","type-product","status-publish","has-post-thumbnail","hentry","product_cat-maquinas-del-amor","product_tag-lovebotz","product_tag-xr-brands"],"bundled_by":[],"bundle_stock_status":"instock","bundle_stock_quantity":1,"bundle_virtual":false,"bundle_layout":"","bundle_add_to_cart_form_location":"","bundle_editable_in_cart":false,"bundle_sold_individually_context":"","bundle_item_grouping":"","bundle_min_size":"","bundle_max_size":"","bundled_items":[],"yoast_head":"<!-- This site is optimized with the Yoast SEO plugin v20.6 - https:\/\/yoast.com\/wordpress\/plugins\/seo\/ -->\n<title>SADDLE DELUXE RIDING MAQUINA DEL AMOR DUAL CON ACCESORIOS - Tienda Er\u00f3tica<\/title>\n<meta name=\"robots\" content=\"noindex, follow, max-snippet:-1, max-image-preview:large, max-video-preview:-1\" \/>\n<meta property=\"og:locale\" content=\"es_ES\" \/>\n<meta property=\"og:type\" content=\"article\" \/>\n<meta property=\"og:title\" content=\"SADDLE DELUXE RIDING MAQUINA DEL AMOR DUAL CON ACCESORIOS - Tienda Er\u00f3tica\" \/>\n<meta property=\"og:description\" content=\"SADDLE DELUXE RIDING SEX MACHINE WITH DUAL ATTACHMENTS \u00a1Disfruta de un buen rodeo! Presentamos LoveBotz Saddle Deluxe, una m\u00e1quina del\" \/>\n<meta property=\"og:url\" content=\"https:\/\/demoweb.info\/sexshop001\/producto\/saddle-deluxe-riding-maquina-del-amor-dual-con-accesorios\/\" \/>\n<meta property=\"og:site_name\" content=\"Tienda Er\u00f3tica\" \/>\n<meta property=\"article:modified_time\" content=\"2022-01-22T16:06:44+00:00\" \/>\n<meta property=\"og:image\" content=\"https:\/\/demoweb.info\/sexshop001\/wp-content\/uploads\/2022\/01\/SADDLE-DELUXE-RIDING-MAQUINA-DEL-AMOR-DUAL-CON-ACCESORIOS.jpg\" \/>\n\t<meta property=\"og:image:width\" content=\"550\" \/>\n\t<meta property=\"og:image:height\" content=\"550\" \/>\n\t<meta property=\"og:image:type\" content=\"image\/jpeg\" \/>\n<meta name=\"twitter:card\" content=\"summary_large_image\" \/>\n<meta name=\"twitter:label1\" content=\"Tiempo de lectura\" \/>\n\t<meta name=\"twitter:data1\" content=\"1 minuto\" \/>\n<script type=\"application\/ld+json\" class=\"yoast-schema-graph\">{\"@context\":\"https:\/\/schema.org\",\"@graph\":[{\"@type\":\"WebPage\",\"@id\":\"https:\/\/demoweb.info\/sexshop001\/producto\/saddle-deluxe-riding-maquina-del-amor-dual-con-accesorios\/\",\"url\":\"https:\/\/demoweb.info\/sexshop001\/producto\/saddle-deluxe-riding-maquina-del-amor-dual-con-accesorios\/\",\"name\":\"SADDLE DELUXE RIDING MAQUINA DEL AMOR DUAL CON ACCESORIOS - Tienda Er\u00f3tica\",\"isPartOf\":{\"@id\":\"https:\/\/demoweb.info\/sexshop001\/#website\"},\"datePublished\":\"2022-01-22T16:06:34+00:00\",\"dateModified\":\"2022-01-22T16:06:44+00:00\",\"breadcrumb\":{\"@id\":\"https:\/\/demoweb.info\/sexshop001\/producto\/saddle-deluxe-riding-maquina-del-amor-dual-con-accesorios\/#breadcrumb\"},\"inLanguage\":\"es\",\"potentialAction\":[{\"@type\":\"ReadAction\",\"target\":[\"https:\/\/demoweb.info\/sexshop001\/producto\/saddle-deluxe-riding-maquina-del-amor-dual-con-accesorios\/\"]}]},{\"@type\":\"BreadcrumbList\",\"@id\":\"https:\/\/demoweb.info\/sexshop001\/producto\/saddle-deluxe-riding-maquina-del-amor-dual-con-accesorios\/#breadcrumb\",\"itemListElement\":[{\"@type\":\"ListItem\",\"position\":1,\"name\":\"Portada\",\"item\":\"https:\/\/demoweb.info\/sexshop001\/\"},{\"@type\":\"ListItem\",\"position\":2,\"name\":\"Tienda\",\"item\":\"https:\/\/demoweb.info\/sexshop001\/tienda\/\"},{\"@type\":\"ListItem\",\"position\":3,\"name\":\"SADDLE DELUXE RIDING MAQUINA DEL AMOR DUAL CON ACCESORIOS\"}]},{\"@type\":\"WebSite\",\"@id\":\"https:\/\/demoweb.info\/sexshop001\/#website\",\"url\":\"https:\/\/demoweb.info\/sexshop001\/\",\"name\":\"Tienda Er\u00f3tica\",\"description\":\"DEMOWEB SL\",\"potentialAction\":[{\"@type\":\"SearchAction\",\"target\":{\"@type\":\"EntryPoint\",\"urlTemplate\":\"https:\/\/demoweb.info\/sexshop001\/?s={search_term_string}\"},\"query-input\":\"required name=search_term_string\"}],\"inLanguage\":\"es\"}]}<\/script>\n<!-- \/ Yoast SEO plugin. -->","yoast_head_json":{"title":"SADDLE DELUXE RIDING MAQUINA DEL AMOR DUAL CON ACCESORIOS - Tienda Er\u00f3tica","robots":{"index":"noindex","follow":"follow","max-snippet":"max-snippet:-1","max-image-preview":"max-image-preview:large","max-video-preview":"max-video-preview:-1"},"og_locale":"es_ES","og_type":"article","og_title":"SADDLE DELUXE RIDING MAQUINA DEL AMOR DUAL CON ACCESORIOS - Tienda Er\u00f3tica","og_description":"SADDLE DELUXE RIDING SEX MACHINE WITH DUAL ATTACHMENTS \u00a1Disfruta de un buen rodeo! Presentamos LoveBotz Saddle Deluxe, una m\u00e1quina del","og_url":"https:\/\/demoweb.info\/sexshop001\/producto\/saddle-deluxe-riding-maquina-del-amor-dual-con-accesorios\/","og_site_name":"Tienda Er\u00f3tica","article_modified_time":"2022-01-22T16:06:44+00:00","og_image":[{"width":550,"height":550,"url":"https:\/\/demoweb.info\/sexshop001\/wp-content\/uploads\/2022\/01\/SADDLE-DELUXE-RIDING-MAQUINA-DEL-AMOR-DUAL-CON-ACCESORIOS.jpg","type":"image\/jpeg"}],"twitter_card":"summary_large_image","twitter_misc":{"Tiempo de lectura":"1 minuto"},"schema":{"@context":"https:\/\/schema.org","@graph":[{"@type":"WebPage","@id":"https:\/\/demoweb.info\/sexshop001\/producto\/saddle-deluxe-riding-maquina-del-amor-dual-con-accesorios\/","url":"https:\/\/demoweb.info\/sexshop001\/producto\/saddle-deluxe-riding-maquina-del-amor-dual-con-accesorios\/","name":"SADDLE DELUXE RIDING MAQUINA DEL AMOR DUAL CON ACCESORIOS - Tienda Er\u00f3tica","isPartOf":{"@id":"https:\/\/demoweb.info\/sexshop001\/#website"},"datePublished":"2022-01-22T16:06:34+00:00","dateModified":"2022-01-22T16:06:44+00:00","breadcrumb":{"@id":"https:\/\/demoweb.info\/sexshop001\/producto\/saddle-deluxe-riding-maquina-del-amor-dual-con-accesorios\/#breadcrumb"},"inLanguage":"es","potentialAction":[{"@type":"ReadAction","target":["https:\/\/demoweb.info\/sexshop001\/producto\/saddle-deluxe-riding-maquina-del-amor-dual-con-accesorios\/"]}]},{"@type":"BreadcrumbList","@id":"https:\/\/demoweb.info\/sexshop001\/producto\/saddle-deluxe-riding-maquina-del-amor-dual-con-accesorios\/#breadcrumb","itemListElement":[{"@type":"ListItem","position":1,"name":"Portada","item":"https:\/\/demoweb.info\/sexshop001\/"},{"@type":"ListItem","position":2,"name":"Tienda","item":"https:\/\/demoweb.info\/sexshop001\/tienda\/"},{"@type":"ListItem","position":3,"name":"SADDLE DELUXE RIDING MAQUINA DEL AMOR DUAL CON ACCESORIOS"}]},{"@type":"WebSite","@id":"https:\/\/demoweb.info\/sexshop001\/#website","url":"https:\/\/demoweb.info\/sexshop001\/","name":"Tienda Er\u00f3tica","description":"DEMOWEB SL","potentialAction":[{"@type":"SearchAction","target":{"@type":"EntryPoint","urlTemplate":"https:\/\/demoweb.info\/sexshop001\/?s={search_term_string}"},"query-input":"required name=search_term_string"}],"inLanguage":"es"}]}},"_links":{"self":[{"href":"https:\/\/demoweb.info\/sexshop001\/wp-json\/wp\/v3\/product\/55794","targetHints":{"allow":["GET"]}}],"collection":[{"href":"https:\/\/demoweb.info\/sexshop001\/wp-json\/wp\/v3\/product"}],"about":[{"href":"https:\/\/demoweb.info\/sexshop001\/wp-json\/wp\/v2\/types\/product"}],"replies":[{"embeddable":true,"href":"https:\/\/demoweb.info\/sexshop001\/wp-json\/wp\/v2\/comments?post=55794"}],"wp:featuredmedia":[{"embeddable":true,"href":"https:\/\/demoweb.info\/sexshop001\/wp-json\/wp\/v2\/media\/55795"}],"wp:attachment":[{"href":"https:\/\/demoweb.info\/sexshop001\/wp-json\/wp\/v2\/media?parent=55794"}],"wp:term":[{"taxonomy":"product_cat","embeddable":true,"href":"https:\/\/demoweb.info\/sexshop001\/wp-json\/wp\/v2\/product_cat?post=55794"},{"taxonomy":"product_tag","embeddable":true,"href":"https:\/\/demoweb.info\/sexshop001\/wp-json\/wp\/v2\/product_tag?post=55794"}],"curies":[{"name":"wp","href":"https:\/\/api.w.org\/{rel}","templated":true}]}}