{"id":55789,"date":"2022-01-22T17:06:34","date_gmt":"2022-01-22T16:06:34","guid":{"rendered":"https:\/\/demoweb.info\/sexshop001\/producto\/regal-rider-triple-g-arnes-con-dildo-vibrador-de-silicona-morado\/"},"modified":"2022-01-22T17:06:41","modified_gmt":"2022-01-22T16:06:41","slug":"regal-rider-triple-g-arnes-con-dildo-vibrador-de-silicona-morado","status":"publish","type":"product","link":"https:\/\/demoweb.info\/sexshop001\/producto\/regal-rider-triple-g-arnes-con-dildo-vibrador-de-silicona-morado\/","title":{"rendered":"REGAL RIDER TRIPLE G ARN\u00c9S CON DILDO VIBRADOR DE SILICONA &#8211; MORADO"},"content":{"rendered":"<p><strong>REGAL RIDER TRIPLE G VIBRATING SILICONE STRAPLESS STRAP ON <\/strong><\/p>\n<p>Dise\u00f1ado ergon\u00f3micamente para el cuerpo femenino, este strap-on sin tirantes proporciona placer cl\u00edtoroso, vaginal y anal al usuario al mismo tiempo que brinda un didlo texturizado con el que penetrar a su pareja.<\/p>\n<p>Adem\u00e1s, este notable juguete de parejas vibra a trav\u00e9s de todos los puntos de estimulaci\u00f3n con el poder de dos balas vibratorias.<\/p>\n<p>En la parte inferior apreciar\u00e1 un eje ondulado, ligeramente curvado, perfecto para estimular el punto G o P-spot. Mientras tanto, la almohadilla del cl\u00edtoris tiene dos crestas que proporcionan un placer inmenso a la parte superior con cada empuje. Un penetrador suave est\u00e1 curvado para dirigirse directamente a tu punto G, tambi\u00e9n.<\/p>\n<p>Finalmente, el estimulador anal de cuentas proporciona una emoci\u00f3n de \u00e9xtasis cuando los estimuladores lisos y sin costuras zumban deliciosamente.<\/p>\n<p>Esta herramienta con todo incluido es resistente al agua, para disfrutar en todos los entornos y es f\u00e1cil de limpiar con agua y jab\u00f3n suave.<\/p>\n<p>Hecho de silicona de alta calidad, es no poroso, libre de ftalatos y no es compatible con los lubricantes de silicona.<\/p>\n<p>Medidas:<\/p>\n<ul>\n<li>22,8 cm de longitud total.<\/li>\n<li>El eje es de 15,2 cm insertables para la parte inferior, 3,8 cm de di\u00e1metro.<\/li>\n<li>El penetrador vaginal para la parte superior es de 10 cm de largo, 3,1 cm de di\u00e1metro.<\/li>\n<li>El penetrador anal mide 7,6 cm de largo, 1,9 cm de di\u00e1metro.<\/li>\n<\/ul>\n<p>Material: Silicona, pl\u00e1stico ABS.<\/p>\n<p>Requiere bater\u00edas 6-LR44, incluidas.<\/p><\/p>\n","protected":false},"excerpt":{"rendered":"<p>REGAL RIDER TRIPLE G VIBRATING SILICONE STRAPLESS STRAP ON Dise\u00f1ado ergon\u00f3micamente para el cuerpo femenino, este strap-on sin tirantes proporciona<\/p>\n","protected":false},"featured_media":55790,"comment_status":"open","ping_status":"open","template":"","meta":[],"product_cat":[273],"product_tag":[275,274],"class_list":["post-55789","product","type-product","status-publish","has-post-thumbnail","hentry","product_cat-silicona-sin-sujecion","product_tag-strap-u","product_tag-xr-brands"],"bundled_by":[],"bundle_stock_status":"instock","bundle_stock_quantity":1,"bundle_virtual":false,"bundle_layout":"","bundle_add_to_cart_form_location":"","bundle_editable_in_cart":false,"bundle_sold_individually_context":"","bundle_item_grouping":"","bundle_min_size":"","bundle_max_size":"","bundled_items":[],"yoast_head":"<!-- This site is optimized with the Yoast SEO plugin v20.6 - https:\/\/yoast.com\/wordpress\/plugins\/seo\/ -->\n<title>REGAL RIDER TRIPLE G ARN\u00c9S CON DILDO VIBRADOR DE SILICONA - MORADO - Tienda Er\u00f3tica<\/title>\n<meta name=\"robots\" content=\"noindex, follow, max-snippet:-1, max-image-preview:large, max-video-preview:-1\" \/>\n<meta property=\"og:locale\" content=\"es_ES\" \/>\n<meta property=\"og:type\" content=\"article\" \/>\n<meta property=\"og:title\" content=\"REGAL RIDER TRIPLE G ARN\u00c9S CON DILDO VIBRADOR DE SILICONA - MORADO - Tienda Er\u00f3tica\" \/>\n<meta property=\"og:description\" content=\"REGAL RIDER TRIPLE G VIBRATING SILICONE STRAPLESS STRAP ON Dise\u00f1ado ergon\u00f3micamente para el cuerpo femenino, este strap-on sin tirantes proporciona\" \/>\n<meta property=\"og:url\" content=\"https:\/\/demoweb.info\/sexshop001\/producto\/regal-rider-triple-g-arnes-con-dildo-vibrador-de-silicona-morado\/\" \/>\n<meta property=\"og:site_name\" content=\"Tienda Er\u00f3tica\" \/>\n<meta property=\"article:modified_time\" content=\"2022-01-22T16:06:41+00:00\" \/>\n<meta property=\"og:image\" content=\"https:\/\/demoweb.info\/sexshop001\/wp-content\/uploads\/2022\/01\/REGAL-RIDER-TRIPLE-G-ARNES-CON-DILDO-VIBRADOR-DE-SILICONA-MORADO.jpg\" \/>\n\t<meta property=\"og:image:width\" content=\"550\" \/>\n\t<meta property=\"og:image:height\" content=\"550\" \/>\n\t<meta property=\"og:image:type\" content=\"image\/jpeg\" \/>\n<meta name=\"twitter:card\" content=\"summary_large_image\" \/>\n<meta name=\"twitter:label1\" content=\"Tiempo de lectura\" \/>\n\t<meta name=\"twitter:data1\" content=\"1 minuto\" \/>\n<script type=\"application\/ld+json\" class=\"yoast-schema-graph\">{\"@context\":\"https:\/\/schema.org\",\"@graph\":[{\"@type\":\"WebPage\",\"@id\":\"https:\/\/demoweb.info\/sexshop001\/producto\/regal-rider-triple-g-arnes-con-dildo-vibrador-de-silicona-morado\/\",\"url\":\"https:\/\/demoweb.info\/sexshop001\/producto\/regal-rider-triple-g-arnes-con-dildo-vibrador-de-silicona-morado\/\",\"name\":\"REGAL RIDER TRIPLE G ARN\u00c9S CON DILDO VIBRADOR DE SILICONA - MORADO - Tienda Er\u00f3tica\",\"isPartOf\":{\"@id\":\"https:\/\/demoweb.info\/sexshop001\/#website\"},\"datePublished\":\"2022-01-22T16:06:34+00:00\",\"dateModified\":\"2022-01-22T16:06:41+00:00\",\"breadcrumb\":{\"@id\":\"https:\/\/demoweb.info\/sexshop001\/producto\/regal-rider-triple-g-arnes-con-dildo-vibrador-de-silicona-morado\/#breadcrumb\"},\"inLanguage\":\"es\",\"potentialAction\":[{\"@type\":\"ReadAction\",\"target\":[\"https:\/\/demoweb.info\/sexshop001\/producto\/regal-rider-triple-g-arnes-con-dildo-vibrador-de-silicona-morado\/\"]}]},{\"@type\":\"BreadcrumbList\",\"@id\":\"https:\/\/demoweb.info\/sexshop001\/producto\/regal-rider-triple-g-arnes-con-dildo-vibrador-de-silicona-morado\/#breadcrumb\",\"itemListElement\":[{\"@type\":\"ListItem\",\"position\":1,\"name\":\"Portada\",\"item\":\"https:\/\/demoweb.info\/sexshop001\/\"},{\"@type\":\"ListItem\",\"position\":2,\"name\":\"Tienda\",\"item\":\"https:\/\/demoweb.info\/sexshop001\/tienda\/\"},{\"@type\":\"ListItem\",\"position\":3,\"name\":\"REGAL RIDER TRIPLE G ARN\u00c9S CON DILDO VIBRADOR DE SILICONA &#8211; MORADO\"}]},{\"@type\":\"WebSite\",\"@id\":\"https:\/\/demoweb.info\/sexshop001\/#website\",\"url\":\"https:\/\/demoweb.info\/sexshop001\/\",\"name\":\"Tienda Er\u00f3tica\",\"description\":\"DEMOWEB SL\",\"potentialAction\":[{\"@type\":\"SearchAction\",\"target\":{\"@type\":\"EntryPoint\",\"urlTemplate\":\"https:\/\/demoweb.info\/sexshop001\/?s={search_term_string}\"},\"query-input\":\"required name=search_term_string\"}],\"inLanguage\":\"es\"}]}<\/script>\n<!-- \/ Yoast SEO plugin. -->","yoast_head_json":{"title":"REGAL RIDER TRIPLE G ARN\u00c9S CON DILDO VIBRADOR DE SILICONA - MORADO - Tienda Er\u00f3tica","robots":{"index":"noindex","follow":"follow","max-snippet":"max-snippet:-1","max-image-preview":"max-image-preview:large","max-video-preview":"max-video-preview:-1"},"og_locale":"es_ES","og_type":"article","og_title":"REGAL RIDER TRIPLE G ARN\u00c9S CON DILDO VIBRADOR DE SILICONA - MORADO - Tienda Er\u00f3tica","og_description":"REGAL RIDER TRIPLE G VIBRATING SILICONE STRAPLESS STRAP ON Dise\u00f1ado ergon\u00f3micamente para el cuerpo femenino, este strap-on sin tirantes proporciona","og_url":"https:\/\/demoweb.info\/sexshop001\/producto\/regal-rider-triple-g-arnes-con-dildo-vibrador-de-silicona-morado\/","og_site_name":"Tienda Er\u00f3tica","article_modified_time":"2022-01-22T16:06:41+00:00","og_image":[{"width":550,"height":550,"url":"https:\/\/demoweb.info\/sexshop001\/wp-content\/uploads\/2022\/01\/REGAL-RIDER-TRIPLE-G-ARNES-CON-DILDO-VIBRADOR-DE-SILICONA-MORADO.jpg","type":"image\/jpeg"}],"twitter_card":"summary_large_image","twitter_misc":{"Tiempo de lectura":"1 minuto"},"schema":{"@context":"https:\/\/schema.org","@graph":[{"@type":"WebPage","@id":"https:\/\/demoweb.info\/sexshop001\/producto\/regal-rider-triple-g-arnes-con-dildo-vibrador-de-silicona-morado\/","url":"https:\/\/demoweb.info\/sexshop001\/producto\/regal-rider-triple-g-arnes-con-dildo-vibrador-de-silicona-morado\/","name":"REGAL RIDER TRIPLE G ARN\u00c9S CON DILDO VIBRADOR DE SILICONA - MORADO - Tienda Er\u00f3tica","isPartOf":{"@id":"https:\/\/demoweb.info\/sexshop001\/#website"},"datePublished":"2022-01-22T16:06:34+00:00","dateModified":"2022-01-22T16:06:41+00:00","breadcrumb":{"@id":"https:\/\/demoweb.info\/sexshop001\/producto\/regal-rider-triple-g-arnes-con-dildo-vibrador-de-silicona-morado\/#breadcrumb"},"inLanguage":"es","potentialAction":[{"@type":"ReadAction","target":["https:\/\/demoweb.info\/sexshop001\/producto\/regal-rider-triple-g-arnes-con-dildo-vibrador-de-silicona-morado\/"]}]},{"@type":"BreadcrumbList","@id":"https:\/\/demoweb.info\/sexshop001\/producto\/regal-rider-triple-g-arnes-con-dildo-vibrador-de-silicona-morado\/#breadcrumb","itemListElement":[{"@type":"ListItem","position":1,"name":"Portada","item":"https:\/\/demoweb.info\/sexshop001\/"},{"@type":"ListItem","position":2,"name":"Tienda","item":"https:\/\/demoweb.info\/sexshop001\/tienda\/"},{"@type":"ListItem","position":3,"name":"REGAL RIDER TRIPLE G ARN\u00c9S CON DILDO VIBRADOR DE SILICONA &#8211; MORADO"}]},{"@type":"WebSite","@id":"https:\/\/demoweb.info\/sexshop001\/#website","url":"https:\/\/demoweb.info\/sexshop001\/","name":"Tienda Er\u00f3tica","description":"DEMOWEB SL","potentialAction":[{"@type":"SearchAction","target":{"@type":"EntryPoint","urlTemplate":"https:\/\/demoweb.info\/sexshop001\/?s={search_term_string}"},"query-input":"required name=search_term_string"}],"inLanguage":"es"}]}},"_links":{"self":[{"href":"https:\/\/demoweb.info\/sexshop001\/wp-json\/wp\/v3\/product\/55789","targetHints":{"allow":["GET"]}}],"collection":[{"href":"https:\/\/demoweb.info\/sexshop001\/wp-json\/wp\/v3\/product"}],"about":[{"href":"https:\/\/demoweb.info\/sexshop001\/wp-json\/wp\/v2\/types\/product"}],"replies":[{"embeddable":true,"href":"https:\/\/demoweb.info\/sexshop001\/wp-json\/wp\/v2\/comments?post=55789"}],"wp:featuredmedia":[{"embeddable":true,"href":"https:\/\/demoweb.info\/sexshop001\/wp-json\/wp\/v2\/media\/55790"}],"wp:attachment":[{"href":"https:\/\/demoweb.info\/sexshop001\/wp-json\/wp\/v2\/media?parent=55789"}],"wp:term":[{"taxonomy":"product_cat","embeddable":true,"href":"https:\/\/demoweb.info\/sexshop001\/wp-json\/wp\/v2\/product_cat?post=55789"},{"taxonomy":"product_tag","embeddable":true,"href":"https:\/\/demoweb.info\/sexshop001\/wp-json\/wp\/v2\/product_tag?post=55789"}],"curies":[{"name":"wp","href":"https:\/\/api.w.org\/{rel}","templated":true}]}}