{"id":55784,"date":"2022-01-22T17:06:34","date_gmt":"2022-01-22T16:06:34","guid":{"rendered":"https:\/\/demoweb.info\/sexshop001\/producto\/royal-revolver-arnes-con-dildo-vibrador-de-silicona-morado\/"},"modified":"2022-01-22T17:06:37","modified_gmt":"2022-01-22T16:06:37","slug":"royal-revolver-arnes-con-dildo-vibrador-de-silicona-morado","status":"publish","type":"product","link":"https:\/\/demoweb.info\/sexshop001\/producto\/royal-revolver-arnes-con-dildo-vibrador-de-silicona-morado\/","title":{"rendered":"ROYAL REVOLVER ARN\u00c9S CON DILDO VIBRADOR DE SILICONA &#8211; MORADO"},"content":{"rendered":"<p><strong>ROYAL REVOLVER VIBRATING SILICONE STRAPLESS STRAP ON<\/strong><\/p>\n<p>\u00a1Este strapless de silicona te brinda placer tanto a ti como a tu pareja!<\/p>\n<p>Ya sea que lo est\u00e9s utilizando para pegging o sexo entre dos mujeres, este consolador cuidadosamente dise\u00f1ado mejorar\u00e1 la experiencia con la forma excitante y la vibraci\u00f3n poderosa.<\/p>\n<p>Te permite experimentar la penetraci\u00f3n vaginal mientras el cl\u00edtoris se frota sensualmente contra el estimulador. El eje largo tiene una circunferencia c\u00f3moda con un dise\u00f1o elevado para masajear el orificio de tu compa\u00f1er@. La cabeza prominente y la ligera curva son ideales para la estimulaci\u00f3n del punto G o P.<\/p>\n<p>Una bala vibradora extralarga enviar\u00e1 zumbidos de felicidad a ambos socios para una mayor satisfacci\u00f3n. Esta bala tambi\u00e9n se puede quitar para estimular por s\u00ed sola.<\/p>\n<p>Hecho de silicona premium, este doble consolador es no poroso y libre de ftalatos.<\/p>\n<p>Evita su uso con lubricante de silicona y l\u00edmpielo con jab\u00f3n suave y agua tibia.<\/p>\n<p>Medidas:<\/p>\n<ul>\n<li>24,7 cm de longitud total.<\/li>\n<li>Hasta 17,8 cm de longitud del eje insertable,<\/li>\n<li>3,8 cm de di\u00e1metro del eje<\/li>\n<li>7,6 cm de longitud de bulbo insertable,<\/li>\n<li>3,8 cm de di\u00e1metro de bulbo.<\/li>\n<\/ul>\n<p>Material: Silicona, pl\u00e1stico ABS.<\/p>\n<p>Requiere bater\u00eda 1 x AAA, no incluida.<\/p>\n","protected":false},"excerpt":{"rendered":"<p>ROYAL REVOLVER VIBRATING SILICONE STRAPLESS STRAP ON \u00a1Este strapless de silicona te brinda placer tanto a ti como a tu<\/p>\n","protected":false},"featured_media":55785,"comment_status":"open","ping_status":"open","template":"","meta":[],"product_cat":[273],"product_tag":[275,274],"class_list":["post-55784","product","type-product","status-publish","has-post-thumbnail","hentry","product_cat-silicona-sin-sujecion","product_tag-strap-u","product_tag-xr-brands"],"bundled_by":[],"bundle_stock_status":"instock","bundle_stock_quantity":2,"bundle_virtual":false,"bundle_layout":"","bundle_add_to_cart_form_location":"","bundle_editable_in_cart":false,"bundle_sold_individually_context":"","bundle_item_grouping":"","bundle_min_size":"","bundle_max_size":"","bundled_items":[],"yoast_head":"<!-- This site is optimized with the Yoast SEO plugin v20.6 - https:\/\/yoast.com\/wordpress\/plugins\/seo\/ -->\n<title>ROYAL REVOLVER ARN\u00c9S CON DILDO VIBRADOR DE SILICONA - MORADO - Tienda Er\u00f3tica<\/title>\n<meta name=\"robots\" content=\"noindex, follow, max-snippet:-1, max-image-preview:large, max-video-preview:-1\" \/>\n<meta property=\"og:locale\" content=\"es_ES\" \/>\n<meta property=\"og:type\" content=\"article\" \/>\n<meta property=\"og:title\" content=\"ROYAL REVOLVER ARN\u00c9S CON DILDO VIBRADOR DE SILICONA - MORADO - Tienda Er\u00f3tica\" \/>\n<meta property=\"og:description\" content=\"ROYAL REVOLVER VIBRATING SILICONE STRAPLESS STRAP ON \u00a1Este strapless de silicona te brinda placer tanto a ti como a tu\" \/>\n<meta property=\"og:url\" content=\"https:\/\/demoweb.info\/sexshop001\/producto\/royal-revolver-arnes-con-dildo-vibrador-de-silicona-morado\/\" \/>\n<meta property=\"og:site_name\" content=\"Tienda Er\u00f3tica\" \/>\n<meta property=\"article:modified_time\" content=\"2022-01-22T16:06:37+00:00\" \/>\n<meta property=\"og:image\" content=\"https:\/\/demoweb.info\/sexshop001\/wp-content\/uploads\/2022\/01\/ROYAL-REVOLVER-ARNES-CON-DILDO-VIBRADOR-DE-SILICONA-MORADO.jpg\" \/>\n\t<meta property=\"og:image:width\" content=\"550\" \/>\n\t<meta property=\"og:image:height\" content=\"550\" \/>\n\t<meta property=\"og:image:type\" content=\"image\/jpeg\" \/>\n<meta name=\"twitter:card\" content=\"summary_large_image\" \/>\n<meta name=\"twitter:label1\" content=\"Tiempo de lectura\" \/>\n\t<meta name=\"twitter:data1\" content=\"1 minuto\" \/>\n<script type=\"application\/ld+json\" class=\"yoast-schema-graph\">{\"@context\":\"https:\/\/schema.org\",\"@graph\":[{\"@type\":\"WebPage\",\"@id\":\"https:\/\/demoweb.info\/sexshop001\/producto\/royal-revolver-arnes-con-dildo-vibrador-de-silicona-morado\/\",\"url\":\"https:\/\/demoweb.info\/sexshop001\/producto\/royal-revolver-arnes-con-dildo-vibrador-de-silicona-morado\/\",\"name\":\"ROYAL REVOLVER ARN\u00c9S CON DILDO VIBRADOR DE SILICONA - MORADO - Tienda Er\u00f3tica\",\"isPartOf\":{\"@id\":\"https:\/\/demoweb.info\/sexshop001\/#website\"},\"datePublished\":\"2022-01-22T16:06:34+00:00\",\"dateModified\":\"2022-01-22T16:06:37+00:00\",\"breadcrumb\":{\"@id\":\"https:\/\/demoweb.info\/sexshop001\/producto\/royal-revolver-arnes-con-dildo-vibrador-de-silicona-morado\/#breadcrumb\"},\"inLanguage\":\"es\",\"potentialAction\":[{\"@type\":\"ReadAction\",\"target\":[\"https:\/\/demoweb.info\/sexshop001\/producto\/royal-revolver-arnes-con-dildo-vibrador-de-silicona-morado\/\"]}]},{\"@type\":\"BreadcrumbList\",\"@id\":\"https:\/\/demoweb.info\/sexshop001\/producto\/royal-revolver-arnes-con-dildo-vibrador-de-silicona-morado\/#breadcrumb\",\"itemListElement\":[{\"@type\":\"ListItem\",\"position\":1,\"name\":\"Portada\",\"item\":\"https:\/\/demoweb.info\/sexshop001\/\"},{\"@type\":\"ListItem\",\"position\":2,\"name\":\"Tienda\",\"item\":\"https:\/\/demoweb.info\/sexshop001\/tienda\/\"},{\"@type\":\"ListItem\",\"position\":3,\"name\":\"ROYAL REVOLVER ARN\u00c9S CON DILDO VIBRADOR DE SILICONA &#8211; MORADO\"}]},{\"@type\":\"WebSite\",\"@id\":\"https:\/\/demoweb.info\/sexshop001\/#website\",\"url\":\"https:\/\/demoweb.info\/sexshop001\/\",\"name\":\"Tienda Er\u00f3tica\",\"description\":\"DEMOWEB SL\",\"potentialAction\":[{\"@type\":\"SearchAction\",\"target\":{\"@type\":\"EntryPoint\",\"urlTemplate\":\"https:\/\/demoweb.info\/sexshop001\/?s={search_term_string}\"},\"query-input\":\"required name=search_term_string\"}],\"inLanguage\":\"es\"}]}<\/script>\n<!-- \/ Yoast SEO plugin. -->","yoast_head_json":{"title":"ROYAL REVOLVER ARN\u00c9S CON DILDO VIBRADOR DE SILICONA - MORADO - Tienda Er\u00f3tica","robots":{"index":"noindex","follow":"follow","max-snippet":"max-snippet:-1","max-image-preview":"max-image-preview:large","max-video-preview":"max-video-preview:-1"},"og_locale":"es_ES","og_type":"article","og_title":"ROYAL REVOLVER ARN\u00c9S CON DILDO VIBRADOR DE SILICONA - MORADO - Tienda Er\u00f3tica","og_description":"ROYAL REVOLVER VIBRATING SILICONE STRAPLESS STRAP ON \u00a1Este strapless de silicona te brinda placer tanto a ti como a tu","og_url":"https:\/\/demoweb.info\/sexshop001\/producto\/royal-revolver-arnes-con-dildo-vibrador-de-silicona-morado\/","og_site_name":"Tienda Er\u00f3tica","article_modified_time":"2022-01-22T16:06:37+00:00","og_image":[{"width":550,"height":550,"url":"https:\/\/demoweb.info\/sexshop001\/wp-content\/uploads\/2022\/01\/ROYAL-REVOLVER-ARNES-CON-DILDO-VIBRADOR-DE-SILICONA-MORADO.jpg","type":"image\/jpeg"}],"twitter_card":"summary_large_image","twitter_misc":{"Tiempo de lectura":"1 minuto"},"schema":{"@context":"https:\/\/schema.org","@graph":[{"@type":"WebPage","@id":"https:\/\/demoweb.info\/sexshop001\/producto\/royal-revolver-arnes-con-dildo-vibrador-de-silicona-morado\/","url":"https:\/\/demoweb.info\/sexshop001\/producto\/royal-revolver-arnes-con-dildo-vibrador-de-silicona-morado\/","name":"ROYAL REVOLVER ARN\u00c9S CON DILDO VIBRADOR DE SILICONA - MORADO - Tienda Er\u00f3tica","isPartOf":{"@id":"https:\/\/demoweb.info\/sexshop001\/#website"},"datePublished":"2022-01-22T16:06:34+00:00","dateModified":"2022-01-22T16:06:37+00:00","breadcrumb":{"@id":"https:\/\/demoweb.info\/sexshop001\/producto\/royal-revolver-arnes-con-dildo-vibrador-de-silicona-morado\/#breadcrumb"},"inLanguage":"es","potentialAction":[{"@type":"ReadAction","target":["https:\/\/demoweb.info\/sexshop001\/producto\/royal-revolver-arnes-con-dildo-vibrador-de-silicona-morado\/"]}]},{"@type":"BreadcrumbList","@id":"https:\/\/demoweb.info\/sexshop001\/producto\/royal-revolver-arnes-con-dildo-vibrador-de-silicona-morado\/#breadcrumb","itemListElement":[{"@type":"ListItem","position":1,"name":"Portada","item":"https:\/\/demoweb.info\/sexshop001\/"},{"@type":"ListItem","position":2,"name":"Tienda","item":"https:\/\/demoweb.info\/sexshop001\/tienda\/"},{"@type":"ListItem","position":3,"name":"ROYAL REVOLVER ARN\u00c9S CON DILDO VIBRADOR DE SILICONA &#8211; MORADO"}]},{"@type":"WebSite","@id":"https:\/\/demoweb.info\/sexshop001\/#website","url":"https:\/\/demoweb.info\/sexshop001\/","name":"Tienda Er\u00f3tica","description":"DEMOWEB SL","potentialAction":[{"@type":"SearchAction","target":{"@type":"EntryPoint","urlTemplate":"https:\/\/demoweb.info\/sexshop001\/?s={search_term_string}"},"query-input":"required name=search_term_string"}],"inLanguage":"es"}]}},"_links":{"self":[{"href":"https:\/\/demoweb.info\/sexshop001\/wp-json\/wp\/v3\/product\/55784","targetHints":{"allow":["GET"]}}],"collection":[{"href":"https:\/\/demoweb.info\/sexshop001\/wp-json\/wp\/v3\/product"}],"about":[{"href":"https:\/\/demoweb.info\/sexshop001\/wp-json\/wp\/v2\/types\/product"}],"replies":[{"embeddable":true,"href":"https:\/\/demoweb.info\/sexshop001\/wp-json\/wp\/v2\/comments?post=55784"}],"wp:featuredmedia":[{"embeddable":true,"href":"https:\/\/demoweb.info\/sexshop001\/wp-json\/wp\/v2\/media\/55785"}],"wp:attachment":[{"href":"https:\/\/demoweb.info\/sexshop001\/wp-json\/wp\/v2\/media?parent=55784"}],"wp:term":[{"taxonomy":"product_cat","embeddable":true,"href":"https:\/\/demoweb.info\/sexshop001\/wp-json\/wp\/v2\/product_cat?post=55784"},{"taxonomy":"product_tag","embeddable":true,"href":"https:\/\/demoweb.info\/sexshop001\/wp-json\/wp\/v2\/product_tag?post=55784"}],"curies":[{"name":"wp","href":"https:\/\/api.w.org\/{rel}","templated":true}]}}