{"id":55766,"date":"2022-01-22T17:06:08","date_gmt":"2022-01-22T16:06:08","guid":{"rendered":"https:\/\/demoweb.info\/sexshop001\/producto\/bolted-deluxe-sondas-uretra-de-silicona-negro\/"},"modified":"2022-01-22T17:06:24","modified_gmt":"2022-01-22T16:06:24","slug":"bolted-deluxe-sondas-uretra-de-silicona-negro","status":"publish","type":"product","link":"https:\/\/demoweb.info\/sexshop001\/producto\/bolted-deluxe-sondas-uretra-de-silicona-negro\/","title":{"rendered":"BOLTED DELUXE SONDAS URETRA DE SILICONA &#8211; NEGRO"},"content":{"rendered":"<p><strong>BOLTED DELUXE SILICONE URETHRAL SOUNDS &#8211; BLACK<\/strong><\/p>\n<p>\u00a1Flexible, suave y enorme!<\/p>\n<p>Hecho de silicona de alta calidad, este conjunto de sondas extralargas no es poroso ni contiene ftalatos, por lo que es un material seguro para el cuerpo en el que puedes confiar. Cada sonda tiene una punta c\u00f3nica para una inserci\u00f3n f\u00e1cil y c\u00f3moda.<\/p>\n<p>Experimenta con tres di\u00e1metros diferentes. El material sedoso y sin costuras es extremadamente flexible para ajustarse a las curvas \u00fanicas de tu eje.<\/p>\n<p>No es compatible con lubricantes de silicona. Limpiar con jab\u00f3n suave y agua tibia antes y despu\u00e9s de cada uso.<\/p>\n<p>Medidas:<\/p>\n<ul>\n<li>Las tres sondas tienen 35 cm de longitud total.<\/li>\n<li>La sonda peque\u00f1o tiene 7.5mm de di\u00e1metro.<\/li>\n<li>La sonda mediana tiene 10 mm de di\u00e1metro.<\/li>\n<li>La sonda grande tiene 11.5 mm de di\u00e1metro.<\/li>\n<\/ul>\n<p>Material: Silicona.<\/p>\n<p>De color negro.<\/p>\n","protected":false},"excerpt":{"rendered":"<p>BOLTED DELUXE SILICONE URETHRAL SOUNDS &#8211; BLACK \u00a1Flexible, suave y enorme! Hecho de silicona de alta calidad, este conjunto de<\/p>\n","protected":false},"featured_media":55767,"comment_status":"open","ping_status":"open","template":"","meta":[],"product_cat":[290],"product_tag":[463,274],"class_list":["post-55766","product","type-product","status-publish","has-post-thumbnail","hentry","product_cat-penis-plug","product_tag-master-series","product_tag-xr-brands"],"bundled_by":[],"bundle_stock_status":"instock","bundle_stock_quantity":1,"bundle_virtual":false,"bundle_layout":"","bundle_add_to_cart_form_location":"","bundle_editable_in_cart":false,"bundle_sold_individually_context":"","bundle_item_grouping":"","bundle_min_size":"","bundle_max_size":"","bundled_items":[],"yoast_head":"<!-- This site is optimized with the Yoast SEO plugin v20.6 - https:\/\/yoast.com\/wordpress\/plugins\/seo\/ -->\n<title>BOLTED DELUXE SONDAS URETRA DE SILICONA - NEGRO - Tienda Er\u00f3tica<\/title>\n<meta name=\"robots\" content=\"noindex, follow, max-snippet:-1, max-image-preview:large, max-video-preview:-1\" \/>\n<meta property=\"og:locale\" content=\"es_ES\" \/>\n<meta property=\"og:type\" content=\"article\" \/>\n<meta property=\"og:title\" content=\"BOLTED DELUXE SONDAS URETRA DE SILICONA - NEGRO - Tienda Er\u00f3tica\" \/>\n<meta property=\"og:description\" content=\"BOLTED DELUXE SILICONE URETHRAL SOUNDS &#8211; BLACK \u00a1Flexible, suave y enorme! Hecho de silicona de alta calidad, este conjunto de\" \/>\n<meta property=\"og:url\" content=\"https:\/\/demoweb.info\/sexshop001\/producto\/bolted-deluxe-sondas-uretra-de-silicona-negro\/\" \/>\n<meta property=\"og:site_name\" content=\"Tienda Er\u00f3tica\" \/>\n<meta property=\"article:modified_time\" content=\"2022-01-22T16:06:24+00:00\" \/>\n<meta property=\"og:image\" content=\"https:\/\/demoweb.info\/sexshop001\/wp-content\/uploads\/2022\/01\/BOLTED-DELUXE-SONDAS-URETRA-DE-SILICONA-NEGRO.jpg\" \/>\n\t<meta property=\"og:image:width\" content=\"550\" \/>\n\t<meta property=\"og:image:height\" content=\"550\" \/>\n\t<meta property=\"og:image:type\" content=\"image\/jpeg\" \/>\n<meta name=\"twitter:card\" content=\"summary_large_image\" \/>\n<meta name=\"twitter:label1\" content=\"Tiempo de lectura\" \/>\n\t<meta name=\"twitter:data1\" content=\"1 minuto\" \/>\n<script type=\"application\/ld+json\" class=\"yoast-schema-graph\">{\"@context\":\"https:\/\/schema.org\",\"@graph\":[{\"@type\":\"WebPage\",\"@id\":\"https:\/\/demoweb.info\/sexshop001\/producto\/bolted-deluxe-sondas-uretra-de-silicona-negro\/\",\"url\":\"https:\/\/demoweb.info\/sexshop001\/producto\/bolted-deluxe-sondas-uretra-de-silicona-negro\/\",\"name\":\"BOLTED DELUXE SONDAS URETRA DE SILICONA - NEGRO - Tienda Er\u00f3tica\",\"isPartOf\":{\"@id\":\"https:\/\/demoweb.info\/sexshop001\/#website\"},\"datePublished\":\"2022-01-22T16:06:08+00:00\",\"dateModified\":\"2022-01-22T16:06:24+00:00\",\"breadcrumb\":{\"@id\":\"https:\/\/demoweb.info\/sexshop001\/producto\/bolted-deluxe-sondas-uretra-de-silicona-negro\/#breadcrumb\"},\"inLanguage\":\"es\",\"potentialAction\":[{\"@type\":\"ReadAction\",\"target\":[\"https:\/\/demoweb.info\/sexshop001\/producto\/bolted-deluxe-sondas-uretra-de-silicona-negro\/\"]}]},{\"@type\":\"BreadcrumbList\",\"@id\":\"https:\/\/demoweb.info\/sexshop001\/producto\/bolted-deluxe-sondas-uretra-de-silicona-negro\/#breadcrumb\",\"itemListElement\":[{\"@type\":\"ListItem\",\"position\":1,\"name\":\"Portada\",\"item\":\"https:\/\/demoweb.info\/sexshop001\/\"},{\"@type\":\"ListItem\",\"position\":2,\"name\":\"Tienda\",\"item\":\"https:\/\/demoweb.info\/sexshop001\/tienda\/\"},{\"@type\":\"ListItem\",\"position\":3,\"name\":\"BOLTED DELUXE SONDAS URETRA DE SILICONA &#8211; NEGRO\"}]},{\"@type\":\"WebSite\",\"@id\":\"https:\/\/demoweb.info\/sexshop001\/#website\",\"url\":\"https:\/\/demoweb.info\/sexshop001\/\",\"name\":\"Tienda Er\u00f3tica\",\"description\":\"DEMOWEB SL\",\"potentialAction\":[{\"@type\":\"SearchAction\",\"target\":{\"@type\":\"EntryPoint\",\"urlTemplate\":\"https:\/\/demoweb.info\/sexshop001\/?s={search_term_string}\"},\"query-input\":\"required name=search_term_string\"}],\"inLanguage\":\"es\"}]}<\/script>\n<!-- \/ Yoast SEO plugin. -->","yoast_head_json":{"title":"BOLTED DELUXE SONDAS URETRA DE SILICONA - NEGRO - Tienda Er\u00f3tica","robots":{"index":"noindex","follow":"follow","max-snippet":"max-snippet:-1","max-image-preview":"max-image-preview:large","max-video-preview":"max-video-preview:-1"},"og_locale":"es_ES","og_type":"article","og_title":"BOLTED DELUXE SONDAS URETRA DE SILICONA - NEGRO - Tienda Er\u00f3tica","og_description":"BOLTED DELUXE SILICONE URETHRAL SOUNDS &#8211; BLACK \u00a1Flexible, suave y enorme! Hecho de silicona de alta calidad, este conjunto de","og_url":"https:\/\/demoweb.info\/sexshop001\/producto\/bolted-deluxe-sondas-uretra-de-silicona-negro\/","og_site_name":"Tienda Er\u00f3tica","article_modified_time":"2022-01-22T16:06:24+00:00","og_image":[{"width":550,"height":550,"url":"https:\/\/demoweb.info\/sexshop001\/wp-content\/uploads\/2022\/01\/BOLTED-DELUXE-SONDAS-URETRA-DE-SILICONA-NEGRO.jpg","type":"image\/jpeg"}],"twitter_card":"summary_large_image","twitter_misc":{"Tiempo de lectura":"1 minuto"},"schema":{"@context":"https:\/\/schema.org","@graph":[{"@type":"WebPage","@id":"https:\/\/demoweb.info\/sexshop001\/producto\/bolted-deluxe-sondas-uretra-de-silicona-negro\/","url":"https:\/\/demoweb.info\/sexshop001\/producto\/bolted-deluxe-sondas-uretra-de-silicona-negro\/","name":"BOLTED DELUXE SONDAS URETRA DE SILICONA - NEGRO - Tienda Er\u00f3tica","isPartOf":{"@id":"https:\/\/demoweb.info\/sexshop001\/#website"},"datePublished":"2022-01-22T16:06:08+00:00","dateModified":"2022-01-22T16:06:24+00:00","breadcrumb":{"@id":"https:\/\/demoweb.info\/sexshop001\/producto\/bolted-deluxe-sondas-uretra-de-silicona-negro\/#breadcrumb"},"inLanguage":"es","potentialAction":[{"@type":"ReadAction","target":["https:\/\/demoweb.info\/sexshop001\/producto\/bolted-deluxe-sondas-uretra-de-silicona-negro\/"]}]},{"@type":"BreadcrumbList","@id":"https:\/\/demoweb.info\/sexshop001\/producto\/bolted-deluxe-sondas-uretra-de-silicona-negro\/#breadcrumb","itemListElement":[{"@type":"ListItem","position":1,"name":"Portada","item":"https:\/\/demoweb.info\/sexshop001\/"},{"@type":"ListItem","position":2,"name":"Tienda","item":"https:\/\/demoweb.info\/sexshop001\/tienda\/"},{"@type":"ListItem","position":3,"name":"BOLTED DELUXE SONDAS URETRA DE SILICONA &#8211; NEGRO"}]},{"@type":"WebSite","@id":"https:\/\/demoweb.info\/sexshop001\/#website","url":"https:\/\/demoweb.info\/sexshop001\/","name":"Tienda Er\u00f3tica","description":"DEMOWEB SL","potentialAction":[{"@type":"SearchAction","target":{"@type":"EntryPoint","urlTemplate":"https:\/\/demoweb.info\/sexshop001\/?s={search_term_string}"},"query-input":"required name=search_term_string"}],"inLanguage":"es"}]}},"_links":{"self":[{"href":"https:\/\/demoweb.info\/sexshop001\/wp-json\/wp\/v3\/product\/55766","targetHints":{"allow":["GET"]}}],"collection":[{"href":"https:\/\/demoweb.info\/sexshop001\/wp-json\/wp\/v3\/product"}],"about":[{"href":"https:\/\/demoweb.info\/sexshop001\/wp-json\/wp\/v2\/types\/product"}],"replies":[{"embeddable":true,"href":"https:\/\/demoweb.info\/sexshop001\/wp-json\/wp\/v2\/comments?post=55766"}],"wp:featuredmedia":[{"embeddable":true,"href":"https:\/\/demoweb.info\/sexshop001\/wp-json\/wp\/v2\/media\/55767"}],"wp:attachment":[{"href":"https:\/\/demoweb.info\/sexshop001\/wp-json\/wp\/v2\/media?parent=55766"}],"wp:term":[{"taxonomy":"product_cat","embeddable":true,"href":"https:\/\/demoweb.info\/sexshop001\/wp-json\/wp\/v2\/product_cat?post=55766"},{"taxonomy":"product_tag","embeddable":true,"href":"https:\/\/demoweb.info\/sexshop001\/wp-json\/wp\/v2\/product_tag?post=55766"}],"curies":[{"name":"wp","href":"https:\/\/api.w.org\/{rel}","templated":true}]}}