{"id":55756,"date":"2022-01-22T17:06:08","date_gmt":"2022-01-22T16:06:08","guid":{"rendered":"https:\/\/demoweb.info\/sexshop001\/producto\/obedience-extreme-sex-bench-soporte-restricciones-bdsm\/"},"modified":"2022-01-22T17:06:17","modified_gmt":"2022-01-22T16:06:17","slug":"obedience-extreme-sex-bench-soporte-restricciones-bdsm","status":"publish","type":"product","link":"https:\/\/demoweb.info\/sexshop001\/producto\/obedience-extreme-sex-bench-soporte-restricciones-bdsm\/","title":{"rendered":"OBEDIENCE EXTREME SEX BENCH &#8211; SOPORTE RESTRICCIONES BDSM"},"content":{"rendered":"<p><strong>OBEDIENCE EXTREME SEX BENCH WITH RESTRAINT STRAPS<\/strong><\/p>\n<p>Haz realidad tus fantas\u00edas m\u00e1s oscuras o prep\u00e1rate para escenas de juego intenso cuando ates a tu amante al Obedience Extreme Sex Bench.<\/p>\n<p>Este resistente mueble sexual est\u00e1 hecho de acero resistente, con un c\u00f3modo acolchado para el cuerpo, las piernas, los brazos y la cabeza de tu compa\u00f1ero para que puedas jugar vigorosamente durante horas.<\/p>\n<p>Mant\u00e9n a tu sumiso indefenso y a tu merced. Este banco de forma ergon\u00f3mica los dejar\u00e1 expuestos a golpes, penetraci\u00f3n o ambos. \u00a1Incluso podr\u00e1s profundizar m\u00e1s que nunca!<\/p>\n<p>El reposacabezas en forma de U no amortiguar\u00e1 sus gemidos y chillidos mientras juegas. Util\u00edzalo sin las correas, o mant\u00e9nlas completamente restringidas. Las hebillas de liberaci\u00f3n r\u00e1pida son f\u00e1ciles de usar.<\/p>\n<p>Ajuste la altura de los brazos y las piernas, o quita el soporte de la cabeza para personalizar completamente la experiencia.<\/p>\n<p>Medidas:<\/p>\n<ul>\n<li>Alto: 68,5 cm<\/li>\n<li>Ancho: 127 cm<\/li>\n<li>La almohadilla del torso mide 47 cm de largo y 21,5 cm de ancho.<\/li>\n<li>Las almohadillas para los brazos y tobillos tienen 30,5 cm de largo y 10 cm de ancho.<\/li>\n<\/ul>\n<p>Material: cuero de PU, acero, nylon.<\/p>\n","protected":false},"excerpt":{"rendered":"<p>OBEDIENCE EXTREME SEX BENCH WITH RESTRAINT STRAPS Haz realidad tus fantas\u00edas m\u00e1s oscuras o prep\u00e1rate para escenas de juego intenso<\/p>\n","protected":false},"featured_media":55757,"comment_status":"open","ping_status":"open","template":"","meta":[],"product_cat":[680],"product_tag":[463,274],"class_list":["post-55756","product","type-product","status-publish","has-post-thumbnail","hentry","product_cat-maquinas-del-amor","product_tag-master-series","product_tag-xr-brands"],"bundled_by":[],"bundle_stock_status":"instock","bundle_stock_quantity":1,"bundle_virtual":false,"bundle_layout":"","bundle_add_to_cart_form_location":"","bundle_editable_in_cart":false,"bundle_sold_individually_context":"","bundle_item_grouping":"","bundle_min_size":"","bundle_max_size":"","bundled_items":[],"yoast_head":"<!-- This site is optimized with the Yoast SEO plugin v20.6 - https:\/\/yoast.com\/wordpress\/plugins\/seo\/ -->\n<title>OBEDIENCE EXTREME SEX BENCH - SOPORTE RESTRICCIONES BDSM - Tienda Er\u00f3tica<\/title>\n<meta name=\"robots\" content=\"noindex, follow, max-snippet:-1, max-image-preview:large, max-video-preview:-1\" \/>\n<meta property=\"og:locale\" content=\"es_ES\" \/>\n<meta property=\"og:type\" content=\"article\" \/>\n<meta property=\"og:title\" content=\"OBEDIENCE EXTREME SEX BENCH - SOPORTE RESTRICCIONES BDSM - Tienda Er\u00f3tica\" \/>\n<meta property=\"og:description\" content=\"OBEDIENCE EXTREME SEX BENCH WITH RESTRAINT STRAPS Haz realidad tus fantas\u00edas m\u00e1s oscuras o prep\u00e1rate para escenas de juego intenso\" \/>\n<meta property=\"og:url\" content=\"https:\/\/demoweb.info\/sexshop001\/producto\/obedience-extreme-sex-bench-soporte-restricciones-bdsm\/\" \/>\n<meta property=\"og:site_name\" content=\"Tienda Er\u00f3tica\" \/>\n<meta property=\"article:modified_time\" content=\"2022-01-22T16:06:17+00:00\" \/>\n<meta property=\"og:image\" content=\"https:\/\/demoweb.info\/sexshop001\/wp-content\/uploads\/2022\/01\/OBEDIENCE-EXTREME-SEX-BENCH-SOPORTE-RESTRICCIONES-BDSM.jpg\" \/>\n\t<meta property=\"og:image:width\" content=\"550\" \/>\n\t<meta property=\"og:image:height\" content=\"550\" \/>\n\t<meta property=\"og:image:type\" content=\"image\/jpeg\" \/>\n<meta name=\"twitter:card\" content=\"summary_large_image\" \/>\n<meta name=\"twitter:label1\" content=\"Tiempo de lectura\" \/>\n\t<meta name=\"twitter:data1\" content=\"1 minuto\" \/>\n<script type=\"application\/ld+json\" class=\"yoast-schema-graph\">{\"@context\":\"https:\/\/schema.org\",\"@graph\":[{\"@type\":\"WebPage\",\"@id\":\"https:\/\/demoweb.info\/sexshop001\/producto\/obedience-extreme-sex-bench-soporte-restricciones-bdsm\/\",\"url\":\"https:\/\/demoweb.info\/sexshop001\/producto\/obedience-extreme-sex-bench-soporte-restricciones-bdsm\/\",\"name\":\"OBEDIENCE EXTREME SEX BENCH - SOPORTE RESTRICCIONES BDSM - Tienda Er\u00f3tica\",\"isPartOf\":{\"@id\":\"https:\/\/demoweb.info\/sexshop001\/#website\"},\"datePublished\":\"2022-01-22T16:06:08+00:00\",\"dateModified\":\"2022-01-22T16:06:17+00:00\",\"breadcrumb\":{\"@id\":\"https:\/\/demoweb.info\/sexshop001\/producto\/obedience-extreme-sex-bench-soporte-restricciones-bdsm\/#breadcrumb\"},\"inLanguage\":\"es\",\"potentialAction\":[{\"@type\":\"ReadAction\",\"target\":[\"https:\/\/demoweb.info\/sexshop001\/producto\/obedience-extreme-sex-bench-soporte-restricciones-bdsm\/\"]}]},{\"@type\":\"BreadcrumbList\",\"@id\":\"https:\/\/demoweb.info\/sexshop001\/producto\/obedience-extreme-sex-bench-soporte-restricciones-bdsm\/#breadcrumb\",\"itemListElement\":[{\"@type\":\"ListItem\",\"position\":1,\"name\":\"Portada\",\"item\":\"https:\/\/demoweb.info\/sexshop001\/\"},{\"@type\":\"ListItem\",\"position\":2,\"name\":\"Tienda\",\"item\":\"https:\/\/demoweb.info\/sexshop001\/tienda\/\"},{\"@type\":\"ListItem\",\"position\":3,\"name\":\"OBEDIENCE EXTREME SEX BENCH &#8211; SOPORTE RESTRICCIONES BDSM\"}]},{\"@type\":\"WebSite\",\"@id\":\"https:\/\/demoweb.info\/sexshop001\/#website\",\"url\":\"https:\/\/demoweb.info\/sexshop001\/\",\"name\":\"Tienda Er\u00f3tica\",\"description\":\"DEMOWEB SL\",\"potentialAction\":[{\"@type\":\"SearchAction\",\"target\":{\"@type\":\"EntryPoint\",\"urlTemplate\":\"https:\/\/demoweb.info\/sexshop001\/?s={search_term_string}\"},\"query-input\":\"required name=search_term_string\"}],\"inLanguage\":\"es\"}]}<\/script>\n<!-- \/ Yoast SEO plugin. -->","yoast_head_json":{"title":"OBEDIENCE EXTREME SEX BENCH - SOPORTE RESTRICCIONES BDSM - Tienda Er\u00f3tica","robots":{"index":"noindex","follow":"follow","max-snippet":"max-snippet:-1","max-image-preview":"max-image-preview:large","max-video-preview":"max-video-preview:-1"},"og_locale":"es_ES","og_type":"article","og_title":"OBEDIENCE EXTREME SEX BENCH - SOPORTE RESTRICCIONES BDSM - Tienda Er\u00f3tica","og_description":"OBEDIENCE EXTREME SEX BENCH WITH RESTRAINT STRAPS Haz realidad tus fantas\u00edas m\u00e1s oscuras o prep\u00e1rate para escenas de juego intenso","og_url":"https:\/\/demoweb.info\/sexshop001\/producto\/obedience-extreme-sex-bench-soporte-restricciones-bdsm\/","og_site_name":"Tienda Er\u00f3tica","article_modified_time":"2022-01-22T16:06:17+00:00","og_image":[{"width":550,"height":550,"url":"https:\/\/demoweb.info\/sexshop001\/wp-content\/uploads\/2022\/01\/OBEDIENCE-EXTREME-SEX-BENCH-SOPORTE-RESTRICCIONES-BDSM.jpg","type":"image\/jpeg"}],"twitter_card":"summary_large_image","twitter_misc":{"Tiempo de lectura":"1 minuto"},"schema":{"@context":"https:\/\/schema.org","@graph":[{"@type":"WebPage","@id":"https:\/\/demoweb.info\/sexshop001\/producto\/obedience-extreme-sex-bench-soporte-restricciones-bdsm\/","url":"https:\/\/demoweb.info\/sexshop001\/producto\/obedience-extreme-sex-bench-soporte-restricciones-bdsm\/","name":"OBEDIENCE EXTREME SEX BENCH - SOPORTE RESTRICCIONES BDSM - Tienda Er\u00f3tica","isPartOf":{"@id":"https:\/\/demoweb.info\/sexshop001\/#website"},"datePublished":"2022-01-22T16:06:08+00:00","dateModified":"2022-01-22T16:06:17+00:00","breadcrumb":{"@id":"https:\/\/demoweb.info\/sexshop001\/producto\/obedience-extreme-sex-bench-soporte-restricciones-bdsm\/#breadcrumb"},"inLanguage":"es","potentialAction":[{"@type":"ReadAction","target":["https:\/\/demoweb.info\/sexshop001\/producto\/obedience-extreme-sex-bench-soporte-restricciones-bdsm\/"]}]},{"@type":"BreadcrumbList","@id":"https:\/\/demoweb.info\/sexshop001\/producto\/obedience-extreme-sex-bench-soporte-restricciones-bdsm\/#breadcrumb","itemListElement":[{"@type":"ListItem","position":1,"name":"Portada","item":"https:\/\/demoweb.info\/sexshop001\/"},{"@type":"ListItem","position":2,"name":"Tienda","item":"https:\/\/demoweb.info\/sexshop001\/tienda\/"},{"@type":"ListItem","position":3,"name":"OBEDIENCE EXTREME SEX BENCH &#8211; SOPORTE RESTRICCIONES BDSM"}]},{"@type":"WebSite","@id":"https:\/\/demoweb.info\/sexshop001\/#website","url":"https:\/\/demoweb.info\/sexshop001\/","name":"Tienda Er\u00f3tica","description":"DEMOWEB SL","potentialAction":[{"@type":"SearchAction","target":{"@type":"EntryPoint","urlTemplate":"https:\/\/demoweb.info\/sexshop001\/?s={search_term_string}"},"query-input":"required name=search_term_string"}],"inLanguage":"es"}]}},"_links":{"self":[{"href":"https:\/\/demoweb.info\/sexshop001\/wp-json\/wp\/v3\/product\/55756","targetHints":{"allow":["GET"]}}],"collection":[{"href":"https:\/\/demoweb.info\/sexshop001\/wp-json\/wp\/v3\/product"}],"about":[{"href":"https:\/\/demoweb.info\/sexshop001\/wp-json\/wp\/v2\/types\/product"}],"replies":[{"embeddable":true,"href":"https:\/\/demoweb.info\/sexshop001\/wp-json\/wp\/v2\/comments?post=55756"}],"wp:featuredmedia":[{"embeddable":true,"href":"https:\/\/demoweb.info\/sexshop001\/wp-json\/wp\/v2\/media\/55757"}],"wp:attachment":[{"href":"https:\/\/demoweb.info\/sexshop001\/wp-json\/wp\/v2\/media?parent=55756"}],"wp:term":[{"taxonomy":"product_cat","embeddable":true,"href":"https:\/\/demoweb.info\/sexshop001\/wp-json\/wp\/v2\/product_cat?post=55756"},{"taxonomy":"product_tag","embeddable":true,"href":"https:\/\/demoweb.info\/sexshop001\/wp-json\/wp\/v2\/product_tag?post=55756"}],"curies":[{"name":"wp","href":"https:\/\/api.w.org\/{rel}","templated":true}]}}