{"id":55726,"date":"2022-01-22T17:05:39","date_gmt":"2022-01-22T16:05:39","guid":{"rendered":"https:\/\/demoweb.info\/sexshop001\/producto\/claw-expanding-dilatador-anal-negro\/"},"modified":"2022-01-22T17:05:56","modified_gmt":"2022-01-22T16:05:56","slug":"claw-expanding-dilatador-anal-negro","status":"publish","type":"product","link":"https:\/\/demoweb.info\/sexshop001\/producto\/claw-expanding-dilatador-anal-negro\/","title":{"rendered":"CLAW EXPANDING DILATADOR ANAL &#8211; NEGRO"},"content":{"rendered":"<p><strong>CLAW EXPANDING ANAL DILATOR<\/strong><\/p>\n<p>Claw expanding es un dilatador anal que no te dejar\u00e1 indiferente.<\/p>\n<p>Aprieta las cuatro cu\u00f1as para obtener una penetraci\u00f3n m\u00e1s manejable. Una vez que haya pasado tu esf\u00ednter, se expandir\u00e1, \u00a1abriendo sus entra\u00f1as!<\/p>\n<p>Un orificio en la base del enchufe permite a tu pareja mirar dentro de tus profundidades anales, o incluso llenarlo con un consolador, un enema o cualquier cosa que se te pueda ocurrir.<\/p>\n<p>El material sin ftalatos es firme, pero flexible y presionar\u00e1 contra todos los puntos correctos dentro de ti.<\/p>\n<p>\u00a1Disfruta de una sensaci\u00f3n distinta!<\/p>\n","protected":false},"excerpt":{"rendered":"<p>CLAW EXPANDING ANAL DILATOR Claw expanding es un dilatador anal que no te dejar\u00e1 indiferente. Aprieta las cuatro cu\u00f1as para<\/p>\n","protected":false},"featured_media":55727,"comment_status":"open","ping_status":"open","template":"","meta":[],"product_cat":[853],"product_tag":[463,274],"class_list":["post-55726","product","type-product","status-publish","has-post-thumbnail","hentry","product_cat-dilatadores","product_tag-master-series","product_tag-xr-brands"],"bundled_by":[],"bundle_stock_status":"instock","bundle_stock_quantity":2,"bundle_virtual":false,"bundle_layout":"","bundle_add_to_cart_form_location":"","bundle_editable_in_cart":false,"bundle_sold_individually_context":"","bundle_item_grouping":"","bundle_min_size":"","bundle_max_size":"","bundled_items":[],"yoast_head":"<!-- This site is optimized with the Yoast SEO plugin v20.6 - https:\/\/yoast.com\/wordpress\/plugins\/seo\/ -->\n<title>CLAW EXPANDING DILATADOR ANAL - NEGRO - Tienda Er\u00f3tica<\/title>\n<meta name=\"robots\" content=\"noindex, follow, max-snippet:-1, max-image-preview:large, max-video-preview:-1\" \/>\n<meta property=\"og:locale\" content=\"es_ES\" \/>\n<meta property=\"og:type\" content=\"article\" \/>\n<meta property=\"og:title\" content=\"CLAW EXPANDING DILATADOR ANAL - NEGRO - Tienda Er\u00f3tica\" \/>\n<meta property=\"og:description\" content=\"CLAW EXPANDING ANAL DILATOR Claw expanding es un dilatador anal que no te dejar\u00e1 indiferente. Aprieta las cuatro cu\u00f1as para\" \/>\n<meta property=\"og:url\" content=\"https:\/\/demoweb.info\/sexshop001\/producto\/claw-expanding-dilatador-anal-negro\/\" \/>\n<meta property=\"og:site_name\" content=\"Tienda Er\u00f3tica\" \/>\n<meta property=\"article:modified_time\" content=\"2022-01-22T16:05:56+00:00\" \/>\n<meta property=\"og:image\" content=\"https:\/\/demoweb.info\/sexshop001\/wp-content\/uploads\/2022\/01\/CLAW-EXPANDING-DILATADOR-ANAL-NEGRO.jpg\" \/>\n\t<meta property=\"og:image:width\" content=\"550\" \/>\n\t<meta property=\"og:image:height\" content=\"550\" \/>\n\t<meta property=\"og:image:type\" content=\"image\/jpeg\" \/>\n<meta name=\"twitter:card\" content=\"summary_large_image\" \/>\n<script type=\"application\/ld+json\" class=\"yoast-schema-graph\">{\"@context\":\"https:\/\/schema.org\",\"@graph\":[{\"@type\":\"WebPage\",\"@id\":\"https:\/\/demoweb.info\/sexshop001\/producto\/claw-expanding-dilatador-anal-negro\/\",\"url\":\"https:\/\/demoweb.info\/sexshop001\/producto\/claw-expanding-dilatador-anal-negro\/\",\"name\":\"CLAW EXPANDING DILATADOR ANAL - NEGRO - Tienda Er\u00f3tica\",\"isPartOf\":{\"@id\":\"https:\/\/demoweb.info\/sexshop001\/#website\"},\"datePublished\":\"2022-01-22T16:05:39+00:00\",\"dateModified\":\"2022-01-22T16:05:56+00:00\",\"breadcrumb\":{\"@id\":\"https:\/\/demoweb.info\/sexshop001\/producto\/claw-expanding-dilatador-anal-negro\/#breadcrumb\"},\"inLanguage\":\"es\",\"potentialAction\":[{\"@type\":\"ReadAction\",\"target\":[\"https:\/\/demoweb.info\/sexshop001\/producto\/claw-expanding-dilatador-anal-negro\/\"]}]},{\"@type\":\"BreadcrumbList\",\"@id\":\"https:\/\/demoweb.info\/sexshop001\/producto\/claw-expanding-dilatador-anal-negro\/#breadcrumb\",\"itemListElement\":[{\"@type\":\"ListItem\",\"position\":1,\"name\":\"Portada\",\"item\":\"https:\/\/demoweb.info\/sexshop001\/\"},{\"@type\":\"ListItem\",\"position\":2,\"name\":\"Tienda\",\"item\":\"https:\/\/demoweb.info\/sexshop001\/tienda\/\"},{\"@type\":\"ListItem\",\"position\":3,\"name\":\"CLAW EXPANDING DILATADOR ANAL &#8211; NEGRO\"}]},{\"@type\":\"WebSite\",\"@id\":\"https:\/\/demoweb.info\/sexshop001\/#website\",\"url\":\"https:\/\/demoweb.info\/sexshop001\/\",\"name\":\"Tienda Er\u00f3tica\",\"description\":\"DEMOWEB SL\",\"potentialAction\":[{\"@type\":\"SearchAction\",\"target\":{\"@type\":\"EntryPoint\",\"urlTemplate\":\"https:\/\/demoweb.info\/sexshop001\/?s={search_term_string}\"},\"query-input\":\"required name=search_term_string\"}],\"inLanguage\":\"es\"}]}<\/script>\n<!-- \/ Yoast SEO plugin. -->","yoast_head_json":{"title":"CLAW EXPANDING DILATADOR ANAL - NEGRO - Tienda Er\u00f3tica","robots":{"index":"noindex","follow":"follow","max-snippet":"max-snippet:-1","max-image-preview":"max-image-preview:large","max-video-preview":"max-video-preview:-1"},"og_locale":"es_ES","og_type":"article","og_title":"CLAW EXPANDING DILATADOR ANAL - NEGRO - Tienda Er\u00f3tica","og_description":"CLAW EXPANDING ANAL DILATOR Claw expanding es un dilatador anal que no te dejar\u00e1 indiferente. Aprieta las cuatro cu\u00f1as para","og_url":"https:\/\/demoweb.info\/sexshop001\/producto\/claw-expanding-dilatador-anal-negro\/","og_site_name":"Tienda Er\u00f3tica","article_modified_time":"2022-01-22T16:05:56+00:00","og_image":[{"width":550,"height":550,"url":"https:\/\/demoweb.info\/sexshop001\/wp-content\/uploads\/2022\/01\/CLAW-EXPANDING-DILATADOR-ANAL-NEGRO.jpg","type":"image\/jpeg"}],"twitter_card":"summary_large_image","schema":{"@context":"https:\/\/schema.org","@graph":[{"@type":"WebPage","@id":"https:\/\/demoweb.info\/sexshop001\/producto\/claw-expanding-dilatador-anal-negro\/","url":"https:\/\/demoweb.info\/sexshop001\/producto\/claw-expanding-dilatador-anal-negro\/","name":"CLAW EXPANDING DILATADOR ANAL - NEGRO - Tienda Er\u00f3tica","isPartOf":{"@id":"https:\/\/demoweb.info\/sexshop001\/#website"},"datePublished":"2022-01-22T16:05:39+00:00","dateModified":"2022-01-22T16:05:56+00:00","breadcrumb":{"@id":"https:\/\/demoweb.info\/sexshop001\/producto\/claw-expanding-dilatador-anal-negro\/#breadcrumb"},"inLanguage":"es","potentialAction":[{"@type":"ReadAction","target":["https:\/\/demoweb.info\/sexshop001\/producto\/claw-expanding-dilatador-anal-negro\/"]}]},{"@type":"BreadcrumbList","@id":"https:\/\/demoweb.info\/sexshop001\/producto\/claw-expanding-dilatador-anal-negro\/#breadcrumb","itemListElement":[{"@type":"ListItem","position":1,"name":"Portada","item":"https:\/\/demoweb.info\/sexshop001\/"},{"@type":"ListItem","position":2,"name":"Tienda","item":"https:\/\/demoweb.info\/sexshop001\/tienda\/"},{"@type":"ListItem","position":3,"name":"CLAW EXPANDING DILATADOR ANAL &#8211; NEGRO"}]},{"@type":"WebSite","@id":"https:\/\/demoweb.info\/sexshop001\/#website","url":"https:\/\/demoweb.info\/sexshop001\/","name":"Tienda Er\u00f3tica","description":"DEMOWEB SL","potentialAction":[{"@type":"SearchAction","target":{"@type":"EntryPoint","urlTemplate":"https:\/\/demoweb.info\/sexshop001\/?s={search_term_string}"},"query-input":"required name=search_term_string"}],"inLanguage":"es"}]}},"_links":{"self":[{"href":"https:\/\/demoweb.info\/sexshop001\/wp-json\/wp\/v3\/product\/55726","targetHints":{"allow":["GET"]}}],"collection":[{"href":"https:\/\/demoweb.info\/sexshop001\/wp-json\/wp\/v3\/product"}],"about":[{"href":"https:\/\/demoweb.info\/sexshop001\/wp-json\/wp\/v2\/types\/product"}],"replies":[{"embeddable":true,"href":"https:\/\/demoweb.info\/sexshop001\/wp-json\/wp\/v2\/comments?post=55726"}],"wp:featuredmedia":[{"embeddable":true,"href":"https:\/\/demoweb.info\/sexshop001\/wp-json\/wp\/v2\/media\/55727"}],"wp:attachment":[{"href":"https:\/\/demoweb.info\/sexshop001\/wp-json\/wp\/v2\/media?parent=55726"}],"wp:term":[{"taxonomy":"product_cat","embeddable":true,"href":"https:\/\/demoweb.info\/sexshop001\/wp-json\/wp\/v2\/product_cat?post=55726"},{"taxonomy":"product_tag","embeddable":true,"href":"https:\/\/demoweb.info\/sexshop001\/wp-json\/wp\/v2\/product_tag?post=55726"}],"curies":[{"name":"wp","href":"https:\/\/api.w.org\/{rel}","templated":true}]}}