{"id":55684,"date":"2022-01-22T17:05:16","date_gmt":"2022-01-22T16:05:16","guid":{"rendered":"https:\/\/demoweb.info\/sexshop001\/producto\/p-motion-massager-negro\/"},"modified":"2022-01-22T17:05:26","modified_gmt":"2022-01-22T16:05:26","slug":"p-motion-massager-negro","status":"publish","type":"product","link":"https:\/\/demoweb.info\/sexshop001\/producto\/p-motion-massager-negro\/","title":{"rendered":"P-MOTION MASSAGER &#8211; NEGRO"},"content":{"rendered":"<p><strong>P-MOTION MASSAGER <\/strong><\/p>\n<p>Si est\u00e1s buscando un masajeador de pr\u00f3stata recargable, el masajeador P-Motion es la opci\u00f3n perfecta para ti.<\/p>\n<p>Este masajeador de pr\u00f3stata de alta calidad tiene un dise\u00f1o ergon\u00f3mico y viene repleto de caracter\u00edsticas alucinantes que ofrecen emociones incre\u00edbles y resultados explosivos con solo presionar un bot\u00f3n.<\/p>\n<p><em>Vibrador P-Spot Massager: \u00a1vibraciones potentes donde m\u00e1s las quiere!<br \/>\nBase adaptable: mango ancho para un juego seguro y f\u00e1cil extracci\u00f3n.<br \/>\nMasajeador anal rockero: \u00a1las bolas de placer se balancean hacia adelante y hacia atr\u00e1s dentro de ti!<\/em><\/p>\n<p>El P-Motion est\u00e1 estrat\u00e9gicamente dise\u00f1ado para sacudir la pr\u00f3stata: presenta una punta c\u00f3nica para facilitar la inserci\u00f3n y una cabeza en \u00e1ngulo que aloja una microbala dentro de la silicona para entregar vibraciones superfuertes directamente a tu P-Spot.<\/p>\n<p>Elige entre cinco poderosos patrones de vibraci\u00f3n y prep\u00e1rate para entrar en un mundo de dicha. Pero eso no es todo: debajo del segundo cord\u00f3n de este masajeador anal hay dos bolas rodantes que se mueven continuamente hacia arriba y hacia abajo dentro de la silicona blanda. Este mecanismo de masaje \u00fanico oscila como un columpio contra las terminaciones nerviosas sensibles en el esf\u00ednter, estimulando la apertura anal. A medida que las peque\u00f1as bolas de placer se balancean dentro y fuera de ti, la cabeza del masajeador tambi\u00e9n se mover\u00e1, empujando contra la pr\u00f3stata sensible mientras te excita con cada zumbido.<\/p>\n<p>Si eres nuevo en masajes de pr\u00f3stata, \u00a1te est\u00e1s perdiendo uno de los tipos de estimulaci\u00f3n m\u00e1s placenteros!<\/p>\n<p>Incluso los aficionados al anal nunca han experimentado cl\u00edmax como este antes. El P-Motion es el mejor masajeador de pr\u00f3stata vibrante dise\u00f1ado para brindarte las eyaculaciones m\u00e1s intensas y poderosas jam\u00e1s imaginadas.<\/p>\n<p>Prueba el P-Motion en la ducha o el spa y convierte la hora del ba\u00f1o en un placer. El mango ancho evita que la pieza se deslice demasiado hacia el interior mientras se ajusta c\u00f3modamente entre las mejillas. El material Elite Silicone \u2122, seguro para el cuerpo, es suave como la seda al tacto, hipoalerg\u00e9nico y est\u00e1 hecho para jugar fuerte.<\/p>\n<p>&#8211; Instrucciones de carga: inserta el enchufe en el orificio peque\u00f1o en la punta de la base. En 1,5 horas, tu P-Motion Massager estar\u00e1 completamente cargado y te emocionar\u00e1 a m\u00e1xima potencia durante 2 horas.<\/p>\n<p>Kit de preparaci\u00f3n de 4 piezas GRATIS incluido.<\/p>\n<ul>\n<li>118 ml Refresh Toy Cleaner<\/li>\n<li>118 ml Moist Anal Lube<\/li>\n<li>1x Crema Anal Ease Insertz \u2122<\/li>\n<li>1x guante de nitrilo<\/li>\n<\/ul>\n<p>Medidas:<\/p>\n<ul>\n<li>Longitud: 15,2 cm<\/li>\n<li>Longitud insertable: 11,7 cm<\/li>\n<\/ul>\n<p>Recargable con USB.<\/p>\n","protected":false},"excerpt":{"rendered":"<p>P-MOTION MASSAGER Si est\u00e1s buscando un masajeador de pr\u00f3stata recargable, el masajeador P-Motion es la opci\u00f3n perfecta para ti. Este<\/p>\n","protected":false},"featured_media":55685,"comment_status":"open","ping_status":"open","template":"","meta":[],"product_cat":[439],"product_tag":[1558,259],"class_list":["post-55684","product","type-product","status-publish","has-post-thumbnail","hentry","product_cat-punto-p-plugs","product_tag-anal-fantasy-elite-collection","product_tag-pipedream"],"bundled_by":[],"bundle_stock_status":"instock","bundle_stock_quantity":1,"bundle_virtual":false,"bundle_layout":"","bundle_add_to_cart_form_location":"","bundle_editable_in_cart":false,"bundle_sold_individually_context":"","bundle_item_grouping":"","bundle_min_size":"","bundle_max_size":"","bundled_items":[],"yoast_head":"<!-- This site is optimized with the Yoast SEO plugin v20.6 - https:\/\/yoast.com\/wordpress\/plugins\/seo\/ -->\n<title>P-MOTION MASSAGER - NEGRO - Tienda Er\u00f3tica<\/title>\n<meta name=\"robots\" content=\"noindex, follow, max-snippet:-1, max-image-preview:large, max-video-preview:-1\" \/>\n<meta property=\"og:locale\" content=\"es_ES\" \/>\n<meta property=\"og:type\" content=\"article\" \/>\n<meta property=\"og:title\" content=\"P-MOTION MASSAGER - NEGRO - Tienda Er\u00f3tica\" \/>\n<meta property=\"og:description\" content=\"P-MOTION MASSAGER Si est\u00e1s buscando un masajeador de pr\u00f3stata recargable, el masajeador P-Motion es la opci\u00f3n perfecta para ti. Este\" \/>\n<meta property=\"og:url\" content=\"https:\/\/demoweb.info\/sexshop001\/producto\/p-motion-massager-negro\/\" \/>\n<meta property=\"og:site_name\" content=\"Tienda Er\u00f3tica\" \/>\n<meta property=\"article:modified_time\" content=\"2022-01-22T16:05:26+00:00\" \/>\n<meta property=\"og:image\" content=\"https:\/\/demoweb.info\/sexshop001\/wp-content\/uploads\/2022\/01\/P-MOTION-MASSAGER-NEGRO.jpg\" \/>\n\t<meta property=\"og:image:width\" content=\"550\" \/>\n\t<meta property=\"og:image:height\" content=\"550\" \/>\n\t<meta property=\"og:image:type\" content=\"image\/jpeg\" \/>\n<meta name=\"twitter:card\" content=\"summary_large_image\" \/>\n<meta name=\"twitter:label1\" content=\"Tiempo de lectura\" \/>\n\t<meta name=\"twitter:data1\" content=\"2 minutos\" \/>\n<script type=\"application\/ld+json\" class=\"yoast-schema-graph\">{\"@context\":\"https:\/\/schema.org\",\"@graph\":[{\"@type\":\"WebPage\",\"@id\":\"https:\/\/demoweb.info\/sexshop001\/producto\/p-motion-massager-negro\/\",\"url\":\"https:\/\/demoweb.info\/sexshop001\/producto\/p-motion-massager-negro\/\",\"name\":\"P-MOTION MASSAGER - NEGRO - Tienda Er\u00f3tica\",\"isPartOf\":{\"@id\":\"https:\/\/demoweb.info\/sexshop001\/#website\"},\"datePublished\":\"2022-01-22T16:05:16+00:00\",\"dateModified\":\"2022-01-22T16:05:26+00:00\",\"breadcrumb\":{\"@id\":\"https:\/\/demoweb.info\/sexshop001\/producto\/p-motion-massager-negro\/#breadcrumb\"},\"inLanguage\":\"es\",\"potentialAction\":[{\"@type\":\"ReadAction\",\"target\":[\"https:\/\/demoweb.info\/sexshop001\/producto\/p-motion-massager-negro\/\"]}]},{\"@type\":\"BreadcrumbList\",\"@id\":\"https:\/\/demoweb.info\/sexshop001\/producto\/p-motion-massager-negro\/#breadcrumb\",\"itemListElement\":[{\"@type\":\"ListItem\",\"position\":1,\"name\":\"Portada\",\"item\":\"https:\/\/demoweb.info\/sexshop001\/\"},{\"@type\":\"ListItem\",\"position\":2,\"name\":\"Tienda\",\"item\":\"https:\/\/demoweb.info\/sexshop001\/tienda\/\"},{\"@type\":\"ListItem\",\"position\":3,\"name\":\"P-MOTION MASSAGER &#8211; NEGRO\"}]},{\"@type\":\"WebSite\",\"@id\":\"https:\/\/demoweb.info\/sexshop001\/#website\",\"url\":\"https:\/\/demoweb.info\/sexshop001\/\",\"name\":\"Tienda Er\u00f3tica\",\"description\":\"DEMOWEB SL\",\"potentialAction\":[{\"@type\":\"SearchAction\",\"target\":{\"@type\":\"EntryPoint\",\"urlTemplate\":\"https:\/\/demoweb.info\/sexshop001\/?s={search_term_string}\"},\"query-input\":\"required name=search_term_string\"}],\"inLanguage\":\"es\"}]}<\/script>\n<!-- \/ Yoast SEO plugin. -->","yoast_head_json":{"title":"P-MOTION MASSAGER - NEGRO - Tienda Er\u00f3tica","robots":{"index":"noindex","follow":"follow","max-snippet":"max-snippet:-1","max-image-preview":"max-image-preview:large","max-video-preview":"max-video-preview:-1"},"og_locale":"es_ES","og_type":"article","og_title":"P-MOTION MASSAGER - NEGRO - Tienda Er\u00f3tica","og_description":"P-MOTION MASSAGER Si est\u00e1s buscando un masajeador de pr\u00f3stata recargable, el masajeador P-Motion es la opci\u00f3n perfecta para ti. Este","og_url":"https:\/\/demoweb.info\/sexshop001\/producto\/p-motion-massager-negro\/","og_site_name":"Tienda Er\u00f3tica","article_modified_time":"2022-01-22T16:05:26+00:00","og_image":[{"width":550,"height":550,"url":"https:\/\/demoweb.info\/sexshop001\/wp-content\/uploads\/2022\/01\/P-MOTION-MASSAGER-NEGRO.jpg","type":"image\/jpeg"}],"twitter_card":"summary_large_image","twitter_misc":{"Tiempo de lectura":"2 minutos"},"schema":{"@context":"https:\/\/schema.org","@graph":[{"@type":"WebPage","@id":"https:\/\/demoweb.info\/sexshop001\/producto\/p-motion-massager-negro\/","url":"https:\/\/demoweb.info\/sexshop001\/producto\/p-motion-massager-negro\/","name":"P-MOTION MASSAGER - NEGRO - Tienda Er\u00f3tica","isPartOf":{"@id":"https:\/\/demoweb.info\/sexshop001\/#website"},"datePublished":"2022-01-22T16:05:16+00:00","dateModified":"2022-01-22T16:05:26+00:00","breadcrumb":{"@id":"https:\/\/demoweb.info\/sexshop001\/producto\/p-motion-massager-negro\/#breadcrumb"},"inLanguage":"es","potentialAction":[{"@type":"ReadAction","target":["https:\/\/demoweb.info\/sexshop001\/producto\/p-motion-massager-negro\/"]}]},{"@type":"BreadcrumbList","@id":"https:\/\/demoweb.info\/sexshop001\/producto\/p-motion-massager-negro\/#breadcrumb","itemListElement":[{"@type":"ListItem","position":1,"name":"Portada","item":"https:\/\/demoweb.info\/sexshop001\/"},{"@type":"ListItem","position":2,"name":"Tienda","item":"https:\/\/demoweb.info\/sexshop001\/tienda\/"},{"@type":"ListItem","position":3,"name":"P-MOTION MASSAGER &#8211; NEGRO"}]},{"@type":"WebSite","@id":"https:\/\/demoweb.info\/sexshop001\/#website","url":"https:\/\/demoweb.info\/sexshop001\/","name":"Tienda Er\u00f3tica","description":"DEMOWEB SL","potentialAction":[{"@type":"SearchAction","target":{"@type":"EntryPoint","urlTemplate":"https:\/\/demoweb.info\/sexshop001\/?s={search_term_string}"},"query-input":"required name=search_term_string"}],"inLanguage":"es"}]}},"_links":{"self":[{"href":"https:\/\/demoweb.info\/sexshop001\/wp-json\/wp\/v3\/product\/55684","targetHints":{"allow":["GET"]}}],"collection":[{"href":"https:\/\/demoweb.info\/sexshop001\/wp-json\/wp\/v3\/product"}],"about":[{"href":"https:\/\/demoweb.info\/sexshop001\/wp-json\/wp\/v2\/types\/product"}],"replies":[{"embeddable":true,"href":"https:\/\/demoweb.info\/sexshop001\/wp-json\/wp\/v2\/comments?post=55684"}],"wp:featuredmedia":[{"embeddable":true,"href":"https:\/\/demoweb.info\/sexshop001\/wp-json\/wp\/v2\/media\/55685"}],"wp:attachment":[{"href":"https:\/\/demoweb.info\/sexshop001\/wp-json\/wp\/v2\/media?parent=55684"}],"wp:term":[{"taxonomy":"product_cat","embeddable":true,"href":"https:\/\/demoweb.info\/sexshop001\/wp-json\/wp\/v2\/product_cat?post=55684"},{"taxonomy":"product_tag","embeddable":true,"href":"https:\/\/demoweb.info\/sexshop001\/wp-json\/wp\/v2\/product_tag?post=55684"}],"curies":[{"name":"wp","href":"https:\/\/api.w.org\/{rel}","templated":true}]}}