{"id":55661,"date":"2022-01-22T17:04:49","date_gmt":"2022-01-22T16:04:49","guid":{"rendered":"https:\/\/demoweb.info\/sexshop001\/producto\/luv-glove-guante-estimulador-morado\/"},"modified":"2022-01-22T17:05:10","modified_gmt":"2022-01-22T16:05:10","slug":"luv-glove-guante-estimulador-morado","status":"publish","type":"product","link":"https:\/\/demoweb.info\/sexshop001\/producto\/luv-glove-guante-estimulador-morado\/","title":{"rendered":"LUV GLOVE &#8211; GUANTE ESTIMULADOR MORADO"},"content":{"rendered":"<p><strong>LUV GLOVE<\/strong><\/p>\n<p>Exclusivamente adictivo, este ultrabrillante y flexible Neon Luv Glove est\u00e1 cubierto con cosquillas aterciopeladas que rozan suavemente tu piel. Este vers\u00e1til guante agrega una textura emocionante y una estimulaci\u00f3n sexy al juego sexual y la masturbaci\u00f3n en solitario y en pareja, interna o externamente.<\/p>\n<p>Se ajusta como un guante el\u00e1stico para una incre\u00edble experiencia de acariciar, masajear y frotar todo el tiempo.<\/p>\n<p>\u00dasala con la loci\u00f3n corporal MOIST incluida para un encuentro extra estimulante.<\/p>\n<p>Medidas: 19,1 x 15,9 cm<\/p>\n<p>Material: TPE, sin ftalatos.<\/p>\n","protected":false},"excerpt":{"rendered":"<p>LUV GLOVE Exclusivamente adictivo, este ultrabrillante y flexible Neon Luv Glove est\u00e1 cubierto con cosquillas aterciopeladas que rozan suavemente tu<\/p>\n","protected":false},"featured_media":55662,"comment_status":"open","ping_status":"open","template":"","meta":[],"product_cat":[1395],"product_tag":[838,259],"class_list":["post-55661","product","type-product","status-publish","has-post-thumbnail","hentry","product_cat-guantes","product_tag-neon","product_tag-pipedream"],"bundled_by":[],"bundle_stock_status":"instock","bundle_stock_quantity":1,"bundle_virtual":false,"bundle_layout":"","bundle_add_to_cart_form_location":"","bundle_editable_in_cart":false,"bundle_sold_individually_context":"","bundle_item_grouping":"","bundle_min_size":"","bundle_max_size":"","bundled_items":[],"yoast_head":"<!-- This site is optimized with the Yoast SEO plugin v20.6 - https:\/\/yoast.com\/wordpress\/plugins\/seo\/ -->\n<title>LUV GLOVE - GUANTE ESTIMULADOR MORADO - Tienda Er\u00f3tica<\/title>\n<meta name=\"robots\" content=\"noindex, follow, max-snippet:-1, max-image-preview:large, max-video-preview:-1\" \/>\n<meta property=\"og:locale\" content=\"es_ES\" \/>\n<meta property=\"og:type\" content=\"article\" \/>\n<meta property=\"og:title\" content=\"LUV GLOVE - GUANTE ESTIMULADOR MORADO - Tienda Er\u00f3tica\" \/>\n<meta property=\"og:description\" content=\"LUV GLOVE Exclusivamente adictivo, este ultrabrillante y flexible Neon Luv Glove est\u00e1 cubierto con cosquillas aterciopeladas que rozan suavemente tu\" \/>\n<meta property=\"og:url\" content=\"https:\/\/demoweb.info\/sexshop001\/producto\/luv-glove-guante-estimulador-morado\/\" \/>\n<meta property=\"og:site_name\" content=\"Tienda Er\u00f3tica\" \/>\n<meta property=\"article:modified_time\" content=\"2022-01-22T16:05:10+00:00\" \/>\n<meta property=\"og:image\" content=\"https:\/\/demoweb.info\/sexshop001\/wp-content\/uploads\/2022\/01\/LUV-GLOVE-GUANTE-ESTIMULADOR-MORADO.jpg\" \/>\n\t<meta property=\"og:image:width\" content=\"550\" \/>\n\t<meta property=\"og:image:height\" content=\"550\" \/>\n\t<meta property=\"og:image:type\" content=\"image\/jpeg\" \/>\n<meta name=\"twitter:card\" content=\"summary_large_image\" \/>\n<script type=\"application\/ld+json\" class=\"yoast-schema-graph\">{\"@context\":\"https:\/\/schema.org\",\"@graph\":[{\"@type\":\"WebPage\",\"@id\":\"https:\/\/demoweb.info\/sexshop001\/producto\/luv-glove-guante-estimulador-morado\/\",\"url\":\"https:\/\/demoweb.info\/sexshop001\/producto\/luv-glove-guante-estimulador-morado\/\",\"name\":\"LUV GLOVE - GUANTE ESTIMULADOR MORADO - Tienda Er\u00f3tica\",\"isPartOf\":{\"@id\":\"https:\/\/demoweb.info\/sexshop001\/#website\"},\"datePublished\":\"2022-01-22T16:04:49+00:00\",\"dateModified\":\"2022-01-22T16:05:10+00:00\",\"breadcrumb\":{\"@id\":\"https:\/\/demoweb.info\/sexshop001\/producto\/luv-glove-guante-estimulador-morado\/#breadcrumb\"},\"inLanguage\":\"es\",\"potentialAction\":[{\"@type\":\"ReadAction\",\"target\":[\"https:\/\/demoweb.info\/sexshop001\/producto\/luv-glove-guante-estimulador-morado\/\"]}]},{\"@type\":\"BreadcrumbList\",\"@id\":\"https:\/\/demoweb.info\/sexshop001\/producto\/luv-glove-guante-estimulador-morado\/#breadcrumb\",\"itemListElement\":[{\"@type\":\"ListItem\",\"position\":1,\"name\":\"Portada\",\"item\":\"https:\/\/demoweb.info\/sexshop001\/\"},{\"@type\":\"ListItem\",\"position\":2,\"name\":\"Tienda\",\"item\":\"https:\/\/demoweb.info\/sexshop001\/tienda\/\"},{\"@type\":\"ListItem\",\"position\":3,\"name\":\"LUV GLOVE &#8211; GUANTE ESTIMULADOR MORADO\"}]},{\"@type\":\"WebSite\",\"@id\":\"https:\/\/demoweb.info\/sexshop001\/#website\",\"url\":\"https:\/\/demoweb.info\/sexshop001\/\",\"name\":\"Tienda Er\u00f3tica\",\"description\":\"DEMOWEB SL\",\"potentialAction\":[{\"@type\":\"SearchAction\",\"target\":{\"@type\":\"EntryPoint\",\"urlTemplate\":\"https:\/\/demoweb.info\/sexshop001\/?s={search_term_string}\"},\"query-input\":\"required name=search_term_string\"}],\"inLanguage\":\"es\"}]}<\/script>\n<!-- \/ Yoast SEO plugin. -->","yoast_head_json":{"title":"LUV GLOVE - GUANTE ESTIMULADOR MORADO - Tienda Er\u00f3tica","robots":{"index":"noindex","follow":"follow","max-snippet":"max-snippet:-1","max-image-preview":"max-image-preview:large","max-video-preview":"max-video-preview:-1"},"og_locale":"es_ES","og_type":"article","og_title":"LUV GLOVE - GUANTE ESTIMULADOR MORADO - Tienda Er\u00f3tica","og_description":"LUV GLOVE Exclusivamente adictivo, este ultrabrillante y flexible Neon Luv Glove est\u00e1 cubierto con cosquillas aterciopeladas que rozan suavemente tu","og_url":"https:\/\/demoweb.info\/sexshop001\/producto\/luv-glove-guante-estimulador-morado\/","og_site_name":"Tienda Er\u00f3tica","article_modified_time":"2022-01-22T16:05:10+00:00","og_image":[{"width":550,"height":550,"url":"https:\/\/demoweb.info\/sexshop001\/wp-content\/uploads\/2022\/01\/LUV-GLOVE-GUANTE-ESTIMULADOR-MORADO.jpg","type":"image\/jpeg"}],"twitter_card":"summary_large_image","schema":{"@context":"https:\/\/schema.org","@graph":[{"@type":"WebPage","@id":"https:\/\/demoweb.info\/sexshop001\/producto\/luv-glove-guante-estimulador-morado\/","url":"https:\/\/demoweb.info\/sexshop001\/producto\/luv-glove-guante-estimulador-morado\/","name":"LUV GLOVE - GUANTE ESTIMULADOR MORADO - Tienda Er\u00f3tica","isPartOf":{"@id":"https:\/\/demoweb.info\/sexshop001\/#website"},"datePublished":"2022-01-22T16:04:49+00:00","dateModified":"2022-01-22T16:05:10+00:00","breadcrumb":{"@id":"https:\/\/demoweb.info\/sexshop001\/producto\/luv-glove-guante-estimulador-morado\/#breadcrumb"},"inLanguage":"es","potentialAction":[{"@type":"ReadAction","target":["https:\/\/demoweb.info\/sexshop001\/producto\/luv-glove-guante-estimulador-morado\/"]}]},{"@type":"BreadcrumbList","@id":"https:\/\/demoweb.info\/sexshop001\/producto\/luv-glove-guante-estimulador-morado\/#breadcrumb","itemListElement":[{"@type":"ListItem","position":1,"name":"Portada","item":"https:\/\/demoweb.info\/sexshop001\/"},{"@type":"ListItem","position":2,"name":"Tienda","item":"https:\/\/demoweb.info\/sexshop001\/tienda\/"},{"@type":"ListItem","position":3,"name":"LUV GLOVE &#8211; GUANTE ESTIMULADOR MORADO"}]},{"@type":"WebSite","@id":"https:\/\/demoweb.info\/sexshop001\/#website","url":"https:\/\/demoweb.info\/sexshop001\/","name":"Tienda Er\u00f3tica","description":"DEMOWEB SL","potentialAction":[{"@type":"SearchAction","target":{"@type":"EntryPoint","urlTemplate":"https:\/\/demoweb.info\/sexshop001\/?s={search_term_string}"},"query-input":"required name=search_term_string"}],"inLanguage":"es"}]}},"_links":{"self":[{"href":"https:\/\/demoweb.info\/sexshop001\/wp-json\/wp\/v3\/product\/55661","targetHints":{"allow":["GET"]}}],"collection":[{"href":"https:\/\/demoweb.info\/sexshop001\/wp-json\/wp\/v3\/product"}],"about":[{"href":"https:\/\/demoweb.info\/sexshop001\/wp-json\/wp\/v2\/types\/product"}],"replies":[{"embeddable":true,"href":"https:\/\/demoweb.info\/sexshop001\/wp-json\/wp\/v2\/comments?post=55661"}],"wp:featuredmedia":[{"embeddable":true,"href":"https:\/\/demoweb.info\/sexshop001\/wp-json\/wp\/v2\/media\/55662"}],"wp:attachment":[{"href":"https:\/\/demoweb.info\/sexshop001\/wp-json\/wp\/v2\/media?parent=55661"}],"wp:term":[{"taxonomy":"product_cat","embeddable":true,"href":"https:\/\/demoweb.info\/sexshop001\/wp-json\/wp\/v2\/product_cat?post=55661"},{"taxonomy":"product_tag","embeddable":true,"href":"https:\/\/demoweb.info\/sexshop001\/wp-json\/wp\/v2\/product_tag?post=55661"}],"curies":[{"name":"wp","href":"https:\/\/api.w.org\/{rel}","templated":true}]}}