{"id":55653,"date":"2022-01-22T17:04:49","date_gmt":"2022-01-22T16:04:49","guid":{"rendered":"https:\/\/demoweb.info\/sexshop001\/producto\/bunny-tail-plug-de-silicona-morado\/"},"modified":"2022-01-22T17:05:04","modified_gmt":"2022-01-22T16:05:04","slug":"bunny-tail-plug-de-silicona-morado","status":"publish","type":"product","link":"https:\/\/demoweb.info\/sexshop001\/producto\/bunny-tail-plug-de-silicona-morado\/","title":{"rendered":"BUNNY TAIL &#8211; PLUG DE SILICONA MORADO"},"content":{"rendered":"<p><strong>BUNNY TAIL<\/strong><\/p>\n<p>Perfecto para los principiantes en el juego anal, el Neon Butt Plug es justo lo que necesitas para explorar el asombroso mundo de la estimulaci\u00f3n anal. Hecho de silicona flexible s\u00faper suave, la punta afilada se inserta f\u00e1cilmente y la forma esbelta proporciona un placer emocionante. La cola de conejito mullida asegura que no se deslice demasiado adentro y agrega diversi\u00f3n a todas tus aventuras sexys.<\/p>\n<p>Medidas:<\/p>\n<ul>\n<li>Longitud: 12,7 cm<\/li>\n<li>Di\u00e1metro: 2,5 cm<\/li>\n<li>Longitud insertable: 6,4 cm<\/li>\n<\/ul>\n","protected":false},"excerpt":{"rendered":"<p>BUNNY TAIL Perfecto para los principiantes en el juego anal, el Neon Butt Plug es justo lo que necesitas para<\/p>\n","protected":false},"featured_media":55654,"comment_status":"open","ping_status":"open","template":"","meta":[],"product_cat":[1000],"product_tag":[838,259],"class_list":["post-55653","product","type-product","status-publish","has-post-thumbnail","hentry","product_cat-colas","product_tag-neon","product_tag-pipedream"],"bundled_by":[],"bundle_stock_status":"outofstock","bundle_stock_quantity":0,"bundle_virtual":false,"bundle_layout":"","bundle_add_to_cart_form_location":"","bundle_editable_in_cart":false,"bundle_sold_individually_context":"","bundle_item_grouping":"","bundle_min_size":"","bundle_max_size":"","bundled_items":[],"yoast_head":"<!-- This site is optimized with the Yoast SEO plugin v20.6 - https:\/\/yoast.com\/wordpress\/plugins\/seo\/ -->\n<title>BUNNY TAIL - PLUG DE SILICONA MORADO - Tienda Er\u00f3tica<\/title>\n<meta name=\"robots\" content=\"noindex, follow, max-snippet:-1, max-image-preview:large, max-video-preview:-1\" \/>\n<meta property=\"og:locale\" content=\"es_ES\" \/>\n<meta property=\"og:type\" content=\"article\" \/>\n<meta property=\"og:title\" content=\"BUNNY TAIL - PLUG DE SILICONA MORADO - Tienda Er\u00f3tica\" \/>\n<meta property=\"og:description\" content=\"BUNNY TAIL Perfecto para los principiantes en el juego anal, el Neon Butt Plug es justo lo que necesitas para\" \/>\n<meta property=\"og:url\" content=\"https:\/\/demoweb.info\/sexshop001\/producto\/bunny-tail-plug-de-silicona-morado\/\" \/>\n<meta property=\"og:site_name\" content=\"Tienda Er\u00f3tica\" \/>\n<meta property=\"article:modified_time\" content=\"2022-01-22T16:05:04+00:00\" \/>\n<meta property=\"og:image\" content=\"https:\/\/demoweb.info\/sexshop001\/wp-content\/uploads\/2022\/01\/BUNNY-TAIL-PLUG-DE-SILICONA-MORADO.jpg\" \/>\n\t<meta property=\"og:image:width\" content=\"550\" \/>\n\t<meta property=\"og:image:height\" content=\"550\" \/>\n\t<meta property=\"og:image:type\" content=\"image\/jpeg\" \/>\n<meta name=\"twitter:card\" content=\"summary_large_image\" \/>\n<script type=\"application\/ld+json\" class=\"yoast-schema-graph\">{\"@context\":\"https:\/\/schema.org\",\"@graph\":[{\"@type\":\"WebPage\",\"@id\":\"https:\/\/demoweb.info\/sexshop001\/producto\/bunny-tail-plug-de-silicona-morado\/\",\"url\":\"https:\/\/demoweb.info\/sexshop001\/producto\/bunny-tail-plug-de-silicona-morado\/\",\"name\":\"BUNNY TAIL - PLUG DE SILICONA MORADO - Tienda Er\u00f3tica\",\"isPartOf\":{\"@id\":\"https:\/\/demoweb.info\/sexshop001\/#website\"},\"datePublished\":\"2022-01-22T16:04:49+00:00\",\"dateModified\":\"2022-01-22T16:05:04+00:00\",\"breadcrumb\":{\"@id\":\"https:\/\/demoweb.info\/sexshop001\/producto\/bunny-tail-plug-de-silicona-morado\/#breadcrumb\"},\"inLanguage\":\"es\",\"potentialAction\":[{\"@type\":\"ReadAction\",\"target\":[\"https:\/\/demoweb.info\/sexshop001\/producto\/bunny-tail-plug-de-silicona-morado\/\"]}]},{\"@type\":\"BreadcrumbList\",\"@id\":\"https:\/\/demoweb.info\/sexshop001\/producto\/bunny-tail-plug-de-silicona-morado\/#breadcrumb\",\"itemListElement\":[{\"@type\":\"ListItem\",\"position\":1,\"name\":\"Portada\",\"item\":\"https:\/\/demoweb.info\/sexshop001\/\"},{\"@type\":\"ListItem\",\"position\":2,\"name\":\"Tienda\",\"item\":\"https:\/\/demoweb.info\/sexshop001\/tienda\/\"},{\"@type\":\"ListItem\",\"position\":3,\"name\":\"BUNNY TAIL &#8211; PLUG DE SILICONA MORADO\"}]},{\"@type\":\"WebSite\",\"@id\":\"https:\/\/demoweb.info\/sexshop001\/#website\",\"url\":\"https:\/\/demoweb.info\/sexshop001\/\",\"name\":\"Tienda Er\u00f3tica\",\"description\":\"DEMOWEB SL\",\"potentialAction\":[{\"@type\":\"SearchAction\",\"target\":{\"@type\":\"EntryPoint\",\"urlTemplate\":\"https:\/\/demoweb.info\/sexshop001\/?s={search_term_string}\"},\"query-input\":\"required name=search_term_string\"}],\"inLanguage\":\"es\"}]}<\/script>\n<!-- \/ Yoast SEO plugin. -->","yoast_head_json":{"title":"BUNNY TAIL - PLUG DE SILICONA MORADO - Tienda Er\u00f3tica","robots":{"index":"noindex","follow":"follow","max-snippet":"max-snippet:-1","max-image-preview":"max-image-preview:large","max-video-preview":"max-video-preview:-1"},"og_locale":"es_ES","og_type":"article","og_title":"BUNNY TAIL - PLUG DE SILICONA MORADO - Tienda Er\u00f3tica","og_description":"BUNNY TAIL Perfecto para los principiantes en el juego anal, el Neon Butt Plug es justo lo que necesitas para","og_url":"https:\/\/demoweb.info\/sexshop001\/producto\/bunny-tail-plug-de-silicona-morado\/","og_site_name":"Tienda Er\u00f3tica","article_modified_time":"2022-01-22T16:05:04+00:00","og_image":[{"width":550,"height":550,"url":"https:\/\/demoweb.info\/sexshop001\/wp-content\/uploads\/2022\/01\/BUNNY-TAIL-PLUG-DE-SILICONA-MORADO.jpg","type":"image\/jpeg"}],"twitter_card":"summary_large_image","schema":{"@context":"https:\/\/schema.org","@graph":[{"@type":"WebPage","@id":"https:\/\/demoweb.info\/sexshop001\/producto\/bunny-tail-plug-de-silicona-morado\/","url":"https:\/\/demoweb.info\/sexshop001\/producto\/bunny-tail-plug-de-silicona-morado\/","name":"BUNNY TAIL - PLUG DE SILICONA MORADO - Tienda Er\u00f3tica","isPartOf":{"@id":"https:\/\/demoweb.info\/sexshop001\/#website"},"datePublished":"2022-01-22T16:04:49+00:00","dateModified":"2022-01-22T16:05:04+00:00","breadcrumb":{"@id":"https:\/\/demoweb.info\/sexshop001\/producto\/bunny-tail-plug-de-silicona-morado\/#breadcrumb"},"inLanguage":"es","potentialAction":[{"@type":"ReadAction","target":["https:\/\/demoweb.info\/sexshop001\/producto\/bunny-tail-plug-de-silicona-morado\/"]}]},{"@type":"BreadcrumbList","@id":"https:\/\/demoweb.info\/sexshop001\/producto\/bunny-tail-plug-de-silicona-morado\/#breadcrumb","itemListElement":[{"@type":"ListItem","position":1,"name":"Portada","item":"https:\/\/demoweb.info\/sexshop001\/"},{"@type":"ListItem","position":2,"name":"Tienda","item":"https:\/\/demoweb.info\/sexshop001\/tienda\/"},{"@type":"ListItem","position":3,"name":"BUNNY TAIL &#8211; PLUG DE SILICONA MORADO"}]},{"@type":"WebSite","@id":"https:\/\/demoweb.info\/sexshop001\/#website","url":"https:\/\/demoweb.info\/sexshop001\/","name":"Tienda Er\u00f3tica","description":"DEMOWEB SL","potentialAction":[{"@type":"SearchAction","target":{"@type":"EntryPoint","urlTemplate":"https:\/\/demoweb.info\/sexshop001\/?s={search_term_string}"},"query-input":"required name=search_term_string"}],"inLanguage":"es"}]}},"_links":{"self":[{"href":"https:\/\/demoweb.info\/sexshop001\/wp-json\/wp\/v3\/product\/55653","targetHints":{"allow":["GET"]}}],"collection":[{"href":"https:\/\/demoweb.info\/sexshop001\/wp-json\/wp\/v3\/product"}],"about":[{"href":"https:\/\/demoweb.info\/sexshop001\/wp-json\/wp\/v2\/types\/product"}],"replies":[{"embeddable":true,"href":"https:\/\/demoweb.info\/sexshop001\/wp-json\/wp\/v2\/comments?post=55653"}],"wp:featuredmedia":[{"embeddable":true,"href":"https:\/\/demoweb.info\/sexshop001\/wp-json\/wp\/v2\/media\/55654"}],"wp:attachment":[{"href":"https:\/\/demoweb.info\/sexshop001\/wp-json\/wp\/v2\/media?parent=55653"}],"wp:term":[{"taxonomy":"product_cat","embeddable":true,"href":"https:\/\/demoweb.info\/sexshop001\/wp-json\/wp\/v2\/product_cat?post=55653"},{"taxonomy":"product_tag","embeddable":true,"href":"https:\/\/demoweb.info\/sexshop001\/wp-json\/wp\/v2\/product_tag?post=55653"}],"curies":[{"name":"wp","href":"https:\/\/api.w.org\/{rel}","templated":true}]}}