{"id":55634,"date":"2022-01-22T17:04:49","date_gmt":"2022-01-22T16:04:49","guid":{"rendered":"https:\/\/demoweb.info\/sexshop001\/producto\/kit-de-vibradores-para-parejas-morado\/"},"modified":"2022-01-22T17:04:49","modified_gmt":"2022-01-22T16:04:49","slug":"kit-de-vibradores-para-parejas-morado","status":"publish","type":"product","link":"https:\/\/demoweb.info\/sexshop001\/producto\/kit-de-vibradores-para-parejas-morado\/","title":{"rendered":"KIT DE VIBRADORES PARA PAREJAS &#8211; MORADO"},"content":{"rendered":"<p><strong>VIBRATING COUPLES KIT<\/strong><\/p>\n<p>Prep\u00e1rate para la fiesta en cualquier momento y en cualquier lugar con este incre\u00edble kit de vibradores para parejas.<\/p>\n<p>Perfecto para principiantes, este kit presenta un mini vibrador de silicona con forma de conejito y un anillo para el pene vibrante s\u00faper el\u00e1stico con una balaque se puede sacar f\u00e1cilmente.<\/p>\n<p>Con solo apretar un bot\u00f3n, las parpadeantes orejas del conejo te har\u00e1n cosquillas y provocar\u00e1n en las zonas er\u00f3genas m\u00e1s sensibles con una estimulaci\u00f3n precisa, mientras que el anillo vibrador ofrece un zumbido emocionante para ambos miembros de la pareja.<\/p>\n<p>Sin ftalatos y seguro para el cuerpo, este kit aumentar\u00e1 tu rendimiento y placer.<\/p>\n","protected":false},"excerpt":{"rendered":"<p>VIBRATING COUPLES KIT Prep\u00e1rate para la fiesta en cualquier momento y en cualquier lugar con este incre\u00edble kit de vibradores<\/p>\n","protected":false},"featured_media":55635,"comment_status":"open","ping_status":"open","template":"","meta":[],"product_cat":[478],"product_tag":[838,259],"class_list":["post-55634","product","type-product","status-publish","has-post-thumbnail","hentry","product_cat-kits-vibradores-juguetes-xxx","product_tag-neon","product_tag-pipedream"],"bundled_by":[],"bundle_stock_status":"instock","bundle_stock_quantity":7,"bundle_virtual":false,"bundle_layout":"","bundle_add_to_cart_form_location":"","bundle_editable_in_cart":false,"bundle_sold_individually_context":"","bundle_item_grouping":"","bundle_min_size":"","bundle_max_size":"","bundled_items":[],"yoast_head":"<!-- This site is optimized with the Yoast SEO plugin v20.6 - https:\/\/yoast.com\/wordpress\/plugins\/seo\/ -->\n<title>KIT DE VIBRADORES PARA PAREJAS - MORADO - Tienda Er\u00f3tica<\/title>\n<meta name=\"robots\" content=\"noindex, follow, max-snippet:-1, max-image-preview:large, max-video-preview:-1\" \/>\n<meta property=\"og:locale\" content=\"es_ES\" \/>\n<meta property=\"og:type\" content=\"article\" \/>\n<meta property=\"og:title\" content=\"KIT DE VIBRADORES PARA PAREJAS - MORADO - Tienda Er\u00f3tica\" \/>\n<meta property=\"og:description\" content=\"VIBRATING COUPLES KIT Prep\u00e1rate para la fiesta en cualquier momento y en cualquier lugar con este incre\u00edble kit de vibradores\" \/>\n<meta property=\"og:url\" content=\"https:\/\/demoweb.info\/sexshop001\/producto\/kit-de-vibradores-para-parejas-morado\/\" \/>\n<meta property=\"og:site_name\" content=\"Tienda Er\u00f3tica\" \/>\n<meta property=\"og:image\" content=\"https:\/\/demoweb.info\/sexshop001\/wp-content\/uploads\/2022\/01\/KIT-DE-VIBRADORES-PARA-PAREJAS-MORADO.jpg\" \/>\n\t<meta property=\"og:image:width\" content=\"550\" \/>\n\t<meta property=\"og:image:height\" content=\"550\" \/>\n\t<meta property=\"og:image:type\" content=\"image\/jpeg\" \/>\n<meta name=\"twitter:card\" content=\"summary_large_image\" \/>\n<meta name=\"twitter:label1\" content=\"Tiempo de lectura\" \/>\n\t<meta name=\"twitter:data1\" content=\"1 minuto\" \/>\n<script type=\"application\/ld+json\" class=\"yoast-schema-graph\">{\"@context\":\"https:\/\/schema.org\",\"@graph\":[{\"@type\":\"WebPage\",\"@id\":\"https:\/\/demoweb.info\/sexshop001\/producto\/kit-de-vibradores-para-parejas-morado\/\",\"url\":\"https:\/\/demoweb.info\/sexshop001\/producto\/kit-de-vibradores-para-parejas-morado\/\",\"name\":\"KIT DE VIBRADORES PARA PAREJAS - MORADO - Tienda Er\u00f3tica\",\"isPartOf\":{\"@id\":\"https:\/\/demoweb.info\/sexshop001\/#website\"},\"datePublished\":\"2022-01-22T16:04:49+00:00\",\"dateModified\":\"2022-01-22T16:04:49+00:00\",\"breadcrumb\":{\"@id\":\"https:\/\/demoweb.info\/sexshop001\/producto\/kit-de-vibradores-para-parejas-morado\/#breadcrumb\"},\"inLanguage\":\"es\",\"potentialAction\":[{\"@type\":\"ReadAction\",\"target\":[\"https:\/\/demoweb.info\/sexshop001\/producto\/kit-de-vibradores-para-parejas-morado\/\"]}]},{\"@type\":\"BreadcrumbList\",\"@id\":\"https:\/\/demoweb.info\/sexshop001\/producto\/kit-de-vibradores-para-parejas-morado\/#breadcrumb\",\"itemListElement\":[{\"@type\":\"ListItem\",\"position\":1,\"name\":\"Portada\",\"item\":\"https:\/\/demoweb.info\/sexshop001\/\"},{\"@type\":\"ListItem\",\"position\":2,\"name\":\"Tienda\",\"item\":\"https:\/\/demoweb.info\/sexshop001\/tienda\/\"},{\"@type\":\"ListItem\",\"position\":3,\"name\":\"KIT DE VIBRADORES PARA PAREJAS &#8211; MORADO\"}]},{\"@type\":\"WebSite\",\"@id\":\"https:\/\/demoweb.info\/sexshop001\/#website\",\"url\":\"https:\/\/demoweb.info\/sexshop001\/\",\"name\":\"Tienda Er\u00f3tica\",\"description\":\"DEMOWEB SL\",\"potentialAction\":[{\"@type\":\"SearchAction\",\"target\":{\"@type\":\"EntryPoint\",\"urlTemplate\":\"https:\/\/demoweb.info\/sexshop001\/?s={search_term_string}\"},\"query-input\":\"required name=search_term_string\"}],\"inLanguage\":\"es\"}]}<\/script>\n<!-- \/ Yoast SEO plugin. -->","yoast_head_json":{"title":"KIT DE VIBRADORES PARA PAREJAS - MORADO - Tienda Er\u00f3tica","robots":{"index":"noindex","follow":"follow","max-snippet":"max-snippet:-1","max-image-preview":"max-image-preview:large","max-video-preview":"max-video-preview:-1"},"og_locale":"es_ES","og_type":"article","og_title":"KIT DE VIBRADORES PARA PAREJAS - MORADO - Tienda Er\u00f3tica","og_description":"VIBRATING COUPLES KIT Prep\u00e1rate para la fiesta en cualquier momento y en cualquier lugar con este incre\u00edble kit de vibradores","og_url":"https:\/\/demoweb.info\/sexshop001\/producto\/kit-de-vibradores-para-parejas-morado\/","og_site_name":"Tienda Er\u00f3tica","og_image":[{"width":550,"height":550,"url":"https:\/\/demoweb.info\/sexshop001\/wp-content\/uploads\/2022\/01\/KIT-DE-VIBRADORES-PARA-PAREJAS-MORADO.jpg","type":"image\/jpeg"}],"twitter_card":"summary_large_image","twitter_misc":{"Tiempo de lectura":"1 minuto"},"schema":{"@context":"https:\/\/schema.org","@graph":[{"@type":"WebPage","@id":"https:\/\/demoweb.info\/sexshop001\/producto\/kit-de-vibradores-para-parejas-morado\/","url":"https:\/\/demoweb.info\/sexshop001\/producto\/kit-de-vibradores-para-parejas-morado\/","name":"KIT DE VIBRADORES PARA PAREJAS - MORADO - Tienda Er\u00f3tica","isPartOf":{"@id":"https:\/\/demoweb.info\/sexshop001\/#website"},"datePublished":"2022-01-22T16:04:49+00:00","dateModified":"2022-01-22T16:04:49+00:00","breadcrumb":{"@id":"https:\/\/demoweb.info\/sexshop001\/producto\/kit-de-vibradores-para-parejas-morado\/#breadcrumb"},"inLanguage":"es","potentialAction":[{"@type":"ReadAction","target":["https:\/\/demoweb.info\/sexshop001\/producto\/kit-de-vibradores-para-parejas-morado\/"]}]},{"@type":"BreadcrumbList","@id":"https:\/\/demoweb.info\/sexshop001\/producto\/kit-de-vibradores-para-parejas-morado\/#breadcrumb","itemListElement":[{"@type":"ListItem","position":1,"name":"Portada","item":"https:\/\/demoweb.info\/sexshop001\/"},{"@type":"ListItem","position":2,"name":"Tienda","item":"https:\/\/demoweb.info\/sexshop001\/tienda\/"},{"@type":"ListItem","position":3,"name":"KIT DE VIBRADORES PARA PAREJAS &#8211; MORADO"}]},{"@type":"WebSite","@id":"https:\/\/demoweb.info\/sexshop001\/#website","url":"https:\/\/demoweb.info\/sexshop001\/","name":"Tienda Er\u00f3tica","description":"DEMOWEB SL","potentialAction":[{"@type":"SearchAction","target":{"@type":"EntryPoint","urlTemplate":"https:\/\/demoweb.info\/sexshop001\/?s={search_term_string}"},"query-input":"required name=search_term_string"}],"inLanguage":"es"}]}},"_links":{"self":[{"href":"https:\/\/demoweb.info\/sexshop001\/wp-json\/wp\/v3\/product\/55634","targetHints":{"allow":["GET"]}}],"collection":[{"href":"https:\/\/demoweb.info\/sexshop001\/wp-json\/wp\/v3\/product"}],"about":[{"href":"https:\/\/demoweb.info\/sexshop001\/wp-json\/wp\/v2\/types\/product"}],"replies":[{"embeddable":true,"href":"https:\/\/demoweb.info\/sexshop001\/wp-json\/wp\/v2\/comments?post=55634"}],"wp:featuredmedia":[{"embeddable":true,"href":"https:\/\/demoweb.info\/sexshop001\/wp-json\/wp\/v2\/media\/55635"}],"wp:attachment":[{"href":"https:\/\/demoweb.info\/sexshop001\/wp-json\/wp\/v2\/media?parent=55634"}],"wp:term":[{"taxonomy":"product_cat","embeddable":true,"href":"https:\/\/demoweb.info\/sexshop001\/wp-json\/wp\/v2\/product_cat?post=55634"},{"taxonomy":"product_tag","embeddable":true,"href":"https:\/\/demoweb.info\/sexshop001\/wp-json\/wp\/v2\/product_tag?post=55634"}],"curies":[{"name":"wp","href":"https:\/\/api.w.org\/{rel}","templated":true}]}}