{"id":55624,"date":"2022-01-22T17:04:30","date_gmt":"2022-01-22T16:04:30","guid":{"rendered":"https:\/\/demoweb.info\/sexshop001\/producto\/the-bumper-transparente-base-donut\/"},"modified":"2022-01-22T17:04:41","modified_gmt":"2022-01-22T16:04:41","slug":"the-bumper-transparente-base-donut","status":"publish","type":"product","link":"https:\/\/demoweb.info\/sexshop001\/producto\/the-bumper-transparente-base-donut\/","title":{"rendered":"THE BUMPER &#8211; TRANSPARENTE ( BASE + DONUT )"},"content":{"rendered":"<p><strong>THE BUMPER &#8211; BLACK ( BASE + DONUT )<\/strong><\/p>\n<p>Este nuevo y sexy juguete sexual proporciona m\u00e1s coj\u00edn para el empuje &#8230; literalmente. Perfect Fit Brand presenta <strong>Bumper<\/strong>, el primer producto para adultos que amortigua los golpes profundos durante el coito, brindando la oportunidad de tener relaciones sexuales m\u00e1s apasionadas sin restricciones.<\/p>\n<p>Los compa\u00f1eros que expresan incomodidad durante el coito con una pareja pueden encontrar placer en la capacidad de <strong>Bumper <\/strong>para hacer que el sexo sea m\u00e1s agradable dentro de su zona de confort. Los socios penetrantes todav\u00eda tendr\u00e1n la sensaci\u00f3n de inserci\u00f3n total y contacto \u00edntimo con su pareja sin tener que contenerse.<\/p>\n<p>Para las mujeres, esto tambi\u00e9n act\u00faa como una herramienta de salud sexual para disminuir las posibilidades de un cuello uterino magullado.<\/p>\n<p>El Bumper es un sistema de dos partes: el amortiguador de empuje de parachoques y el amortiguador de test\u00edculos. Cualquiera de los dos se puede usar de forma independiente o en conjunto para crear un coj\u00edn grueso y protector para cuando los empujes se hacen m\u00e1s profundos.<\/p>\n<p>Hecho de material SilaSkin ultra suave, el Bumper tambi\u00e9n es irresistiblemente suave y c\u00f3modo. Act\u00faa como un coj\u00edn entre los dos miembros de la pareja para absorber parte de los golpes y proporcionar la sensaci\u00f3n de profundidad m\u00e1xima para el pene.<\/p>\n<p>Bumper se adapta al pene y los test\u00edculos lo mantienen en su lugar. Tambi\u00e9n est\u00e1 dise\u00f1ado para ser ajustable para que los usuarios puedan agregar m\u00e1s almohadones (los buffers Donut) para satisfacer sus necesidades de profundidad.<\/p>\n<p>Ahora las parejas sexuales pueden intentar posiciones evitadas con nueva confianza y placer.<\/p>\n<p>Se recomienda su uso con lubricante de base de agua. No es compatible con l\u00e1tex.<\/p>\n","protected":false},"excerpt":{"rendered":"<p>THE BUMPER &#8211; BLACK ( BASE + DONUT ) Este nuevo y sexy juguete sexual proporciona m\u00e1s coj\u00edn para el<\/p>\n","protected":false},"featured_media":55625,"comment_status":"open","ping_status":"open","template":"","meta":[],"product_cat":[1239],"product_tag":[1323],"class_list":["post-55624","product","type-product","status-publish","has-post-thumbnail","hentry","product_cat-arneses-accesorios-pene-bdsm","product_tag-perfect-fit"],"bundled_by":[],"bundle_stock_status":"instock","bundle_stock_quantity":1,"bundle_virtual":false,"bundle_layout":"","bundle_add_to_cart_form_location":"","bundle_editable_in_cart":false,"bundle_sold_individually_context":"","bundle_item_grouping":"","bundle_min_size":"","bundle_max_size":"","bundled_items":[],"yoast_head":"<!-- This site is optimized with the Yoast SEO plugin v20.6 - https:\/\/yoast.com\/wordpress\/plugins\/seo\/ -->\n<title>THE BUMPER - TRANSPARENTE ( BASE + DONUT ) - Tienda Er\u00f3tica<\/title>\n<meta name=\"robots\" content=\"noindex, follow, max-snippet:-1, max-image-preview:large, max-video-preview:-1\" \/>\n<meta property=\"og:locale\" content=\"es_ES\" \/>\n<meta property=\"og:type\" content=\"article\" \/>\n<meta property=\"og:title\" content=\"THE BUMPER - TRANSPARENTE ( BASE + DONUT ) - Tienda Er\u00f3tica\" \/>\n<meta property=\"og:description\" content=\"THE BUMPER &#8211; BLACK ( BASE + DONUT ) Este nuevo y sexy juguete sexual proporciona m\u00e1s coj\u00edn para el\" \/>\n<meta property=\"og:url\" content=\"https:\/\/demoweb.info\/sexshop001\/producto\/the-bumper-transparente-base-donut\/\" \/>\n<meta property=\"og:site_name\" content=\"Tienda Er\u00f3tica\" \/>\n<meta property=\"article:modified_time\" content=\"2022-01-22T16:04:41+00:00\" \/>\n<meta property=\"og:image\" content=\"https:\/\/demoweb.info\/sexshop001\/wp-content\/uploads\/2022\/01\/THE-BUMPER-TRANSPARENTE-BASE-DONUT.jpg\" \/>\n\t<meta property=\"og:image:width\" content=\"550\" \/>\n\t<meta property=\"og:image:height\" content=\"550\" \/>\n\t<meta property=\"og:image:type\" content=\"image\/jpeg\" \/>\n<meta name=\"twitter:card\" content=\"summary_large_image\" \/>\n<meta name=\"twitter:label1\" content=\"Tiempo de lectura\" \/>\n\t<meta name=\"twitter:data1\" content=\"1 minuto\" \/>\n<script type=\"application\/ld+json\" class=\"yoast-schema-graph\">{\"@context\":\"https:\/\/schema.org\",\"@graph\":[{\"@type\":\"WebPage\",\"@id\":\"https:\/\/demoweb.info\/sexshop001\/producto\/the-bumper-transparente-base-donut\/\",\"url\":\"https:\/\/demoweb.info\/sexshop001\/producto\/the-bumper-transparente-base-donut\/\",\"name\":\"THE BUMPER - TRANSPARENTE ( BASE + DONUT ) - Tienda Er\u00f3tica\",\"isPartOf\":{\"@id\":\"https:\/\/demoweb.info\/sexshop001\/#website\"},\"datePublished\":\"2022-01-22T16:04:30+00:00\",\"dateModified\":\"2022-01-22T16:04:41+00:00\",\"breadcrumb\":{\"@id\":\"https:\/\/demoweb.info\/sexshop001\/producto\/the-bumper-transparente-base-donut\/#breadcrumb\"},\"inLanguage\":\"es\",\"potentialAction\":[{\"@type\":\"ReadAction\",\"target\":[\"https:\/\/demoweb.info\/sexshop001\/producto\/the-bumper-transparente-base-donut\/\"]}]},{\"@type\":\"BreadcrumbList\",\"@id\":\"https:\/\/demoweb.info\/sexshop001\/producto\/the-bumper-transparente-base-donut\/#breadcrumb\",\"itemListElement\":[{\"@type\":\"ListItem\",\"position\":1,\"name\":\"Portada\",\"item\":\"https:\/\/demoweb.info\/sexshop001\/\"},{\"@type\":\"ListItem\",\"position\":2,\"name\":\"Tienda\",\"item\":\"https:\/\/demoweb.info\/sexshop001\/tienda\/\"},{\"@type\":\"ListItem\",\"position\":3,\"name\":\"THE BUMPER &#8211; TRANSPARENTE ( BASE + DONUT )\"}]},{\"@type\":\"WebSite\",\"@id\":\"https:\/\/demoweb.info\/sexshop001\/#website\",\"url\":\"https:\/\/demoweb.info\/sexshop001\/\",\"name\":\"Tienda Er\u00f3tica\",\"description\":\"DEMOWEB SL\",\"potentialAction\":[{\"@type\":\"SearchAction\",\"target\":{\"@type\":\"EntryPoint\",\"urlTemplate\":\"https:\/\/demoweb.info\/sexshop001\/?s={search_term_string}\"},\"query-input\":\"required name=search_term_string\"}],\"inLanguage\":\"es\"}]}<\/script>\n<!-- \/ Yoast SEO plugin. -->","yoast_head_json":{"title":"THE BUMPER - TRANSPARENTE ( BASE + DONUT ) - Tienda Er\u00f3tica","robots":{"index":"noindex","follow":"follow","max-snippet":"max-snippet:-1","max-image-preview":"max-image-preview:large","max-video-preview":"max-video-preview:-1"},"og_locale":"es_ES","og_type":"article","og_title":"THE BUMPER - TRANSPARENTE ( BASE + DONUT ) - Tienda Er\u00f3tica","og_description":"THE BUMPER &#8211; BLACK ( BASE + DONUT ) Este nuevo y sexy juguete sexual proporciona m\u00e1s coj\u00edn para el","og_url":"https:\/\/demoweb.info\/sexshop001\/producto\/the-bumper-transparente-base-donut\/","og_site_name":"Tienda Er\u00f3tica","article_modified_time":"2022-01-22T16:04:41+00:00","og_image":[{"width":550,"height":550,"url":"https:\/\/demoweb.info\/sexshop001\/wp-content\/uploads\/2022\/01\/THE-BUMPER-TRANSPARENTE-BASE-DONUT.jpg","type":"image\/jpeg"}],"twitter_card":"summary_large_image","twitter_misc":{"Tiempo de lectura":"1 minuto"},"schema":{"@context":"https:\/\/schema.org","@graph":[{"@type":"WebPage","@id":"https:\/\/demoweb.info\/sexshop001\/producto\/the-bumper-transparente-base-donut\/","url":"https:\/\/demoweb.info\/sexshop001\/producto\/the-bumper-transparente-base-donut\/","name":"THE BUMPER - TRANSPARENTE ( BASE + DONUT ) - Tienda Er\u00f3tica","isPartOf":{"@id":"https:\/\/demoweb.info\/sexshop001\/#website"},"datePublished":"2022-01-22T16:04:30+00:00","dateModified":"2022-01-22T16:04:41+00:00","breadcrumb":{"@id":"https:\/\/demoweb.info\/sexshop001\/producto\/the-bumper-transparente-base-donut\/#breadcrumb"},"inLanguage":"es","potentialAction":[{"@type":"ReadAction","target":["https:\/\/demoweb.info\/sexshop001\/producto\/the-bumper-transparente-base-donut\/"]}]},{"@type":"BreadcrumbList","@id":"https:\/\/demoweb.info\/sexshop001\/producto\/the-bumper-transparente-base-donut\/#breadcrumb","itemListElement":[{"@type":"ListItem","position":1,"name":"Portada","item":"https:\/\/demoweb.info\/sexshop001\/"},{"@type":"ListItem","position":2,"name":"Tienda","item":"https:\/\/demoweb.info\/sexshop001\/tienda\/"},{"@type":"ListItem","position":3,"name":"THE BUMPER &#8211; TRANSPARENTE ( BASE + DONUT )"}]},{"@type":"WebSite","@id":"https:\/\/demoweb.info\/sexshop001\/#website","url":"https:\/\/demoweb.info\/sexshop001\/","name":"Tienda Er\u00f3tica","description":"DEMOWEB SL","potentialAction":[{"@type":"SearchAction","target":{"@type":"EntryPoint","urlTemplate":"https:\/\/demoweb.info\/sexshop001\/?s={search_term_string}"},"query-input":"required name=search_term_string"}],"inLanguage":"es"}]}},"_links":{"self":[{"href":"https:\/\/demoweb.info\/sexshop001\/wp-json\/wp\/v3\/product\/55624","targetHints":{"allow":["GET"]}}],"collection":[{"href":"https:\/\/demoweb.info\/sexshop001\/wp-json\/wp\/v3\/product"}],"about":[{"href":"https:\/\/demoweb.info\/sexshop001\/wp-json\/wp\/v2\/types\/product"}],"replies":[{"embeddable":true,"href":"https:\/\/demoweb.info\/sexshop001\/wp-json\/wp\/v2\/comments?post=55624"}],"wp:featuredmedia":[{"embeddable":true,"href":"https:\/\/demoweb.info\/sexshop001\/wp-json\/wp\/v2\/media\/55625"}],"wp:attachment":[{"href":"https:\/\/demoweb.info\/sexshop001\/wp-json\/wp\/v2\/media?parent=55624"}],"wp:term":[{"taxonomy":"product_cat","embeddable":true,"href":"https:\/\/demoweb.info\/sexshop001\/wp-json\/wp\/v2\/product_cat?post=55624"},{"taxonomy":"product_tag","embeddable":true,"href":"https:\/\/demoweb.info\/sexshop001\/wp-json\/wp\/v2\/product_tag?post=55624"}],"curies":[{"name":"wp","href":"https:\/\/api.w.org\/{rel}","templated":true}]}}