{"id":55586,"date":"2022-01-22T17:04:08","date_gmt":"2022-01-22T16:04:08","guid":{"rendered":"https:\/\/demoweb.info\/sexshop001\/producto\/sofia-vibrador-de-silicona-morado\/"},"modified":"2022-01-22T17:04:16","modified_gmt":"2022-01-22T16:04:16","slug":"sofia-vibrador-de-silicona-morado","status":"publish","type":"product","link":"https:\/\/demoweb.info\/sexshop001\/producto\/sofia-vibrador-de-silicona-morado\/","title":{"rendered":"SOFIA &#8211; VIBRADOR DE SILICONA MORADO"},"content":{"rendered":"<p><strong>SOFIA<\/strong><\/p>\n<p>El huevo vibratorio para el cl\u00edtoris SOFIA, con estimulaci\u00f3n anal posee DOS poderosos motores. El principal llega hasta unas incre\u00edbles 8100 rpm, mientras que el segundo motor alcanza unas imposibles 12000 rpm.<\/p>\n<p>Todo esto ocurre con discreto nivel de ruido, que nunca supera los 50 Db. Por supuesto, posee tambi\u00e9n 10 velocidades diferentes para obtener una verdadera acci\u00f3n org\u00e1smica.<\/p>\n<p>\u00a1Si deseas lo mejor de ambos mundos, el SOFIA deber\u00eda convertirse en tu primera opci\u00f3n!<\/p>\n<p>Caracter\u00edsticas:<\/p>\n<ul>\n<li>Rotaciones por minuto: 8100 RPM<\/li>\n<li>Velocidades: 10<\/li>\n<li>Nivel de ruido: 50dB<\/li>\n<li>Material: Silicona de grado m\u00e9dico.<\/li>\n<li>Longitud: 13,5 cm<\/li>\n<li>Recargable con USB<\/li>\n<li>Tiempo de carga de la bater\u00eda: 120 minutos<\/li>\n<li>Duraci\u00f3n de la bater\u00eda: 60 minutos<\/li>\n<li>100% resistente al agua. Sumergible.<\/li>\n<\/ul>\n","protected":false},"excerpt":{"rendered":"<p>SOFIA El huevo vibratorio para el cl\u00edtoris SOFIA, con estimulaci\u00f3n anal posee DOS poderosos motores. El principal llega hasta unas<\/p>\n","protected":false},"featured_media":55587,"comment_status":"open","ping_status":"open","template":"","meta":[],"product_cat":[301],"product_tag":[1514,302],"class_list":["post-55586","product","type-product","status-publish","has-post-thumbnail","hentry","product_cat-punto-p","product_tag-jil","product_tag-shots"],"bundled_by":[],"bundle_stock_status":"instock","bundle_stock_quantity":1,"bundle_virtual":false,"bundle_layout":"","bundle_add_to_cart_form_location":"","bundle_editable_in_cart":false,"bundle_sold_individually_context":"","bundle_item_grouping":"","bundle_min_size":"","bundle_max_size":"","bundled_items":[],"yoast_head":"<!-- This site is optimized with the Yoast SEO plugin v20.6 - https:\/\/yoast.com\/wordpress\/plugins\/seo\/ -->\n<title>SOFIA - VIBRADOR DE SILICONA MORADO - Tienda Er\u00f3tica<\/title>\n<meta name=\"robots\" content=\"noindex, follow, max-snippet:-1, max-image-preview:large, max-video-preview:-1\" \/>\n<meta property=\"og:locale\" content=\"es_ES\" \/>\n<meta property=\"og:type\" content=\"article\" \/>\n<meta property=\"og:title\" content=\"SOFIA - VIBRADOR DE SILICONA MORADO - Tienda Er\u00f3tica\" \/>\n<meta property=\"og:description\" content=\"SOFIA El huevo vibratorio para el cl\u00edtoris SOFIA, con estimulaci\u00f3n anal posee DOS poderosos motores. El principal llega hasta unas\" \/>\n<meta property=\"og:url\" content=\"https:\/\/demoweb.info\/sexshop001\/producto\/sofia-vibrador-de-silicona-morado\/\" \/>\n<meta property=\"og:site_name\" content=\"Tienda Er\u00f3tica\" \/>\n<meta property=\"article:modified_time\" content=\"2022-01-22T16:04:16+00:00\" \/>\n<meta property=\"og:image\" content=\"https:\/\/demoweb.info\/sexshop001\/wp-content\/uploads\/2022\/01\/SOFIA-VIBRADOR-DE-SILICONA-MORADO.jpg\" \/>\n\t<meta property=\"og:image:width\" content=\"550\" \/>\n\t<meta property=\"og:image:height\" content=\"550\" \/>\n\t<meta property=\"og:image:type\" content=\"image\/jpeg\" \/>\n<meta name=\"twitter:card\" content=\"summary_large_image\" \/>\n<meta name=\"twitter:label1\" content=\"Tiempo de lectura\" \/>\n\t<meta name=\"twitter:data1\" content=\"1 minuto\" \/>\n<script type=\"application\/ld+json\" class=\"yoast-schema-graph\">{\"@context\":\"https:\/\/schema.org\",\"@graph\":[{\"@type\":\"WebPage\",\"@id\":\"https:\/\/demoweb.info\/sexshop001\/producto\/sofia-vibrador-de-silicona-morado\/\",\"url\":\"https:\/\/demoweb.info\/sexshop001\/producto\/sofia-vibrador-de-silicona-morado\/\",\"name\":\"SOFIA - VIBRADOR DE SILICONA MORADO - Tienda Er\u00f3tica\",\"isPartOf\":{\"@id\":\"https:\/\/demoweb.info\/sexshop001\/#website\"},\"datePublished\":\"2022-01-22T16:04:08+00:00\",\"dateModified\":\"2022-01-22T16:04:16+00:00\",\"breadcrumb\":{\"@id\":\"https:\/\/demoweb.info\/sexshop001\/producto\/sofia-vibrador-de-silicona-morado\/#breadcrumb\"},\"inLanguage\":\"es\",\"potentialAction\":[{\"@type\":\"ReadAction\",\"target\":[\"https:\/\/demoweb.info\/sexshop001\/producto\/sofia-vibrador-de-silicona-morado\/\"]}]},{\"@type\":\"BreadcrumbList\",\"@id\":\"https:\/\/demoweb.info\/sexshop001\/producto\/sofia-vibrador-de-silicona-morado\/#breadcrumb\",\"itemListElement\":[{\"@type\":\"ListItem\",\"position\":1,\"name\":\"Portada\",\"item\":\"https:\/\/demoweb.info\/sexshop001\/\"},{\"@type\":\"ListItem\",\"position\":2,\"name\":\"Tienda\",\"item\":\"https:\/\/demoweb.info\/sexshop001\/tienda\/\"},{\"@type\":\"ListItem\",\"position\":3,\"name\":\"SOFIA &#8211; VIBRADOR DE SILICONA MORADO\"}]},{\"@type\":\"WebSite\",\"@id\":\"https:\/\/demoweb.info\/sexshop001\/#website\",\"url\":\"https:\/\/demoweb.info\/sexshop001\/\",\"name\":\"Tienda Er\u00f3tica\",\"description\":\"DEMOWEB SL\",\"potentialAction\":[{\"@type\":\"SearchAction\",\"target\":{\"@type\":\"EntryPoint\",\"urlTemplate\":\"https:\/\/demoweb.info\/sexshop001\/?s={search_term_string}\"},\"query-input\":\"required name=search_term_string\"}],\"inLanguage\":\"es\"}]}<\/script>\n<!-- \/ Yoast SEO plugin. -->","yoast_head_json":{"title":"SOFIA - VIBRADOR DE SILICONA MORADO - Tienda Er\u00f3tica","robots":{"index":"noindex","follow":"follow","max-snippet":"max-snippet:-1","max-image-preview":"max-image-preview:large","max-video-preview":"max-video-preview:-1"},"og_locale":"es_ES","og_type":"article","og_title":"SOFIA - VIBRADOR DE SILICONA MORADO - Tienda Er\u00f3tica","og_description":"SOFIA El huevo vibratorio para el cl\u00edtoris SOFIA, con estimulaci\u00f3n anal posee DOS poderosos motores. El principal llega hasta unas","og_url":"https:\/\/demoweb.info\/sexshop001\/producto\/sofia-vibrador-de-silicona-morado\/","og_site_name":"Tienda Er\u00f3tica","article_modified_time":"2022-01-22T16:04:16+00:00","og_image":[{"width":550,"height":550,"url":"https:\/\/demoweb.info\/sexshop001\/wp-content\/uploads\/2022\/01\/SOFIA-VIBRADOR-DE-SILICONA-MORADO.jpg","type":"image\/jpeg"}],"twitter_card":"summary_large_image","twitter_misc":{"Tiempo de lectura":"1 minuto"},"schema":{"@context":"https:\/\/schema.org","@graph":[{"@type":"WebPage","@id":"https:\/\/demoweb.info\/sexshop001\/producto\/sofia-vibrador-de-silicona-morado\/","url":"https:\/\/demoweb.info\/sexshop001\/producto\/sofia-vibrador-de-silicona-morado\/","name":"SOFIA - VIBRADOR DE SILICONA MORADO - Tienda Er\u00f3tica","isPartOf":{"@id":"https:\/\/demoweb.info\/sexshop001\/#website"},"datePublished":"2022-01-22T16:04:08+00:00","dateModified":"2022-01-22T16:04:16+00:00","breadcrumb":{"@id":"https:\/\/demoweb.info\/sexshop001\/producto\/sofia-vibrador-de-silicona-morado\/#breadcrumb"},"inLanguage":"es","potentialAction":[{"@type":"ReadAction","target":["https:\/\/demoweb.info\/sexshop001\/producto\/sofia-vibrador-de-silicona-morado\/"]}]},{"@type":"BreadcrumbList","@id":"https:\/\/demoweb.info\/sexshop001\/producto\/sofia-vibrador-de-silicona-morado\/#breadcrumb","itemListElement":[{"@type":"ListItem","position":1,"name":"Portada","item":"https:\/\/demoweb.info\/sexshop001\/"},{"@type":"ListItem","position":2,"name":"Tienda","item":"https:\/\/demoweb.info\/sexshop001\/tienda\/"},{"@type":"ListItem","position":3,"name":"SOFIA &#8211; VIBRADOR DE SILICONA MORADO"}]},{"@type":"WebSite","@id":"https:\/\/demoweb.info\/sexshop001\/#website","url":"https:\/\/demoweb.info\/sexshop001\/","name":"Tienda Er\u00f3tica","description":"DEMOWEB SL","potentialAction":[{"@type":"SearchAction","target":{"@type":"EntryPoint","urlTemplate":"https:\/\/demoweb.info\/sexshop001\/?s={search_term_string}"},"query-input":"required name=search_term_string"}],"inLanguage":"es"}]}},"_links":{"self":[{"href":"https:\/\/demoweb.info\/sexshop001\/wp-json\/wp\/v3\/product\/55586","targetHints":{"allow":["GET"]}}],"collection":[{"href":"https:\/\/demoweb.info\/sexshop001\/wp-json\/wp\/v3\/product"}],"about":[{"href":"https:\/\/demoweb.info\/sexshop001\/wp-json\/wp\/v2\/types\/product"}],"replies":[{"embeddable":true,"href":"https:\/\/demoweb.info\/sexshop001\/wp-json\/wp\/v2\/comments?post=55586"}],"wp:featuredmedia":[{"embeddable":true,"href":"https:\/\/demoweb.info\/sexshop001\/wp-json\/wp\/v2\/media\/55587"}],"wp:attachment":[{"href":"https:\/\/demoweb.info\/sexshop001\/wp-json\/wp\/v2\/media?parent=55586"}],"wp:term":[{"taxonomy":"product_cat","embeddable":true,"href":"https:\/\/demoweb.info\/sexshop001\/wp-json\/wp\/v2\/product_cat?post=55586"},{"taxonomy":"product_tag","embeddable":true,"href":"https:\/\/demoweb.info\/sexshop001\/wp-json\/wp\/v2\/product_tag?post=55586"}],"curies":[{"name":"wp","href":"https:\/\/api.w.org\/{rel}","templated":true}]}}