{"id":55562,"date":"2022-01-22T17:03:42","date_gmt":"2022-01-22T16:03:42","guid":{"rendered":"https:\/\/demoweb.info\/sexshop001\/producto\/elite-beginner-pump-transparente\/"},"modified":"2022-01-22T17:03:58","modified_gmt":"2022-01-22T16:03:58","slug":"elite-beginner-pump-transparente","status":"publish","type":"product","link":"https:\/\/demoweb.info\/sexshop001\/producto\/elite-beginner-pump-transparente\/","title":{"rendered":"ELITE BEGINNER PUMP &#8211; TRANSPARENTE"},"content":{"rendered":"<p><strong>ELITE BEGINNER PUMP <\/strong><\/p>\n<p>\u00a1LA L\u00cdNEA PUMPED EST\u00c1 AQU\u00cd PARA IMPRESIONAR CON UN SURTIDO FANT\u00c1STICO DE DISPOSITIVOS DE MEJORA DE PENE!<\/p>\n<p>Estudios cl\u00ednicos han demostrado que los dispositivos de erecci\u00f3n al vac\u00edo proporcionan erecciones al instante m\u00e1s duras, causan agrandamiento fl\u00e1cido temporal y pueden aumentar de forma permanente el pene.<\/p>\n<p>Con una longitud total del cilindro de 23 cm y un di\u00e1metro de 6 cm , esta bomba de alta calidad te ofrece amplias posibilidades para crecer en ambas direcciones. La longitud total de la manguera es de 25 cm y la funda de inserci\u00f3n est\u00e1 hecha de silicona lisa.<\/p>\n<p>Hay una versi\u00f3n transparente y hay otros tres colores diferentes para elegir: azul , rojo o negro. Esta variante viene con una bomba de pl\u00e1stico y una v\u00e1lvula de liberaci\u00f3n r\u00e1pida para tu comodidad.<\/p>\n<p>Caracter\u00edsticas:<\/p>\n<p>&#8211; Di\u00e1metro: 6 cm<br \/>\n&#8211; Longitud: 30 cm<br \/>\n&#8211; Longitud insertable: 23 cm<br \/>\n&#8211; Material: PVC y silicona<br \/>\n&#8211; Resistente al agua: S\u00ed<br \/>\n&#8211; Libre de ftalatos: S\u00ed<\/p><\/p>\n","protected":false},"excerpt":{"rendered":"<p>ELITE BEGINNER PUMP \u00a1LA L\u00cdNEA PUMPED EST\u00c1 AQU\u00cd PARA IMPRESIONAR CON UN SURTIDO FANT\u00c1STICO DE DISPOSITIVOS DE MEJORA DE PENE!<\/p>\n","protected":false},"featured_media":55563,"comment_status":"open","ping_status":"open","template":"","meta":[],"product_cat":[495],"product_tag":[768,302],"class_list":["post-55562","product","type-product","status-publish","has-post-thumbnail","hentry","product_cat-basicos","product_tag-pumped","product_tag-shots"],"bundled_by":[],"bundle_stock_status":"outofstock","bundle_stock_quantity":0,"bundle_virtual":false,"bundle_layout":"","bundle_add_to_cart_form_location":"","bundle_editable_in_cart":false,"bundle_sold_individually_context":"","bundle_item_grouping":"","bundle_min_size":"","bundle_max_size":"","bundled_items":[],"yoast_head":"<!-- This site is optimized with the Yoast SEO plugin v20.6 - https:\/\/yoast.com\/wordpress\/plugins\/seo\/ -->\n<title>ELITE BEGINNER PUMP - TRANSPARENTE - Tienda Er\u00f3tica<\/title>\n<meta name=\"robots\" content=\"noindex, follow, max-snippet:-1, max-image-preview:large, max-video-preview:-1\" \/>\n<meta property=\"og:locale\" content=\"es_ES\" \/>\n<meta property=\"og:type\" content=\"article\" \/>\n<meta property=\"og:title\" content=\"ELITE BEGINNER PUMP - TRANSPARENTE - Tienda Er\u00f3tica\" \/>\n<meta property=\"og:description\" content=\"ELITE BEGINNER PUMP \u00a1LA L\u00cdNEA PUMPED EST\u00c1 AQU\u00cd PARA IMPRESIONAR CON UN SURTIDO FANT\u00c1STICO DE DISPOSITIVOS DE MEJORA DE PENE!\" \/>\n<meta property=\"og:url\" content=\"https:\/\/demoweb.info\/sexshop001\/producto\/elite-beginner-pump-transparente\/\" \/>\n<meta property=\"og:site_name\" content=\"Tienda Er\u00f3tica\" \/>\n<meta property=\"article:modified_time\" content=\"2022-01-22T16:03:58+00:00\" \/>\n<meta property=\"og:image\" content=\"https:\/\/demoweb.info\/sexshop001\/wp-content\/uploads\/2022\/01\/ELITE-BEGINNER-PUMP-TRANSPARENTE.jpg\" \/>\n\t<meta property=\"og:image:width\" content=\"550\" \/>\n\t<meta property=\"og:image:height\" content=\"550\" \/>\n\t<meta property=\"og:image:type\" content=\"image\/jpeg\" \/>\n<meta name=\"twitter:card\" content=\"summary_large_image\" \/>\n<meta name=\"twitter:label1\" content=\"Tiempo de lectura\" \/>\n\t<meta name=\"twitter:data1\" content=\"1 minuto\" \/>\n<script type=\"application\/ld+json\" class=\"yoast-schema-graph\">{\"@context\":\"https:\/\/schema.org\",\"@graph\":[{\"@type\":\"WebPage\",\"@id\":\"https:\/\/demoweb.info\/sexshop001\/producto\/elite-beginner-pump-transparente\/\",\"url\":\"https:\/\/demoweb.info\/sexshop001\/producto\/elite-beginner-pump-transparente\/\",\"name\":\"ELITE BEGINNER PUMP - TRANSPARENTE - Tienda Er\u00f3tica\",\"isPartOf\":{\"@id\":\"https:\/\/demoweb.info\/sexshop001\/#website\"},\"datePublished\":\"2022-01-22T16:03:42+00:00\",\"dateModified\":\"2022-01-22T16:03:58+00:00\",\"breadcrumb\":{\"@id\":\"https:\/\/demoweb.info\/sexshop001\/producto\/elite-beginner-pump-transparente\/#breadcrumb\"},\"inLanguage\":\"es\",\"potentialAction\":[{\"@type\":\"ReadAction\",\"target\":[\"https:\/\/demoweb.info\/sexshop001\/producto\/elite-beginner-pump-transparente\/\"]}]},{\"@type\":\"BreadcrumbList\",\"@id\":\"https:\/\/demoweb.info\/sexshop001\/producto\/elite-beginner-pump-transparente\/#breadcrumb\",\"itemListElement\":[{\"@type\":\"ListItem\",\"position\":1,\"name\":\"Portada\",\"item\":\"https:\/\/demoweb.info\/sexshop001\/\"},{\"@type\":\"ListItem\",\"position\":2,\"name\":\"Tienda\",\"item\":\"https:\/\/demoweb.info\/sexshop001\/tienda\/\"},{\"@type\":\"ListItem\",\"position\":3,\"name\":\"ELITE BEGINNER PUMP &#8211; TRANSPARENTE\"}]},{\"@type\":\"WebSite\",\"@id\":\"https:\/\/demoweb.info\/sexshop001\/#website\",\"url\":\"https:\/\/demoweb.info\/sexshop001\/\",\"name\":\"Tienda Er\u00f3tica\",\"description\":\"DEMOWEB SL\",\"potentialAction\":[{\"@type\":\"SearchAction\",\"target\":{\"@type\":\"EntryPoint\",\"urlTemplate\":\"https:\/\/demoweb.info\/sexshop001\/?s={search_term_string}\"},\"query-input\":\"required name=search_term_string\"}],\"inLanguage\":\"es\"}]}<\/script>\n<!-- \/ Yoast SEO plugin. -->","yoast_head_json":{"title":"ELITE BEGINNER PUMP - TRANSPARENTE - Tienda Er\u00f3tica","robots":{"index":"noindex","follow":"follow","max-snippet":"max-snippet:-1","max-image-preview":"max-image-preview:large","max-video-preview":"max-video-preview:-1"},"og_locale":"es_ES","og_type":"article","og_title":"ELITE BEGINNER PUMP - TRANSPARENTE - Tienda Er\u00f3tica","og_description":"ELITE BEGINNER PUMP \u00a1LA L\u00cdNEA PUMPED EST\u00c1 AQU\u00cd PARA IMPRESIONAR CON UN SURTIDO FANT\u00c1STICO DE DISPOSITIVOS DE MEJORA DE PENE!","og_url":"https:\/\/demoweb.info\/sexshop001\/producto\/elite-beginner-pump-transparente\/","og_site_name":"Tienda Er\u00f3tica","article_modified_time":"2022-01-22T16:03:58+00:00","og_image":[{"width":550,"height":550,"url":"https:\/\/demoweb.info\/sexshop001\/wp-content\/uploads\/2022\/01\/ELITE-BEGINNER-PUMP-TRANSPARENTE.jpg","type":"image\/jpeg"}],"twitter_card":"summary_large_image","twitter_misc":{"Tiempo de lectura":"1 minuto"},"schema":{"@context":"https:\/\/schema.org","@graph":[{"@type":"WebPage","@id":"https:\/\/demoweb.info\/sexshop001\/producto\/elite-beginner-pump-transparente\/","url":"https:\/\/demoweb.info\/sexshop001\/producto\/elite-beginner-pump-transparente\/","name":"ELITE BEGINNER PUMP - TRANSPARENTE - Tienda Er\u00f3tica","isPartOf":{"@id":"https:\/\/demoweb.info\/sexshop001\/#website"},"datePublished":"2022-01-22T16:03:42+00:00","dateModified":"2022-01-22T16:03:58+00:00","breadcrumb":{"@id":"https:\/\/demoweb.info\/sexshop001\/producto\/elite-beginner-pump-transparente\/#breadcrumb"},"inLanguage":"es","potentialAction":[{"@type":"ReadAction","target":["https:\/\/demoweb.info\/sexshop001\/producto\/elite-beginner-pump-transparente\/"]}]},{"@type":"BreadcrumbList","@id":"https:\/\/demoweb.info\/sexshop001\/producto\/elite-beginner-pump-transparente\/#breadcrumb","itemListElement":[{"@type":"ListItem","position":1,"name":"Portada","item":"https:\/\/demoweb.info\/sexshop001\/"},{"@type":"ListItem","position":2,"name":"Tienda","item":"https:\/\/demoweb.info\/sexshop001\/tienda\/"},{"@type":"ListItem","position":3,"name":"ELITE BEGINNER PUMP &#8211; TRANSPARENTE"}]},{"@type":"WebSite","@id":"https:\/\/demoweb.info\/sexshop001\/#website","url":"https:\/\/demoweb.info\/sexshop001\/","name":"Tienda Er\u00f3tica","description":"DEMOWEB SL","potentialAction":[{"@type":"SearchAction","target":{"@type":"EntryPoint","urlTemplate":"https:\/\/demoweb.info\/sexshop001\/?s={search_term_string}"},"query-input":"required name=search_term_string"}],"inLanguage":"es"}]}},"_links":{"self":[{"href":"https:\/\/demoweb.info\/sexshop001\/wp-json\/wp\/v3\/product\/55562","targetHints":{"allow":["GET"]}}],"collection":[{"href":"https:\/\/demoweb.info\/sexshop001\/wp-json\/wp\/v3\/product"}],"about":[{"href":"https:\/\/demoweb.info\/sexshop001\/wp-json\/wp\/v2\/types\/product"}],"replies":[{"embeddable":true,"href":"https:\/\/demoweb.info\/sexshop001\/wp-json\/wp\/v2\/comments?post=55562"}],"wp:featuredmedia":[{"embeddable":true,"href":"https:\/\/demoweb.info\/sexshop001\/wp-json\/wp\/v2\/media\/55563"}],"wp:attachment":[{"href":"https:\/\/demoweb.info\/sexshop001\/wp-json\/wp\/v2\/media?parent=55562"}],"wp:term":[{"taxonomy":"product_cat","embeddable":true,"href":"https:\/\/demoweb.info\/sexshop001\/wp-json\/wp\/v2\/product_cat?post=55562"},{"taxonomy":"product_tag","embeddable":true,"href":"https:\/\/demoweb.info\/sexshop001\/wp-json\/wp\/v2\/product_tag?post=55562"}],"curies":[{"name":"wp","href":"https:\/\/api.w.org\/{rel}","templated":true}]}}