{"id":55536,"date":"2022-01-22T17:03:15","date_gmt":"2022-01-22T16:03:15","guid":{"rendered":"https:\/\/demoweb.info\/sexshop001\/producto\/bomba-de-succion-classic-rojo\/"},"modified":"2022-01-22T17:03:38","modified_gmt":"2022-01-22T16:03:38","slug":"bomba-de-succion-classic-rojo","status":"publish","type":"product","link":"https:\/\/demoweb.info\/sexshop001\/producto\/bomba-de-succion-classic-rojo\/","title":{"rendered":"BOMBA DE SUCCI\u00d3N CLASSIC ROJO"},"content":{"rendered":"<p><strong>CLASSIC PENIS PUMP RED<\/strong><\/p>\n<p>Los estudios cl\u00ednicos han probado que los dispositivos de aspiradores para erecci\u00f3n aportar\u00e1 erecciones m\u00e1s duras instant\u00e1neamente, causa crecimiento fl\u00e1cido temporal y puede incrementar aumento permanente del pene. De acuerdo con la Asociaci\u00f3n Urol\u00f3gica Americana, estos dispositivos pueden ser tambi\u00e9n \u00fatiles en casos donde medicamentos como los PDE5 tal como la Viagra no han funcionado! Los doctores ven la bomba para el pene es un tratamiento efectivo y econ\u00f3mico para la disfunci\u00f3n er\u00e9ctil y declaran que el uso prolongado de dispositivos incrementar\u00e1 el tama\u00f1o del pene permanentemente. Otras ventajas de la variedad de PUMPED son entre otras la dilaci\u00f3n en la eyaculaci\u00f3n, mejor\u00eda en el apetito sexual, disparo de testosterona, el mantenimiento de erecciones m\u00e1s duras y m\u00e1s duraderas y el soporte del tejido del pene despu\u00e9s de una cirug\u00eda prost\u00e1tica.<\/p>\n<p>Esta bomba a presi\u00f3n, es esencialmente una peque\u00f1a bola que oprimes para activar la acci\u00f3n de la aspiradora, dise\u00f1ada para encajar c\u00f3modamente en la palma de su mano. Mientras m\u00e1s oprime, la manga alrededor de su pene se aprieta m\u00e1s y m\u00e1s.<\/p>\n<p><strong>Especificaciones<\/strong><\/p>\n<p>&#8211; Di\u00e1metro: 6 cm<br \/>\n&#8211; Longitud: 30 cm<br \/>\n&#8211; Longitud insertable: 23 cm<br \/>\n&#8211; Material: PVC y silicona<br \/>\n&#8211; Resistente al agua: S\u00ed<br \/>\n&#8211; Libre de ftalato: S\u00ed<\/p>\n","protected":false},"excerpt":{"rendered":"<p>CLASSIC PENIS PUMP RED Los estudios cl\u00ednicos han probado que los dispositivos de aspiradores para erecci\u00f3n aportar\u00e1 erecciones m\u00e1s duras<\/p>\n","protected":false},"featured_media":55537,"comment_status":"open","ping_status":"open","template":"","meta":[],"product_cat":[495],"product_tag":[768,302],"class_list":["post-55536","product","type-product","status-publish","has-post-thumbnail","hentry","product_cat-basicos","product_tag-pumped","product_tag-shots"],"bundled_by":[],"bundle_stock_status":"instock","bundle_stock_quantity":2,"bundle_virtual":false,"bundle_layout":"","bundle_add_to_cart_form_location":"","bundle_editable_in_cart":false,"bundle_sold_individually_context":"","bundle_item_grouping":"","bundle_min_size":"","bundle_max_size":"","bundled_items":[],"yoast_head":"<!-- This site is optimized with the Yoast SEO plugin v20.6 - https:\/\/yoast.com\/wordpress\/plugins\/seo\/ -->\n<title>BOMBA DE SUCCI\u00d3N CLASSIC ROJO - Tienda Er\u00f3tica<\/title>\n<meta name=\"robots\" content=\"noindex, follow, max-snippet:-1, max-image-preview:large, max-video-preview:-1\" \/>\n<meta property=\"og:locale\" content=\"es_ES\" \/>\n<meta property=\"og:type\" content=\"article\" \/>\n<meta property=\"og:title\" content=\"BOMBA DE SUCCI\u00d3N CLASSIC ROJO - Tienda Er\u00f3tica\" \/>\n<meta property=\"og:description\" content=\"CLASSIC PENIS PUMP RED Los estudios cl\u00ednicos han probado que los dispositivos de aspiradores para erecci\u00f3n aportar\u00e1 erecciones m\u00e1s duras\" \/>\n<meta property=\"og:url\" content=\"https:\/\/demoweb.info\/sexshop001\/producto\/bomba-de-succion-classic-rojo\/\" \/>\n<meta property=\"og:site_name\" content=\"Tienda Er\u00f3tica\" \/>\n<meta property=\"article:modified_time\" content=\"2022-01-22T16:03:38+00:00\" \/>\n<meta property=\"og:image\" content=\"https:\/\/demoweb.info\/sexshop001\/wp-content\/uploads\/2022\/01\/BOMBA-DE-SUCCION-CLASSIC-ROJO.jpg\" \/>\n\t<meta property=\"og:image:width\" content=\"550\" \/>\n\t<meta property=\"og:image:height\" content=\"550\" \/>\n\t<meta property=\"og:image:type\" content=\"image\/jpeg\" \/>\n<meta name=\"twitter:card\" content=\"summary_large_image\" \/>\n<meta name=\"twitter:label1\" content=\"Tiempo de lectura\" \/>\n\t<meta name=\"twitter:data1\" content=\"1 minuto\" \/>\n<script type=\"application\/ld+json\" class=\"yoast-schema-graph\">{\"@context\":\"https:\/\/schema.org\",\"@graph\":[{\"@type\":\"WebPage\",\"@id\":\"https:\/\/demoweb.info\/sexshop001\/producto\/bomba-de-succion-classic-rojo\/\",\"url\":\"https:\/\/demoweb.info\/sexshop001\/producto\/bomba-de-succion-classic-rojo\/\",\"name\":\"BOMBA DE SUCCI\u00d3N CLASSIC ROJO - Tienda Er\u00f3tica\",\"isPartOf\":{\"@id\":\"https:\/\/demoweb.info\/sexshop001\/#website\"},\"datePublished\":\"2022-01-22T16:03:15+00:00\",\"dateModified\":\"2022-01-22T16:03:38+00:00\",\"breadcrumb\":{\"@id\":\"https:\/\/demoweb.info\/sexshop001\/producto\/bomba-de-succion-classic-rojo\/#breadcrumb\"},\"inLanguage\":\"es\",\"potentialAction\":[{\"@type\":\"ReadAction\",\"target\":[\"https:\/\/demoweb.info\/sexshop001\/producto\/bomba-de-succion-classic-rojo\/\"]}]},{\"@type\":\"BreadcrumbList\",\"@id\":\"https:\/\/demoweb.info\/sexshop001\/producto\/bomba-de-succion-classic-rojo\/#breadcrumb\",\"itemListElement\":[{\"@type\":\"ListItem\",\"position\":1,\"name\":\"Portada\",\"item\":\"https:\/\/demoweb.info\/sexshop001\/\"},{\"@type\":\"ListItem\",\"position\":2,\"name\":\"Tienda\",\"item\":\"https:\/\/demoweb.info\/sexshop001\/tienda\/\"},{\"@type\":\"ListItem\",\"position\":3,\"name\":\"BOMBA DE SUCCI\u00d3N CLASSIC ROJO\"}]},{\"@type\":\"WebSite\",\"@id\":\"https:\/\/demoweb.info\/sexshop001\/#website\",\"url\":\"https:\/\/demoweb.info\/sexshop001\/\",\"name\":\"Tienda Er\u00f3tica\",\"description\":\"DEMOWEB SL\",\"potentialAction\":[{\"@type\":\"SearchAction\",\"target\":{\"@type\":\"EntryPoint\",\"urlTemplate\":\"https:\/\/demoweb.info\/sexshop001\/?s={search_term_string}\"},\"query-input\":\"required name=search_term_string\"}],\"inLanguage\":\"es\"}]}<\/script>\n<!-- \/ Yoast SEO plugin. -->","yoast_head_json":{"title":"BOMBA DE SUCCI\u00d3N CLASSIC ROJO - Tienda Er\u00f3tica","robots":{"index":"noindex","follow":"follow","max-snippet":"max-snippet:-1","max-image-preview":"max-image-preview:large","max-video-preview":"max-video-preview:-1"},"og_locale":"es_ES","og_type":"article","og_title":"BOMBA DE SUCCI\u00d3N CLASSIC ROJO - Tienda Er\u00f3tica","og_description":"CLASSIC PENIS PUMP RED Los estudios cl\u00ednicos han probado que los dispositivos de aspiradores para erecci\u00f3n aportar\u00e1 erecciones m\u00e1s duras","og_url":"https:\/\/demoweb.info\/sexshop001\/producto\/bomba-de-succion-classic-rojo\/","og_site_name":"Tienda Er\u00f3tica","article_modified_time":"2022-01-22T16:03:38+00:00","og_image":[{"width":550,"height":550,"url":"https:\/\/demoweb.info\/sexshop001\/wp-content\/uploads\/2022\/01\/BOMBA-DE-SUCCION-CLASSIC-ROJO.jpg","type":"image\/jpeg"}],"twitter_card":"summary_large_image","twitter_misc":{"Tiempo de lectura":"1 minuto"},"schema":{"@context":"https:\/\/schema.org","@graph":[{"@type":"WebPage","@id":"https:\/\/demoweb.info\/sexshop001\/producto\/bomba-de-succion-classic-rojo\/","url":"https:\/\/demoweb.info\/sexshop001\/producto\/bomba-de-succion-classic-rojo\/","name":"BOMBA DE SUCCI\u00d3N CLASSIC ROJO - Tienda Er\u00f3tica","isPartOf":{"@id":"https:\/\/demoweb.info\/sexshop001\/#website"},"datePublished":"2022-01-22T16:03:15+00:00","dateModified":"2022-01-22T16:03:38+00:00","breadcrumb":{"@id":"https:\/\/demoweb.info\/sexshop001\/producto\/bomba-de-succion-classic-rojo\/#breadcrumb"},"inLanguage":"es","potentialAction":[{"@type":"ReadAction","target":["https:\/\/demoweb.info\/sexshop001\/producto\/bomba-de-succion-classic-rojo\/"]}]},{"@type":"BreadcrumbList","@id":"https:\/\/demoweb.info\/sexshop001\/producto\/bomba-de-succion-classic-rojo\/#breadcrumb","itemListElement":[{"@type":"ListItem","position":1,"name":"Portada","item":"https:\/\/demoweb.info\/sexshop001\/"},{"@type":"ListItem","position":2,"name":"Tienda","item":"https:\/\/demoweb.info\/sexshop001\/tienda\/"},{"@type":"ListItem","position":3,"name":"BOMBA DE SUCCI\u00d3N CLASSIC ROJO"}]},{"@type":"WebSite","@id":"https:\/\/demoweb.info\/sexshop001\/#website","url":"https:\/\/demoweb.info\/sexshop001\/","name":"Tienda Er\u00f3tica","description":"DEMOWEB SL","potentialAction":[{"@type":"SearchAction","target":{"@type":"EntryPoint","urlTemplate":"https:\/\/demoweb.info\/sexshop001\/?s={search_term_string}"},"query-input":"required name=search_term_string"}],"inLanguage":"es"}]}},"_links":{"self":[{"href":"https:\/\/demoweb.info\/sexshop001\/wp-json\/wp\/v3\/product\/55536","targetHints":{"allow":["GET"]}}],"collection":[{"href":"https:\/\/demoweb.info\/sexshop001\/wp-json\/wp\/v3\/product"}],"about":[{"href":"https:\/\/demoweb.info\/sexshop001\/wp-json\/wp\/v2\/types\/product"}],"replies":[{"embeddable":true,"href":"https:\/\/demoweb.info\/sexshop001\/wp-json\/wp\/v2\/comments?post=55536"}],"wp:featuredmedia":[{"embeddable":true,"href":"https:\/\/demoweb.info\/sexshop001\/wp-json\/wp\/v2\/media\/55537"}],"wp:attachment":[{"href":"https:\/\/demoweb.info\/sexshop001\/wp-json\/wp\/v2\/media?parent=55536"}],"wp:term":[{"taxonomy":"product_cat","embeddable":true,"href":"https:\/\/demoweb.info\/sexshop001\/wp-json\/wp\/v2\/product_cat?post=55536"},{"taxonomy":"product_tag","embeddable":true,"href":"https:\/\/demoweb.info\/sexshop001\/wp-json\/wp\/v2\/product_tag?post=55536"}],"curies":[{"name":"wp","href":"https:\/\/api.w.org\/{rel}","templated":true}]}}