{"id":55493,"date":"2022-01-22T17:02:45","date_gmt":"2022-01-22T16:02:45","guid":{"rendered":"https:\/\/demoweb.info\/sexshop001\/producto\/athenas-ultimate-sex-machine\/"},"modified":"2022-01-22T17:03:07","modified_gmt":"2022-01-22T16:03:07","slug":"athenas-ultimate-sex-machine","status":"publish","type":"product","link":"https:\/\/demoweb.info\/sexshop001\/producto\/athenas-ultimate-sex-machine\/","title":{"rendered":"ATHENAS ULTIMATE SEX MACHINE"},"content":{"rendered":"<p><strong>ATHENAS ULTIMATE SEX MACHINE<\/strong><\/p>\n<p>Penetraci\u00f3n simple o doble, placer vibratorio, control remoto inal\u00e1mbrico.. Athenas Ultimate Sex Machine lo tiene todo, ofreciendo satisfacci\u00f3n personalizada en un aparato potente pero compacto.<\/p>\n<p>Equipa una o ambas de las barras de extensi\u00f3n con la elecci\u00f3n de los dos consoladores id\u00e9nticos y realistas, que est\u00e1n texturizados y que son flexibles adapt\u00e1ndose a tu curvatura ideal, o el consolador anal liso y c\u00f3nico, hecho de silicona premium y no porosa.<\/p>\n<p>Ajusta el \u00e1ngulo de las barras hasta 26 grados para obtener el empuje perfecto. Tambi\u00e9n puedes ajustar la proximidad de las dos barras para adaptarlas a las necesidades de tu cuerpo durante la doble penetraci\u00f3n. Una vez que est\u00e1 en posici\u00f3n, tu o tu compa\u00f1ero pod\u00e9is administrar la velocidad de empuje con el mando controlador de marcado con cable. Sin embargo, un control remoto inal\u00e1mbrico proporciona a\u00fan m\u00e1s emoci\u00f3n. No solo te da control del empuje, sino que tambi\u00e9n act\u00faa como un vibrador, lo que le permite pasar por varios modos de vibraci\u00f3n a medida que lo presionas contra las partes m\u00e1s sensibles.<\/p>\n<p>Adem\u00e1s, la punta del controlador incluso se calienta para una calidez puntiaguda que es irresistible. <\/p>\n<p>Anethas Ultimate Sex Machine ofrece infinitas opciones para un \u00e9xtasis mejorado.<\/p>\n","protected":false},"excerpt":{"rendered":"<p>ATHENAS ULTIMATE SEX MACHINE Penetraci\u00f3n simple o doble, placer vibratorio, control remoto inal\u00e1mbrico.. Athenas Ultimate Sex Machine lo tiene todo,<\/p>\n","protected":false},"featured_media":55494,"comment_status":"open","ping_status":"open","template":"","meta":[],"product_cat":[680],"product_tag":[778,274],"class_list":["post-55493","product","type-product","status-publish","has-post-thumbnail","hentry","product_cat-maquinas-del-amor","product_tag-lovebotz","product_tag-xr-brands"],"bundled_by":[],"bundle_stock_status":"instock","bundle_stock_quantity":1,"bundle_virtual":false,"bundle_layout":"","bundle_add_to_cart_form_location":"","bundle_editable_in_cart":false,"bundle_sold_individually_context":"","bundle_item_grouping":"","bundle_min_size":"","bundle_max_size":"","bundled_items":[],"yoast_head":"<!-- This site is optimized with the Yoast SEO plugin v20.6 - https:\/\/yoast.com\/wordpress\/plugins\/seo\/ -->\n<title>ATHENAS ULTIMATE SEX MACHINE - Tienda Er\u00f3tica<\/title>\n<meta name=\"robots\" content=\"noindex, follow, max-snippet:-1, max-image-preview:large, max-video-preview:-1\" \/>\n<meta property=\"og:locale\" content=\"es_ES\" \/>\n<meta property=\"og:type\" content=\"article\" \/>\n<meta property=\"og:title\" content=\"ATHENAS ULTIMATE SEX MACHINE - Tienda Er\u00f3tica\" \/>\n<meta property=\"og:description\" content=\"ATHENAS ULTIMATE SEX MACHINE Penetraci\u00f3n simple o doble, placer vibratorio, control remoto inal\u00e1mbrico.. Athenas Ultimate Sex Machine lo tiene todo,\" \/>\n<meta property=\"og:url\" content=\"https:\/\/demoweb.info\/sexshop001\/producto\/athenas-ultimate-sex-machine\/\" \/>\n<meta property=\"og:site_name\" content=\"Tienda Er\u00f3tica\" \/>\n<meta property=\"article:modified_time\" content=\"2022-01-22T16:03:07+00:00\" \/>\n<meta property=\"og:image\" content=\"https:\/\/demoweb.info\/sexshop001\/wp-content\/uploads\/2022\/01\/ATHENAS-ULTIMATE-SEX-MACHINE.jpg\" \/>\n\t<meta property=\"og:image:width\" content=\"550\" \/>\n\t<meta property=\"og:image:height\" content=\"550\" \/>\n\t<meta property=\"og:image:type\" content=\"image\/jpeg\" \/>\n<meta name=\"twitter:card\" content=\"summary_large_image\" \/>\n<meta name=\"twitter:label1\" content=\"Tiempo de lectura\" \/>\n\t<meta name=\"twitter:data1\" content=\"1 minuto\" \/>\n<script type=\"application\/ld+json\" class=\"yoast-schema-graph\">{\"@context\":\"https:\/\/schema.org\",\"@graph\":[{\"@type\":\"WebPage\",\"@id\":\"https:\/\/demoweb.info\/sexshop001\/producto\/athenas-ultimate-sex-machine\/\",\"url\":\"https:\/\/demoweb.info\/sexshop001\/producto\/athenas-ultimate-sex-machine\/\",\"name\":\"ATHENAS ULTIMATE SEX MACHINE - Tienda Er\u00f3tica\",\"isPartOf\":{\"@id\":\"https:\/\/demoweb.info\/sexshop001\/#website\"},\"datePublished\":\"2022-01-22T16:02:45+00:00\",\"dateModified\":\"2022-01-22T16:03:07+00:00\",\"breadcrumb\":{\"@id\":\"https:\/\/demoweb.info\/sexshop001\/producto\/athenas-ultimate-sex-machine\/#breadcrumb\"},\"inLanguage\":\"es\",\"potentialAction\":[{\"@type\":\"ReadAction\",\"target\":[\"https:\/\/demoweb.info\/sexshop001\/producto\/athenas-ultimate-sex-machine\/\"]}]},{\"@type\":\"BreadcrumbList\",\"@id\":\"https:\/\/demoweb.info\/sexshop001\/producto\/athenas-ultimate-sex-machine\/#breadcrumb\",\"itemListElement\":[{\"@type\":\"ListItem\",\"position\":1,\"name\":\"Portada\",\"item\":\"https:\/\/demoweb.info\/sexshop001\/\"},{\"@type\":\"ListItem\",\"position\":2,\"name\":\"Tienda\",\"item\":\"https:\/\/demoweb.info\/sexshop001\/tienda\/\"},{\"@type\":\"ListItem\",\"position\":3,\"name\":\"ATHENAS ULTIMATE SEX MACHINE\"}]},{\"@type\":\"WebSite\",\"@id\":\"https:\/\/demoweb.info\/sexshop001\/#website\",\"url\":\"https:\/\/demoweb.info\/sexshop001\/\",\"name\":\"Tienda Er\u00f3tica\",\"description\":\"DEMOWEB SL\",\"potentialAction\":[{\"@type\":\"SearchAction\",\"target\":{\"@type\":\"EntryPoint\",\"urlTemplate\":\"https:\/\/demoweb.info\/sexshop001\/?s={search_term_string}\"},\"query-input\":\"required name=search_term_string\"}],\"inLanguage\":\"es\"}]}<\/script>\n<!-- \/ Yoast SEO plugin. -->","yoast_head_json":{"title":"ATHENAS ULTIMATE SEX MACHINE - Tienda Er\u00f3tica","robots":{"index":"noindex","follow":"follow","max-snippet":"max-snippet:-1","max-image-preview":"max-image-preview:large","max-video-preview":"max-video-preview:-1"},"og_locale":"es_ES","og_type":"article","og_title":"ATHENAS ULTIMATE SEX MACHINE - Tienda Er\u00f3tica","og_description":"ATHENAS ULTIMATE SEX MACHINE Penetraci\u00f3n simple o doble, placer vibratorio, control remoto inal\u00e1mbrico.. Athenas Ultimate Sex Machine lo tiene todo,","og_url":"https:\/\/demoweb.info\/sexshop001\/producto\/athenas-ultimate-sex-machine\/","og_site_name":"Tienda Er\u00f3tica","article_modified_time":"2022-01-22T16:03:07+00:00","og_image":[{"width":550,"height":550,"url":"https:\/\/demoweb.info\/sexshop001\/wp-content\/uploads\/2022\/01\/ATHENAS-ULTIMATE-SEX-MACHINE.jpg","type":"image\/jpeg"}],"twitter_card":"summary_large_image","twitter_misc":{"Tiempo de lectura":"1 minuto"},"schema":{"@context":"https:\/\/schema.org","@graph":[{"@type":"WebPage","@id":"https:\/\/demoweb.info\/sexshop001\/producto\/athenas-ultimate-sex-machine\/","url":"https:\/\/demoweb.info\/sexshop001\/producto\/athenas-ultimate-sex-machine\/","name":"ATHENAS ULTIMATE SEX MACHINE - Tienda Er\u00f3tica","isPartOf":{"@id":"https:\/\/demoweb.info\/sexshop001\/#website"},"datePublished":"2022-01-22T16:02:45+00:00","dateModified":"2022-01-22T16:03:07+00:00","breadcrumb":{"@id":"https:\/\/demoweb.info\/sexshop001\/producto\/athenas-ultimate-sex-machine\/#breadcrumb"},"inLanguage":"es","potentialAction":[{"@type":"ReadAction","target":["https:\/\/demoweb.info\/sexshop001\/producto\/athenas-ultimate-sex-machine\/"]}]},{"@type":"BreadcrumbList","@id":"https:\/\/demoweb.info\/sexshop001\/producto\/athenas-ultimate-sex-machine\/#breadcrumb","itemListElement":[{"@type":"ListItem","position":1,"name":"Portada","item":"https:\/\/demoweb.info\/sexshop001\/"},{"@type":"ListItem","position":2,"name":"Tienda","item":"https:\/\/demoweb.info\/sexshop001\/tienda\/"},{"@type":"ListItem","position":3,"name":"ATHENAS ULTIMATE SEX MACHINE"}]},{"@type":"WebSite","@id":"https:\/\/demoweb.info\/sexshop001\/#website","url":"https:\/\/demoweb.info\/sexshop001\/","name":"Tienda Er\u00f3tica","description":"DEMOWEB SL","potentialAction":[{"@type":"SearchAction","target":{"@type":"EntryPoint","urlTemplate":"https:\/\/demoweb.info\/sexshop001\/?s={search_term_string}"},"query-input":"required name=search_term_string"}],"inLanguage":"es"}]}},"_links":{"self":[{"href":"https:\/\/demoweb.info\/sexshop001\/wp-json\/wp\/v3\/product\/55493","targetHints":{"allow":["GET"]}}],"collection":[{"href":"https:\/\/demoweb.info\/sexshop001\/wp-json\/wp\/v3\/product"}],"about":[{"href":"https:\/\/demoweb.info\/sexshop001\/wp-json\/wp\/v2\/types\/product"}],"replies":[{"embeddable":true,"href":"https:\/\/demoweb.info\/sexshop001\/wp-json\/wp\/v2\/comments?post=55493"}],"wp:featuredmedia":[{"embeddable":true,"href":"https:\/\/demoweb.info\/sexshop001\/wp-json\/wp\/v2\/media\/55494"}],"wp:attachment":[{"href":"https:\/\/demoweb.info\/sexshop001\/wp-json\/wp\/v2\/media?parent=55493"}],"wp:term":[{"taxonomy":"product_cat","embeddable":true,"href":"https:\/\/demoweb.info\/sexshop001\/wp-json\/wp\/v2\/product_cat?post=55493"},{"taxonomy":"product_tag","embeddable":true,"href":"https:\/\/demoweb.info\/sexshop001\/wp-json\/wp\/v2\/product_tag?post=55493"}],"curies":[{"name":"wp","href":"https:\/\/api.w.org\/{rel}","templated":true}]}}