{"id":55473,"date":"2022-01-22T17:02:45","date_gmt":"2022-01-22T16:02:45","guid":{"rendered":"https:\/\/demoweb.info\/sexshop001\/producto\/mistress-femdom-pegging-kit-bdsm-negro\/"},"modified":"2022-01-22T17:02:52","modified_gmt":"2022-01-22T16:02:52","slug":"mistress-femdom-pegging-kit-bdsm-negro","status":"publish","type":"product","link":"https:\/\/demoweb.info\/sexshop001\/producto\/mistress-femdom-pegging-kit-bdsm-negro\/","title":{"rendered":"MISTRESS FEMDOM PEGGING KIT BDSM NEGRO"},"content":{"rendered":"<p><strong>MISTRESS FEMDOM PEGGING KIT<\/strong><\/p>\n<p>Muestra a tu hombre qui\u00e9n manda con un kit que incluye todo lo que necesitas para dominarlo, de arriba abajo.<\/p>\n<p>Elim\u00ednalo de tu vista, pero deja esa boca \u00fatil accesible cuando deslices la capucha negra y el\u00e1stica sobre su cabeza. El \u00e1rea acolchada de los ojos vendados lo mantendr\u00e1 en la oscuridad mientras lo sorprendes con cada toque. Mientras tanto, ponte el arn\u00e9s que se ajusta de forma sexy a tu alrededor. Incluso hay un bolsillo para un peque\u00f1o vibrador de bala en el interior del panel frontal, para asegurar que la Se\u00f1ora siempre est\u00e9 contenta.<\/p>\n<p>Desliza el dildo incluido en la junta t\u00f3rica o usa otro seg\u00fan tus preferencias. Se incluye una segunda junta t\u00f3rica para adaptarse a muchos tama\u00f1os. El consolador de silicona premium es no poroso. L\u00edmpialo con jab\u00f3n suave y agua tibia despu\u00e9s del uso y evita su uso con lubricantes de silicona.<\/p>\n","protected":false},"excerpt":{"rendered":"<p>MISTRESS FEMDOM PEGGING KIT Muestra a tu hombre qui\u00e9n manda con un kit que incluye todo lo que necesitas para<\/p>\n","protected":false},"featured_media":55474,"comment_status":"open","ping_status":"open","template":"","meta":[],"product_cat":[287],"product_tag":[463,274],"class_list":["post-55473","product","type-product","status-publish","has-post-thumbnail","hentry","product_cat-extreme-bdsm","product_tag-master-series","product_tag-xr-brands"],"bundled_by":[],"bundle_stock_status":"instock","bundle_stock_quantity":2,"bundle_virtual":false,"bundle_layout":"","bundle_add_to_cart_form_location":"","bundle_editable_in_cart":false,"bundle_sold_individually_context":"","bundle_item_grouping":"","bundle_min_size":"","bundle_max_size":"","bundled_items":[],"yoast_head":"<!-- This site is optimized with the Yoast SEO plugin v20.6 - https:\/\/yoast.com\/wordpress\/plugins\/seo\/ -->\n<title>MISTRESS FEMDOM PEGGING KIT BDSM NEGRO - Tienda Er\u00f3tica<\/title>\n<meta name=\"robots\" content=\"noindex, follow, max-snippet:-1, max-image-preview:large, max-video-preview:-1\" \/>\n<meta property=\"og:locale\" content=\"es_ES\" \/>\n<meta property=\"og:type\" content=\"article\" \/>\n<meta property=\"og:title\" content=\"MISTRESS FEMDOM PEGGING KIT BDSM NEGRO - Tienda Er\u00f3tica\" \/>\n<meta property=\"og:description\" content=\"MISTRESS FEMDOM PEGGING KIT Muestra a tu hombre qui\u00e9n manda con un kit que incluye todo lo que necesitas para\" \/>\n<meta property=\"og:url\" content=\"https:\/\/demoweb.info\/sexshop001\/producto\/mistress-femdom-pegging-kit-bdsm-negro\/\" \/>\n<meta property=\"og:site_name\" content=\"Tienda Er\u00f3tica\" \/>\n<meta property=\"article:modified_time\" content=\"2022-01-22T16:02:52+00:00\" \/>\n<meta property=\"og:image\" content=\"https:\/\/demoweb.info\/sexshop001\/wp-content\/uploads\/2022\/01\/MISTRESS-FEMDOM-PEGGING-KIT-BDSM-NEGRO.jpg\" \/>\n\t<meta property=\"og:image:width\" content=\"550\" \/>\n\t<meta property=\"og:image:height\" content=\"550\" \/>\n\t<meta property=\"og:image:type\" content=\"image\/jpeg\" \/>\n<meta name=\"twitter:card\" content=\"summary_large_image\" \/>\n<meta name=\"twitter:label1\" content=\"Tiempo de lectura\" \/>\n\t<meta name=\"twitter:data1\" content=\"1 minuto\" \/>\n<script type=\"application\/ld+json\" class=\"yoast-schema-graph\">{\"@context\":\"https:\/\/schema.org\",\"@graph\":[{\"@type\":\"WebPage\",\"@id\":\"https:\/\/demoweb.info\/sexshop001\/producto\/mistress-femdom-pegging-kit-bdsm-negro\/\",\"url\":\"https:\/\/demoweb.info\/sexshop001\/producto\/mistress-femdom-pegging-kit-bdsm-negro\/\",\"name\":\"MISTRESS FEMDOM PEGGING KIT BDSM NEGRO - Tienda Er\u00f3tica\",\"isPartOf\":{\"@id\":\"https:\/\/demoweb.info\/sexshop001\/#website\"},\"datePublished\":\"2022-01-22T16:02:45+00:00\",\"dateModified\":\"2022-01-22T16:02:52+00:00\",\"breadcrumb\":{\"@id\":\"https:\/\/demoweb.info\/sexshop001\/producto\/mistress-femdom-pegging-kit-bdsm-negro\/#breadcrumb\"},\"inLanguage\":\"es\",\"potentialAction\":[{\"@type\":\"ReadAction\",\"target\":[\"https:\/\/demoweb.info\/sexshop001\/producto\/mistress-femdom-pegging-kit-bdsm-negro\/\"]}]},{\"@type\":\"BreadcrumbList\",\"@id\":\"https:\/\/demoweb.info\/sexshop001\/producto\/mistress-femdom-pegging-kit-bdsm-negro\/#breadcrumb\",\"itemListElement\":[{\"@type\":\"ListItem\",\"position\":1,\"name\":\"Portada\",\"item\":\"https:\/\/demoweb.info\/sexshop001\/\"},{\"@type\":\"ListItem\",\"position\":2,\"name\":\"Tienda\",\"item\":\"https:\/\/demoweb.info\/sexshop001\/tienda\/\"},{\"@type\":\"ListItem\",\"position\":3,\"name\":\"MISTRESS FEMDOM PEGGING KIT BDSM NEGRO\"}]},{\"@type\":\"WebSite\",\"@id\":\"https:\/\/demoweb.info\/sexshop001\/#website\",\"url\":\"https:\/\/demoweb.info\/sexshop001\/\",\"name\":\"Tienda Er\u00f3tica\",\"description\":\"DEMOWEB SL\",\"potentialAction\":[{\"@type\":\"SearchAction\",\"target\":{\"@type\":\"EntryPoint\",\"urlTemplate\":\"https:\/\/demoweb.info\/sexshop001\/?s={search_term_string}\"},\"query-input\":\"required name=search_term_string\"}],\"inLanguage\":\"es\"}]}<\/script>\n<!-- \/ Yoast SEO plugin. -->","yoast_head_json":{"title":"MISTRESS FEMDOM PEGGING KIT BDSM NEGRO - Tienda Er\u00f3tica","robots":{"index":"noindex","follow":"follow","max-snippet":"max-snippet:-1","max-image-preview":"max-image-preview:large","max-video-preview":"max-video-preview:-1"},"og_locale":"es_ES","og_type":"article","og_title":"MISTRESS FEMDOM PEGGING KIT BDSM NEGRO - Tienda Er\u00f3tica","og_description":"MISTRESS FEMDOM PEGGING KIT Muestra a tu hombre qui\u00e9n manda con un kit que incluye todo lo que necesitas para","og_url":"https:\/\/demoweb.info\/sexshop001\/producto\/mistress-femdom-pegging-kit-bdsm-negro\/","og_site_name":"Tienda Er\u00f3tica","article_modified_time":"2022-01-22T16:02:52+00:00","og_image":[{"width":550,"height":550,"url":"https:\/\/demoweb.info\/sexshop001\/wp-content\/uploads\/2022\/01\/MISTRESS-FEMDOM-PEGGING-KIT-BDSM-NEGRO.jpg","type":"image\/jpeg"}],"twitter_card":"summary_large_image","twitter_misc":{"Tiempo de lectura":"1 minuto"},"schema":{"@context":"https:\/\/schema.org","@graph":[{"@type":"WebPage","@id":"https:\/\/demoweb.info\/sexshop001\/producto\/mistress-femdom-pegging-kit-bdsm-negro\/","url":"https:\/\/demoweb.info\/sexshop001\/producto\/mistress-femdom-pegging-kit-bdsm-negro\/","name":"MISTRESS FEMDOM PEGGING KIT BDSM NEGRO - Tienda Er\u00f3tica","isPartOf":{"@id":"https:\/\/demoweb.info\/sexshop001\/#website"},"datePublished":"2022-01-22T16:02:45+00:00","dateModified":"2022-01-22T16:02:52+00:00","breadcrumb":{"@id":"https:\/\/demoweb.info\/sexshop001\/producto\/mistress-femdom-pegging-kit-bdsm-negro\/#breadcrumb"},"inLanguage":"es","potentialAction":[{"@type":"ReadAction","target":["https:\/\/demoweb.info\/sexshop001\/producto\/mistress-femdom-pegging-kit-bdsm-negro\/"]}]},{"@type":"BreadcrumbList","@id":"https:\/\/demoweb.info\/sexshop001\/producto\/mistress-femdom-pegging-kit-bdsm-negro\/#breadcrumb","itemListElement":[{"@type":"ListItem","position":1,"name":"Portada","item":"https:\/\/demoweb.info\/sexshop001\/"},{"@type":"ListItem","position":2,"name":"Tienda","item":"https:\/\/demoweb.info\/sexshop001\/tienda\/"},{"@type":"ListItem","position":3,"name":"MISTRESS FEMDOM PEGGING KIT BDSM NEGRO"}]},{"@type":"WebSite","@id":"https:\/\/demoweb.info\/sexshop001\/#website","url":"https:\/\/demoweb.info\/sexshop001\/","name":"Tienda Er\u00f3tica","description":"DEMOWEB SL","potentialAction":[{"@type":"SearchAction","target":{"@type":"EntryPoint","urlTemplate":"https:\/\/demoweb.info\/sexshop001\/?s={search_term_string}"},"query-input":"required name=search_term_string"}],"inLanguage":"es"}]}},"_links":{"self":[{"href":"https:\/\/demoweb.info\/sexshop001\/wp-json\/wp\/v3\/product\/55473","targetHints":{"allow":["GET"]}}],"collection":[{"href":"https:\/\/demoweb.info\/sexshop001\/wp-json\/wp\/v3\/product"}],"about":[{"href":"https:\/\/demoweb.info\/sexshop001\/wp-json\/wp\/v2\/types\/product"}],"replies":[{"embeddable":true,"href":"https:\/\/demoweb.info\/sexshop001\/wp-json\/wp\/v2\/comments?post=55473"}],"wp:featuredmedia":[{"embeddable":true,"href":"https:\/\/demoweb.info\/sexshop001\/wp-json\/wp\/v2\/media\/55474"}],"wp:attachment":[{"href":"https:\/\/demoweb.info\/sexshop001\/wp-json\/wp\/v2\/media?parent=55473"}],"wp:term":[{"taxonomy":"product_cat","embeddable":true,"href":"https:\/\/demoweb.info\/sexshop001\/wp-json\/wp\/v2\/product_cat?post=55473"},{"taxonomy":"product_tag","embeddable":true,"href":"https:\/\/demoweb.info\/sexshop001\/wp-json\/wp\/v2\/product_tag?post=55473"}],"curies":[{"name":"wp","href":"https:\/\/api.w.org\/{rel}","templated":true}]}}