{"id":55418,"date":"2022-01-22T17:02:11","date_gmt":"2022-01-22T16:02:11","guid":{"rendered":"https:\/\/demoweb.info\/sexshop001\/producto\/mascara-extreme-datex-con-boca\/"},"modified":"2022-01-22T17:02:17","modified_gmt":"2022-01-22T16:02:17","slug":"mascara-extreme-datex-con-boca","status":"publish","type":"product","link":"https:\/\/demoweb.info\/sexshop001\/producto\/mascara-extreme-datex-con-boca\/","title":{"rendered":"M\u00c1SCARA EXTREME DATEX CON BOCA"},"content":{"rendered":"<p><strong>DATEX HOOD MOUTH OPEN ONLY<\/strong><\/p>\n<p>Datex es un material de doble capa, que consiste en una capa de soporte de poli\u00e9ster \/ elastan el\u00e1stico con una capa superior de l\u00e1tex natural 100% clorado. Tiene el aspecto de goma, pero puede coserse y no es tan vulnerable como el caucho. Otra ventaja es que puede ponerse f\u00e1cilmente, sin la ayuda de polvos de talco o siliconas. Como se desliza con mayor facilidad sobre la piel, es un buen material para hacer capuchas.<\/p>\n<p>Las capuchas Datex de grado premium, bonitas y ajustadas de Mister B te dar\u00e1n una maravillosa sensaci\u00f3n confinada. Tu cabeza estar\u00e1 c\u00f3modamente encerrada en este material liso y liso de color negro, sin ser tan pesado y extremo como las capuchas de goma o cuero.<\/p>\n<p>Debido a que el material es muy el\u00e1stico, una talla sirve para todos.<\/p>\n<p>Disponible en varias combinaciones: completamente cerrado, con ojos solamente, con boca solamente, con ojos y boca y, por \u00faltimo, pero no menos importante: como una capucha de chivo expiatorio con boca grande abierta, ideal si eres un experto oral.<\/p>\n<p>Se puede lavar a m\u00e1quina a baja temperatura.<\/p>\n","protected":false},"excerpt":{"rendered":"<p>DATEX HOOD MOUTH OPEN ONLY Datex es un material de doble capa, que consiste en una capa de soporte de<\/p>\n","protected":false},"featured_media":55419,"comment_status":"open","ping_status":"open","template":"","meta":[],"product_cat":[287],"product_tag":[1382],"class_list":["post-55418","product","type-product","status-publish","has-post-thumbnail","hentry","product_cat-extreme-bdsm","product_tag-mister-b"],"bundled_by":[],"bundle_stock_status":"instock","bundle_stock_quantity":3,"bundle_virtual":false,"bundle_layout":"","bundle_add_to_cart_form_location":"","bundle_editable_in_cart":false,"bundle_sold_individually_context":"","bundle_item_grouping":"","bundle_min_size":"","bundle_max_size":"","bundled_items":[],"yoast_head":"<!-- This site is optimized with the Yoast SEO plugin v20.6 - https:\/\/yoast.com\/wordpress\/plugins\/seo\/ -->\n<title>M\u00c1SCARA EXTREME DATEX CON BOCA - Tienda Er\u00f3tica<\/title>\n<meta name=\"robots\" content=\"noindex, follow, max-snippet:-1, max-image-preview:large, max-video-preview:-1\" \/>\n<meta property=\"og:locale\" content=\"es_ES\" \/>\n<meta property=\"og:type\" content=\"article\" \/>\n<meta property=\"og:title\" content=\"M\u00c1SCARA EXTREME DATEX CON BOCA - Tienda Er\u00f3tica\" \/>\n<meta property=\"og:description\" content=\"DATEX HOOD MOUTH OPEN ONLY Datex es un material de doble capa, que consiste en una capa de soporte de\" \/>\n<meta property=\"og:url\" content=\"https:\/\/demoweb.info\/sexshop001\/producto\/mascara-extreme-datex-con-boca\/\" \/>\n<meta property=\"og:site_name\" content=\"Tienda Er\u00f3tica\" \/>\n<meta property=\"article:modified_time\" content=\"2022-01-22T16:02:17+00:00\" \/>\n<meta property=\"og:image\" content=\"https:\/\/demoweb.info\/sexshop001\/wp-content\/uploads\/2022\/01\/MASCARA-EXTREME-DATEX-CON-BOCA.jpg\" \/>\n\t<meta property=\"og:image:width\" content=\"550\" \/>\n\t<meta property=\"og:image:height\" content=\"550\" \/>\n\t<meta property=\"og:image:type\" content=\"image\/jpeg\" \/>\n<meta name=\"twitter:card\" content=\"summary_large_image\" \/>\n<meta name=\"twitter:label1\" content=\"Tiempo de lectura\" \/>\n\t<meta name=\"twitter:data1\" content=\"1 minuto\" \/>\n<script type=\"application\/ld+json\" class=\"yoast-schema-graph\">{\"@context\":\"https:\/\/schema.org\",\"@graph\":[{\"@type\":\"WebPage\",\"@id\":\"https:\/\/demoweb.info\/sexshop001\/producto\/mascara-extreme-datex-con-boca\/\",\"url\":\"https:\/\/demoweb.info\/sexshop001\/producto\/mascara-extreme-datex-con-boca\/\",\"name\":\"M\u00c1SCARA EXTREME DATEX CON BOCA - Tienda Er\u00f3tica\",\"isPartOf\":{\"@id\":\"https:\/\/demoweb.info\/sexshop001\/#website\"},\"datePublished\":\"2022-01-22T16:02:11+00:00\",\"dateModified\":\"2022-01-22T16:02:17+00:00\",\"breadcrumb\":{\"@id\":\"https:\/\/demoweb.info\/sexshop001\/producto\/mascara-extreme-datex-con-boca\/#breadcrumb\"},\"inLanguage\":\"es\",\"potentialAction\":[{\"@type\":\"ReadAction\",\"target\":[\"https:\/\/demoweb.info\/sexshop001\/producto\/mascara-extreme-datex-con-boca\/\"]}]},{\"@type\":\"BreadcrumbList\",\"@id\":\"https:\/\/demoweb.info\/sexshop001\/producto\/mascara-extreme-datex-con-boca\/#breadcrumb\",\"itemListElement\":[{\"@type\":\"ListItem\",\"position\":1,\"name\":\"Portada\",\"item\":\"https:\/\/demoweb.info\/sexshop001\/\"},{\"@type\":\"ListItem\",\"position\":2,\"name\":\"Tienda\",\"item\":\"https:\/\/demoweb.info\/sexshop001\/tienda\/\"},{\"@type\":\"ListItem\",\"position\":3,\"name\":\"M\u00c1SCARA EXTREME DATEX CON BOCA\"}]},{\"@type\":\"WebSite\",\"@id\":\"https:\/\/demoweb.info\/sexshop001\/#website\",\"url\":\"https:\/\/demoweb.info\/sexshop001\/\",\"name\":\"Tienda Er\u00f3tica\",\"description\":\"DEMOWEB SL\",\"potentialAction\":[{\"@type\":\"SearchAction\",\"target\":{\"@type\":\"EntryPoint\",\"urlTemplate\":\"https:\/\/demoweb.info\/sexshop001\/?s={search_term_string}\"},\"query-input\":\"required name=search_term_string\"}],\"inLanguage\":\"es\"}]}<\/script>\n<!-- \/ Yoast SEO plugin. -->","yoast_head_json":{"title":"M\u00c1SCARA EXTREME DATEX CON BOCA - Tienda Er\u00f3tica","robots":{"index":"noindex","follow":"follow","max-snippet":"max-snippet:-1","max-image-preview":"max-image-preview:large","max-video-preview":"max-video-preview:-1"},"og_locale":"es_ES","og_type":"article","og_title":"M\u00c1SCARA EXTREME DATEX CON BOCA - Tienda Er\u00f3tica","og_description":"DATEX HOOD MOUTH OPEN ONLY Datex es un material de doble capa, que consiste en una capa de soporte de","og_url":"https:\/\/demoweb.info\/sexshop001\/producto\/mascara-extreme-datex-con-boca\/","og_site_name":"Tienda Er\u00f3tica","article_modified_time":"2022-01-22T16:02:17+00:00","og_image":[{"width":550,"height":550,"url":"https:\/\/demoweb.info\/sexshop001\/wp-content\/uploads\/2022\/01\/MASCARA-EXTREME-DATEX-CON-BOCA.jpg","type":"image\/jpeg"}],"twitter_card":"summary_large_image","twitter_misc":{"Tiempo de lectura":"1 minuto"},"schema":{"@context":"https:\/\/schema.org","@graph":[{"@type":"WebPage","@id":"https:\/\/demoweb.info\/sexshop001\/producto\/mascara-extreme-datex-con-boca\/","url":"https:\/\/demoweb.info\/sexshop001\/producto\/mascara-extreme-datex-con-boca\/","name":"M\u00c1SCARA EXTREME DATEX CON BOCA - Tienda Er\u00f3tica","isPartOf":{"@id":"https:\/\/demoweb.info\/sexshop001\/#website"},"datePublished":"2022-01-22T16:02:11+00:00","dateModified":"2022-01-22T16:02:17+00:00","breadcrumb":{"@id":"https:\/\/demoweb.info\/sexshop001\/producto\/mascara-extreme-datex-con-boca\/#breadcrumb"},"inLanguage":"es","potentialAction":[{"@type":"ReadAction","target":["https:\/\/demoweb.info\/sexshop001\/producto\/mascara-extreme-datex-con-boca\/"]}]},{"@type":"BreadcrumbList","@id":"https:\/\/demoweb.info\/sexshop001\/producto\/mascara-extreme-datex-con-boca\/#breadcrumb","itemListElement":[{"@type":"ListItem","position":1,"name":"Portada","item":"https:\/\/demoweb.info\/sexshop001\/"},{"@type":"ListItem","position":2,"name":"Tienda","item":"https:\/\/demoweb.info\/sexshop001\/tienda\/"},{"@type":"ListItem","position":3,"name":"M\u00c1SCARA EXTREME DATEX CON BOCA"}]},{"@type":"WebSite","@id":"https:\/\/demoweb.info\/sexshop001\/#website","url":"https:\/\/demoweb.info\/sexshop001\/","name":"Tienda Er\u00f3tica","description":"DEMOWEB SL","potentialAction":[{"@type":"SearchAction","target":{"@type":"EntryPoint","urlTemplate":"https:\/\/demoweb.info\/sexshop001\/?s={search_term_string}"},"query-input":"required name=search_term_string"}],"inLanguage":"es"}]}},"_links":{"self":[{"href":"https:\/\/demoweb.info\/sexshop001\/wp-json\/wp\/v3\/product\/55418","targetHints":{"allow":["GET"]}}],"collection":[{"href":"https:\/\/demoweb.info\/sexshop001\/wp-json\/wp\/v3\/product"}],"about":[{"href":"https:\/\/demoweb.info\/sexshop001\/wp-json\/wp\/v2\/types\/product"}],"replies":[{"embeddable":true,"href":"https:\/\/demoweb.info\/sexshop001\/wp-json\/wp\/v2\/comments?post=55418"}],"wp:featuredmedia":[{"embeddable":true,"href":"https:\/\/demoweb.info\/sexshop001\/wp-json\/wp\/v2\/media\/55419"}],"wp:attachment":[{"href":"https:\/\/demoweb.info\/sexshop001\/wp-json\/wp\/v2\/media?parent=55418"}],"wp:term":[{"taxonomy":"product_cat","embeddable":true,"href":"https:\/\/demoweb.info\/sexshop001\/wp-json\/wp\/v2\/product_cat?post=55418"},{"taxonomy":"product_tag","embeddable":true,"href":"https:\/\/demoweb.info\/sexshop001\/wp-json\/wp\/v2\/product_tag?post=55418"}],"curies":[{"name":"wp","href":"https:\/\/api.w.org\/{rel}","templated":true}]}}