{"id":55398,"date":"2022-01-22T17:02:01","date_gmt":"2022-01-22T16:02:01","guid":{"rendered":"https:\/\/demoweb.info\/sexshop001\/producto\/dark-crystal-patryk-dildo-negro\/"},"modified":"2022-01-22T17:02:06","modified_gmt":"2022-01-22T16:02:06","slug":"dark-crystal-patryk-dildo-negro","status":"publish","type":"product","link":"https:\/\/demoweb.info\/sexshop001\/producto\/dark-crystal-patryk-dildo-negro\/","title":{"rendered":"DARK CRYSTAL PATRYK DILDO &#8211; NEGRO"},"content":{"rendered":"<p><strong>DARK CRYSTAL PATRYK DILDO<\/strong><\/p>\n<p>Ya est\u00e1 disponible la nueva colecci\u00f3n de de consoladores y plugs Dark Crystal, exclusiva de Mister B.<\/p>\n<p>Hecho de suave vinilo suave sin ftalatos, estos juguetes son seguros de usar con cualquier lubricante, ya sea de base de agua, silicona o aceite<\/p>\n<p>Patryk y Marcin son los dos enormes whoppers en esta colecci\u00f3n Dark Crystals con una forma de pene m\u00e1s cl\u00e1sica. Est\u00e1n dise\u00f1ados para llenarte por completo, pero te recomendamos revisar los tama\u00f1os antes de pedirlos y aseg\u00farate de que puedas (casi) manejar el enorme di\u00e1metro.<\/p>\n<p>Disponible en dos colores diferentes: negro brillante y cristal transparente.<\/p>\n<p>Ten en cuenta que los m\u00e1s n\u00edtidos se decolorar\u00e1n con el tiempo, un proceso que puede ralentizarse almacenando enel producto en lugar oscuro y seco.<\/p>\n<p>Medidas:<\/p>\n<p>Patryk: Altura 25 cm, Di\u00e1metro 70 mm<\/p>\n","protected":false},"excerpt":{"rendered":"<p>DARK CRYSTAL PATRYK DILDO Ya est\u00e1 disponible la nueva colecci\u00f3n de de consoladores y plugs Dark Crystal, exclusiva de Mister<\/p>\n","protected":false},"featured_media":55399,"comment_status":"open","ping_status":"open","template":"","meta":[],"product_cat":[915],"product_tag":[1554,1382],"class_list":["post-55398","product","type-product","status-publish","has-post-thumbnail","hentry","product_cat-anales-penes","product_tag-dark-crystal","product_tag-mister-b"],"bundled_by":[],"bundle_stock_status":"instock","bundle_stock_quantity":1,"bundle_virtual":false,"bundle_layout":"","bundle_add_to_cart_form_location":"","bundle_editable_in_cart":false,"bundle_sold_individually_context":"","bundle_item_grouping":"","bundle_min_size":"","bundle_max_size":"","bundled_items":[],"yoast_head":"<!-- This site is optimized with the Yoast SEO plugin v20.6 - https:\/\/yoast.com\/wordpress\/plugins\/seo\/ -->\n<title>DARK CRYSTAL PATRYK DILDO - NEGRO - Tienda Er\u00f3tica<\/title>\n<meta name=\"robots\" content=\"noindex, follow, max-snippet:-1, max-image-preview:large, max-video-preview:-1\" \/>\n<meta property=\"og:locale\" content=\"es_ES\" \/>\n<meta property=\"og:type\" content=\"article\" \/>\n<meta property=\"og:title\" content=\"DARK CRYSTAL PATRYK DILDO - NEGRO - Tienda Er\u00f3tica\" \/>\n<meta property=\"og:description\" content=\"DARK CRYSTAL PATRYK DILDO Ya est\u00e1 disponible la nueva colecci\u00f3n de de consoladores y plugs Dark Crystal, exclusiva de Mister\" \/>\n<meta property=\"og:url\" content=\"https:\/\/demoweb.info\/sexshop001\/producto\/dark-crystal-patryk-dildo-negro\/\" \/>\n<meta property=\"og:site_name\" content=\"Tienda Er\u00f3tica\" \/>\n<meta property=\"article:modified_time\" content=\"2022-01-22T16:02:06+00:00\" \/>\n<meta property=\"og:image\" content=\"https:\/\/demoweb.info\/sexshop001\/wp-content\/uploads\/2022\/01\/DARK-CRYSTAL-PATRYK-DILDO-NEGRO.jpg\" \/>\n\t<meta property=\"og:image:width\" content=\"550\" \/>\n\t<meta property=\"og:image:height\" content=\"550\" \/>\n\t<meta property=\"og:image:type\" content=\"image\/jpeg\" \/>\n<meta name=\"twitter:card\" content=\"summary_large_image\" \/>\n<meta name=\"twitter:label1\" content=\"Tiempo de lectura\" \/>\n\t<meta name=\"twitter:data1\" content=\"1 minuto\" \/>\n<script type=\"application\/ld+json\" class=\"yoast-schema-graph\">{\"@context\":\"https:\/\/schema.org\",\"@graph\":[{\"@type\":\"WebPage\",\"@id\":\"https:\/\/demoweb.info\/sexshop001\/producto\/dark-crystal-patryk-dildo-negro\/\",\"url\":\"https:\/\/demoweb.info\/sexshop001\/producto\/dark-crystal-patryk-dildo-negro\/\",\"name\":\"DARK CRYSTAL PATRYK DILDO - NEGRO - Tienda Er\u00f3tica\",\"isPartOf\":{\"@id\":\"https:\/\/demoweb.info\/sexshop001\/#website\"},\"datePublished\":\"2022-01-22T16:02:01+00:00\",\"dateModified\":\"2022-01-22T16:02:06+00:00\",\"breadcrumb\":{\"@id\":\"https:\/\/demoweb.info\/sexshop001\/producto\/dark-crystal-patryk-dildo-negro\/#breadcrumb\"},\"inLanguage\":\"es\",\"potentialAction\":[{\"@type\":\"ReadAction\",\"target\":[\"https:\/\/demoweb.info\/sexshop001\/producto\/dark-crystal-patryk-dildo-negro\/\"]}]},{\"@type\":\"BreadcrumbList\",\"@id\":\"https:\/\/demoweb.info\/sexshop001\/producto\/dark-crystal-patryk-dildo-negro\/#breadcrumb\",\"itemListElement\":[{\"@type\":\"ListItem\",\"position\":1,\"name\":\"Portada\",\"item\":\"https:\/\/demoweb.info\/sexshop001\/\"},{\"@type\":\"ListItem\",\"position\":2,\"name\":\"Tienda\",\"item\":\"https:\/\/demoweb.info\/sexshop001\/tienda\/\"},{\"@type\":\"ListItem\",\"position\":3,\"name\":\"DARK CRYSTAL PATRYK DILDO &#8211; NEGRO\"}]},{\"@type\":\"WebSite\",\"@id\":\"https:\/\/demoweb.info\/sexshop001\/#website\",\"url\":\"https:\/\/demoweb.info\/sexshop001\/\",\"name\":\"Tienda Er\u00f3tica\",\"description\":\"DEMOWEB SL\",\"potentialAction\":[{\"@type\":\"SearchAction\",\"target\":{\"@type\":\"EntryPoint\",\"urlTemplate\":\"https:\/\/demoweb.info\/sexshop001\/?s={search_term_string}\"},\"query-input\":\"required name=search_term_string\"}],\"inLanguage\":\"es\"}]}<\/script>\n<!-- \/ Yoast SEO plugin. -->","yoast_head_json":{"title":"DARK CRYSTAL PATRYK DILDO - NEGRO - Tienda Er\u00f3tica","robots":{"index":"noindex","follow":"follow","max-snippet":"max-snippet:-1","max-image-preview":"max-image-preview:large","max-video-preview":"max-video-preview:-1"},"og_locale":"es_ES","og_type":"article","og_title":"DARK CRYSTAL PATRYK DILDO - NEGRO - Tienda Er\u00f3tica","og_description":"DARK CRYSTAL PATRYK DILDO Ya est\u00e1 disponible la nueva colecci\u00f3n de de consoladores y plugs Dark Crystal, exclusiva de Mister","og_url":"https:\/\/demoweb.info\/sexshop001\/producto\/dark-crystal-patryk-dildo-negro\/","og_site_name":"Tienda Er\u00f3tica","article_modified_time":"2022-01-22T16:02:06+00:00","og_image":[{"width":550,"height":550,"url":"https:\/\/demoweb.info\/sexshop001\/wp-content\/uploads\/2022\/01\/DARK-CRYSTAL-PATRYK-DILDO-NEGRO.jpg","type":"image\/jpeg"}],"twitter_card":"summary_large_image","twitter_misc":{"Tiempo de lectura":"1 minuto"},"schema":{"@context":"https:\/\/schema.org","@graph":[{"@type":"WebPage","@id":"https:\/\/demoweb.info\/sexshop001\/producto\/dark-crystal-patryk-dildo-negro\/","url":"https:\/\/demoweb.info\/sexshop001\/producto\/dark-crystal-patryk-dildo-negro\/","name":"DARK CRYSTAL PATRYK DILDO - NEGRO - Tienda Er\u00f3tica","isPartOf":{"@id":"https:\/\/demoweb.info\/sexshop001\/#website"},"datePublished":"2022-01-22T16:02:01+00:00","dateModified":"2022-01-22T16:02:06+00:00","breadcrumb":{"@id":"https:\/\/demoweb.info\/sexshop001\/producto\/dark-crystal-patryk-dildo-negro\/#breadcrumb"},"inLanguage":"es","potentialAction":[{"@type":"ReadAction","target":["https:\/\/demoweb.info\/sexshop001\/producto\/dark-crystal-patryk-dildo-negro\/"]}]},{"@type":"BreadcrumbList","@id":"https:\/\/demoweb.info\/sexshop001\/producto\/dark-crystal-patryk-dildo-negro\/#breadcrumb","itemListElement":[{"@type":"ListItem","position":1,"name":"Portada","item":"https:\/\/demoweb.info\/sexshop001\/"},{"@type":"ListItem","position":2,"name":"Tienda","item":"https:\/\/demoweb.info\/sexshop001\/tienda\/"},{"@type":"ListItem","position":3,"name":"DARK CRYSTAL PATRYK DILDO &#8211; NEGRO"}]},{"@type":"WebSite","@id":"https:\/\/demoweb.info\/sexshop001\/#website","url":"https:\/\/demoweb.info\/sexshop001\/","name":"Tienda Er\u00f3tica","description":"DEMOWEB SL","potentialAction":[{"@type":"SearchAction","target":{"@type":"EntryPoint","urlTemplate":"https:\/\/demoweb.info\/sexshop001\/?s={search_term_string}"},"query-input":"required name=search_term_string"}],"inLanguage":"es"}]}},"_links":{"self":[{"href":"https:\/\/demoweb.info\/sexshop001\/wp-json\/wp\/v3\/product\/55398","targetHints":{"allow":["GET"]}}],"collection":[{"href":"https:\/\/demoweb.info\/sexshop001\/wp-json\/wp\/v3\/product"}],"about":[{"href":"https:\/\/demoweb.info\/sexshop001\/wp-json\/wp\/v2\/types\/product"}],"replies":[{"embeddable":true,"href":"https:\/\/demoweb.info\/sexshop001\/wp-json\/wp\/v2\/comments?post=55398"}],"wp:featuredmedia":[{"embeddable":true,"href":"https:\/\/demoweb.info\/sexshop001\/wp-json\/wp\/v2\/media\/55399"}],"wp:attachment":[{"href":"https:\/\/demoweb.info\/sexshop001\/wp-json\/wp\/v2\/media?parent=55398"}],"wp:term":[{"taxonomy":"product_cat","embeddable":true,"href":"https:\/\/demoweb.info\/sexshop001\/wp-json\/wp\/v2\/product_cat?post=55398"},{"taxonomy":"product_tag","embeddable":true,"href":"https:\/\/demoweb.info\/sexshop001\/wp-json\/wp\/v2\/product_tag?post=55398"}],"curies":[{"name":"wp","href":"https:\/\/api.w.org\/{rel}","templated":true}]}}