{"id":55396,"date":"2022-01-22T17:02:01","date_gmt":"2022-01-22T16:02:01","guid":{"rendered":"https:\/\/demoweb.info\/sexshop001\/producto\/dark-crystal-wojtek-butt-plug-negro\/"},"modified":"2022-01-22T17:02:05","modified_gmt":"2022-01-22T16:02:05","slug":"dark-crystal-wojtek-butt-plug-negro","status":"publish","type":"product","link":"https:\/\/demoweb.info\/sexshop001\/producto\/dark-crystal-wojtek-butt-plug-negro\/","title":{"rendered":"DARK CRYSTAL WOJTEK BUTT PLUG &#8211; NEGRO"},"content":{"rendered":"<p><strong>DARK CRYSTAL WOJTEK BUTT PLUG  <\/strong><\/p>\n<p>Ya est\u00e1 disponible la nueva colecci\u00f3n de de consoladores y plugs Dark Crystal, exclusiva de Mister B.<\/p>\n<p>Hecho de suave vinilo suave sin ftalatos, estos juguetes son seguros de usar con cualquier lubricante, ya sea de base de agua, silicona o aceite<\/p>\n<p>Mick es de los primeros de la colecci\u00f3n Dark Crystals, muy popular y tras recibir muchas solicitudes de versiones m\u00e1s grandes y especialmente m\u00e1s largas, se agreg\u00f3 a Magda y Wojtek a la colecci\u00f3n. Tienen el mismo dise\u00f1o que Mick, con doble abultamiento. Una vez que hayas pasado la parte m\u00e1s gruesa, tu m\u00fasculo esf\u00ednter mantendr\u00e1 estos plugs firmemente en su lugar dentro de ti.<\/p>\n<p>Disponible en dos colores diferentes: negro brillante y cristal transparente.<\/p>\n<p>Ten en cuenta que los m\u00e1s n\u00edtidos se decolorar\u00e1n con el tiempo, un proceso que puede ralentizarse almacenando enel producto en lugar oscuro y seco.<\/p>\n<p>Medidas:<\/p>\n<p>Wojtek (extra largo): Altura 21 cm, Di\u00e1metro 73 mm<\/p>\n","protected":false},"excerpt":{"rendered":"<p>DARK CRYSTAL WOJTEK BUTT PLUG Ya est\u00e1 disponible la nueva colecci\u00f3n de de consoladores y plugs Dark Crystal, exclusiva de<\/p>\n","protected":false},"featured_media":55397,"comment_status":"open","ping_status":"open","template":"","meta":[],"product_cat":[467],"product_tag":[1554,1382],"class_list":["post-55396","product","type-product","status-publish","has-post-thumbnail","hentry","product_cat-desafios","product_tag-dark-crystal","product_tag-mister-b"],"bundled_by":[],"bundle_stock_status":"instock","bundle_stock_quantity":1,"bundle_virtual":false,"bundle_layout":"","bundle_add_to_cart_form_location":"","bundle_editable_in_cart":false,"bundle_sold_individually_context":"","bundle_item_grouping":"","bundle_min_size":"","bundle_max_size":"","bundled_items":[],"yoast_head":"<!-- This site is optimized with the Yoast SEO plugin v20.6 - https:\/\/yoast.com\/wordpress\/plugins\/seo\/ -->\n<title>DARK CRYSTAL WOJTEK BUTT PLUG - NEGRO - Tienda Er\u00f3tica<\/title>\n<meta name=\"robots\" content=\"noindex, follow, max-snippet:-1, max-image-preview:large, max-video-preview:-1\" \/>\n<meta property=\"og:locale\" content=\"es_ES\" \/>\n<meta property=\"og:type\" content=\"article\" \/>\n<meta property=\"og:title\" content=\"DARK CRYSTAL WOJTEK BUTT PLUG - NEGRO - Tienda Er\u00f3tica\" \/>\n<meta property=\"og:description\" content=\"DARK CRYSTAL WOJTEK BUTT PLUG Ya est\u00e1 disponible la nueva colecci\u00f3n de de consoladores y plugs Dark Crystal, exclusiva de\" \/>\n<meta property=\"og:url\" content=\"https:\/\/demoweb.info\/sexshop001\/producto\/dark-crystal-wojtek-butt-plug-negro\/\" \/>\n<meta property=\"og:site_name\" content=\"Tienda Er\u00f3tica\" \/>\n<meta property=\"article:modified_time\" content=\"2022-01-22T16:02:05+00:00\" \/>\n<meta property=\"og:image\" content=\"https:\/\/demoweb.info\/sexshop001\/wp-content\/uploads\/2022\/01\/DARK-CRYSTAL-WOJTEK-BUTT-PLUG-NEGRO.jpg\" \/>\n\t<meta property=\"og:image:width\" content=\"550\" \/>\n\t<meta property=\"og:image:height\" content=\"550\" \/>\n\t<meta property=\"og:image:type\" content=\"image\/jpeg\" \/>\n<meta name=\"twitter:card\" content=\"summary_large_image\" \/>\n<meta name=\"twitter:label1\" content=\"Tiempo de lectura\" \/>\n\t<meta name=\"twitter:data1\" content=\"1 minuto\" \/>\n<script type=\"application\/ld+json\" class=\"yoast-schema-graph\">{\"@context\":\"https:\/\/schema.org\",\"@graph\":[{\"@type\":\"WebPage\",\"@id\":\"https:\/\/demoweb.info\/sexshop001\/producto\/dark-crystal-wojtek-butt-plug-negro\/\",\"url\":\"https:\/\/demoweb.info\/sexshop001\/producto\/dark-crystal-wojtek-butt-plug-negro\/\",\"name\":\"DARK CRYSTAL WOJTEK BUTT PLUG - NEGRO - Tienda Er\u00f3tica\",\"isPartOf\":{\"@id\":\"https:\/\/demoweb.info\/sexshop001\/#website\"},\"datePublished\":\"2022-01-22T16:02:01+00:00\",\"dateModified\":\"2022-01-22T16:02:05+00:00\",\"breadcrumb\":{\"@id\":\"https:\/\/demoweb.info\/sexshop001\/producto\/dark-crystal-wojtek-butt-plug-negro\/#breadcrumb\"},\"inLanguage\":\"es\",\"potentialAction\":[{\"@type\":\"ReadAction\",\"target\":[\"https:\/\/demoweb.info\/sexshop001\/producto\/dark-crystal-wojtek-butt-plug-negro\/\"]}]},{\"@type\":\"BreadcrumbList\",\"@id\":\"https:\/\/demoweb.info\/sexshop001\/producto\/dark-crystal-wojtek-butt-plug-negro\/#breadcrumb\",\"itemListElement\":[{\"@type\":\"ListItem\",\"position\":1,\"name\":\"Portada\",\"item\":\"https:\/\/demoweb.info\/sexshop001\/\"},{\"@type\":\"ListItem\",\"position\":2,\"name\":\"Tienda\",\"item\":\"https:\/\/demoweb.info\/sexshop001\/tienda\/\"},{\"@type\":\"ListItem\",\"position\":3,\"name\":\"DARK CRYSTAL WOJTEK BUTT PLUG &#8211; NEGRO\"}]},{\"@type\":\"WebSite\",\"@id\":\"https:\/\/demoweb.info\/sexshop001\/#website\",\"url\":\"https:\/\/demoweb.info\/sexshop001\/\",\"name\":\"Tienda Er\u00f3tica\",\"description\":\"DEMOWEB SL\",\"potentialAction\":[{\"@type\":\"SearchAction\",\"target\":{\"@type\":\"EntryPoint\",\"urlTemplate\":\"https:\/\/demoweb.info\/sexshop001\/?s={search_term_string}\"},\"query-input\":\"required name=search_term_string\"}],\"inLanguage\":\"es\"}]}<\/script>\n<!-- \/ Yoast SEO plugin. -->","yoast_head_json":{"title":"DARK CRYSTAL WOJTEK BUTT PLUG - NEGRO - Tienda Er\u00f3tica","robots":{"index":"noindex","follow":"follow","max-snippet":"max-snippet:-1","max-image-preview":"max-image-preview:large","max-video-preview":"max-video-preview:-1"},"og_locale":"es_ES","og_type":"article","og_title":"DARK CRYSTAL WOJTEK BUTT PLUG - NEGRO - Tienda Er\u00f3tica","og_description":"DARK CRYSTAL WOJTEK BUTT PLUG Ya est\u00e1 disponible la nueva colecci\u00f3n de de consoladores y plugs Dark Crystal, exclusiva de","og_url":"https:\/\/demoweb.info\/sexshop001\/producto\/dark-crystal-wojtek-butt-plug-negro\/","og_site_name":"Tienda Er\u00f3tica","article_modified_time":"2022-01-22T16:02:05+00:00","og_image":[{"width":550,"height":550,"url":"https:\/\/demoweb.info\/sexshop001\/wp-content\/uploads\/2022\/01\/DARK-CRYSTAL-WOJTEK-BUTT-PLUG-NEGRO.jpg","type":"image\/jpeg"}],"twitter_card":"summary_large_image","twitter_misc":{"Tiempo de lectura":"1 minuto"},"schema":{"@context":"https:\/\/schema.org","@graph":[{"@type":"WebPage","@id":"https:\/\/demoweb.info\/sexshop001\/producto\/dark-crystal-wojtek-butt-plug-negro\/","url":"https:\/\/demoweb.info\/sexshop001\/producto\/dark-crystal-wojtek-butt-plug-negro\/","name":"DARK CRYSTAL WOJTEK BUTT PLUG - NEGRO - Tienda Er\u00f3tica","isPartOf":{"@id":"https:\/\/demoweb.info\/sexshop001\/#website"},"datePublished":"2022-01-22T16:02:01+00:00","dateModified":"2022-01-22T16:02:05+00:00","breadcrumb":{"@id":"https:\/\/demoweb.info\/sexshop001\/producto\/dark-crystal-wojtek-butt-plug-negro\/#breadcrumb"},"inLanguage":"es","potentialAction":[{"@type":"ReadAction","target":["https:\/\/demoweb.info\/sexshop001\/producto\/dark-crystal-wojtek-butt-plug-negro\/"]}]},{"@type":"BreadcrumbList","@id":"https:\/\/demoweb.info\/sexshop001\/producto\/dark-crystal-wojtek-butt-plug-negro\/#breadcrumb","itemListElement":[{"@type":"ListItem","position":1,"name":"Portada","item":"https:\/\/demoweb.info\/sexshop001\/"},{"@type":"ListItem","position":2,"name":"Tienda","item":"https:\/\/demoweb.info\/sexshop001\/tienda\/"},{"@type":"ListItem","position":3,"name":"DARK CRYSTAL WOJTEK BUTT PLUG &#8211; NEGRO"}]},{"@type":"WebSite","@id":"https:\/\/demoweb.info\/sexshop001\/#website","url":"https:\/\/demoweb.info\/sexshop001\/","name":"Tienda Er\u00f3tica","description":"DEMOWEB SL","potentialAction":[{"@type":"SearchAction","target":{"@type":"EntryPoint","urlTemplate":"https:\/\/demoweb.info\/sexshop001\/?s={search_term_string}"},"query-input":"required name=search_term_string"}],"inLanguage":"es"}]}},"_links":{"self":[{"href":"https:\/\/demoweb.info\/sexshop001\/wp-json\/wp\/v3\/product\/55396","targetHints":{"allow":["GET"]}}],"collection":[{"href":"https:\/\/demoweb.info\/sexshop001\/wp-json\/wp\/v3\/product"}],"about":[{"href":"https:\/\/demoweb.info\/sexshop001\/wp-json\/wp\/v2\/types\/product"}],"replies":[{"embeddable":true,"href":"https:\/\/demoweb.info\/sexshop001\/wp-json\/wp\/v2\/comments?post=55396"}],"wp:featuredmedia":[{"embeddable":true,"href":"https:\/\/demoweb.info\/sexshop001\/wp-json\/wp\/v2\/media\/55397"}],"wp:attachment":[{"href":"https:\/\/demoweb.info\/sexshop001\/wp-json\/wp\/v2\/media?parent=55396"}],"wp:term":[{"taxonomy":"product_cat","embeddable":true,"href":"https:\/\/demoweb.info\/sexshop001\/wp-json\/wp\/v2\/product_cat?post=55396"},{"taxonomy":"product_tag","embeddable":true,"href":"https:\/\/demoweb.info\/sexshop001\/wp-json\/wp\/v2\/product_tag?post=55396"}],"curies":[{"name":"wp","href":"https:\/\/api.w.org\/{rel}","templated":true}]}}