{"id":55229,"date":"2022-01-22T17:00:16","date_gmt":"2022-01-22T16:00:16","guid":{"rendered":"https:\/\/demoweb.info\/sexshop001\/producto\/sidney-experiencia-romantica-4-pcs\/"},"modified":"2022-01-22T17:00:16","modified_gmt":"2022-01-22T16:00:16","slug":"sidney-experiencia-romantica-4-pcs","status":"publish","type":"product","link":"https:\/\/demoweb.info\/sexshop001\/producto\/sidney-experiencia-romantica-4-pcs\/","title":{"rendered":"SIDNEY &#8211; EXPERIENCIA ROM\u00c1NTICA 4 PCS"},"content":{"rendered":"<p>Set de Conjunto con tanga a juego + Pluma + P\u00e9talos<\/p>\n<p>1 &#8211; Conjunto negro con tanga a juego<\/p>\n<ul>\n<li>Cierre trasero: Clip<\/li>\n<li>Cierre delantero: Ballenas met\u00e1licas de acero inoxidable en la parte frontal Con corchetes<\/li>\n<li>Cuello: De pico<\/li>\n<li>Con copa<\/li>\n<li>Con aros<\/li>\n<li>Tipo de corte: Medio (Hasta gl\u00fateos)<\/li>\n<li>Tirantes que se ajustan en la nuca<\/li>\n<li>Tela: Raso<\/li>\n<li>Detalles: Flecos<\/li>\n<li>Tanga color negro incluido<\/li>\n<\/ul>\n<p>2 &#8211; Pluma de estimulaci\u00f3n cuerpo a cuerpo. Estimula a tu pareja pasando la pluma por su espalda mientras le das un apasionado masaje, sentir\u00e1 sensaciones placenteras y escalofriantes.<\/p>\n<p>3 &#8211; P\u00e9talos del amor, desarrolla tu imaginaci\u00f3n con 200 p\u00e9talos rojos de seda.<\/p>\n<ul>\n<li>Dibuja corazones sobre la cama o el suelo<\/li>\n<li>Escribe tu nombre y el de tu pareja<\/li>\n<li>Escribe  te quiero sobre una cama o el suelo<\/li>\n<li>Comb\u00ednalo con velas arom\u00e1ticas sobre una mesa.<\/li>\n<\/ul>\n","protected":false},"excerpt":{"rendered":"<p>Set de Conjunto con tanga a juego + Pluma + P\u00e9talos 1 &#8211; Conjunto negro con tanga a juego Cierre<\/p>\n","protected":false},"featured_media":55230,"comment_status":"open","ping_status":"open","template":"","meta":[],"product_cat":[349],"product_tag":[1249],"class_list":["post-55229","product","type-product","status-publish","has-post-thumbnail","hentry","product_cat-conjuntos-lenceria","product_tag-caramel-nuit"],"bundled_by":[],"bundle_stock_status":"outofstock","bundle_stock_quantity":0,"bundle_virtual":false,"bundle_layout":"","bundle_add_to_cart_form_location":"","bundle_editable_in_cart":false,"bundle_sold_individually_context":"","bundle_item_grouping":"","bundle_min_size":"","bundle_max_size":"","bundled_items":[],"yoast_head":"<!-- This site is optimized with the Yoast SEO plugin v20.6 - https:\/\/yoast.com\/wordpress\/plugins\/seo\/ -->\n<title>SIDNEY - EXPERIENCIA ROM\u00c1NTICA 4 PCS - Tienda Er\u00f3tica<\/title>\n<meta name=\"robots\" content=\"noindex, follow, max-snippet:-1, max-image-preview:large, max-video-preview:-1\" \/>\n<meta property=\"og:locale\" content=\"es_ES\" \/>\n<meta property=\"og:type\" content=\"article\" \/>\n<meta property=\"og:title\" content=\"SIDNEY - EXPERIENCIA ROM\u00c1NTICA 4 PCS - Tienda Er\u00f3tica\" \/>\n<meta property=\"og:description\" content=\"Set de Conjunto con tanga a juego + Pluma + P\u00e9talos 1 &#8211; Conjunto negro con tanga a juego Cierre\" \/>\n<meta property=\"og:url\" content=\"https:\/\/demoweb.info\/sexshop001\/producto\/sidney-experiencia-romantica-4-pcs\/\" \/>\n<meta property=\"og:site_name\" content=\"Tienda Er\u00f3tica\" \/>\n<meta property=\"og:image\" content=\"https:\/\/demoweb.info\/sexshop001\/wp-content\/uploads\/2022\/01\/SIDNEY-EXPERIENCIA-ROMANTICA-4-PCS.jpg\" \/>\n\t<meta property=\"og:image:width\" content=\"550\" \/>\n\t<meta property=\"og:image:height\" content=\"550\" \/>\n\t<meta property=\"og:image:type\" content=\"image\/jpeg\" \/>\n<meta name=\"twitter:card\" content=\"summary_large_image\" \/>\n<meta name=\"twitter:label1\" content=\"Tiempo de lectura\" \/>\n\t<meta name=\"twitter:data1\" content=\"1 minuto\" \/>\n<script type=\"application\/ld+json\" class=\"yoast-schema-graph\">{\"@context\":\"https:\/\/schema.org\",\"@graph\":[{\"@type\":\"WebPage\",\"@id\":\"https:\/\/demoweb.info\/sexshop001\/producto\/sidney-experiencia-romantica-4-pcs\/\",\"url\":\"https:\/\/demoweb.info\/sexshop001\/producto\/sidney-experiencia-romantica-4-pcs\/\",\"name\":\"SIDNEY - EXPERIENCIA ROM\u00c1NTICA 4 PCS - Tienda Er\u00f3tica\",\"isPartOf\":{\"@id\":\"https:\/\/demoweb.info\/sexshop001\/#website\"},\"datePublished\":\"2022-01-22T16:00:16+00:00\",\"dateModified\":\"2022-01-22T16:00:16+00:00\",\"breadcrumb\":{\"@id\":\"https:\/\/demoweb.info\/sexshop001\/producto\/sidney-experiencia-romantica-4-pcs\/#breadcrumb\"},\"inLanguage\":\"es\",\"potentialAction\":[{\"@type\":\"ReadAction\",\"target\":[\"https:\/\/demoweb.info\/sexshop001\/producto\/sidney-experiencia-romantica-4-pcs\/\"]}]},{\"@type\":\"BreadcrumbList\",\"@id\":\"https:\/\/demoweb.info\/sexshop001\/producto\/sidney-experiencia-romantica-4-pcs\/#breadcrumb\",\"itemListElement\":[{\"@type\":\"ListItem\",\"position\":1,\"name\":\"Portada\",\"item\":\"https:\/\/demoweb.info\/sexshop001\/\"},{\"@type\":\"ListItem\",\"position\":2,\"name\":\"Tienda\",\"item\":\"https:\/\/demoweb.info\/sexshop001\/tienda\/\"},{\"@type\":\"ListItem\",\"position\":3,\"name\":\"SIDNEY &#8211; EXPERIENCIA ROM\u00c1NTICA 4 PCS\"}]},{\"@type\":\"WebSite\",\"@id\":\"https:\/\/demoweb.info\/sexshop001\/#website\",\"url\":\"https:\/\/demoweb.info\/sexshop001\/\",\"name\":\"Tienda Er\u00f3tica\",\"description\":\"DEMOWEB SL\",\"potentialAction\":[{\"@type\":\"SearchAction\",\"target\":{\"@type\":\"EntryPoint\",\"urlTemplate\":\"https:\/\/demoweb.info\/sexshop001\/?s={search_term_string}\"},\"query-input\":\"required name=search_term_string\"}],\"inLanguage\":\"es\"}]}<\/script>\n<!-- \/ Yoast SEO plugin. -->","yoast_head_json":{"title":"SIDNEY - EXPERIENCIA ROM\u00c1NTICA 4 PCS - Tienda Er\u00f3tica","robots":{"index":"noindex","follow":"follow","max-snippet":"max-snippet:-1","max-image-preview":"max-image-preview:large","max-video-preview":"max-video-preview:-1"},"og_locale":"es_ES","og_type":"article","og_title":"SIDNEY - EXPERIENCIA ROM\u00c1NTICA 4 PCS - Tienda Er\u00f3tica","og_description":"Set de Conjunto con tanga a juego + Pluma + P\u00e9talos 1 &#8211; Conjunto negro con tanga a juego Cierre","og_url":"https:\/\/demoweb.info\/sexshop001\/producto\/sidney-experiencia-romantica-4-pcs\/","og_site_name":"Tienda Er\u00f3tica","og_image":[{"width":550,"height":550,"url":"https:\/\/demoweb.info\/sexshop001\/wp-content\/uploads\/2022\/01\/SIDNEY-EXPERIENCIA-ROMANTICA-4-PCS.jpg","type":"image\/jpeg"}],"twitter_card":"summary_large_image","twitter_misc":{"Tiempo de lectura":"1 minuto"},"schema":{"@context":"https:\/\/schema.org","@graph":[{"@type":"WebPage","@id":"https:\/\/demoweb.info\/sexshop001\/producto\/sidney-experiencia-romantica-4-pcs\/","url":"https:\/\/demoweb.info\/sexshop001\/producto\/sidney-experiencia-romantica-4-pcs\/","name":"SIDNEY - EXPERIENCIA ROM\u00c1NTICA 4 PCS - Tienda Er\u00f3tica","isPartOf":{"@id":"https:\/\/demoweb.info\/sexshop001\/#website"},"datePublished":"2022-01-22T16:00:16+00:00","dateModified":"2022-01-22T16:00:16+00:00","breadcrumb":{"@id":"https:\/\/demoweb.info\/sexshop001\/producto\/sidney-experiencia-romantica-4-pcs\/#breadcrumb"},"inLanguage":"es","potentialAction":[{"@type":"ReadAction","target":["https:\/\/demoweb.info\/sexshop001\/producto\/sidney-experiencia-romantica-4-pcs\/"]}]},{"@type":"BreadcrumbList","@id":"https:\/\/demoweb.info\/sexshop001\/producto\/sidney-experiencia-romantica-4-pcs\/#breadcrumb","itemListElement":[{"@type":"ListItem","position":1,"name":"Portada","item":"https:\/\/demoweb.info\/sexshop001\/"},{"@type":"ListItem","position":2,"name":"Tienda","item":"https:\/\/demoweb.info\/sexshop001\/tienda\/"},{"@type":"ListItem","position":3,"name":"SIDNEY &#8211; EXPERIENCIA ROM\u00c1NTICA 4 PCS"}]},{"@type":"WebSite","@id":"https:\/\/demoweb.info\/sexshop001\/#website","url":"https:\/\/demoweb.info\/sexshop001\/","name":"Tienda Er\u00f3tica","description":"DEMOWEB SL","potentialAction":[{"@type":"SearchAction","target":{"@type":"EntryPoint","urlTemplate":"https:\/\/demoweb.info\/sexshop001\/?s={search_term_string}"},"query-input":"required name=search_term_string"}],"inLanguage":"es"}]}},"_links":{"self":[{"href":"https:\/\/demoweb.info\/sexshop001\/wp-json\/wp\/v3\/product\/55229","targetHints":{"allow":["GET"]}}],"collection":[{"href":"https:\/\/demoweb.info\/sexshop001\/wp-json\/wp\/v3\/product"}],"about":[{"href":"https:\/\/demoweb.info\/sexshop001\/wp-json\/wp\/v2\/types\/product"}],"replies":[{"embeddable":true,"href":"https:\/\/demoweb.info\/sexshop001\/wp-json\/wp\/v2\/comments?post=55229"}],"wp:featuredmedia":[{"embeddable":true,"href":"https:\/\/demoweb.info\/sexshop001\/wp-json\/wp\/v2\/media\/55230"}],"wp:attachment":[{"href":"https:\/\/demoweb.info\/sexshop001\/wp-json\/wp\/v2\/media?parent=55229"}],"wp:term":[{"taxonomy":"product_cat","embeddable":true,"href":"https:\/\/demoweb.info\/sexshop001\/wp-json\/wp\/v2\/product_cat?post=55229"},{"taxonomy":"product_tag","embeddable":true,"href":"https:\/\/demoweb.info\/sexshop001\/wp-json\/wp\/v2\/product_tag?post=55229"}],"curies":[{"name":"wp","href":"https:\/\/api.w.org\/{rel}","templated":true}]}}