{"id":55021,"date":"2022-01-22T16:57:49","date_gmt":"2022-01-22T15:57:49","guid":{"rendered":"https:\/\/demoweb.info\/sexshop001\/producto\/enchanted-bunny-vibrador-rampante-morado\/"},"modified":"2022-01-22T16:57:59","modified_gmt":"2022-01-22T15:57:59","slug":"enchanted-bunny-vibrador-rampante-morado","status":"publish","type":"product","link":"https:\/\/demoweb.info\/sexshop001\/producto\/enchanted-bunny-vibrador-rampante-morado\/","title":{"rendered":"ENCHANTED BUNNY &#8211; VIBRADOR RAMPANTE MORADO"},"content":{"rendered":"<p><strong>ENCHANTED BUNNY<\/strong><\/p>\n<p>Vibrador rampante Enchanted \u2122 Tickler con m\u00faltiples filas de bolas de placer que no se atascan. Este elemento presenta un chip de memoria de \u00faltima generaci\u00f3n que se reanudar\u00e1 con la \u00faltima funci\u00f3n utilizada.<\/p>\n<p>Un control de velocidad variable te lleva al colmo del placer gratificante. Las 12 funciones te brindan emocionantes elementos de vibraci\u00f3n, pulsaci\u00f3n y escalamiento. \u00a1Experimenta la mejor aventura de dormitorio!<\/p>\n<p>Emocionante acci\u00f3n giratoria significa placer sensual. Ser\u00e1s estimulado y gratificado en muy poco tiempo.<\/p>\n<p>Este art\u00edculo es resistente al agua y recargable con USB.<\/p>\n<p>Medidas:<\/p>\n<ul>\n<li>Dildo: 13,25 x 3,75 cm<\/li>\n<li>Estimulador: 8,25 x 3,25 cm<\/li>\n<\/ul>\n","protected":false},"excerpt":{"rendered":"<p>ENCHANTED BUNNY Vibrador rampante Enchanted \u2122 Tickler con m\u00faltiples filas de bolas de placer que no se atascan. Este elemento<\/p>\n","protected":false},"featured_media":55022,"comment_status":"open","ping_status":"open","template":"","meta":[],"product_cat":[434],"product_tag":[660,1549],"class_list":["post-55021","product","type-product","status-publish","has-post-thumbnail","hentry","product_cat-doble-estimulacion-vibradores-juguetes-xxx","product_tag-calexotics","product_tag-enchanted"],"bundled_by":[],"bundle_stock_status":"instock","bundle_stock_quantity":1,"bundle_virtual":false,"bundle_layout":"","bundle_add_to_cart_form_location":"","bundle_editable_in_cart":false,"bundle_sold_individually_context":"","bundle_item_grouping":"","bundle_min_size":"","bundle_max_size":"","bundled_items":[],"yoast_head":"<!-- This site is optimized with the Yoast SEO plugin v20.6 - https:\/\/yoast.com\/wordpress\/plugins\/seo\/ -->\n<title>ENCHANTED BUNNY - VIBRADOR RAMPANTE MORADO - Tienda Er\u00f3tica<\/title>\n<meta name=\"robots\" content=\"noindex, follow, max-snippet:-1, max-image-preview:large, max-video-preview:-1\" \/>\n<meta property=\"og:locale\" content=\"es_ES\" \/>\n<meta property=\"og:type\" content=\"article\" \/>\n<meta property=\"og:title\" content=\"ENCHANTED BUNNY - VIBRADOR RAMPANTE MORADO - Tienda Er\u00f3tica\" \/>\n<meta property=\"og:description\" content=\"ENCHANTED BUNNY Vibrador rampante Enchanted \u2122 Tickler con m\u00faltiples filas de bolas de placer que no se atascan. Este elemento\" \/>\n<meta property=\"og:url\" content=\"https:\/\/demoweb.info\/sexshop001\/producto\/enchanted-bunny-vibrador-rampante-morado\/\" \/>\n<meta property=\"og:site_name\" content=\"Tienda Er\u00f3tica\" \/>\n<meta property=\"article:modified_time\" content=\"2022-01-22T15:57:59+00:00\" \/>\n<meta property=\"og:image\" content=\"https:\/\/demoweb.info\/sexshop001\/wp-content\/uploads\/2022\/01\/ENCHANTED-BUNNY-VIBRADOR-RAMPANTE-MORADO.jpg\" \/>\n\t<meta property=\"og:image:width\" content=\"550\" \/>\n\t<meta property=\"og:image:height\" content=\"550\" \/>\n\t<meta property=\"og:image:type\" content=\"image\/jpeg\" \/>\n<meta name=\"twitter:card\" content=\"summary_large_image\" \/>\n<meta name=\"twitter:label1\" content=\"Tiempo de lectura\" \/>\n\t<meta name=\"twitter:data1\" content=\"1 minuto\" \/>\n<script type=\"application\/ld+json\" class=\"yoast-schema-graph\">{\"@context\":\"https:\/\/schema.org\",\"@graph\":[{\"@type\":\"WebPage\",\"@id\":\"https:\/\/demoweb.info\/sexshop001\/producto\/enchanted-bunny-vibrador-rampante-morado\/\",\"url\":\"https:\/\/demoweb.info\/sexshop001\/producto\/enchanted-bunny-vibrador-rampante-morado\/\",\"name\":\"ENCHANTED BUNNY - VIBRADOR RAMPANTE MORADO - Tienda Er\u00f3tica\",\"isPartOf\":{\"@id\":\"https:\/\/demoweb.info\/sexshop001\/#website\"},\"datePublished\":\"2022-01-22T15:57:49+00:00\",\"dateModified\":\"2022-01-22T15:57:59+00:00\",\"breadcrumb\":{\"@id\":\"https:\/\/demoweb.info\/sexshop001\/producto\/enchanted-bunny-vibrador-rampante-morado\/#breadcrumb\"},\"inLanguage\":\"es\",\"potentialAction\":[{\"@type\":\"ReadAction\",\"target\":[\"https:\/\/demoweb.info\/sexshop001\/producto\/enchanted-bunny-vibrador-rampante-morado\/\"]}]},{\"@type\":\"BreadcrumbList\",\"@id\":\"https:\/\/demoweb.info\/sexshop001\/producto\/enchanted-bunny-vibrador-rampante-morado\/#breadcrumb\",\"itemListElement\":[{\"@type\":\"ListItem\",\"position\":1,\"name\":\"Portada\",\"item\":\"https:\/\/demoweb.info\/sexshop001\/\"},{\"@type\":\"ListItem\",\"position\":2,\"name\":\"Tienda\",\"item\":\"https:\/\/demoweb.info\/sexshop001\/tienda\/\"},{\"@type\":\"ListItem\",\"position\":3,\"name\":\"ENCHANTED BUNNY &#8211; VIBRADOR RAMPANTE MORADO\"}]},{\"@type\":\"WebSite\",\"@id\":\"https:\/\/demoweb.info\/sexshop001\/#website\",\"url\":\"https:\/\/demoweb.info\/sexshop001\/\",\"name\":\"Tienda Er\u00f3tica\",\"description\":\"DEMOWEB SL\",\"potentialAction\":[{\"@type\":\"SearchAction\",\"target\":{\"@type\":\"EntryPoint\",\"urlTemplate\":\"https:\/\/demoweb.info\/sexshop001\/?s={search_term_string}\"},\"query-input\":\"required name=search_term_string\"}],\"inLanguage\":\"es\"}]}<\/script>\n<!-- \/ Yoast SEO plugin. -->","yoast_head_json":{"title":"ENCHANTED BUNNY - VIBRADOR RAMPANTE MORADO - Tienda Er\u00f3tica","robots":{"index":"noindex","follow":"follow","max-snippet":"max-snippet:-1","max-image-preview":"max-image-preview:large","max-video-preview":"max-video-preview:-1"},"og_locale":"es_ES","og_type":"article","og_title":"ENCHANTED BUNNY - VIBRADOR RAMPANTE MORADO - Tienda Er\u00f3tica","og_description":"ENCHANTED BUNNY Vibrador rampante Enchanted \u2122 Tickler con m\u00faltiples filas de bolas de placer que no se atascan. Este elemento","og_url":"https:\/\/demoweb.info\/sexshop001\/producto\/enchanted-bunny-vibrador-rampante-morado\/","og_site_name":"Tienda Er\u00f3tica","article_modified_time":"2022-01-22T15:57:59+00:00","og_image":[{"width":550,"height":550,"url":"https:\/\/demoweb.info\/sexshop001\/wp-content\/uploads\/2022\/01\/ENCHANTED-BUNNY-VIBRADOR-RAMPANTE-MORADO.jpg","type":"image\/jpeg"}],"twitter_card":"summary_large_image","twitter_misc":{"Tiempo de lectura":"1 minuto"},"schema":{"@context":"https:\/\/schema.org","@graph":[{"@type":"WebPage","@id":"https:\/\/demoweb.info\/sexshop001\/producto\/enchanted-bunny-vibrador-rampante-morado\/","url":"https:\/\/demoweb.info\/sexshop001\/producto\/enchanted-bunny-vibrador-rampante-morado\/","name":"ENCHANTED BUNNY - VIBRADOR RAMPANTE MORADO - Tienda Er\u00f3tica","isPartOf":{"@id":"https:\/\/demoweb.info\/sexshop001\/#website"},"datePublished":"2022-01-22T15:57:49+00:00","dateModified":"2022-01-22T15:57:59+00:00","breadcrumb":{"@id":"https:\/\/demoweb.info\/sexshop001\/producto\/enchanted-bunny-vibrador-rampante-morado\/#breadcrumb"},"inLanguage":"es","potentialAction":[{"@type":"ReadAction","target":["https:\/\/demoweb.info\/sexshop001\/producto\/enchanted-bunny-vibrador-rampante-morado\/"]}]},{"@type":"BreadcrumbList","@id":"https:\/\/demoweb.info\/sexshop001\/producto\/enchanted-bunny-vibrador-rampante-morado\/#breadcrumb","itemListElement":[{"@type":"ListItem","position":1,"name":"Portada","item":"https:\/\/demoweb.info\/sexshop001\/"},{"@type":"ListItem","position":2,"name":"Tienda","item":"https:\/\/demoweb.info\/sexshop001\/tienda\/"},{"@type":"ListItem","position":3,"name":"ENCHANTED BUNNY &#8211; VIBRADOR RAMPANTE MORADO"}]},{"@type":"WebSite","@id":"https:\/\/demoweb.info\/sexshop001\/#website","url":"https:\/\/demoweb.info\/sexshop001\/","name":"Tienda Er\u00f3tica","description":"DEMOWEB SL","potentialAction":[{"@type":"SearchAction","target":{"@type":"EntryPoint","urlTemplate":"https:\/\/demoweb.info\/sexshop001\/?s={search_term_string}"},"query-input":"required name=search_term_string"}],"inLanguage":"es"}]}},"_links":{"self":[{"href":"https:\/\/demoweb.info\/sexshop001\/wp-json\/wp\/v3\/product\/55021","targetHints":{"allow":["GET"]}}],"collection":[{"href":"https:\/\/demoweb.info\/sexshop001\/wp-json\/wp\/v3\/product"}],"about":[{"href":"https:\/\/demoweb.info\/sexshop001\/wp-json\/wp\/v2\/types\/product"}],"replies":[{"embeddable":true,"href":"https:\/\/demoweb.info\/sexshop001\/wp-json\/wp\/v2\/comments?post=55021"}],"wp:featuredmedia":[{"embeddable":true,"href":"https:\/\/demoweb.info\/sexshop001\/wp-json\/wp\/v2\/media\/55022"}],"wp:attachment":[{"href":"https:\/\/demoweb.info\/sexshop001\/wp-json\/wp\/v2\/media?parent=55021"}],"wp:term":[{"taxonomy":"product_cat","embeddable":true,"href":"https:\/\/demoweb.info\/sexshop001\/wp-json\/wp\/v2\/product_cat?post=55021"},{"taxonomy":"product_tag","embeddable":true,"href":"https:\/\/demoweb.info\/sexshop001\/wp-json\/wp\/v2\/product_tag?post=55021"}],"curies":[{"name":"wp","href":"https:\/\/api.w.org\/{rel}","templated":true}]}}