{"id":55000,"date":"2022-01-22T16:57:29","date_gmt":"2022-01-22T15:57:29","guid":{"rendered":"https:\/\/demoweb.info\/sexshop001\/producto\/panty-pleaser-huevo-vibrador-con-mando\/"},"modified":"2022-01-22T16:57:45","modified_gmt":"2022-01-22T15:57:45","slug":"panty-pleaser-huevo-vibrador-con-mando","status":"publish","type":"product","link":"https:\/\/demoweb.info\/sexshop001\/producto\/panty-pleaser-huevo-vibrador-con-mando\/","title":{"rendered":"PANTY PLEASER HUEVO VIBRADOR CON MANDO"},"content":{"rendered":"<p><strong>SILICONE REMOTE PANTY PLEASER<\/strong><\/p>\n<p>Huevo vibrador de silicona controlado con mando a distancia.<\/p>\n<p>Resistente al agua. Ergon\u00f3micamente dise\u00f1ado para adaptarse tanto a tu mano como a tu cuerpo.<\/p>\n<p>Este elemento presenta un chip de memoria de \u00faltima generaci\u00f3n que se reanudar\u00e1 con la \u00faltima funci\u00f3n utilizada.<\/p>\n<p>El control remoto de largo alcance funciona a una distancia de 10 metros..<\/p>\n<p>Un control de velocidad variable te lleva al colmo del placer gratificante.<\/p>\n<p>Las 12 funciones te brindan emocionantes elementos de vibraci\u00f3n, pulsaci\u00f3n y escalamiento.<\/p>\n<p>Recargable con USB.<\/p>\n<p>Material: Silicone, ABS Plastic \/ Polyurethane Cote, ABS<\/p>\n<p>\u00a1Experimenta la mejor aventura de dormitorio!<\/p><\/p>\n","protected":false},"excerpt":{"rendered":"<p>SILICONE REMOTE PANTY PLEASER Huevo vibrador de silicona controlado con mando a distancia. Resistente al agua. Ergon\u00f3micamente dise\u00f1ado para adaptarse<\/p>\n","protected":false},"featured_media":55001,"comment_status":"open","ping_status":"open","template":"","meta":[],"product_cat":[322],"product_tag":[660,958],"class_list":["post-55000","product","type-product","status-publish","has-post-thumbnail","hentry","product_cat-con-mando","product_tag-calexotics","product_tag-xo"],"bundled_by":[],"bundle_stock_status":"outofstock","bundle_stock_quantity":0,"bundle_virtual":false,"bundle_layout":"","bundle_add_to_cart_form_location":"","bundle_editable_in_cart":false,"bundle_sold_individually_context":"","bundle_item_grouping":"","bundle_min_size":"","bundle_max_size":"","bundled_items":[],"yoast_head":"<!-- This site is optimized with the Yoast SEO plugin v20.6 - https:\/\/yoast.com\/wordpress\/plugins\/seo\/ -->\n<title>PANTY PLEASER HUEVO VIBRADOR CON MANDO - Tienda Er\u00f3tica<\/title>\n<meta name=\"robots\" content=\"noindex, follow, max-snippet:-1, max-image-preview:large, max-video-preview:-1\" \/>\n<meta property=\"og:locale\" content=\"es_ES\" \/>\n<meta property=\"og:type\" content=\"article\" \/>\n<meta property=\"og:title\" content=\"PANTY PLEASER HUEVO VIBRADOR CON MANDO - Tienda Er\u00f3tica\" \/>\n<meta property=\"og:description\" content=\"SILICONE REMOTE PANTY PLEASER Huevo vibrador de silicona controlado con mando a distancia. Resistente al agua. Ergon\u00f3micamente dise\u00f1ado para adaptarse\" \/>\n<meta property=\"og:url\" content=\"https:\/\/demoweb.info\/sexshop001\/producto\/panty-pleaser-huevo-vibrador-con-mando\/\" \/>\n<meta property=\"og:site_name\" content=\"Tienda Er\u00f3tica\" \/>\n<meta property=\"article:modified_time\" content=\"2022-01-22T15:57:45+00:00\" \/>\n<meta property=\"og:image\" content=\"https:\/\/demoweb.info\/sexshop001\/wp-content\/uploads\/2022\/01\/PANTY-PLEASER-HUEVO-VIBRADOR-CON-MANDO.jpg\" \/>\n\t<meta property=\"og:image:width\" content=\"550\" \/>\n\t<meta property=\"og:image:height\" content=\"550\" \/>\n\t<meta property=\"og:image:type\" content=\"image\/jpeg\" \/>\n<meta name=\"twitter:card\" content=\"summary_large_image\" \/>\n<meta name=\"twitter:label1\" content=\"Tiempo de lectura\" \/>\n\t<meta name=\"twitter:data1\" content=\"1 minuto\" \/>\n<script type=\"application\/ld+json\" class=\"yoast-schema-graph\">{\"@context\":\"https:\/\/schema.org\",\"@graph\":[{\"@type\":\"WebPage\",\"@id\":\"https:\/\/demoweb.info\/sexshop001\/producto\/panty-pleaser-huevo-vibrador-con-mando\/\",\"url\":\"https:\/\/demoweb.info\/sexshop001\/producto\/panty-pleaser-huevo-vibrador-con-mando\/\",\"name\":\"PANTY PLEASER HUEVO VIBRADOR CON MANDO - Tienda Er\u00f3tica\",\"isPartOf\":{\"@id\":\"https:\/\/demoweb.info\/sexshop001\/#website\"},\"datePublished\":\"2022-01-22T15:57:29+00:00\",\"dateModified\":\"2022-01-22T15:57:45+00:00\",\"breadcrumb\":{\"@id\":\"https:\/\/demoweb.info\/sexshop001\/producto\/panty-pleaser-huevo-vibrador-con-mando\/#breadcrumb\"},\"inLanguage\":\"es\",\"potentialAction\":[{\"@type\":\"ReadAction\",\"target\":[\"https:\/\/demoweb.info\/sexshop001\/producto\/panty-pleaser-huevo-vibrador-con-mando\/\"]}]},{\"@type\":\"BreadcrumbList\",\"@id\":\"https:\/\/demoweb.info\/sexshop001\/producto\/panty-pleaser-huevo-vibrador-con-mando\/#breadcrumb\",\"itemListElement\":[{\"@type\":\"ListItem\",\"position\":1,\"name\":\"Portada\",\"item\":\"https:\/\/demoweb.info\/sexshop001\/\"},{\"@type\":\"ListItem\",\"position\":2,\"name\":\"Tienda\",\"item\":\"https:\/\/demoweb.info\/sexshop001\/tienda\/\"},{\"@type\":\"ListItem\",\"position\":3,\"name\":\"PANTY PLEASER HUEVO VIBRADOR CON MANDO\"}]},{\"@type\":\"WebSite\",\"@id\":\"https:\/\/demoweb.info\/sexshop001\/#website\",\"url\":\"https:\/\/demoweb.info\/sexshop001\/\",\"name\":\"Tienda Er\u00f3tica\",\"description\":\"DEMOWEB SL\",\"potentialAction\":[{\"@type\":\"SearchAction\",\"target\":{\"@type\":\"EntryPoint\",\"urlTemplate\":\"https:\/\/demoweb.info\/sexshop001\/?s={search_term_string}\"},\"query-input\":\"required name=search_term_string\"}],\"inLanguage\":\"es\"}]}<\/script>\n<!-- \/ Yoast SEO plugin. -->","yoast_head_json":{"title":"PANTY PLEASER HUEVO VIBRADOR CON MANDO - Tienda Er\u00f3tica","robots":{"index":"noindex","follow":"follow","max-snippet":"max-snippet:-1","max-image-preview":"max-image-preview:large","max-video-preview":"max-video-preview:-1"},"og_locale":"es_ES","og_type":"article","og_title":"PANTY PLEASER HUEVO VIBRADOR CON MANDO - Tienda Er\u00f3tica","og_description":"SILICONE REMOTE PANTY PLEASER Huevo vibrador de silicona controlado con mando a distancia. Resistente al agua. Ergon\u00f3micamente dise\u00f1ado para adaptarse","og_url":"https:\/\/demoweb.info\/sexshop001\/producto\/panty-pleaser-huevo-vibrador-con-mando\/","og_site_name":"Tienda Er\u00f3tica","article_modified_time":"2022-01-22T15:57:45+00:00","og_image":[{"width":550,"height":550,"url":"https:\/\/demoweb.info\/sexshop001\/wp-content\/uploads\/2022\/01\/PANTY-PLEASER-HUEVO-VIBRADOR-CON-MANDO.jpg","type":"image\/jpeg"}],"twitter_card":"summary_large_image","twitter_misc":{"Tiempo de lectura":"1 minuto"},"schema":{"@context":"https:\/\/schema.org","@graph":[{"@type":"WebPage","@id":"https:\/\/demoweb.info\/sexshop001\/producto\/panty-pleaser-huevo-vibrador-con-mando\/","url":"https:\/\/demoweb.info\/sexshop001\/producto\/panty-pleaser-huevo-vibrador-con-mando\/","name":"PANTY PLEASER HUEVO VIBRADOR CON MANDO - Tienda Er\u00f3tica","isPartOf":{"@id":"https:\/\/demoweb.info\/sexshop001\/#website"},"datePublished":"2022-01-22T15:57:29+00:00","dateModified":"2022-01-22T15:57:45+00:00","breadcrumb":{"@id":"https:\/\/demoweb.info\/sexshop001\/producto\/panty-pleaser-huevo-vibrador-con-mando\/#breadcrumb"},"inLanguage":"es","potentialAction":[{"@type":"ReadAction","target":["https:\/\/demoweb.info\/sexshop001\/producto\/panty-pleaser-huevo-vibrador-con-mando\/"]}]},{"@type":"BreadcrumbList","@id":"https:\/\/demoweb.info\/sexshop001\/producto\/panty-pleaser-huevo-vibrador-con-mando\/#breadcrumb","itemListElement":[{"@type":"ListItem","position":1,"name":"Portada","item":"https:\/\/demoweb.info\/sexshop001\/"},{"@type":"ListItem","position":2,"name":"Tienda","item":"https:\/\/demoweb.info\/sexshop001\/tienda\/"},{"@type":"ListItem","position":3,"name":"PANTY PLEASER HUEVO VIBRADOR CON MANDO"}]},{"@type":"WebSite","@id":"https:\/\/demoweb.info\/sexshop001\/#website","url":"https:\/\/demoweb.info\/sexshop001\/","name":"Tienda Er\u00f3tica","description":"DEMOWEB SL","potentialAction":[{"@type":"SearchAction","target":{"@type":"EntryPoint","urlTemplate":"https:\/\/demoweb.info\/sexshop001\/?s={search_term_string}"},"query-input":"required name=search_term_string"}],"inLanguage":"es"}]}},"_links":{"self":[{"href":"https:\/\/demoweb.info\/sexshop001\/wp-json\/wp\/v3\/product\/55000","targetHints":{"allow":["GET"]}}],"collection":[{"href":"https:\/\/demoweb.info\/sexshop001\/wp-json\/wp\/v3\/product"}],"about":[{"href":"https:\/\/demoweb.info\/sexshop001\/wp-json\/wp\/v2\/types\/product"}],"replies":[{"embeddable":true,"href":"https:\/\/demoweb.info\/sexshop001\/wp-json\/wp\/v2\/comments?post=55000"}],"wp:featuredmedia":[{"embeddable":true,"href":"https:\/\/demoweb.info\/sexshop001\/wp-json\/wp\/v2\/media\/55001"}],"wp:attachment":[{"href":"https:\/\/demoweb.info\/sexshop001\/wp-json\/wp\/v2\/media?parent=55000"}],"wp:term":[{"taxonomy":"product_cat","embeddable":true,"href":"https:\/\/demoweb.info\/sexshop001\/wp-json\/wp\/v2\/product_cat?post=55000"},{"taxonomy":"product_tag","embeddable":true,"href":"https:\/\/demoweb.info\/sexshop001\/wp-json\/wp\/v2\/product_tag?post=55000"}],"curies":[{"name":"wp","href":"https:\/\/api.w.org\/{rel}","templated":true}]}}