{"id":54950,"date":"2022-01-22T16:57:09","date_gmt":"2022-01-22T15:57:09","guid":{"rendered":"https:\/\/demoweb.info\/sexshop001\/producto\/set-body-negro-y-plumas-del-deseo\/"},"modified":"2022-01-22T16:57:13","modified_gmt":"2022-01-22T15:57:13","slug":"set-body-negro-y-plumas-del-deseo","status":"publish","type":"product","link":"https:\/\/demoweb.info\/sexshop001\/producto\/set-body-negro-y-plumas-del-deseo\/","title":{"rendered":"SET BODY NEGRO Y PLUMAS DEL DESEO"},"content":{"rendered":"<p>Res\u00e9rvate a un momento de placer, con un vestuario sugerente y unas plumas accesorio para proporcionar caricias.<\/p>\n<p>Producto: Body<\/p>\n<p>Color: Negro<\/p>\n<p>Varillas: Sin varillas<\/p>\n<p>Cierre trasero: Sin cierre Cierre delanetero: Sin cierres<\/p>\n<p>Cuello: Cerrado<\/p>\n<p>Copa en el pecho: Sin copa Aros en el pecho: Sin aros<\/p>\n<p>Tipo de corte: Medio (Hasta gluteos)<\/p>\n<p>Tirantes: Tirantes que se ajustan en la nuca<\/p>\n<p>Mangas: Manga larga<\/p>\n<p>Tela: Red<\/p>\n<p>Detalles: Otros como se ve en la foto<\/p>\n<p>Total piezas: 1<\/p>\n<p>Tallas: Talla \u00fanica peque\u00f1a XS\/S\/M<\/p>\n<p>Composici\u00f3n: 35% Algod\u00f3n &#8211; 65% Poliester<\/p>\n<p>Etiquetaje: Etiqueta estandar<\/p>\n<p>Cuidados: Lavar a mano con agua fr\u00eda. Utilizar jab\u00f3n neutro. No utilizar lej\u00eda. Aclarar sin retorcer. Planchar s\u00f3lo las partes no el\u00e1sticas Y no te olvides de las plumas del deseo color negro&#8230; \u00a1y a disfrutar!<\/p>\n","protected":false},"excerpt":{"rendered":"<p>Res\u00e9rvate a un momento de placer, con un vestuario sugerente y unas plumas accesorio para proporcionar caricias. Producto: Body Color:<\/p>\n","protected":false},"featured_media":54951,"comment_status":"open","ping_status":"open","template":"","meta":[],"product_cat":[342],"product_tag":[441],"class_list":["post-54950","product","type-product","status-publish","has-post-thumbnail","hentry","product_cat-bodys","product_tag-intimax"],"bundled_by":[],"bundle_stock_status":"instock","bundle_stock_quantity":1,"bundle_virtual":false,"bundle_layout":"","bundle_add_to_cart_form_location":"","bundle_editable_in_cart":false,"bundle_sold_individually_context":"","bundle_item_grouping":"","bundle_min_size":"","bundle_max_size":"","bundled_items":[],"yoast_head":"<!-- This site is optimized with the Yoast SEO plugin v20.6 - https:\/\/yoast.com\/wordpress\/plugins\/seo\/ -->\n<title>SET BODY NEGRO Y PLUMAS DEL DESEO - Tienda Er\u00f3tica<\/title>\n<meta name=\"robots\" content=\"noindex, follow, max-snippet:-1, max-image-preview:large, max-video-preview:-1\" \/>\n<meta property=\"og:locale\" content=\"es_ES\" \/>\n<meta property=\"og:type\" content=\"article\" \/>\n<meta property=\"og:title\" content=\"SET BODY NEGRO Y PLUMAS DEL DESEO - Tienda Er\u00f3tica\" \/>\n<meta property=\"og:description\" content=\"Res\u00e9rvate a un momento de placer, con un vestuario sugerente y unas plumas accesorio para proporcionar caricias. Producto: Body Color:\" \/>\n<meta property=\"og:url\" content=\"https:\/\/demoweb.info\/sexshop001\/producto\/set-body-negro-y-plumas-del-deseo\/\" \/>\n<meta property=\"og:site_name\" content=\"Tienda Er\u00f3tica\" \/>\n<meta property=\"article:modified_time\" content=\"2022-01-22T15:57:13+00:00\" \/>\n<meta property=\"og:image\" content=\"https:\/\/demoweb.info\/sexshop001\/wp-content\/uploads\/2022\/01\/SET-BODY-NEGRO-Y-PLUMAS-DEL-DESEO.jpg\" \/>\n\t<meta property=\"og:image:width\" content=\"550\" \/>\n\t<meta property=\"og:image:height\" content=\"550\" \/>\n\t<meta property=\"og:image:type\" content=\"image\/jpeg\" \/>\n<meta name=\"twitter:card\" content=\"summary_large_image\" \/>\n<meta name=\"twitter:label1\" content=\"Tiempo de lectura\" \/>\n\t<meta name=\"twitter:data1\" content=\"1 minuto\" \/>\n<script type=\"application\/ld+json\" class=\"yoast-schema-graph\">{\"@context\":\"https:\/\/schema.org\",\"@graph\":[{\"@type\":\"WebPage\",\"@id\":\"https:\/\/demoweb.info\/sexshop001\/producto\/set-body-negro-y-plumas-del-deseo\/\",\"url\":\"https:\/\/demoweb.info\/sexshop001\/producto\/set-body-negro-y-plumas-del-deseo\/\",\"name\":\"SET BODY NEGRO Y PLUMAS DEL DESEO - Tienda Er\u00f3tica\",\"isPartOf\":{\"@id\":\"https:\/\/demoweb.info\/sexshop001\/#website\"},\"datePublished\":\"2022-01-22T15:57:09+00:00\",\"dateModified\":\"2022-01-22T15:57:13+00:00\",\"breadcrumb\":{\"@id\":\"https:\/\/demoweb.info\/sexshop001\/producto\/set-body-negro-y-plumas-del-deseo\/#breadcrumb\"},\"inLanguage\":\"es\",\"potentialAction\":[{\"@type\":\"ReadAction\",\"target\":[\"https:\/\/demoweb.info\/sexshop001\/producto\/set-body-negro-y-plumas-del-deseo\/\"]}]},{\"@type\":\"BreadcrumbList\",\"@id\":\"https:\/\/demoweb.info\/sexshop001\/producto\/set-body-negro-y-plumas-del-deseo\/#breadcrumb\",\"itemListElement\":[{\"@type\":\"ListItem\",\"position\":1,\"name\":\"Portada\",\"item\":\"https:\/\/demoweb.info\/sexshop001\/\"},{\"@type\":\"ListItem\",\"position\":2,\"name\":\"Tienda\",\"item\":\"https:\/\/demoweb.info\/sexshop001\/tienda\/\"},{\"@type\":\"ListItem\",\"position\":3,\"name\":\"SET BODY NEGRO Y PLUMAS DEL DESEO\"}]},{\"@type\":\"WebSite\",\"@id\":\"https:\/\/demoweb.info\/sexshop001\/#website\",\"url\":\"https:\/\/demoweb.info\/sexshop001\/\",\"name\":\"Tienda Er\u00f3tica\",\"description\":\"DEMOWEB SL\",\"potentialAction\":[{\"@type\":\"SearchAction\",\"target\":{\"@type\":\"EntryPoint\",\"urlTemplate\":\"https:\/\/demoweb.info\/sexshop001\/?s={search_term_string}\"},\"query-input\":\"required name=search_term_string\"}],\"inLanguage\":\"es\"}]}<\/script>\n<!-- \/ Yoast SEO plugin. -->","yoast_head_json":{"title":"SET BODY NEGRO Y PLUMAS DEL DESEO - Tienda Er\u00f3tica","robots":{"index":"noindex","follow":"follow","max-snippet":"max-snippet:-1","max-image-preview":"max-image-preview:large","max-video-preview":"max-video-preview:-1"},"og_locale":"es_ES","og_type":"article","og_title":"SET BODY NEGRO Y PLUMAS DEL DESEO - Tienda Er\u00f3tica","og_description":"Res\u00e9rvate a un momento de placer, con un vestuario sugerente y unas plumas accesorio para proporcionar caricias. Producto: Body Color:","og_url":"https:\/\/demoweb.info\/sexshop001\/producto\/set-body-negro-y-plumas-del-deseo\/","og_site_name":"Tienda Er\u00f3tica","article_modified_time":"2022-01-22T15:57:13+00:00","og_image":[{"width":550,"height":550,"url":"https:\/\/demoweb.info\/sexshop001\/wp-content\/uploads\/2022\/01\/SET-BODY-NEGRO-Y-PLUMAS-DEL-DESEO.jpg","type":"image\/jpeg"}],"twitter_card":"summary_large_image","twitter_misc":{"Tiempo de lectura":"1 minuto"},"schema":{"@context":"https:\/\/schema.org","@graph":[{"@type":"WebPage","@id":"https:\/\/demoweb.info\/sexshop001\/producto\/set-body-negro-y-plumas-del-deseo\/","url":"https:\/\/demoweb.info\/sexshop001\/producto\/set-body-negro-y-plumas-del-deseo\/","name":"SET BODY NEGRO Y PLUMAS DEL DESEO - Tienda Er\u00f3tica","isPartOf":{"@id":"https:\/\/demoweb.info\/sexshop001\/#website"},"datePublished":"2022-01-22T15:57:09+00:00","dateModified":"2022-01-22T15:57:13+00:00","breadcrumb":{"@id":"https:\/\/demoweb.info\/sexshop001\/producto\/set-body-negro-y-plumas-del-deseo\/#breadcrumb"},"inLanguage":"es","potentialAction":[{"@type":"ReadAction","target":["https:\/\/demoweb.info\/sexshop001\/producto\/set-body-negro-y-plumas-del-deseo\/"]}]},{"@type":"BreadcrumbList","@id":"https:\/\/demoweb.info\/sexshop001\/producto\/set-body-negro-y-plumas-del-deseo\/#breadcrumb","itemListElement":[{"@type":"ListItem","position":1,"name":"Portada","item":"https:\/\/demoweb.info\/sexshop001\/"},{"@type":"ListItem","position":2,"name":"Tienda","item":"https:\/\/demoweb.info\/sexshop001\/tienda\/"},{"@type":"ListItem","position":3,"name":"SET BODY NEGRO Y PLUMAS DEL DESEO"}]},{"@type":"WebSite","@id":"https:\/\/demoweb.info\/sexshop001\/#website","url":"https:\/\/demoweb.info\/sexshop001\/","name":"Tienda Er\u00f3tica","description":"DEMOWEB SL","potentialAction":[{"@type":"SearchAction","target":{"@type":"EntryPoint","urlTemplate":"https:\/\/demoweb.info\/sexshop001\/?s={search_term_string}"},"query-input":"required name=search_term_string"}],"inLanguage":"es"}]}},"_links":{"self":[{"href":"https:\/\/demoweb.info\/sexshop001\/wp-json\/wp\/v3\/product\/54950","targetHints":{"allow":["GET"]}}],"collection":[{"href":"https:\/\/demoweb.info\/sexshop001\/wp-json\/wp\/v3\/product"}],"about":[{"href":"https:\/\/demoweb.info\/sexshop001\/wp-json\/wp\/v2\/types\/product"}],"replies":[{"embeddable":true,"href":"https:\/\/demoweb.info\/sexshop001\/wp-json\/wp\/v2\/comments?post=54950"}],"wp:featuredmedia":[{"embeddable":true,"href":"https:\/\/demoweb.info\/sexshop001\/wp-json\/wp\/v2\/media\/54951"}],"wp:attachment":[{"href":"https:\/\/demoweb.info\/sexshop001\/wp-json\/wp\/v2\/media?parent=54950"}],"wp:term":[{"taxonomy":"product_cat","embeddable":true,"href":"https:\/\/demoweb.info\/sexshop001\/wp-json\/wp\/v2\/product_cat?post=54950"},{"taxonomy":"product_tag","embeddable":true,"href":"https:\/\/demoweb.info\/sexshop001\/wp-json\/wp\/v2\/product_tag?post=54950"}],"curies":[{"name":"wp","href":"https:\/\/api.w.org\/{rel}","templated":true}]}}