{"id":54808,"date":"2022-01-22T16:55:17","date_gmt":"2022-01-22T15:55:17","guid":{"rendered":"https:\/\/demoweb.info\/sexshop001\/producto\/rossynights-experiencia-romantica-3-pcs\/"},"modified":"2022-01-22T16:55:35","modified_gmt":"2022-01-22T15:55:35","slug":"rossynights-experiencia-romantica-3-pcs","status":"publish","type":"product","link":"https:\/\/demoweb.info\/sexshop001\/producto\/rossynights-experiencia-romantica-3-pcs\/","title":{"rendered":"ROSSYNIGHTS &#8211; EXPERIENCIA ROM\u00c1NTICA 3 PCS"},"content":{"rendered":"<p>Set de Camis\u00f3n con tanga a juego + P\u00e9talos<\/p>\n<p>1 &#8211; Camis\u00f3n carne con tanga a juego<\/p>\n<p>-Cierre trasero: Clip<br \/>-Cierre delantero: Sin cierres<br \/>-Cuello: De pico<br \/>-Sin copa<br \/>-Sin aros<br \/>-Tipo de corte: Medio (Hasta gluteos)<br \/>-Tirantes que se ajustan en la nuca<br \/>-Sin mangas<br \/>-Tela: Sat\u00e9n<br \/>-Detalles: Otros como se ve en la foto<br \/>-Tanga color carne incluido<\/p>\n<p>2 &#8211; P\u00e9talos del amor, desarrolla tu imaginaci\u00f3n con 200 p\u00e9talos rojos de seda. <br \/>\t-Dibuja corazones sobre la cama o el suelo<br \/>\t-Escribe tu nombre y el de tu pareja<br \/>\t-Escribe &quot; te quiero sobre una cama o el suelo&quot; <br \/>\t-Comb\u00ednalo con velas arom\u00e1ticas sobre una mesa.<\/p>\n","protected":false},"excerpt":{"rendered":"<p>Set de Camis\u00f3n con tanga a juego + P\u00e9talos 1 &#8211; Camis\u00f3n carne con tanga a juego -Cierre trasero: Clip-Cierre<\/p>\n","protected":false},"featured_media":54809,"comment_status":"open","ping_status":"open","template":"","meta":[],"product_cat":[351],"product_tag":[1249],"class_list":["post-54808","product","type-product","status-publish","has-post-thumbnail","hentry","product_cat-experiencias","product_tag-caramel-nuit"],"bundled_by":[],"bundle_stock_status":"instock","bundle_stock_quantity":1,"bundle_virtual":false,"bundle_layout":"","bundle_add_to_cart_form_location":"","bundle_editable_in_cart":false,"bundle_sold_individually_context":"","bundle_item_grouping":"","bundle_min_size":"","bundle_max_size":"","bundled_items":[],"yoast_head":"<!-- This site is optimized with the Yoast SEO plugin v20.6 - https:\/\/yoast.com\/wordpress\/plugins\/seo\/ -->\n<title>ROSSYNIGHTS - EXPERIENCIA ROM\u00c1NTICA 3 PCS - Tienda Er\u00f3tica<\/title>\n<meta name=\"robots\" content=\"noindex, follow, max-snippet:-1, max-image-preview:large, max-video-preview:-1\" \/>\n<meta property=\"og:locale\" content=\"es_ES\" \/>\n<meta property=\"og:type\" content=\"article\" \/>\n<meta property=\"og:title\" content=\"ROSSYNIGHTS - EXPERIENCIA ROM\u00c1NTICA 3 PCS - Tienda Er\u00f3tica\" \/>\n<meta property=\"og:description\" content=\"Set de Camis\u00f3n con tanga a juego + P\u00e9talos 1 &#8211; Camis\u00f3n carne con tanga a juego -Cierre trasero: Clip-Cierre\" \/>\n<meta property=\"og:url\" content=\"https:\/\/demoweb.info\/sexshop001\/producto\/rossynights-experiencia-romantica-3-pcs\/\" \/>\n<meta property=\"og:site_name\" content=\"Tienda Er\u00f3tica\" \/>\n<meta property=\"article:modified_time\" content=\"2022-01-22T15:55:35+00:00\" \/>\n<meta property=\"og:image\" content=\"https:\/\/demoweb.info\/sexshop001\/wp-content\/uploads\/2022\/01\/ROSSYNIGHTS-EXPERIENCIA-ROMANTICA-3-PCS.jpg\" \/>\n\t<meta property=\"og:image:width\" content=\"550\" \/>\n\t<meta property=\"og:image:height\" content=\"550\" \/>\n\t<meta property=\"og:image:type\" content=\"image\/jpeg\" \/>\n<meta name=\"twitter:card\" content=\"summary_large_image\" \/>\n<meta name=\"twitter:label1\" content=\"Tiempo de lectura\" \/>\n\t<meta name=\"twitter:data1\" content=\"1 minuto\" \/>\n<script type=\"application\/ld+json\" class=\"yoast-schema-graph\">{\"@context\":\"https:\/\/schema.org\",\"@graph\":[{\"@type\":\"WebPage\",\"@id\":\"https:\/\/demoweb.info\/sexshop001\/producto\/rossynights-experiencia-romantica-3-pcs\/\",\"url\":\"https:\/\/demoweb.info\/sexshop001\/producto\/rossynights-experiencia-romantica-3-pcs\/\",\"name\":\"ROSSYNIGHTS - EXPERIENCIA ROM\u00c1NTICA 3 PCS - Tienda Er\u00f3tica\",\"isPartOf\":{\"@id\":\"https:\/\/demoweb.info\/sexshop001\/#website\"},\"datePublished\":\"2022-01-22T15:55:17+00:00\",\"dateModified\":\"2022-01-22T15:55:35+00:00\",\"breadcrumb\":{\"@id\":\"https:\/\/demoweb.info\/sexshop001\/producto\/rossynights-experiencia-romantica-3-pcs\/#breadcrumb\"},\"inLanguage\":\"es\",\"potentialAction\":[{\"@type\":\"ReadAction\",\"target\":[\"https:\/\/demoweb.info\/sexshop001\/producto\/rossynights-experiencia-romantica-3-pcs\/\"]}]},{\"@type\":\"BreadcrumbList\",\"@id\":\"https:\/\/demoweb.info\/sexshop001\/producto\/rossynights-experiencia-romantica-3-pcs\/#breadcrumb\",\"itemListElement\":[{\"@type\":\"ListItem\",\"position\":1,\"name\":\"Portada\",\"item\":\"https:\/\/demoweb.info\/sexshop001\/\"},{\"@type\":\"ListItem\",\"position\":2,\"name\":\"Tienda\",\"item\":\"https:\/\/demoweb.info\/sexshop001\/tienda\/\"},{\"@type\":\"ListItem\",\"position\":3,\"name\":\"ROSSYNIGHTS &#8211; EXPERIENCIA ROM\u00c1NTICA 3 PCS\"}]},{\"@type\":\"WebSite\",\"@id\":\"https:\/\/demoweb.info\/sexshop001\/#website\",\"url\":\"https:\/\/demoweb.info\/sexshop001\/\",\"name\":\"Tienda Er\u00f3tica\",\"description\":\"DEMOWEB SL\",\"potentialAction\":[{\"@type\":\"SearchAction\",\"target\":{\"@type\":\"EntryPoint\",\"urlTemplate\":\"https:\/\/demoweb.info\/sexshop001\/?s={search_term_string}\"},\"query-input\":\"required name=search_term_string\"}],\"inLanguage\":\"es\"}]}<\/script>\n<!-- \/ Yoast SEO plugin. -->","yoast_head_json":{"title":"ROSSYNIGHTS - EXPERIENCIA ROM\u00c1NTICA 3 PCS - Tienda Er\u00f3tica","robots":{"index":"noindex","follow":"follow","max-snippet":"max-snippet:-1","max-image-preview":"max-image-preview:large","max-video-preview":"max-video-preview:-1"},"og_locale":"es_ES","og_type":"article","og_title":"ROSSYNIGHTS - EXPERIENCIA ROM\u00c1NTICA 3 PCS - Tienda Er\u00f3tica","og_description":"Set de Camis\u00f3n con tanga a juego + P\u00e9talos 1 &#8211; Camis\u00f3n carne con tanga a juego -Cierre trasero: Clip-Cierre","og_url":"https:\/\/demoweb.info\/sexshop001\/producto\/rossynights-experiencia-romantica-3-pcs\/","og_site_name":"Tienda Er\u00f3tica","article_modified_time":"2022-01-22T15:55:35+00:00","og_image":[{"width":550,"height":550,"url":"https:\/\/demoweb.info\/sexshop001\/wp-content\/uploads\/2022\/01\/ROSSYNIGHTS-EXPERIENCIA-ROMANTICA-3-PCS.jpg","type":"image\/jpeg"}],"twitter_card":"summary_large_image","twitter_misc":{"Tiempo de lectura":"1 minuto"},"schema":{"@context":"https:\/\/schema.org","@graph":[{"@type":"WebPage","@id":"https:\/\/demoweb.info\/sexshop001\/producto\/rossynights-experiencia-romantica-3-pcs\/","url":"https:\/\/demoweb.info\/sexshop001\/producto\/rossynights-experiencia-romantica-3-pcs\/","name":"ROSSYNIGHTS - EXPERIENCIA ROM\u00c1NTICA 3 PCS - Tienda Er\u00f3tica","isPartOf":{"@id":"https:\/\/demoweb.info\/sexshop001\/#website"},"datePublished":"2022-01-22T15:55:17+00:00","dateModified":"2022-01-22T15:55:35+00:00","breadcrumb":{"@id":"https:\/\/demoweb.info\/sexshop001\/producto\/rossynights-experiencia-romantica-3-pcs\/#breadcrumb"},"inLanguage":"es","potentialAction":[{"@type":"ReadAction","target":["https:\/\/demoweb.info\/sexshop001\/producto\/rossynights-experiencia-romantica-3-pcs\/"]}]},{"@type":"BreadcrumbList","@id":"https:\/\/demoweb.info\/sexshop001\/producto\/rossynights-experiencia-romantica-3-pcs\/#breadcrumb","itemListElement":[{"@type":"ListItem","position":1,"name":"Portada","item":"https:\/\/demoweb.info\/sexshop001\/"},{"@type":"ListItem","position":2,"name":"Tienda","item":"https:\/\/demoweb.info\/sexshop001\/tienda\/"},{"@type":"ListItem","position":3,"name":"ROSSYNIGHTS &#8211; EXPERIENCIA ROM\u00c1NTICA 3 PCS"}]},{"@type":"WebSite","@id":"https:\/\/demoweb.info\/sexshop001\/#website","url":"https:\/\/demoweb.info\/sexshop001\/","name":"Tienda Er\u00f3tica","description":"DEMOWEB SL","potentialAction":[{"@type":"SearchAction","target":{"@type":"EntryPoint","urlTemplate":"https:\/\/demoweb.info\/sexshop001\/?s={search_term_string}"},"query-input":"required name=search_term_string"}],"inLanguage":"es"}]}},"_links":{"self":[{"href":"https:\/\/demoweb.info\/sexshop001\/wp-json\/wp\/v3\/product\/54808","targetHints":{"allow":["GET"]}}],"collection":[{"href":"https:\/\/demoweb.info\/sexshop001\/wp-json\/wp\/v3\/product"}],"about":[{"href":"https:\/\/demoweb.info\/sexshop001\/wp-json\/wp\/v2\/types\/product"}],"replies":[{"embeddable":true,"href":"https:\/\/demoweb.info\/sexshop001\/wp-json\/wp\/v2\/comments?post=54808"}],"wp:featuredmedia":[{"embeddable":true,"href":"https:\/\/demoweb.info\/sexshop001\/wp-json\/wp\/v2\/media\/54809"}],"wp:attachment":[{"href":"https:\/\/demoweb.info\/sexshop001\/wp-json\/wp\/v2\/media?parent=54808"}],"wp:term":[{"taxonomy":"product_cat","embeddable":true,"href":"https:\/\/demoweb.info\/sexshop001\/wp-json\/wp\/v2\/product_cat?post=54808"},{"taxonomy":"product_tag","embeddable":true,"href":"https:\/\/demoweb.info\/sexshop001\/wp-json\/wp\/v2\/product_tag?post=54808"}],"curies":[{"name":"wp","href":"https:\/\/api.w.org\/{rel}","templated":true}]}}