{"id":53631,"date":"2022-01-22T16:40:32","date_gmt":"2022-01-22T15:40:32","guid":{"rendered":"https:\/\/demoweb.info\/sexshop001\/producto\/masturbador-xl-lubricado-con-presion-flesh\/"},"modified":"2022-01-22T16:40:35","modified_gmt":"2022-01-22T15:40:35","slug":"masturbador-xl-lubricado-con-presion-flesh","status":"publish","type":"product","link":"https:\/\/demoweb.info\/sexshop001\/producto\/masturbador-xl-lubricado-con-presion-flesh\/","title":{"rendered":"MASTURBADOR XL LUBRICADO CON PRESI\u00d3N FLESH"},"content":{"rendered":"<p><strong>SELF LUBRICATION EASY GRIP MASATURBATOR XL VAGINAL FLESH<\/strong><\/p>\n<p>Este masturbador te ofrece unos labios realistas, adem\u00e1s el material Self Lubrication Technology hace que la penetraci\u00f3n sea m\u00e1s r\u00e1pida, suave y m\u00e1s placentera. Despu\u00e9s del uso se lava, preferiblemente con un limpiador de juguetes y agua tibia. Su forma permite regular el grado de presi\u00f3n, en funci\u00f3n de tus preferencias. El innovador regulador de presi\u00f3n interior consigue un vac\u00edo intenso y suave.<br \/>\nSelf Lubrication Technology durar\u00e1 alrededor de 30 veces y despu\u00e9s de eso, se puede utilizar el juguete agregando un poco de lubricante para continuar obteniendo placer.<\/p>\n<p>Espec\u00edficaciones:<\/p>\n<ul>\n<li>Di\u00e1metro: 10 cm<\/li>\n<li>Longitud: 24 cm<\/li>\n<li>Material: TPE<\/li>\n<li>Resistente al agua.<\/li>\n<li>Libre de phatalatos.<\/li>\n<\/ul>\n","protected":false},"excerpt":{"rendered":"<p>SELF LUBRICATION EASY GRIP MASATURBATOR XL VAGINAL FLESH Este masturbador te ofrece unos labios realistas, adem\u00e1s el material Self Lubrication<\/p>\n","protected":false},"featured_media":53632,"comment_status":"open","ping_status":"open","template":"","meta":[],"product_cat":[541],"product_tag":[302,1525],"class_list":["post-53631","product","type-product","status-publish","has-post-thumbnail","hentry","product_cat-vaginas","product_tag-shots","product_tag-slt"],"bundled_by":[],"bundle_stock_status":"instock","bundle_stock_quantity":1,"bundle_virtual":false,"bundle_layout":"","bundle_add_to_cart_form_location":"","bundle_editable_in_cart":false,"bundle_sold_individually_context":"","bundle_item_grouping":"","bundle_min_size":"","bundle_max_size":"","bundled_items":[],"yoast_head":"<!-- This site is optimized with the Yoast SEO plugin v20.6 - https:\/\/yoast.com\/wordpress\/plugins\/seo\/ -->\n<title>MASTURBADOR XL LUBRICADO CON PRESI\u00d3N FLESH - Tienda Er\u00f3tica<\/title>\n<meta name=\"robots\" content=\"noindex, follow, max-snippet:-1, max-image-preview:large, max-video-preview:-1\" \/>\n<meta property=\"og:locale\" content=\"es_ES\" \/>\n<meta property=\"og:type\" content=\"article\" \/>\n<meta property=\"og:title\" content=\"MASTURBADOR XL LUBRICADO CON PRESI\u00d3N FLESH - Tienda Er\u00f3tica\" \/>\n<meta property=\"og:description\" content=\"SELF LUBRICATION EASY GRIP MASATURBATOR XL VAGINAL FLESH Este masturbador te ofrece unos labios realistas, adem\u00e1s el material Self Lubrication\" \/>\n<meta property=\"og:url\" content=\"https:\/\/demoweb.info\/sexshop001\/producto\/masturbador-xl-lubricado-con-presion-flesh\/\" \/>\n<meta property=\"og:site_name\" content=\"Tienda Er\u00f3tica\" \/>\n<meta property=\"article:modified_time\" content=\"2022-01-22T15:40:35+00:00\" \/>\n<meta property=\"og:image\" content=\"https:\/\/demoweb.info\/sexshop001\/wp-content\/uploads\/2022\/01\/MASTURBADOR-XL-LUBRICADO-CON-PRESION-FLESH.jpg\" \/>\n\t<meta property=\"og:image:width\" content=\"550\" \/>\n\t<meta property=\"og:image:height\" content=\"550\" \/>\n\t<meta property=\"og:image:type\" content=\"image\/jpeg\" \/>\n<meta name=\"twitter:card\" content=\"summary_large_image\" \/>\n<meta name=\"twitter:label1\" content=\"Tiempo de lectura\" \/>\n\t<meta name=\"twitter:data1\" content=\"1 minuto\" \/>\n<script type=\"application\/ld+json\" class=\"yoast-schema-graph\">{\"@context\":\"https:\/\/schema.org\",\"@graph\":[{\"@type\":\"WebPage\",\"@id\":\"https:\/\/demoweb.info\/sexshop001\/producto\/masturbador-xl-lubricado-con-presion-flesh\/\",\"url\":\"https:\/\/demoweb.info\/sexshop001\/producto\/masturbador-xl-lubricado-con-presion-flesh\/\",\"name\":\"MASTURBADOR XL LUBRICADO CON PRESI\u00d3N FLESH - Tienda Er\u00f3tica\",\"isPartOf\":{\"@id\":\"https:\/\/demoweb.info\/sexshop001\/#website\"},\"datePublished\":\"2022-01-22T15:40:32+00:00\",\"dateModified\":\"2022-01-22T15:40:35+00:00\",\"breadcrumb\":{\"@id\":\"https:\/\/demoweb.info\/sexshop001\/producto\/masturbador-xl-lubricado-con-presion-flesh\/#breadcrumb\"},\"inLanguage\":\"es\",\"potentialAction\":[{\"@type\":\"ReadAction\",\"target\":[\"https:\/\/demoweb.info\/sexshop001\/producto\/masturbador-xl-lubricado-con-presion-flesh\/\"]}]},{\"@type\":\"BreadcrumbList\",\"@id\":\"https:\/\/demoweb.info\/sexshop001\/producto\/masturbador-xl-lubricado-con-presion-flesh\/#breadcrumb\",\"itemListElement\":[{\"@type\":\"ListItem\",\"position\":1,\"name\":\"Portada\",\"item\":\"https:\/\/demoweb.info\/sexshop001\/\"},{\"@type\":\"ListItem\",\"position\":2,\"name\":\"Tienda\",\"item\":\"https:\/\/demoweb.info\/sexshop001\/tienda\/\"},{\"@type\":\"ListItem\",\"position\":3,\"name\":\"MASTURBADOR XL LUBRICADO CON PRESI\u00d3N FLESH\"}]},{\"@type\":\"WebSite\",\"@id\":\"https:\/\/demoweb.info\/sexshop001\/#website\",\"url\":\"https:\/\/demoweb.info\/sexshop001\/\",\"name\":\"Tienda Er\u00f3tica\",\"description\":\"DEMOWEB SL\",\"potentialAction\":[{\"@type\":\"SearchAction\",\"target\":{\"@type\":\"EntryPoint\",\"urlTemplate\":\"https:\/\/demoweb.info\/sexshop001\/?s={search_term_string}\"},\"query-input\":\"required name=search_term_string\"}],\"inLanguage\":\"es\"}]}<\/script>\n<!-- \/ Yoast SEO plugin. -->","yoast_head_json":{"title":"MASTURBADOR XL LUBRICADO CON PRESI\u00d3N FLESH - Tienda Er\u00f3tica","robots":{"index":"noindex","follow":"follow","max-snippet":"max-snippet:-1","max-image-preview":"max-image-preview:large","max-video-preview":"max-video-preview:-1"},"og_locale":"es_ES","og_type":"article","og_title":"MASTURBADOR XL LUBRICADO CON PRESI\u00d3N FLESH - Tienda Er\u00f3tica","og_description":"SELF LUBRICATION EASY GRIP MASATURBATOR XL VAGINAL FLESH Este masturbador te ofrece unos labios realistas, adem\u00e1s el material Self Lubrication","og_url":"https:\/\/demoweb.info\/sexshop001\/producto\/masturbador-xl-lubricado-con-presion-flesh\/","og_site_name":"Tienda Er\u00f3tica","article_modified_time":"2022-01-22T15:40:35+00:00","og_image":[{"width":550,"height":550,"url":"https:\/\/demoweb.info\/sexshop001\/wp-content\/uploads\/2022\/01\/MASTURBADOR-XL-LUBRICADO-CON-PRESION-FLESH.jpg","type":"image\/jpeg"}],"twitter_card":"summary_large_image","twitter_misc":{"Tiempo de lectura":"1 minuto"},"schema":{"@context":"https:\/\/schema.org","@graph":[{"@type":"WebPage","@id":"https:\/\/demoweb.info\/sexshop001\/producto\/masturbador-xl-lubricado-con-presion-flesh\/","url":"https:\/\/demoweb.info\/sexshop001\/producto\/masturbador-xl-lubricado-con-presion-flesh\/","name":"MASTURBADOR XL LUBRICADO CON PRESI\u00d3N FLESH - Tienda Er\u00f3tica","isPartOf":{"@id":"https:\/\/demoweb.info\/sexshop001\/#website"},"datePublished":"2022-01-22T15:40:32+00:00","dateModified":"2022-01-22T15:40:35+00:00","breadcrumb":{"@id":"https:\/\/demoweb.info\/sexshop001\/producto\/masturbador-xl-lubricado-con-presion-flesh\/#breadcrumb"},"inLanguage":"es","potentialAction":[{"@type":"ReadAction","target":["https:\/\/demoweb.info\/sexshop001\/producto\/masturbador-xl-lubricado-con-presion-flesh\/"]}]},{"@type":"BreadcrumbList","@id":"https:\/\/demoweb.info\/sexshop001\/producto\/masturbador-xl-lubricado-con-presion-flesh\/#breadcrumb","itemListElement":[{"@type":"ListItem","position":1,"name":"Portada","item":"https:\/\/demoweb.info\/sexshop001\/"},{"@type":"ListItem","position":2,"name":"Tienda","item":"https:\/\/demoweb.info\/sexshop001\/tienda\/"},{"@type":"ListItem","position":3,"name":"MASTURBADOR XL LUBRICADO CON PRESI\u00d3N FLESH"}]},{"@type":"WebSite","@id":"https:\/\/demoweb.info\/sexshop001\/#website","url":"https:\/\/demoweb.info\/sexshop001\/","name":"Tienda Er\u00f3tica","description":"DEMOWEB SL","potentialAction":[{"@type":"SearchAction","target":{"@type":"EntryPoint","urlTemplate":"https:\/\/demoweb.info\/sexshop001\/?s={search_term_string}"},"query-input":"required name=search_term_string"}],"inLanguage":"es"}]}},"_links":{"self":[{"href":"https:\/\/demoweb.info\/sexshop001\/wp-json\/wp\/v3\/product\/53631","targetHints":{"allow":["GET"]}}],"collection":[{"href":"https:\/\/demoweb.info\/sexshop001\/wp-json\/wp\/v3\/product"}],"about":[{"href":"https:\/\/demoweb.info\/sexshop001\/wp-json\/wp\/v2\/types\/product"}],"replies":[{"embeddable":true,"href":"https:\/\/demoweb.info\/sexshop001\/wp-json\/wp\/v2\/comments?post=53631"}],"wp:featuredmedia":[{"embeddable":true,"href":"https:\/\/demoweb.info\/sexshop001\/wp-json\/wp\/v2\/media\/53632"}],"wp:attachment":[{"href":"https:\/\/demoweb.info\/sexshop001\/wp-json\/wp\/v2\/media?parent=53631"}],"wp:term":[{"taxonomy":"product_cat","embeddable":true,"href":"https:\/\/demoweb.info\/sexshop001\/wp-json\/wp\/v2\/product_cat?post=53631"},{"taxonomy":"product_tag","embeddable":true,"href":"https:\/\/demoweb.info\/sexshop001\/wp-json\/wp\/v2\/product_tag?post=53631"}],"curies":[{"name":"wp","href":"https:\/\/api.w.org\/{rel}","templated":true}]}}