{"id":53627,"date":"2022-01-22T16:40:32","date_gmt":"2022-01-22T15:40:32","guid":{"rendered":"https:\/\/demoweb.info\/sexshop001\/producto\/jap-vibrator-vibrador-potente-unisex\/"},"modified":"2022-01-22T16:40:33","modified_gmt":"2022-01-22T15:40:33","slug":"jap-vibrator-vibrador-potente-unisex","status":"publish","type":"product","link":"https:\/\/demoweb.info\/sexshop001\/producto\/jap-vibrator-vibrador-potente-unisex\/","title":{"rendered":"JAP-VIBRATOR &#8211; VIBRADOR POTENTE UNISEX"},"content":{"rendered":"<p><strong>JAP-VIBRATOR<\/strong> es un vibrador que se ajusta a tus deseos ya que puede tener la forma que necesites en cada momento. Permite girarlo 360\u00b0 en cualquier direcci\u00f3n para conseguir cualquier posici\u00f3n, con 16 funciones diferentes.<\/p>\n<p>Est\u00e1 indicado para:<\/p>\n<ul>\n<li>Aumentar la estimulaci\u00f3n anal<\/li>\n<li>Estimular el punto G<\/li>\n<li>Sentir orgasmos m\u00e1s intensos<\/li>\n<\/ul>\n<p><strong>JAP VIBRATOR<\/strong> es un vibrador totalmente unisex. Fabricado en silicona de grado medico con un acabado al tacto muy agradable y suave. Su motor est\u00e1 provisto de 16 vibraciones diferentes y permite girarlo 360&ordm;.<\/p>\n<p>S\u00ed quieres estimular tu punto G s\u00f3lo lo tendr\u00e1s que doblarlo un poco hac\u00eda arriba y si te gusta el sexo anal puedes darle el \u00e1ngulo adecuado seg\u00fan la posici\u00f3n que quieras practicar.<\/p>\n<p>En la parte inferior encontramos el panel de control con un bot\u00f3n para encenderlo y otro para seleccionar el ritmo deseado. Es resistente al agua y tiene una longitud de 18 cm. Adem\u00e1s, contiene una bater\u00eda de litio recargable a trav\u00e9s de USB.<\/p>\n<p><strong>Uso:<\/strong> Vibrador Unisex<\/p>\n<p><strong>Formato: <\/strong>ABS, Medical Grade Silicone<\/p>\n<p><strong>Tiempo de uso:<\/strong> Recargable a trav\u00e9s de USB<\/p>\n<p><strong>Modo de uso:<\/strong><\/p>\n<p>1. Abra el precinto de higiene y seguridad<\/p>\n<p>2. Limpie la superficie del juguete antes de usar<\/p>\n<p>3. Para encender el juguete mantenga el bot\u00f3n de encendido apretado durante 3 segundos, se iluminara una luz, para apagarlo presione nuevamente 3 segundos<\/p>\n<p>4. Para iniciar la vibraci\u00f3n, presione el bot\u00f3n y para cambiar el modo de vibraci\u00f3n vuelva a presionarlo<\/p>\n<p>5. Hay 16 modos de vibraci\u00f3n<\/p>\n<p>6. P\u00f3ngalo en el \u00e1rea deseada. Aplicar gel sobre el producto puede ayudar a introducirlo<\/p>\n<p>7. L\u00edmpielo despu\u00e9s de cada uso<\/p>\n<p>8. Para cargar la bater\u00eda introduzca el cable suministrado e inserte el extremo del cable de la imagen en el agujero marcado por DC y el otro extremo ins\u00e9rtelo en un puerto USB<\/p>\n<p>9. Al iniciar la carga una luz roja intermitente indicara que se est\u00e1 cargando, cuando se mantenga fija, la bater\u00eda estar\u00e1 completamente cargada. (Tiempo aproximado de carga 2 horas)<\/p>\n","protected":false},"excerpt":{"rendered":"<p>JAP-VIBRATOR es un vibrador que se ajusta a tus deseos ya que puede tener la forma que necesites en cada<\/p>\n","protected":false},"featured_media":53628,"comment_status":"open","ping_status":"open","template":"","meta":[],"product_cat":[301],"product_tag":[1539],"class_list":["post-53627","product","type-product","status-publish","has-post-thumbnail","hentry","product_cat-punto-p","product_tag-u-body"],"bundled_by":[],"bundle_stock_status":"outofstock","bundle_stock_quantity":0,"bundle_virtual":false,"bundle_layout":"","bundle_add_to_cart_form_location":"","bundle_editable_in_cart":false,"bundle_sold_individually_context":"","bundle_item_grouping":"","bundle_min_size":"","bundle_max_size":"","bundled_items":[],"yoast_head":"<!-- This site is optimized with the Yoast SEO plugin v20.6 - https:\/\/yoast.com\/wordpress\/plugins\/seo\/ -->\n<title>JAP-VIBRATOR - VIBRADOR POTENTE UNISEX - Tienda Er\u00f3tica<\/title>\n<meta name=\"robots\" content=\"noindex, follow, max-snippet:-1, max-image-preview:large, max-video-preview:-1\" \/>\n<meta property=\"og:locale\" content=\"es_ES\" \/>\n<meta property=\"og:type\" content=\"article\" \/>\n<meta property=\"og:title\" content=\"JAP-VIBRATOR - VIBRADOR POTENTE UNISEX - Tienda Er\u00f3tica\" \/>\n<meta property=\"og:description\" content=\"JAP-VIBRATOR es un vibrador que se ajusta a tus deseos ya que puede tener la forma que necesites en cada\" \/>\n<meta property=\"og:url\" content=\"https:\/\/demoweb.info\/sexshop001\/producto\/jap-vibrator-vibrador-potente-unisex\/\" \/>\n<meta property=\"og:site_name\" content=\"Tienda Er\u00f3tica\" \/>\n<meta property=\"article:modified_time\" content=\"2022-01-22T15:40:33+00:00\" \/>\n<meta property=\"og:image\" content=\"https:\/\/demoweb.info\/sexshop001\/wp-content\/uploads\/2022\/01\/JAP-VIBRATOR-VIBRADOR-POTENTE-UNISEX.jpg\" \/>\n\t<meta property=\"og:image:width\" content=\"550\" \/>\n\t<meta property=\"og:image:height\" content=\"550\" \/>\n\t<meta property=\"og:image:type\" content=\"image\/jpeg\" \/>\n<meta name=\"twitter:card\" content=\"summary_large_image\" \/>\n<meta name=\"twitter:label1\" content=\"Tiempo de lectura\" \/>\n\t<meta name=\"twitter:data1\" content=\"2 minutos\" \/>\n<script type=\"application\/ld+json\" class=\"yoast-schema-graph\">{\"@context\":\"https:\/\/schema.org\",\"@graph\":[{\"@type\":\"WebPage\",\"@id\":\"https:\/\/demoweb.info\/sexshop001\/producto\/jap-vibrator-vibrador-potente-unisex\/\",\"url\":\"https:\/\/demoweb.info\/sexshop001\/producto\/jap-vibrator-vibrador-potente-unisex\/\",\"name\":\"JAP-VIBRATOR - VIBRADOR POTENTE UNISEX - Tienda Er\u00f3tica\",\"isPartOf\":{\"@id\":\"https:\/\/demoweb.info\/sexshop001\/#website\"},\"datePublished\":\"2022-01-22T15:40:32+00:00\",\"dateModified\":\"2022-01-22T15:40:33+00:00\",\"breadcrumb\":{\"@id\":\"https:\/\/demoweb.info\/sexshop001\/producto\/jap-vibrator-vibrador-potente-unisex\/#breadcrumb\"},\"inLanguage\":\"es\",\"potentialAction\":[{\"@type\":\"ReadAction\",\"target\":[\"https:\/\/demoweb.info\/sexshop001\/producto\/jap-vibrator-vibrador-potente-unisex\/\"]}]},{\"@type\":\"BreadcrumbList\",\"@id\":\"https:\/\/demoweb.info\/sexshop001\/producto\/jap-vibrator-vibrador-potente-unisex\/#breadcrumb\",\"itemListElement\":[{\"@type\":\"ListItem\",\"position\":1,\"name\":\"Portada\",\"item\":\"https:\/\/demoweb.info\/sexshop001\/\"},{\"@type\":\"ListItem\",\"position\":2,\"name\":\"Tienda\",\"item\":\"https:\/\/demoweb.info\/sexshop001\/tienda\/\"},{\"@type\":\"ListItem\",\"position\":3,\"name\":\"JAP-VIBRATOR &#8211; VIBRADOR POTENTE UNISEX\"}]},{\"@type\":\"WebSite\",\"@id\":\"https:\/\/demoweb.info\/sexshop001\/#website\",\"url\":\"https:\/\/demoweb.info\/sexshop001\/\",\"name\":\"Tienda Er\u00f3tica\",\"description\":\"DEMOWEB SL\",\"potentialAction\":[{\"@type\":\"SearchAction\",\"target\":{\"@type\":\"EntryPoint\",\"urlTemplate\":\"https:\/\/demoweb.info\/sexshop001\/?s={search_term_string}\"},\"query-input\":\"required name=search_term_string\"}],\"inLanguage\":\"es\"}]}<\/script>\n<!-- \/ Yoast SEO plugin. -->","yoast_head_json":{"title":"JAP-VIBRATOR - VIBRADOR POTENTE UNISEX - Tienda Er\u00f3tica","robots":{"index":"noindex","follow":"follow","max-snippet":"max-snippet:-1","max-image-preview":"max-image-preview:large","max-video-preview":"max-video-preview:-1"},"og_locale":"es_ES","og_type":"article","og_title":"JAP-VIBRATOR - VIBRADOR POTENTE UNISEX - Tienda Er\u00f3tica","og_description":"JAP-VIBRATOR es un vibrador que se ajusta a tus deseos ya que puede tener la forma que necesites en cada","og_url":"https:\/\/demoweb.info\/sexshop001\/producto\/jap-vibrator-vibrador-potente-unisex\/","og_site_name":"Tienda Er\u00f3tica","article_modified_time":"2022-01-22T15:40:33+00:00","og_image":[{"width":550,"height":550,"url":"https:\/\/demoweb.info\/sexshop001\/wp-content\/uploads\/2022\/01\/JAP-VIBRATOR-VIBRADOR-POTENTE-UNISEX.jpg","type":"image\/jpeg"}],"twitter_card":"summary_large_image","twitter_misc":{"Tiempo de lectura":"2 minutos"},"schema":{"@context":"https:\/\/schema.org","@graph":[{"@type":"WebPage","@id":"https:\/\/demoweb.info\/sexshop001\/producto\/jap-vibrator-vibrador-potente-unisex\/","url":"https:\/\/demoweb.info\/sexshop001\/producto\/jap-vibrator-vibrador-potente-unisex\/","name":"JAP-VIBRATOR - VIBRADOR POTENTE UNISEX - Tienda Er\u00f3tica","isPartOf":{"@id":"https:\/\/demoweb.info\/sexshop001\/#website"},"datePublished":"2022-01-22T15:40:32+00:00","dateModified":"2022-01-22T15:40:33+00:00","breadcrumb":{"@id":"https:\/\/demoweb.info\/sexshop001\/producto\/jap-vibrator-vibrador-potente-unisex\/#breadcrumb"},"inLanguage":"es","potentialAction":[{"@type":"ReadAction","target":["https:\/\/demoweb.info\/sexshop001\/producto\/jap-vibrator-vibrador-potente-unisex\/"]}]},{"@type":"BreadcrumbList","@id":"https:\/\/demoweb.info\/sexshop001\/producto\/jap-vibrator-vibrador-potente-unisex\/#breadcrumb","itemListElement":[{"@type":"ListItem","position":1,"name":"Portada","item":"https:\/\/demoweb.info\/sexshop001\/"},{"@type":"ListItem","position":2,"name":"Tienda","item":"https:\/\/demoweb.info\/sexshop001\/tienda\/"},{"@type":"ListItem","position":3,"name":"JAP-VIBRATOR &#8211; VIBRADOR POTENTE UNISEX"}]},{"@type":"WebSite","@id":"https:\/\/demoweb.info\/sexshop001\/#website","url":"https:\/\/demoweb.info\/sexshop001\/","name":"Tienda Er\u00f3tica","description":"DEMOWEB SL","potentialAction":[{"@type":"SearchAction","target":{"@type":"EntryPoint","urlTemplate":"https:\/\/demoweb.info\/sexshop001\/?s={search_term_string}"},"query-input":"required name=search_term_string"}],"inLanguage":"es"}]}},"_links":{"self":[{"href":"https:\/\/demoweb.info\/sexshop001\/wp-json\/wp\/v3\/product\/53627","targetHints":{"allow":["GET"]}}],"collection":[{"href":"https:\/\/demoweb.info\/sexshop001\/wp-json\/wp\/v3\/product"}],"about":[{"href":"https:\/\/demoweb.info\/sexshop001\/wp-json\/wp\/v2\/types\/product"}],"replies":[{"embeddable":true,"href":"https:\/\/demoweb.info\/sexshop001\/wp-json\/wp\/v2\/comments?post=53627"}],"wp:featuredmedia":[{"embeddable":true,"href":"https:\/\/demoweb.info\/sexshop001\/wp-json\/wp\/v2\/media\/53628"}],"wp:attachment":[{"href":"https:\/\/demoweb.info\/sexshop001\/wp-json\/wp\/v2\/media?parent=53627"}],"wp:term":[{"taxonomy":"product_cat","embeddable":true,"href":"https:\/\/demoweb.info\/sexshop001\/wp-json\/wp\/v2\/product_cat?post=53627"},{"taxonomy":"product_tag","embeddable":true,"href":"https:\/\/demoweb.info\/sexshop001\/wp-json\/wp\/v2\/product_tag?post=53627"}],"curies":[{"name":"wp","href":"https:\/\/api.w.org\/{rel}","templated":true}]}}