{"id":53625,"date":"2022-01-22T16:40:32","date_gmt":"2022-01-22T15:40:32","guid":{"rendered":"https:\/\/demoweb.info\/sexshop001\/producto\/wa-flower-balls-bolas-chinas\/"},"modified":"2022-01-22T16:40:32","modified_gmt":"2022-01-22T15:40:32","slug":"wa-flower-balls-bolas-chinas","status":"publish","type":"product","link":"https:\/\/demoweb.info\/sexshop001\/producto\/wa-flower-balls-bolas-chinas\/","title":{"rendered":"WA FLOWER BALLS &#8211; BOLAS CHINAS"},"content":{"rendered":"<p><strong>WA-FLOWER BALLS<\/strong> son las cl\u00e1sicas bolas chinas ideales para estimular el suelo p\u00e9lvico y fortalecer la musculatura vaginal. Perfecto para ayudar a las mujeres que quieren lograr mejores y m\u00e1s placenteros orgasmos.<\/p>\n<p>Est\u00e1 indicado para:<\/p>\n<ul>\n<li>Fortalecer la musculatura vaginal<\/li>\n<li>Experimentar orgasmos m\u00e1s intensos<\/li>\n<li>Estimular el suelo p\u00e9lvico<\/li>\n<\/ul>\n<p>Utiliza unos materiales que ofrecen una sensibilidad extrema con la piel y agradable al tacto, siendo muy f\u00e1cil su introducci\u00f3n. Recomendamos el uso de lubricantes con base de agua para un mejor y m\u00e1s c\u00f3modo uso. Adem\u00e1s, cuenta con anilla extractora para facilitar la extracci\u00f3n.<\/p>\n<p><strong>Uso:<\/strong> Bolas chinas o vaginales<\/p>\n<p><strong>Formato:<\/strong>Medical Grade Silicone, metal inside<\/p>\n<p><strong>Modo de uso:<\/strong><\/p>\n<ol>\n<li>Abra el precinto de higiene y seguridad<\/li>\n<li>Limpie la superficie del juguete antes de usar<\/li>\n<li>Aplicar gel sobre el producto puede ayudar a introducirlo<\/li>\n<li>Siempre mantenga el cord\u00f3n fuera para retirarlo f\u00e1cilmente<\/li>\n<li> Limpiar despu\u00e9s de cada utilizaci\u00f3n<\/li>\n<\/ol>\n<ul>\n<li>Di\u00e1metro: 3,5 cm<\/li>\n<li>Peso: 70 gr (las 2)<\/li>\n<\/ul>\n","protected":false},"excerpt":{"rendered":"<p>WA-FLOWER BALLS son las cl\u00e1sicas bolas chinas ideales para estimular el suelo p\u00e9lvico y fortalecer la musculatura vaginal. Perfecto para<\/p>\n","protected":false},"featured_media":53626,"comment_status":"open","ping_status":"open","template":"","meta":[],"product_cat":[320],"product_tag":[1539],"class_list":["post-53625","product","type-product","status-publish","has-post-thumbnail","hentry","product_cat-silicona-bolas-y-huevos","product_tag-u-body"],"bundled_by":[],"bundle_stock_status":"instock","bundle_stock_quantity":7,"bundle_virtual":false,"bundle_layout":"","bundle_add_to_cart_form_location":"","bundle_editable_in_cart":false,"bundle_sold_individually_context":"","bundle_item_grouping":"","bundle_min_size":"","bundle_max_size":"","bundled_items":[],"yoast_head":"<!-- This site is optimized with the Yoast SEO plugin v20.6 - https:\/\/yoast.com\/wordpress\/plugins\/seo\/ -->\n<title>WA FLOWER BALLS - BOLAS CHINAS - Tienda Er\u00f3tica<\/title>\n<meta name=\"robots\" content=\"noindex, follow, max-snippet:-1, max-image-preview:large, max-video-preview:-1\" \/>\n<meta property=\"og:locale\" content=\"es_ES\" \/>\n<meta property=\"og:type\" content=\"article\" \/>\n<meta property=\"og:title\" content=\"WA FLOWER BALLS - BOLAS CHINAS - Tienda Er\u00f3tica\" \/>\n<meta property=\"og:description\" content=\"WA-FLOWER BALLS son las cl\u00e1sicas bolas chinas ideales para estimular el suelo p\u00e9lvico y fortalecer la musculatura vaginal. Perfecto para\" \/>\n<meta property=\"og:url\" content=\"https:\/\/demoweb.info\/sexshop001\/producto\/wa-flower-balls-bolas-chinas\/\" \/>\n<meta property=\"og:site_name\" content=\"Tienda Er\u00f3tica\" \/>\n<meta property=\"og:image\" content=\"https:\/\/demoweb.info\/sexshop001\/wp-content\/uploads\/2022\/01\/WA-FLOWER-BALLS-BOLAS-CHINAS.jpg\" \/>\n\t<meta property=\"og:image:width\" content=\"550\" \/>\n\t<meta property=\"og:image:height\" content=\"550\" \/>\n\t<meta property=\"og:image:type\" content=\"image\/jpeg\" \/>\n<meta name=\"twitter:card\" content=\"summary_large_image\" \/>\n<meta name=\"twitter:label1\" content=\"Tiempo de lectura\" \/>\n\t<meta name=\"twitter:data1\" content=\"1 minuto\" \/>\n<script type=\"application\/ld+json\" class=\"yoast-schema-graph\">{\"@context\":\"https:\/\/schema.org\",\"@graph\":[{\"@type\":\"WebPage\",\"@id\":\"https:\/\/demoweb.info\/sexshop001\/producto\/wa-flower-balls-bolas-chinas\/\",\"url\":\"https:\/\/demoweb.info\/sexshop001\/producto\/wa-flower-balls-bolas-chinas\/\",\"name\":\"WA FLOWER BALLS - BOLAS CHINAS - Tienda Er\u00f3tica\",\"isPartOf\":{\"@id\":\"https:\/\/demoweb.info\/sexshop001\/#website\"},\"datePublished\":\"2022-01-22T15:40:32+00:00\",\"dateModified\":\"2022-01-22T15:40:32+00:00\",\"breadcrumb\":{\"@id\":\"https:\/\/demoweb.info\/sexshop001\/producto\/wa-flower-balls-bolas-chinas\/#breadcrumb\"},\"inLanguage\":\"es\",\"potentialAction\":[{\"@type\":\"ReadAction\",\"target\":[\"https:\/\/demoweb.info\/sexshop001\/producto\/wa-flower-balls-bolas-chinas\/\"]}]},{\"@type\":\"BreadcrumbList\",\"@id\":\"https:\/\/demoweb.info\/sexshop001\/producto\/wa-flower-balls-bolas-chinas\/#breadcrumb\",\"itemListElement\":[{\"@type\":\"ListItem\",\"position\":1,\"name\":\"Portada\",\"item\":\"https:\/\/demoweb.info\/sexshop001\/\"},{\"@type\":\"ListItem\",\"position\":2,\"name\":\"Tienda\",\"item\":\"https:\/\/demoweb.info\/sexshop001\/tienda\/\"},{\"@type\":\"ListItem\",\"position\":3,\"name\":\"WA FLOWER BALLS &#8211; BOLAS CHINAS\"}]},{\"@type\":\"WebSite\",\"@id\":\"https:\/\/demoweb.info\/sexshop001\/#website\",\"url\":\"https:\/\/demoweb.info\/sexshop001\/\",\"name\":\"Tienda Er\u00f3tica\",\"description\":\"DEMOWEB SL\",\"potentialAction\":[{\"@type\":\"SearchAction\",\"target\":{\"@type\":\"EntryPoint\",\"urlTemplate\":\"https:\/\/demoweb.info\/sexshop001\/?s={search_term_string}\"},\"query-input\":\"required name=search_term_string\"}],\"inLanguage\":\"es\"}]}<\/script>\n<!-- \/ Yoast SEO plugin. -->","yoast_head_json":{"title":"WA FLOWER BALLS - BOLAS CHINAS - Tienda Er\u00f3tica","robots":{"index":"noindex","follow":"follow","max-snippet":"max-snippet:-1","max-image-preview":"max-image-preview:large","max-video-preview":"max-video-preview:-1"},"og_locale":"es_ES","og_type":"article","og_title":"WA FLOWER BALLS - BOLAS CHINAS - Tienda Er\u00f3tica","og_description":"WA-FLOWER BALLS son las cl\u00e1sicas bolas chinas ideales para estimular el suelo p\u00e9lvico y fortalecer la musculatura vaginal. Perfecto para","og_url":"https:\/\/demoweb.info\/sexshop001\/producto\/wa-flower-balls-bolas-chinas\/","og_site_name":"Tienda Er\u00f3tica","og_image":[{"width":550,"height":550,"url":"https:\/\/demoweb.info\/sexshop001\/wp-content\/uploads\/2022\/01\/WA-FLOWER-BALLS-BOLAS-CHINAS.jpg","type":"image\/jpeg"}],"twitter_card":"summary_large_image","twitter_misc":{"Tiempo de lectura":"1 minuto"},"schema":{"@context":"https:\/\/schema.org","@graph":[{"@type":"WebPage","@id":"https:\/\/demoweb.info\/sexshop001\/producto\/wa-flower-balls-bolas-chinas\/","url":"https:\/\/demoweb.info\/sexshop001\/producto\/wa-flower-balls-bolas-chinas\/","name":"WA FLOWER BALLS - BOLAS CHINAS - Tienda Er\u00f3tica","isPartOf":{"@id":"https:\/\/demoweb.info\/sexshop001\/#website"},"datePublished":"2022-01-22T15:40:32+00:00","dateModified":"2022-01-22T15:40:32+00:00","breadcrumb":{"@id":"https:\/\/demoweb.info\/sexshop001\/producto\/wa-flower-balls-bolas-chinas\/#breadcrumb"},"inLanguage":"es","potentialAction":[{"@type":"ReadAction","target":["https:\/\/demoweb.info\/sexshop001\/producto\/wa-flower-balls-bolas-chinas\/"]}]},{"@type":"BreadcrumbList","@id":"https:\/\/demoweb.info\/sexshop001\/producto\/wa-flower-balls-bolas-chinas\/#breadcrumb","itemListElement":[{"@type":"ListItem","position":1,"name":"Portada","item":"https:\/\/demoweb.info\/sexshop001\/"},{"@type":"ListItem","position":2,"name":"Tienda","item":"https:\/\/demoweb.info\/sexshop001\/tienda\/"},{"@type":"ListItem","position":3,"name":"WA FLOWER BALLS &#8211; BOLAS CHINAS"}]},{"@type":"WebSite","@id":"https:\/\/demoweb.info\/sexshop001\/#website","url":"https:\/\/demoweb.info\/sexshop001\/","name":"Tienda Er\u00f3tica","description":"DEMOWEB SL","potentialAction":[{"@type":"SearchAction","target":{"@type":"EntryPoint","urlTemplate":"https:\/\/demoweb.info\/sexshop001\/?s={search_term_string}"},"query-input":"required name=search_term_string"}],"inLanguage":"es"}]}},"_links":{"self":[{"href":"https:\/\/demoweb.info\/sexshop001\/wp-json\/wp\/v3\/product\/53625","targetHints":{"allow":["GET"]}}],"collection":[{"href":"https:\/\/demoweb.info\/sexshop001\/wp-json\/wp\/v3\/product"}],"about":[{"href":"https:\/\/demoweb.info\/sexshop001\/wp-json\/wp\/v2\/types\/product"}],"replies":[{"embeddable":true,"href":"https:\/\/demoweb.info\/sexshop001\/wp-json\/wp\/v2\/comments?post=53625"}],"wp:featuredmedia":[{"embeddable":true,"href":"https:\/\/demoweb.info\/sexshop001\/wp-json\/wp\/v2\/media\/53626"}],"wp:attachment":[{"href":"https:\/\/demoweb.info\/sexshop001\/wp-json\/wp\/v2\/media?parent=53625"}],"wp:term":[{"taxonomy":"product_cat","embeddable":true,"href":"https:\/\/demoweb.info\/sexshop001\/wp-json\/wp\/v2\/product_cat?post=53625"},{"taxonomy":"product_tag","embeddable":true,"href":"https:\/\/demoweb.info\/sexshop001\/wp-json\/wp\/v2\/product_tag?post=53625"}],"curies":[{"name":"wp","href":"https:\/\/api.w.org\/{rel}","templated":true}]}}