{"id":53621,"date":"2022-01-22T16:40:18","date_gmt":"2022-01-22T15:40:18","guid":{"rendered":"https:\/\/demoweb.info\/sexshop001\/producto\/magic-vib-mini-masturbador-femenino\/"},"modified":"2022-01-22T16:40:29","modified_gmt":"2022-01-22T15:40:29","slug":"magic-vib-mini-masturbador-femenino","status":"publish","type":"product","link":"https:\/\/demoweb.info\/sexshop001\/producto\/magic-vib-mini-masturbador-femenino\/","title":{"rendered":"MAGIC VIB &#8211; MINI MASTURBADOR FEMENINO"},"content":{"rendered":"<p><strong>MAGIC VIB<\/strong> es un masturbador femenino peque\u00f1ito pero mat\u00f3n. Su dise\u00f1o simula un micr\u00f3fono y ofrece una potencia perfecta para hacer disfrutar a cualquier mujer por grandes que sean sus necesidades.<\/p>\n<p>Est\u00e1 indicado para:<\/p>\n<ul>\n<li>Estimular el cl\u00edtoris<\/li>\n<li>Sentir m\u00e1s placer<\/li>\n<li>Mejorar la vida sexual<\/li>\n<\/ul>\n<p>Cuenta con una silueta de pl\u00e1stico blanco y un extremo con un cabezal de tan solo dos cent\u00edmetros de di\u00e1metro. Adem\u00e1s, gracias a su dise\u00f1o rayado permite estimular las partes m\u00e1s \u00edntimas del cuerpo.<\/p>\n<p>Tiene un bot\u00f3n de encendido en la parte lateral y una cadenita para que lo utilices como llavero. Es s\u00faper discreto y perfecto para llevarlo siempre donde quieras sin que nadie sepa lo que es.<\/p>\n<p><strong>Uso:<\/strong> Masturbador femenino<\/p>\n<p><strong>Formato:<\/strong>ABS, Medical Grade Silicone<\/p>\n<p><strong>Tiempo de uso:<\/strong> 3 pilas L1131, incluidas<\/p>\n<p><strong>Modo de uso: <\/strong><\/p>\n<p>1. Abra el precinto de higiene y seguridad<\/p>\n<p>2. Limpie la superficie del juguete antes de usar<\/p>\n<p>3. Para encenderlo \u00fanicamente debe desplazar el bot\u00f3n de encendido y para apagarlo igual<\/p>\n<p>4. P\u00f3ngalo en el \u00e1rea deseada<\/p>\n<p>5. Una vez terminado, ap\u00e1guelo y l\u00edmpielo<\/p><\/p>\n","protected":false},"excerpt":{"rendered":"<p>MAGIC VIB es un masturbador femenino peque\u00f1ito pero mat\u00f3n. Su dise\u00f1o simula un micr\u00f3fono y ofrece una potencia perfecta para<\/p>\n","protected":false},"featured_media":53622,"comment_status":"open","ping_status":"open","template":"","meta":[],"product_cat":[370],"product_tag":[1539],"class_list":["post-53621","product","type-product","status-publish","has-post-thumbnail","hentry","product_cat-clitoris","product_tag-u-body"],"bundled_by":[],"bundle_stock_status":"outofstock","bundle_stock_quantity":0,"bundle_virtual":false,"bundle_layout":"","bundle_add_to_cart_form_location":"","bundle_editable_in_cart":false,"bundle_sold_individually_context":"","bundle_item_grouping":"","bundle_min_size":"","bundle_max_size":"","bundled_items":[],"yoast_head":"<!-- This site is optimized with the Yoast SEO plugin v20.6 - https:\/\/yoast.com\/wordpress\/plugins\/seo\/ -->\n<title>MAGIC VIB - MINI MASTURBADOR FEMENINO - Tienda Er\u00f3tica<\/title>\n<meta name=\"robots\" content=\"noindex, follow, max-snippet:-1, max-image-preview:large, max-video-preview:-1\" \/>\n<meta property=\"og:locale\" content=\"es_ES\" \/>\n<meta property=\"og:type\" content=\"article\" \/>\n<meta property=\"og:title\" content=\"MAGIC VIB - MINI MASTURBADOR FEMENINO - Tienda Er\u00f3tica\" \/>\n<meta property=\"og:description\" content=\"MAGIC VIB es un masturbador femenino peque\u00f1ito pero mat\u00f3n. Su dise\u00f1o simula un micr\u00f3fono y ofrece una potencia perfecta para\" \/>\n<meta property=\"og:url\" content=\"https:\/\/demoweb.info\/sexshop001\/producto\/magic-vib-mini-masturbador-femenino\/\" \/>\n<meta property=\"og:site_name\" content=\"Tienda Er\u00f3tica\" \/>\n<meta property=\"article:modified_time\" content=\"2022-01-22T15:40:29+00:00\" \/>\n<meta property=\"og:image\" content=\"https:\/\/demoweb.info\/sexshop001\/wp-content\/uploads\/2022\/01\/MAGIC-VIB-MINI-MASTURBADOR-FEMENINO.jpg\" \/>\n\t<meta property=\"og:image:width\" content=\"550\" \/>\n\t<meta property=\"og:image:height\" content=\"550\" \/>\n\t<meta property=\"og:image:type\" content=\"image\/jpeg\" \/>\n<meta name=\"twitter:card\" content=\"summary_large_image\" \/>\n<meta name=\"twitter:label1\" content=\"Tiempo de lectura\" \/>\n\t<meta name=\"twitter:data1\" content=\"1 minuto\" \/>\n<script type=\"application\/ld+json\" class=\"yoast-schema-graph\">{\"@context\":\"https:\/\/schema.org\",\"@graph\":[{\"@type\":\"WebPage\",\"@id\":\"https:\/\/demoweb.info\/sexshop001\/producto\/magic-vib-mini-masturbador-femenino\/\",\"url\":\"https:\/\/demoweb.info\/sexshop001\/producto\/magic-vib-mini-masturbador-femenino\/\",\"name\":\"MAGIC VIB - MINI MASTURBADOR FEMENINO - Tienda Er\u00f3tica\",\"isPartOf\":{\"@id\":\"https:\/\/demoweb.info\/sexshop001\/#website\"},\"datePublished\":\"2022-01-22T15:40:18+00:00\",\"dateModified\":\"2022-01-22T15:40:29+00:00\",\"breadcrumb\":{\"@id\":\"https:\/\/demoweb.info\/sexshop001\/producto\/magic-vib-mini-masturbador-femenino\/#breadcrumb\"},\"inLanguage\":\"es\",\"potentialAction\":[{\"@type\":\"ReadAction\",\"target\":[\"https:\/\/demoweb.info\/sexshop001\/producto\/magic-vib-mini-masturbador-femenino\/\"]}]},{\"@type\":\"BreadcrumbList\",\"@id\":\"https:\/\/demoweb.info\/sexshop001\/producto\/magic-vib-mini-masturbador-femenino\/#breadcrumb\",\"itemListElement\":[{\"@type\":\"ListItem\",\"position\":1,\"name\":\"Portada\",\"item\":\"https:\/\/demoweb.info\/sexshop001\/\"},{\"@type\":\"ListItem\",\"position\":2,\"name\":\"Tienda\",\"item\":\"https:\/\/demoweb.info\/sexshop001\/tienda\/\"},{\"@type\":\"ListItem\",\"position\":3,\"name\":\"MAGIC VIB &#8211; MINI MASTURBADOR FEMENINO\"}]},{\"@type\":\"WebSite\",\"@id\":\"https:\/\/demoweb.info\/sexshop001\/#website\",\"url\":\"https:\/\/demoweb.info\/sexshop001\/\",\"name\":\"Tienda Er\u00f3tica\",\"description\":\"DEMOWEB SL\",\"potentialAction\":[{\"@type\":\"SearchAction\",\"target\":{\"@type\":\"EntryPoint\",\"urlTemplate\":\"https:\/\/demoweb.info\/sexshop001\/?s={search_term_string}\"},\"query-input\":\"required name=search_term_string\"}],\"inLanguage\":\"es\"}]}<\/script>\n<!-- \/ Yoast SEO plugin. -->","yoast_head_json":{"title":"MAGIC VIB - MINI MASTURBADOR FEMENINO - Tienda Er\u00f3tica","robots":{"index":"noindex","follow":"follow","max-snippet":"max-snippet:-1","max-image-preview":"max-image-preview:large","max-video-preview":"max-video-preview:-1"},"og_locale":"es_ES","og_type":"article","og_title":"MAGIC VIB - MINI MASTURBADOR FEMENINO - Tienda Er\u00f3tica","og_description":"MAGIC VIB es un masturbador femenino peque\u00f1ito pero mat\u00f3n. Su dise\u00f1o simula un micr\u00f3fono y ofrece una potencia perfecta para","og_url":"https:\/\/demoweb.info\/sexshop001\/producto\/magic-vib-mini-masturbador-femenino\/","og_site_name":"Tienda Er\u00f3tica","article_modified_time":"2022-01-22T15:40:29+00:00","og_image":[{"width":550,"height":550,"url":"https:\/\/demoweb.info\/sexshop001\/wp-content\/uploads\/2022\/01\/MAGIC-VIB-MINI-MASTURBADOR-FEMENINO.jpg","type":"image\/jpeg"}],"twitter_card":"summary_large_image","twitter_misc":{"Tiempo de lectura":"1 minuto"},"schema":{"@context":"https:\/\/schema.org","@graph":[{"@type":"WebPage","@id":"https:\/\/demoweb.info\/sexshop001\/producto\/magic-vib-mini-masturbador-femenino\/","url":"https:\/\/demoweb.info\/sexshop001\/producto\/magic-vib-mini-masturbador-femenino\/","name":"MAGIC VIB - MINI MASTURBADOR FEMENINO - Tienda Er\u00f3tica","isPartOf":{"@id":"https:\/\/demoweb.info\/sexshop001\/#website"},"datePublished":"2022-01-22T15:40:18+00:00","dateModified":"2022-01-22T15:40:29+00:00","breadcrumb":{"@id":"https:\/\/demoweb.info\/sexshop001\/producto\/magic-vib-mini-masturbador-femenino\/#breadcrumb"},"inLanguage":"es","potentialAction":[{"@type":"ReadAction","target":["https:\/\/demoweb.info\/sexshop001\/producto\/magic-vib-mini-masturbador-femenino\/"]}]},{"@type":"BreadcrumbList","@id":"https:\/\/demoweb.info\/sexshop001\/producto\/magic-vib-mini-masturbador-femenino\/#breadcrumb","itemListElement":[{"@type":"ListItem","position":1,"name":"Portada","item":"https:\/\/demoweb.info\/sexshop001\/"},{"@type":"ListItem","position":2,"name":"Tienda","item":"https:\/\/demoweb.info\/sexshop001\/tienda\/"},{"@type":"ListItem","position":3,"name":"MAGIC VIB &#8211; MINI MASTURBADOR FEMENINO"}]},{"@type":"WebSite","@id":"https:\/\/demoweb.info\/sexshop001\/#website","url":"https:\/\/demoweb.info\/sexshop001\/","name":"Tienda Er\u00f3tica","description":"DEMOWEB SL","potentialAction":[{"@type":"SearchAction","target":{"@type":"EntryPoint","urlTemplate":"https:\/\/demoweb.info\/sexshop001\/?s={search_term_string}"},"query-input":"required name=search_term_string"}],"inLanguage":"es"}]}},"_links":{"self":[{"href":"https:\/\/demoweb.info\/sexshop001\/wp-json\/wp\/v3\/product\/53621","targetHints":{"allow":["GET"]}}],"collection":[{"href":"https:\/\/demoweb.info\/sexshop001\/wp-json\/wp\/v3\/product"}],"about":[{"href":"https:\/\/demoweb.info\/sexshop001\/wp-json\/wp\/v2\/types\/product"}],"replies":[{"embeddable":true,"href":"https:\/\/demoweb.info\/sexshop001\/wp-json\/wp\/v2\/comments?post=53621"}],"wp:featuredmedia":[{"embeddable":true,"href":"https:\/\/demoweb.info\/sexshop001\/wp-json\/wp\/v2\/media\/53622"}],"wp:attachment":[{"href":"https:\/\/demoweb.info\/sexshop001\/wp-json\/wp\/v2\/media?parent=53621"}],"wp:term":[{"taxonomy":"product_cat","embeddable":true,"href":"https:\/\/demoweb.info\/sexshop001\/wp-json\/wp\/v2\/product_cat?post=53621"},{"taxonomy":"product_tag","embeddable":true,"href":"https:\/\/demoweb.info\/sexshop001\/wp-json\/wp\/v2\/product_tag?post=53621"}],"curies":[{"name":"wp","href":"https:\/\/api.w.org\/{rel}","templated":true}]}}