{"id":53619,"date":"2022-01-22T16:40:18","date_gmt":"2022-01-22T15:40:18","guid":{"rendered":"https:\/\/demoweb.info\/sexshop001\/producto\/bru-vibrator-vibrador-femenino\/"},"modified":"2022-01-22T16:40:27","modified_gmt":"2022-01-22T15:40:27","slug":"bru-vibrator-vibrador-femenino","status":"publish","type":"product","link":"https:\/\/demoweb.info\/sexshop001\/producto\/bru-vibrator-vibrador-femenino\/","title":{"rendered":"BRU-VIBRATOR &#8211; VIBRADOR FEMENINO"},"content":{"rendered":"<p><strong>BRU VIBRATOR<\/strong> es un fant\u00e1stico masturbador clitoriano. Se amolda perfectamente al contorno de los labios vaginales, permitiendo alcanzar antes y mejor el orgasmo.<\/p>\n<p> Est\u00e1 indicado para:<\/p>\n<ul>\n<li>Aumentar la estimulaci\u00f3n externa<\/li>\n<li>Experimentar nuevas sensaciones<\/li>\n<li>Mejorar el apetito sexual<\/li>\n<\/ul>\n<p>Es un masturbador clitoriano que gracias a la combinaci\u00f3n de su potente vibraci\u00f3n con las p\u00faas excitadoras de cl\u00edtoris, permite alcanzar de forma m\u00e1s r\u00e1pida el orgasmo. Adem\u00e1s, se amolda perfectamente al contorno de los labios vaginales aumentando el placer y mejorando el apetito sexual.<\/p>\n<p><strong>Uso:<\/strong> Vibrador femenino<\/p>\n<p><strong>Formato: <\/strong>ABS, Medical Grade Silicone<\/p>\n<p><strong>Tiempo de uso:<\/strong> 3 pilas LR44, incluidas<\/p>\n<p><strong>Modo de uso:<\/strong><\/p>\n<p>1. Abra el precinto de higiene y seguridad<\/p>\n<p>2. Limpie la superficie del juguete antes de usar<\/p>\n<p>3. Retire el papel que se encuentra en las bater\u00edas para que estas puedas hacer un correcto contacto<\/p>\n<p>4. Desenrosque la pieza plateada<\/p>\n<p>5. Para encenderlo \u00fanicamente debe presionar el bot\u00f3n de encendido y para apagarlo igual<\/p>\n<p>6. P\u00f3ngalo en el \u00e1rea deseada<\/p>\n<p>7. Una vez terminado, ap\u00e1guelo y l\u00edmpielo<\/p><\/p>\n","protected":false},"excerpt":{"rendered":"<p>BRU VIBRATOR es un fant\u00e1stico masturbador clitoriano. Se amolda perfectamente al contorno de los labios vaginales, permitiendo alcanzar antes y<\/p>\n","protected":false},"featured_media":53620,"comment_status":"open","ping_status":"open","template":"","meta":[],"product_cat":[370],"product_tag":[1539],"class_list":["post-53619","product","type-product","status-publish","has-post-thumbnail","hentry","product_cat-clitoris","product_tag-u-body"],"bundled_by":[],"bundle_stock_status":"instock","bundle_stock_quantity":2,"bundle_virtual":false,"bundle_layout":"","bundle_add_to_cart_form_location":"","bundle_editable_in_cart":false,"bundle_sold_individually_context":"","bundle_item_grouping":"","bundle_min_size":"","bundle_max_size":"","bundled_items":[],"yoast_head":"<!-- This site is optimized with the Yoast SEO plugin v20.6 - https:\/\/yoast.com\/wordpress\/plugins\/seo\/ -->\n<title>BRU-VIBRATOR - VIBRADOR FEMENINO - Tienda Er\u00f3tica<\/title>\n<meta name=\"robots\" content=\"noindex, follow, max-snippet:-1, max-image-preview:large, max-video-preview:-1\" \/>\n<meta property=\"og:locale\" content=\"es_ES\" \/>\n<meta property=\"og:type\" content=\"article\" \/>\n<meta property=\"og:title\" content=\"BRU-VIBRATOR - VIBRADOR FEMENINO - Tienda Er\u00f3tica\" \/>\n<meta property=\"og:description\" content=\"BRU VIBRATOR es un fant\u00e1stico masturbador clitoriano. Se amolda perfectamente al contorno de los labios vaginales, permitiendo alcanzar antes y\" \/>\n<meta property=\"og:url\" content=\"https:\/\/demoweb.info\/sexshop001\/producto\/bru-vibrator-vibrador-femenino\/\" \/>\n<meta property=\"og:site_name\" content=\"Tienda Er\u00f3tica\" \/>\n<meta property=\"article:modified_time\" content=\"2022-01-22T15:40:27+00:00\" \/>\n<meta property=\"og:image\" content=\"https:\/\/demoweb.info\/sexshop001\/wp-content\/uploads\/2022\/01\/BRU-VIBRATOR-VIBRADOR-FEMENINO.jpg\" \/>\n\t<meta property=\"og:image:width\" content=\"550\" \/>\n\t<meta property=\"og:image:height\" content=\"550\" \/>\n\t<meta property=\"og:image:type\" content=\"image\/jpeg\" \/>\n<meta name=\"twitter:card\" content=\"summary_large_image\" \/>\n<meta name=\"twitter:label1\" content=\"Tiempo de lectura\" \/>\n\t<meta name=\"twitter:data1\" content=\"1 minuto\" \/>\n<script type=\"application\/ld+json\" class=\"yoast-schema-graph\">{\"@context\":\"https:\/\/schema.org\",\"@graph\":[{\"@type\":\"WebPage\",\"@id\":\"https:\/\/demoweb.info\/sexshop001\/producto\/bru-vibrator-vibrador-femenino\/\",\"url\":\"https:\/\/demoweb.info\/sexshop001\/producto\/bru-vibrator-vibrador-femenino\/\",\"name\":\"BRU-VIBRATOR - VIBRADOR FEMENINO - Tienda Er\u00f3tica\",\"isPartOf\":{\"@id\":\"https:\/\/demoweb.info\/sexshop001\/#website\"},\"datePublished\":\"2022-01-22T15:40:18+00:00\",\"dateModified\":\"2022-01-22T15:40:27+00:00\",\"breadcrumb\":{\"@id\":\"https:\/\/demoweb.info\/sexshop001\/producto\/bru-vibrator-vibrador-femenino\/#breadcrumb\"},\"inLanguage\":\"es\",\"potentialAction\":[{\"@type\":\"ReadAction\",\"target\":[\"https:\/\/demoweb.info\/sexshop001\/producto\/bru-vibrator-vibrador-femenino\/\"]}]},{\"@type\":\"BreadcrumbList\",\"@id\":\"https:\/\/demoweb.info\/sexshop001\/producto\/bru-vibrator-vibrador-femenino\/#breadcrumb\",\"itemListElement\":[{\"@type\":\"ListItem\",\"position\":1,\"name\":\"Portada\",\"item\":\"https:\/\/demoweb.info\/sexshop001\/\"},{\"@type\":\"ListItem\",\"position\":2,\"name\":\"Tienda\",\"item\":\"https:\/\/demoweb.info\/sexshop001\/tienda\/\"},{\"@type\":\"ListItem\",\"position\":3,\"name\":\"BRU-VIBRATOR &#8211; VIBRADOR FEMENINO\"}]},{\"@type\":\"WebSite\",\"@id\":\"https:\/\/demoweb.info\/sexshop001\/#website\",\"url\":\"https:\/\/demoweb.info\/sexshop001\/\",\"name\":\"Tienda Er\u00f3tica\",\"description\":\"DEMOWEB SL\",\"potentialAction\":[{\"@type\":\"SearchAction\",\"target\":{\"@type\":\"EntryPoint\",\"urlTemplate\":\"https:\/\/demoweb.info\/sexshop001\/?s={search_term_string}\"},\"query-input\":\"required name=search_term_string\"}],\"inLanguage\":\"es\"}]}<\/script>\n<!-- \/ Yoast SEO plugin. -->","yoast_head_json":{"title":"BRU-VIBRATOR - VIBRADOR FEMENINO - Tienda Er\u00f3tica","robots":{"index":"noindex","follow":"follow","max-snippet":"max-snippet:-1","max-image-preview":"max-image-preview:large","max-video-preview":"max-video-preview:-1"},"og_locale":"es_ES","og_type":"article","og_title":"BRU-VIBRATOR - VIBRADOR FEMENINO - Tienda Er\u00f3tica","og_description":"BRU VIBRATOR es un fant\u00e1stico masturbador clitoriano. Se amolda perfectamente al contorno de los labios vaginales, permitiendo alcanzar antes y","og_url":"https:\/\/demoweb.info\/sexshop001\/producto\/bru-vibrator-vibrador-femenino\/","og_site_name":"Tienda Er\u00f3tica","article_modified_time":"2022-01-22T15:40:27+00:00","og_image":[{"width":550,"height":550,"url":"https:\/\/demoweb.info\/sexshop001\/wp-content\/uploads\/2022\/01\/BRU-VIBRATOR-VIBRADOR-FEMENINO.jpg","type":"image\/jpeg"}],"twitter_card":"summary_large_image","twitter_misc":{"Tiempo de lectura":"1 minuto"},"schema":{"@context":"https:\/\/schema.org","@graph":[{"@type":"WebPage","@id":"https:\/\/demoweb.info\/sexshop001\/producto\/bru-vibrator-vibrador-femenino\/","url":"https:\/\/demoweb.info\/sexshop001\/producto\/bru-vibrator-vibrador-femenino\/","name":"BRU-VIBRATOR - VIBRADOR FEMENINO - Tienda Er\u00f3tica","isPartOf":{"@id":"https:\/\/demoweb.info\/sexshop001\/#website"},"datePublished":"2022-01-22T15:40:18+00:00","dateModified":"2022-01-22T15:40:27+00:00","breadcrumb":{"@id":"https:\/\/demoweb.info\/sexshop001\/producto\/bru-vibrator-vibrador-femenino\/#breadcrumb"},"inLanguage":"es","potentialAction":[{"@type":"ReadAction","target":["https:\/\/demoweb.info\/sexshop001\/producto\/bru-vibrator-vibrador-femenino\/"]}]},{"@type":"BreadcrumbList","@id":"https:\/\/demoweb.info\/sexshop001\/producto\/bru-vibrator-vibrador-femenino\/#breadcrumb","itemListElement":[{"@type":"ListItem","position":1,"name":"Portada","item":"https:\/\/demoweb.info\/sexshop001\/"},{"@type":"ListItem","position":2,"name":"Tienda","item":"https:\/\/demoweb.info\/sexshop001\/tienda\/"},{"@type":"ListItem","position":3,"name":"BRU-VIBRATOR &#8211; VIBRADOR FEMENINO"}]},{"@type":"WebSite","@id":"https:\/\/demoweb.info\/sexshop001\/#website","url":"https:\/\/demoweb.info\/sexshop001\/","name":"Tienda Er\u00f3tica","description":"DEMOWEB SL","potentialAction":[{"@type":"SearchAction","target":{"@type":"EntryPoint","urlTemplate":"https:\/\/demoweb.info\/sexshop001\/?s={search_term_string}"},"query-input":"required name=search_term_string"}],"inLanguage":"es"}]}},"_links":{"self":[{"href":"https:\/\/demoweb.info\/sexshop001\/wp-json\/wp\/v3\/product\/53619","targetHints":{"allow":["GET"]}}],"collection":[{"href":"https:\/\/demoweb.info\/sexshop001\/wp-json\/wp\/v3\/product"}],"about":[{"href":"https:\/\/demoweb.info\/sexshop001\/wp-json\/wp\/v2\/types\/product"}],"replies":[{"embeddable":true,"href":"https:\/\/demoweb.info\/sexshop001\/wp-json\/wp\/v2\/comments?post=53619"}],"wp:featuredmedia":[{"embeddable":true,"href":"https:\/\/demoweb.info\/sexshop001\/wp-json\/wp\/v2\/media\/53620"}],"wp:attachment":[{"href":"https:\/\/demoweb.info\/sexshop001\/wp-json\/wp\/v2\/media?parent=53619"}],"wp:term":[{"taxonomy":"product_cat","embeddable":true,"href":"https:\/\/demoweb.info\/sexshop001\/wp-json\/wp\/v2\/product_cat?post=53619"},{"taxonomy":"product_tag","embeddable":true,"href":"https:\/\/demoweb.info\/sexshop001\/wp-json\/wp\/v2\/product_tag?post=53619"}],"curies":[{"name":"wp","href":"https:\/\/api.w.org\/{rel}","templated":true}]}}