{"id":53611,"date":"2022-01-22T16:40:18","date_gmt":"2022-01-22T15:40:18","guid":{"rendered":"https:\/\/demoweb.info\/sexshop001\/producto\/kit-5-piezas-candle-london-refill-menta\/"},"modified":"2022-01-22T16:40:23","modified_gmt":"2022-01-22T15:40:23","slug":"kit-5-piezas-candle-london-refill-menta","status":"publish","type":"product","link":"https:\/\/demoweb.info\/sexshop001\/producto\/kit-5-piezas-candle-london-refill-menta\/","title":{"rendered":"KIT 5 PIEZAS CANDLE LONDON REFILL &#8211; MENTA"},"content":{"rendered":"<p><strong>CANDLE LONDON REFILL 5PCS<\/strong><\/p>\n<p>Pack de 5 velas de masaje London Refill con aroma a menta.<\/p>\n<p>La colecci\u00f3n <strong>Petits Joujoux de Mystim<\/strong> es una gama de lujosas velas de masaje, perfectas para los juegos previos indulgentes y la exploraci\u00f3n corporal traviesa. Las hermosas velas est\u00e1n disponibles en 5 fragancias seductoras: Par\u00eds, Londres, Oriente, Roma, Waikiki y Atenas. Cada fragancia tiene su propia f\u00f3rmula \u00fanica para que coincida con su nombre.<\/p>\n<p>Por ejemplo: la vela Waikiki lleva el aroma dulce y afrutado de coco y pi\u00f1a que te hace pensar en pi\u00f1as coladas bajo palmeras en una playa de arena.<\/p>\n<p>Las velas de masaje Petits Joujoux est\u00e1n hechas de ingredientes naturales sin colorantes ni conservantes artificiales. Cuando se enciende, la vela se transforma en un delicioso aceite de masaje que nutre la piel y la deja delicadamente perfumada.<\/p>\n<p>Los dise\u00f1os vienen en un envase moderno y f\u00e1cil de verter para evitar cualquier derrame. Descubra estas lujosas velas de masaje hoy y d\u00e9jese seducir por el Petits Joujoux de Mystim.<\/p>\n","protected":false},"excerpt":{"rendered":"<p>CANDLE LONDON REFILL 5PCS Pack de 5 velas de masaje London Refill con aroma a menta. La colecci\u00f3n Petits Joujoux<\/p>\n","protected":false},"featured_media":53612,"comment_status":"open","ping_status":"open","template":"","meta":[],"product_cat":[266],"product_tag":[1006,1538],"class_list":["post-53611","product","type-product","status-publish","has-post-thumbnail","hentry","product_cat-san-valentin","product_tag-mystim","product_tag-petits-joujoux"],"bundled_by":[],"bundle_stock_status":"instock","bundle_stock_quantity":1,"bundle_virtual":false,"bundle_layout":"","bundle_add_to_cart_form_location":"","bundle_editable_in_cart":false,"bundle_sold_individually_context":"","bundle_item_grouping":"","bundle_min_size":"","bundle_max_size":"","bundled_items":[],"yoast_head":"<!-- This site is optimized with the Yoast SEO plugin v20.6 - https:\/\/yoast.com\/wordpress\/plugins\/seo\/ -->\n<title>KIT 5 PIEZAS CANDLE LONDON REFILL - MENTA - Tienda Er\u00f3tica<\/title>\n<meta name=\"robots\" content=\"noindex, follow, max-snippet:-1, max-image-preview:large, max-video-preview:-1\" \/>\n<meta property=\"og:locale\" content=\"es_ES\" \/>\n<meta property=\"og:type\" content=\"article\" \/>\n<meta property=\"og:title\" content=\"KIT 5 PIEZAS CANDLE LONDON REFILL - MENTA - Tienda Er\u00f3tica\" \/>\n<meta property=\"og:description\" content=\"CANDLE LONDON REFILL 5PCS Pack de 5 velas de masaje London Refill con aroma a menta. La colecci\u00f3n Petits Joujoux\" \/>\n<meta property=\"og:url\" content=\"https:\/\/demoweb.info\/sexshop001\/producto\/kit-5-piezas-candle-london-refill-menta\/\" \/>\n<meta property=\"og:site_name\" content=\"Tienda Er\u00f3tica\" \/>\n<meta property=\"article:modified_time\" content=\"2022-01-22T15:40:23+00:00\" \/>\n<meta property=\"og:image\" content=\"https:\/\/demoweb.info\/sexshop001\/wp-content\/uploads\/2022\/01\/KIT-5-PIEZAS-CANDLE-LONDON-REFILL-MENTA.jpg\" \/>\n\t<meta property=\"og:image:width\" content=\"550\" \/>\n\t<meta property=\"og:image:height\" content=\"550\" \/>\n\t<meta property=\"og:image:type\" content=\"image\/jpeg\" \/>\n<meta name=\"twitter:card\" content=\"summary_large_image\" \/>\n<meta name=\"twitter:label1\" content=\"Tiempo de lectura\" \/>\n\t<meta name=\"twitter:data1\" content=\"1 minuto\" \/>\n<script type=\"application\/ld+json\" class=\"yoast-schema-graph\">{\"@context\":\"https:\/\/schema.org\",\"@graph\":[{\"@type\":\"WebPage\",\"@id\":\"https:\/\/demoweb.info\/sexshop001\/producto\/kit-5-piezas-candle-london-refill-menta\/\",\"url\":\"https:\/\/demoweb.info\/sexshop001\/producto\/kit-5-piezas-candle-london-refill-menta\/\",\"name\":\"KIT 5 PIEZAS CANDLE LONDON REFILL - MENTA - Tienda Er\u00f3tica\",\"isPartOf\":{\"@id\":\"https:\/\/demoweb.info\/sexshop001\/#website\"},\"datePublished\":\"2022-01-22T15:40:18+00:00\",\"dateModified\":\"2022-01-22T15:40:23+00:00\",\"breadcrumb\":{\"@id\":\"https:\/\/demoweb.info\/sexshop001\/producto\/kit-5-piezas-candle-london-refill-menta\/#breadcrumb\"},\"inLanguage\":\"es\",\"potentialAction\":[{\"@type\":\"ReadAction\",\"target\":[\"https:\/\/demoweb.info\/sexshop001\/producto\/kit-5-piezas-candle-london-refill-menta\/\"]}]},{\"@type\":\"BreadcrumbList\",\"@id\":\"https:\/\/demoweb.info\/sexshop001\/producto\/kit-5-piezas-candle-london-refill-menta\/#breadcrumb\",\"itemListElement\":[{\"@type\":\"ListItem\",\"position\":1,\"name\":\"Portada\",\"item\":\"https:\/\/demoweb.info\/sexshop001\/\"},{\"@type\":\"ListItem\",\"position\":2,\"name\":\"Tienda\",\"item\":\"https:\/\/demoweb.info\/sexshop001\/tienda\/\"},{\"@type\":\"ListItem\",\"position\":3,\"name\":\"KIT 5 PIEZAS CANDLE LONDON REFILL &#8211; MENTA\"}]},{\"@type\":\"WebSite\",\"@id\":\"https:\/\/demoweb.info\/sexshop001\/#website\",\"url\":\"https:\/\/demoweb.info\/sexshop001\/\",\"name\":\"Tienda Er\u00f3tica\",\"description\":\"DEMOWEB SL\",\"potentialAction\":[{\"@type\":\"SearchAction\",\"target\":{\"@type\":\"EntryPoint\",\"urlTemplate\":\"https:\/\/demoweb.info\/sexshop001\/?s={search_term_string}\"},\"query-input\":\"required name=search_term_string\"}],\"inLanguage\":\"es\"}]}<\/script>\n<!-- \/ Yoast SEO plugin. -->","yoast_head_json":{"title":"KIT 5 PIEZAS CANDLE LONDON REFILL - MENTA - Tienda Er\u00f3tica","robots":{"index":"noindex","follow":"follow","max-snippet":"max-snippet:-1","max-image-preview":"max-image-preview:large","max-video-preview":"max-video-preview:-1"},"og_locale":"es_ES","og_type":"article","og_title":"KIT 5 PIEZAS CANDLE LONDON REFILL - MENTA - Tienda Er\u00f3tica","og_description":"CANDLE LONDON REFILL 5PCS Pack de 5 velas de masaje London Refill con aroma a menta. La colecci\u00f3n Petits Joujoux","og_url":"https:\/\/demoweb.info\/sexshop001\/producto\/kit-5-piezas-candle-london-refill-menta\/","og_site_name":"Tienda Er\u00f3tica","article_modified_time":"2022-01-22T15:40:23+00:00","og_image":[{"width":550,"height":550,"url":"https:\/\/demoweb.info\/sexshop001\/wp-content\/uploads\/2022\/01\/KIT-5-PIEZAS-CANDLE-LONDON-REFILL-MENTA.jpg","type":"image\/jpeg"}],"twitter_card":"summary_large_image","twitter_misc":{"Tiempo de lectura":"1 minuto"},"schema":{"@context":"https:\/\/schema.org","@graph":[{"@type":"WebPage","@id":"https:\/\/demoweb.info\/sexshop001\/producto\/kit-5-piezas-candle-london-refill-menta\/","url":"https:\/\/demoweb.info\/sexshop001\/producto\/kit-5-piezas-candle-london-refill-menta\/","name":"KIT 5 PIEZAS CANDLE LONDON REFILL - MENTA - Tienda Er\u00f3tica","isPartOf":{"@id":"https:\/\/demoweb.info\/sexshop001\/#website"},"datePublished":"2022-01-22T15:40:18+00:00","dateModified":"2022-01-22T15:40:23+00:00","breadcrumb":{"@id":"https:\/\/demoweb.info\/sexshop001\/producto\/kit-5-piezas-candle-london-refill-menta\/#breadcrumb"},"inLanguage":"es","potentialAction":[{"@type":"ReadAction","target":["https:\/\/demoweb.info\/sexshop001\/producto\/kit-5-piezas-candle-london-refill-menta\/"]}]},{"@type":"BreadcrumbList","@id":"https:\/\/demoweb.info\/sexshop001\/producto\/kit-5-piezas-candle-london-refill-menta\/#breadcrumb","itemListElement":[{"@type":"ListItem","position":1,"name":"Portada","item":"https:\/\/demoweb.info\/sexshop001\/"},{"@type":"ListItem","position":2,"name":"Tienda","item":"https:\/\/demoweb.info\/sexshop001\/tienda\/"},{"@type":"ListItem","position":3,"name":"KIT 5 PIEZAS CANDLE LONDON REFILL &#8211; MENTA"}]},{"@type":"WebSite","@id":"https:\/\/demoweb.info\/sexshop001\/#website","url":"https:\/\/demoweb.info\/sexshop001\/","name":"Tienda Er\u00f3tica","description":"DEMOWEB SL","potentialAction":[{"@type":"SearchAction","target":{"@type":"EntryPoint","urlTemplate":"https:\/\/demoweb.info\/sexshop001\/?s={search_term_string}"},"query-input":"required name=search_term_string"}],"inLanguage":"es"}]}},"_links":{"self":[{"href":"https:\/\/demoweb.info\/sexshop001\/wp-json\/wp\/v3\/product\/53611","targetHints":{"allow":["GET"]}}],"collection":[{"href":"https:\/\/demoweb.info\/sexshop001\/wp-json\/wp\/v3\/product"}],"about":[{"href":"https:\/\/demoweb.info\/sexshop001\/wp-json\/wp\/v2\/types\/product"}],"replies":[{"embeddable":true,"href":"https:\/\/demoweb.info\/sexshop001\/wp-json\/wp\/v2\/comments?post=53611"}],"wp:featuredmedia":[{"embeddable":true,"href":"https:\/\/demoweb.info\/sexshop001\/wp-json\/wp\/v2\/media\/53612"}],"wp:attachment":[{"href":"https:\/\/demoweb.info\/sexshop001\/wp-json\/wp\/v2\/media?parent=53611"}],"wp:term":[{"taxonomy":"product_cat","embeddable":true,"href":"https:\/\/demoweb.info\/sexshop001\/wp-json\/wp\/v2\/product_cat?post=53611"},{"taxonomy":"product_tag","embeddable":true,"href":"https:\/\/demoweb.info\/sexshop001\/wp-json\/wp\/v2\/product_tag?post=53611"}],"curies":[{"name":"wp","href":"https:\/\/api.w.org\/{rel}","templated":true}]}}