{"id":53597,"date":"2022-01-22T16:39:51","date_gmt":"2022-01-22T15:39:51","guid":{"rendered":"https:\/\/demoweb.info\/sexshop001\/producto\/satisfyer-traveler\/"},"modified":"2022-01-22T16:40:12","modified_gmt":"2022-01-22T15:40:12","slug":"satisfyer-traveler","status":"publish","type":"product","link":"https:\/\/demoweb.info\/sexshop001\/producto\/satisfyer-traveler\/","title":{"rendered":"SATISFYER TRAVELER"},"content":{"rendered":"<p><strong>SATISFYER TRAVELER<\/strong><\/p>\n<p><strong>Nueva edici\u00f3n 2020<\/strong><\/p>\n<p>El elegante compa\u00f1ero de viaje a la tierra de m\u00faltiples orgasmos.<\/p>\n<p>11 PROGRAMAS SOBRE LAS NUBES<\/p>\n<p>El manejable vibrador de ondas de presi\u00f3n permite vivir orgasmos m\u00faltiples mediante estimulaci\u00f3n sin contacto. 11 niveles cautivadores convierten a este vibrador de contacto externo en un hito que mima a tu perla de placer con ondas tiernas o fuertes, como t\u00fa quieras. El manejo intuitivo te permite subir y bajar de intensidad con comodidad para que vivas tu disfrute individual al m\u00e1ximo. El potente motor es especialmente silencioso, para que llegues al cl\u00edmax tambi\u00e9n cuando no est\u00e1s en casa sin llamar la atenci\u00f3n. \u00a1La estimulaci\u00f3n extraordinaria es especialmente excitante debajo del agua, por eso tambi\u00e9n puedes ir solo a la ba\u00f1era con el Traveler impermeable!<\/p>\n<ul>\n<li>Tap\u00f3n magn\u00e9tico<\/li>\n<li>11 programas de ondas de presi\u00f3n silenciosos<\/li>\n<li>Perfecto de viaje<\/li>\n<li>Impermeable e hipoalerg\u00e9nico<\/li>\n<li>Recargable, incl. cable USB de carga<\/li>\n<li><strong>Nueva edici\u00f3n 2020<\/strong><\/li>\n<li><strong><strong>Nuevo embalaje acorde con la nueva imagen de la marca<\/strong><\/strong><\/li>\n<li><strong><strong><strong><strong>GARANT\u00cdA DE HIGIENE: Tendr\u00e1s 100% asegurado que eres la primera persona en abrir tu nuevo juguete.<\/strong><\/strong><\/strong><\/strong><\/li>\n<\/ul>\n<p>No importa a donde vayas de viaje Este espl\u00e9ndido dispositivo te acompa\u00f1a con orgasmos intensos de primera clase. Nueva York, Tokio o solo G\u00fctersloh, con la impresionante tecnolog\u00eda de ondas de presi\u00f3n lo percibir\u00e1s en cualquier lugar, sin tener que renunciar a volar alto mientras te relajas en profundidad. \u00bfPrefieres jugar al placer en tus cuatro paredes? Eso no es un problema, el elegante amigo de las mujeres te llevar\u00e1 a un viaje sensual con orgasmos m\u00faltiples.<\/p>\n<p>MATERIAL<\/p>\n<p>El interior y el anillo suave que toca tu cl\u00edtoris son de silicona hipoalerg\u00e9nica y tienen una superficie lisa, muy deslizante. Con lubricante acuoso la sensaci\u00f3n es incluso mucho m\u00e1s intensa. Las pilas recargables integradas del Satisfyer Pro Traveler consiguen un juguete er\u00f3tico recargable de forma ecol\u00f3gica. Si quieres cargar tu juguete con cable, puedes completar el cable magn\u00e9tico USB con un enchufe habitual de 5 V. La silicona hipoalerg\u00e9nica es muy f\u00e1cil de cuidar. Puedes lavar tu juguete debajo de agua tibia usando un poco de jab\u00f3n,. Con un par de pulverizaciones del Toycleaner desinfectante consigues despu\u00e9s una higiene perfecta.<\/p>\n","protected":false},"excerpt":{"rendered":"<p>SATISFYER TRAVELER Nueva edici\u00f3n 2020 El elegante compa\u00f1ero de viaje a la tierra de m\u00faltiples orgasmos. 11 PROGRAMAS SOBRE LAS<\/p>\n","protected":false},"featured_media":53598,"comment_status":"open","ping_status":"open","template":"","meta":[],"product_cat":[405],"product_tag":[1060,442],"class_list":["post-53597","product","type-product","status-publish","has-post-thumbnail","hentry","product_cat-succionadores","product_tag-air-pulse","product_tag-satisfyer"],"bundled_by":[],"bundle_stock_status":"instock","bundle_stock_quantity":25,"bundle_virtual":false,"bundle_layout":"","bundle_add_to_cart_form_location":"","bundle_editable_in_cart":false,"bundle_sold_individually_context":"","bundle_item_grouping":"","bundle_min_size":"","bundle_max_size":"","bundled_items":[],"yoast_head":"<!-- This site is optimized with the Yoast SEO plugin v20.6 - https:\/\/yoast.com\/wordpress\/plugins\/seo\/ -->\n<title>SATISFYER TRAVELER - Tienda Er\u00f3tica<\/title>\n<meta name=\"robots\" content=\"noindex, follow, max-snippet:-1, max-image-preview:large, max-video-preview:-1\" \/>\n<meta property=\"og:locale\" content=\"es_ES\" \/>\n<meta property=\"og:type\" content=\"article\" \/>\n<meta property=\"og:title\" content=\"SATISFYER TRAVELER - Tienda Er\u00f3tica\" \/>\n<meta property=\"og:description\" content=\"SATISFYER TRAVELER Nueva edici\u00f3n 2020 El elegante compa\u00f1ero de viaje a la tierra de m\u00faltiples orgasmos. 11 PROGRAMAS SOBRE LAS\" \/>\n<meta property=\"og:url\" content=\"https:\/\/demoweb.info\/sexshop001\/producto\/satisfyer-traveler\/\" \/>\n<meta property=\"og:site_name\" content=\"Tienda Er\u00f3tica\" \/>\n<meta property=\"article:modified_time\" content=\"2022-01-22T15:40:12+00:00\" \/>\n<meta property=\"og:image\" content=\"https:\/\/demoweb.info\/sexshop001\/wp-content\/uploads\/2022\/01\/SATISFYER-TRAVELER.jpg\" \/>\n\t<meta property=\"og:image:width\" content=\"550\" \/>\n\t<meta property=\"og:image:height\" content=\"550\" \/>\n\t<meta property=\"og:image:type\" content=\"image\/jpeg\" \/>\n<meta name=\"twitter:card\" content=\"summary_large_image\" \/>\n<meta name=\"twitter:label1\" content=\"Tiempo de lectura\" \/>\n\t<meta name=\"twitter:data1\" content=\"2 minutos\" \/>\n<script type=\"application\/ld+json\" class=\"yoast-schema-graph\">{\"@context\":\"https:\/\/schema.org\",\"@graph\":[{\"@type\":\"WebPage\",\"@id\":\"https:\/\/demoweb.info\/sexshop001\/producto\/satisfyer-traveler\/\",\"url\":\"https:\/\/demoweb.info\/sexshop001\/producto\/satisfyer-traveler\/\",\"name\":\"SATISFYER TRAVELER - Tienda Er\u00f3tica\",\"isPartOf\":{\"@id\":\"https:\/\/demoweb.info\/sexshop001\/#website\"},\"datePublished\":\"2022-01-22T15:39:51+00:00\",\"dateModified\":\"2022-01-22T15:40:12+00:00\",\"breadcrumb\":{\"@id\":\"https:\/\/demoweb.info\/sexshop001\/producto\/satisfyer-traveler\/#breadcrumb\"},\"inLanguage\":\"es\",\"potentialAction\":[{\"@type\":\"ReadAction\",\"target\":[\"https:\/\/demoweb.info\/sexshop001\/producto\/satisfyer-traveler\/\"]}]},{\"@type\":\"BreadcrumbList\",\"@id\":\"https:\/\/demoweb.info\/sexshop001\/producto\/satisfyer-traveler\/#breadcrumb\",\"itemListElement\":[{\"@type\":\"ListItem\",\"position\":1,\"name\":\"Portada\",\"item\":\"https:\/\/demoweb.info\/sexshop001\/\"},{\"@type\":\"ListItem\",\"position\":2,\"name\":\"Tienda\",\"item\":\"https:\/\/demoweb.info\/sexshop001\/tienda\/\"},{\"@type\":\"ListItem\",\"position\":3,\"name\":\"SATISFYER TRAVELER\"}]},{\"@type\":\"WebSite\",\"@id\":\"https:\/\/demoweb.info\/sexshop001\/#website\",\"url\":\"https:\/\/demoweb.info\/sexshop001\/\",\"name\":\"Tienda Er\u00f3tica\",\"description\":\"DEMOWEB SL\",\"potentialAction\":[{\"@type\":\"SearchAction\",\"target\":{\"@type\":\"EntryPoint\",\"urlTemplate\":\"https:\/\/demoweb.info\/sexshop001\/?s={search_term_string}\"},\"query-input\":\"required name=search_term_string\"}],\"inLanguage\":\"es\"}]}<\/script>\n<!-- \/ Yoast SEO plugin. -->","yoast_head_json":{"title":"SATISFYER TRAVELER - Tienda Er\u00f3tica","robots":{"index":"noindex","follow":"follow","max-snippet":"max-snippet:-1","max-image-preview":"max-image-preview:large","max-video-preview":"max-video-preview:-1"},"og_locale":"es_ES","og_type":"article","og_title":"SATISFYER TRAVELER - Tienda Er\u00f3tica","og_description":"SATISFYER TRAVELER Nueva edici\u00f3n 2020 El elegante compa\u00f1ero de viaje a la tierra de m\u00faltiples orgasmos. 11 PROGRAMAS SOBRE LAS","og_url":"https:\/\/demoweb.info\/sexshop001\/producto\/satisfyer-traveler\/","og_site_name":"Tienda Er\u00f3tica","article_modified_time":"2022-01-22T15:40:12+00:00","og_image":[{"width":550,"height":550,"url":"https:\/\/demoweb.info\/sexshop001\/wp-content\/uploads\/2022\/01\/SATISFYER-TRAVELER.jpg","type":"image\/jpeg"}],"twitter_card":"summary_large_image","twitter_misc":{"Tiempo de lectura":"2 minutos"},"schema":{"@context":"https:\/\/schema.org","@graph":[{"@type":"WebPage","@id":"https:\/\/demoweb.info\/sexshop001\/producto\/satisfyer-traveler\/","url":"https:\/\/demoweb.info\/sexshop001\/producto\/satisfyer-traveler\/","name":"SATISFYER TRAVELER - Tienda Er\u00f3tica","isPartOf":{"@id":"https:\/\/demoweb.info\/sexshop001\/#website"},"datePublished":"2022-01-22T15:39:51+00:00","dateModified":"2022-01-22T15:40:12+00:00","breadcrumb":{"@id":"https:\/\/demoweb.info\/sexshop001\/producto\/satisfyer-traveler\/#breadcrumb"},"inLanguage":"es","potentialAction":[{"@type":"ReadAction","target":["https:\/\/demoweb.info\/sexshop001\/producto\/satisfyer-traveler\/"]}]},{"@type":"BreadcrumbList","@id":"https:\/\/demoweb.info\/sexshop001\/producto\/satisfyer-traveler\/#breadcrumb","itemListElement":[{"@type":"ListItem","position":1,"name":"Portada","item":"https:\/\/demoweb.info\/sexshop001\/"},{"@type":"ListItem","position":2,"name":"Tienda","item":"https:\/\/demoweb.info\/sexshop001\/tienda\/"},{"@type":"ListItem","position":3,"name":"SATISFYER TRAVELER"}]},{"@type":"WebSite","@id":"https:\/\/demoweb.info\/sexshop001\/#website","url":"https:\/\/demoweb.info\/sexshop001\/","name":"Tienda Er\u00f3tica","description":"DEMOWEB SL","potentialAction":[{"@type":"SearchAction","target":{"@type":"EntryPoint","urlTemplate":"https:\/\/demoweb.info\/sexshop001\/?s={search_term_string}"},"query-input":"required name=search_term_string"}],"inLanguage":"es"}]}},"_links":{"self":[{"href":"https:\/\/demoweb.info\/sexshop001\/wp-json\/wp\/v3\/product\/53597","targetHints":{"allow":["GET"]}}],"collection":[{"href":"https:\/\/demoweb.info\/sexshop001\/wp-json\/wp\/v3\/product"}],"about":[{"href":"https:\/\/demoweb.info\/sexshop001\/wp-json\/wp\/v2\/types\/product"}],"replies":[{"embeddable":true,"href":"https:\/\/demoweb.info\/sexshop001\/wp-json\/wp\/v2\/comments?post=53597"}],"wp:featuredmedia":[{"embeddable":true,"href":"https:\/\/demoweb.info\/sexshop001\/wp-json\/wp\/v2\/media\/53598"}],"wp:attachment":[{"href":"https:\/\/demoweb.info\/sexshop001\/wp-json\/wp\/v2\/media?parent=53597"}],"wp:term":[{"taxonomy":"product_cat","embeddable":true,"href":"https:\/\/demoweb.info\/sexshop001\/wp-json\/wp\/v2\/product_cat?post=53597"},{"taxonomy":"product_tag","embeddable":true,"href":"https:\/\/demoweb.info\/sexshop001\/wp-json\/wp\/v2\/product_tag?post=53597"}],"curies":[{"name":"wp","href":"https:\/\/api.w.org\/{rel}","templated":true}]}}